{"id":3740,"date":"2021-08-04T07:55:27","date_gmt":"2021-08-04T05:55:27","guid":{"rendered":"https:\/\/fvcomponentes.com\/producto\/inversor-victron-phoenix-24v-3000va-pin243020000\/"},"modified":"2026-04-04T12:51:41","modified_gmt":"2026-04-04T10:51:41","slug":"inversor-victron-phoenix-24v-3000va-pin243020000","status":"publish","type":"product","link":"https:\/\/fvcomponentes.com\/pt\/producto\/inversor-victron-phoenix-24v-3000va-pin243020000\/","title":{"rendered":"Inversor Victron Phoenix 24V 3000VA - PIN243020000"},"content":{"rendered":"<h2><\/h2>\n<h2>SinusMax - Design superior<\/h2>\n<p>Desenvolvido para utiliza\u00e7\u00e3o profissional, o inversor Victron Phoenix 24V 3000VA, tal como toda a gama de inversores Phoenix, \u00e9 ideal para in\u00fameras aplica\u00e7\u00f5es. O crit\u00e9rio utilizado na sua conce\u00e7\u00e3o foi o de produzir um inversor de onda sinusoidal verdadeira com efici\u00eancia optimizada, mas sem comprometer o desempenho. Utilizando a tecnologia h\u00edbrida de alta frequ\u00eancia, o resultado \u00e9 um produto da mais alta qualidade, de dimens\u00f5es compactas, leve e capaz de fornecer energia, sem problemas, a qualquer carga.<\/p>\n<h3>Pot\u00eancia de arranque adicional<\/h3>\n<p>Uma das caracter\u00edsticas \u00fanicas da tecnologia SinusMax \u00e9 a sua pot\u00eancia de arranque muito elevada. A tecnologia convencional de alta-frequ\u00eancia n\u00e3o oferece um desempenho t\u00e3o extraordin\u00e1rio. No entanto, os inversores Phoenix s\u00e3o adequados para alimentar cargas dif\u00edceis, como frigor\u00edficos, compressores, motores el\u00e9ctricos e dispositivos semelhantes.<\/p>\n<h3>Pot\u00eancia praticamente ilimitada gra\u00e7as ao funcionamento em paralelo e trif\u00e1sico.<\/h3>\n<p>Podem ser utilizadas at\u00e9 6 unidades de inversor em paralelo para obter uma maior pot\u00eancia de sa\u00edda. Seis unidades 24\/3000, por exemplo, fornecer\u00e3o 15 kW \/ 18 kVA de pot\u00eancia de sa\u00edda. Tamb\u00e9m \u00e9 poss\u00edvel a configura\u00e7\u00e3o para funcionamento trif\u00e1sico.<\/p>\n<h2>Interface de comunica\u00e7\u00e3o<\/h2>\n<p>Estes modelos maiores do inversor Phoenix v\u00eam com uma porta VE.Bus. Tudo o que necessita para ligar ao seu PC \u00e9 a interface MK3-USB VE.Bus para USB. Juntamente com o VictronConnect ou o software VEConfigure, que pode ser descarregado gratuitamente a partir do s\u00edtio Web da Victron, todos os par\u00e2metros do inversor podem ser personalizados. Isto inclui tens\u00e3o e frequ\u00eancia de sa\u00edda, defini\u00e7\u00f5es de sobretens\u00e3o ou subtens\u00e3o e programa\u00e7\u00e3o de rel\u00e9. Este rel\u00e9 pode, por exemplo, ser utilizado para sinalizar v\u00e1rias condi\u00e7\u00f5es de alarme diferentes ou para iniciar um gerador. Os inversores tamb\u00e9m podem ser ligados a um dispositivo GX (como o <a href=\"https:\/\/fvcomponentes.com\/pt\/produto\/monitor-victron-cerbo-gx-mk2-bpp900451100-victron-cerbo-mk2\/\" target=\"_blank\" rel=\"noopener\">Monitoriza\u00e7\u00e3o Victron Cerbo GX MK2 - BPP900451100<\/a>) para monitoriza\u00e7\u00e3o e controlo.<\/p>\n<h2>Ficha t\u00e9cnica Inversor Victron Phoenix 24V 3000VA - PIN243020000<\/h2>\n<p><a href=\"https:\/\/fvcomponentes.com\/wp-content\/uploads\/2025\/10\/Datasheet-Inverter-1200VA-5000VA-ES.pdf\" target=\"_blank\" rel=\"noopener\">Ver ficha t\u00e9cnica do inversor Victron Phoenix 24V 3000VA - PIN243020000<\/a><\/p>","protected":false},"excerpt":{"rendered":"<ul class=\"specification\">\n<li><strong>Tens\u00e3o:<\/strong> 24V<\/li>\n<li><strong>Pot\u00eancia de sa\u00edda cont\u00ednua:<\/strong> 3000VA<\/li>\n<li><strong>Pot\u00eancia de pico:<\/strong> 6000W<\/li>\n<li><strong>Peso:\u00a0<\/strong>18 kg<\/li>\n<li><strong>Dimens\u00f5es: <\/strong>362 x 258 x 218 mm<\/li>\n<\/ul>","protected":false},"featured_media":3733,"comment_status":"open","ping_status":"closed","template":"","meta":{"site-sidebar-layout":"default","site-content-layout":"default","ast-site-content-layout":"default","site-content-style":"default","site-sidebar-style":"default","ast-global-header-display":"","ast-banner-title-visibility":"","ast-main-header-display":"","ast-hfb-above-header-display":"","ast-hfb-below-header-display":"","ast-hfb-mobile-header-display":"","site-post-title":"","ast-breadcrumbs-content":"","ast-featured-img":"","footer-sml-layout":"","ast-disable-related-posts":"","theme-transparent-header-meta":"default","adv-header-id-meta":"","stick-header-meta":"","header-above-stick-meta":"","header-main-stick-meta":"","header-below-stick-meta":"","astra-migrate-meta-layouts":"set","ast-page-background-enabled":"default","ast-page-background-meta":{"desktop":{"background-color":"var(--ast-global-color-4)","background-image":"","background-repeat":"repeat","background-position":"center center","background-size":"auto","background-attachment":"scroll","background-type":"","background-media":"","overlay-type":"","overlay-color":"","overlay-opacity":"","overlay-gradient":""},"tablet":{"background-color":"","background-image":"","background-repeat":"repeat","background-position":"center center","background-size":"auto","background-attachment":"scroll","background-type":"","background-media":"","overlay-type":"","overlay-color":"","overlay-opacity":"","overlay-gradient":""},"mobile":{"background-color":"","background-image":"","background-repeat":"repeat","background-position":"center center","background-size":"auto","background-attachment":"scroll","background-type":"","background-media":"","overlay-type":"","overlay-color":"","overlay-opacity":"","overlay-gradient":""}},"ast-content-background-meta":{"desktop":{"background-color":"var(--ast-global-color-5)","background-image":"","background-repeat":"repeat","background-position":"center center","background-size":"auto","background-attachment":"scroll","background-type":"","background-media":"","overlay-type":"","overlay-color":"","overlay-opacity":"","overlay-gradient":""},"tablet":{"background-color":"var(--ast-global-color-5)","background-image":"","background-repeat":"repeat","background-position":"center center","background-size":"auto","background-attachment":"scroll","background-type":"","background-media":"","overlay-type":"","overlay-color":"","overlay-opacity":"","overlay-gradient":""},"mobile":{"background-color":"var(--ast-global-color-5)","background-image":"","background-repeat":"repeat","background-position":"center center","background-size":"auto","background-attachment":"scroll","background-type":"","background-media":"","overlay-type":"","overlay-color":"","overlay-opacity":"","overlay-gradient":""}}},"pwb-brand":[332],"product_brand":[],"product_cat":[367,333],"product_tag":[],"class_list":{"0":"post-3740","1":"product","2":"type-product","3":"status-publish","4":"has-post-thumbnail","6":"pwb-brand-victron","7":"product_cat-inversores-24-v","8":"product_cat-inversores","9":"desktop-align-left","10":"tablet-align-left","11":"mobile-align-left","12":"ast-product-gallery-layout-horizontal-slider","13":"ast-product-tabs-layout-horizontal","15":"first","16":"instock","17":"taxable","18":"shipping-taxable","19":"purchasable","20":"product-type-simple"},"wcpa_form_fields":null,"brands":[{"id":332,"name":"Victron Energia","slug":"victron"}],"_links":{"self":[{"href":"https:\/\/fvcomponentes.com\/pt\/wp-json\/wp\/v2\/product\/3740","targetHints":{"allow":["GET"]}}],"collection":[{"href":"https:\/\/fvcomponentes.com\/pt\/wp-json\/wp\/v2\/product"}],"about":[{"href":"https:\/\/fvcomponentes.com\/pt\/wp-json\/wp\/v2\/types\/product"}],"replies":[{"embeddable":true,"href":"https:\/\/fvcomponentes.com\/pt\/wp-json\/wp\/v2\/comments?post=3740"}],"wp:featuredmedia":[{"embeddable":true,"href":"https:\/\/fvcomponentes.com\/pt\/wp-json\/wp\/v2\/media\/3733"}],"wp:attachment":[{"href":"https:\/\/fvcomponentes.com\/pt\/wp-json\/wp\/v2\/media?parent=3740"}],"wp:term":[{"taxonomy":"pwb-brand","embeddable":true,"href":"https:\/\/fvcomponentes.com\/pt\/wp-json\/wp\/v2\/pwb-brand?post=3740"},{"taxonomy":"product_brand","embeddable":true,"href":"https:\/\/fvcomponentes.com\/pt\/wp-json\/wp\/v2\/product_brand?post=3740"},{"taxonomy":"product_cat","embeddable":true,"href":"https:\/\/fvcomponentes.com\/pt\/wp-json\/wp\/v2\/product_cat?post=3740"},{"taxonomy":"product_tag","embeddable":true,"href":"https:\/\/fvcomponentes.com\/pt\/wp-json\/wp\/v2\/product_tag?post=3740"}],"curies":[{"name":"wp","href":"https:\/\/api.w.org\/{rel}","templated":true}]}}