{"id":3712,"date":"2021-08-04T06:40:08","date_gmt":"2021-08-04T04:40:08","guid":{"rendered":"https:\/\/fvcomponentes.com\/producto\/inversor-victron-phoenix-12v-3000va-smart-pin122300000\/"},"modified":"2026-01-15T10:11:11","modified_gmt":"2026-01-15T09:11:11","slug":"inversor-victron-phoenix-12v-3000va-smart-pin122300000","status":"publish","type":"product","link":"https:\/\/fvcomponentes.com\/pt\/producto\/inversor-victron-phoenix-12v-3000va-smart-pin122300000\/","title":{"rendered":"Inversor Victron Phoenix 12V 3000VA Inteligente - PIN122300000"},"content":{"rendered":"<h2>Inversor inteligente Victron Phoenix 12V 3000VA<\/h2>\n<p>O inversor inteligente Victron Phoenix 12V 1600VA \u00e9 um inversor eficiente e fi\u00e1vel. Constru\u00eddo na comprovada plataforma do inversor Phoenix, apresenta agora um novo design mais fino numa caixa totalmente met\u00e1lica. Os modelos est\u00e3o dispon\u00edveis em 1600VA, 2000VA, 3000VA e 5000VA para sistemas de 12, 24 ou 48V.<\/p>\n<p>\u00c9 suficientemente potente para alimentar os aparelhos mais comuns no seu carro, barco, caravana ou mesmo em sua casa. Gra\u00e7as ao seu transformador toroidal, tem uma elevada capacidade para lidar com picos de pot\u00eancia, uma tens\u00e3o e frequ\u00eancia est\u00e1veis e uma onda sinusoidal de alta qualidade.<\/p>\n<p>A instala\u00e7\u00e3o \u00e9 agora muito mais simples do que antes, com terminais muito mais acess\u00edveis para o instalador, permitindo um acabamento mais profissional.<\/p>\n<p>O Bluetooth integrado torna a configura\u00e7\u00e3o do seu inversor de alta pot\u00eancia mais f\u00e1cil do que nunca. Configure os alarmes, o rel\u00e9 de alarme, os cortes de tens\u00e3o, a tens\u00e3o de sa\u00edda, a frequ\u00eancia, o modo eco e muito mais, tudo a partir da aplica\u00e7\u00e3o. <a href=\"https:\/\/www.victronenergy.com.es\/panel-systems-remote-monitoring\/victronconnect\" target=\"_blank\" rel=\"noopener\">VictronConnect.<\/a><\/p>\n<h3>Bluetooth incorporado: totalmente configur\u00e1vel com um tablet ou smartphone<\/h3>\n<p>- Alarme de tens\u00e3o baixa da bateria<br \/>\n- N\u00edveis de desligamento e rein\u00edcio por baixa tens\u00e3o da bateria.<br \/>\n- Desconex\u00e3o din\u00e2mica: n\u00edvel de desconex\u00e3o dependente da carga<br \/>\n- Tens\u00e3o de sa\u00edda: 210 - 245V<br \/>\n- Frequ\u00eancia: 50 Hz ou 60 Hz<br \/>\n- Modo ECO ligado\/desligado e sensor de n\u00edvel do Modo ECO<br \/>\n- Rel\u00e9 de alarme<\/p>\n<h5>Acompanhamento:<\/h5>\n<p>- Tens\u00e3o de entrada e sa\u00edda, carga e alarmes<\/p>\n<h3>Porta de comunica\u00e7\u00e3o direta VE<\/h3>\n<p>A porta VE.Direct pode ser ligada a um computador (\u00e9 necess\u00e1rio um cabo de interface VE.Direct) para configurar e monitorizar os mesmos par\u00e2metros.<\/p>\n<h3>Fiabilidade comprovada<\/h3>\n<p>A topologia de ponte completa mais transformador toroidal provou a sua fiabilidade ao longo de muitos anos.<br \/>\nOs inversores s\u00e3o \u00e0 prova de curto-circuito e est\u00e3o protegidos contra o sobreaquecimento, quer devido a sobrecarga quer a temperatura ambiente elevada.<\/p>\n<h3>Elevada pot\u00eancia de arranque<\/h3>\n<p>Necess\u00e1rio para o arranque de cargas, tais como conversores para l\u00e2mpadas LED, l\u00e2mpadas de halog\u00e9neo ou ferramentas el\u00e9ctricas.<\/p>\n<h3>Modo ECO<\/h3>\n<p>No modo ECO, o inversor entra em modo de espera quando a carga desce abaixo de um valor predefinido. Uma vez no modo de espera, o inversor ativa-se brevemente a cada 2,5 segundos (ajust\u00e1vel).<br \/>\nSe a carga exceder o n\u00edvel predefinido, o inversor permanecer\u00e1 ligado.<\/p>\n<h3>Interruptor remoto para ligar\/desligar<\/h3>\n<p>Pode ser ligado um interrutor remoto On\/Off ou um rel\u00e9 a um conetor bif\u00e1sico.<br \/>\nEm alternativa, o terminal H (esquerdo) do conetor bif\u00e1sico pode ser comutado para o positivo da bateria, ou o terminal L (direito) do conetor bif\u00e1sico pode ser comutado para o negativo da bateria (ou para o chassis de um ve\u00edculo, por exemplo).<\/p>\n<h2>Ficha t\u00e9cnica Inversor Victron Phoenix 12V 3000VA Inteligente - PIN122300000<\/h2>\n<p><a href=\"https:\/\/fvcomponentes.com\/wp-content\/uploads\/2021\/08\/Datasheet-Phoenix-Inverter-Smart-1600VA-5000VA-ES.pdf\" target=\"_blank\" rel=\"noopener\">Ver ficha t\u00e9cnica do Inversor Phoenix 12V \/ 3000VA Smart da Victron - PIN122300000<\/a><\/p>","protected":false},"excerpt":{"rendered":"<ul class=\"specification\">\n<li><strong>Tens\u00e3o:<\/strong> 12V<\/li>\n<li><strong>Pot\u00eancia de sa\u00edda cont\u00ednua:<\/strong> 3000VA<\/li>\n<li><strong>Pot\u00eancia de pico:<\/strong> 6000W<\/li>\n<li><strong>Peso:<\/strong> 19Kg<\/li>\n<li><strong>Dimens\u00f5es:<\/strong> 533 x 285 x 150 mm<\/li>\n<\/ul>\n<p>&nbsp;<\/p>","protected":false},"featured_media":3713,"comment_status":"open","ping_status":"closed","template":"","meta":{"site-sidebar-layout":"default","site-content-layout":"default","ast-site-content-layout":"default","site-content-style":"default","site-sidebar-style":"default","ast-global-header-display":"","ast-banner-title-visibility":"","ast-main-header-display":"","ast-hfb-above-header-display":"","ast-hfb-below-header-display":"","ast-hfb-mobile-header-display":"","site-post-title":"","ast-breadcrumbs-content":"","ast-featured-img":"","footer-sml-layout":"","ast-disable-related-posts":"","theme-transparent-header-meta":"default","adv-header-id-meta":"","stick-header-meta":"","header-above-stick-meta":"","header-main-stick-meta":"","header-below-stick-meta":"","astra-migrate-meta-layouts":"set","ast-page-background-enabled":"default","ast-page-background-meta":{"desktop":{"background-color":"var(--ast-global-color-4)","background-image":"","background-repeat":"repeat","background-position":"center center","background-size":"auto","background-attachment":"scroll","background-type":"","background-media":"","overlay-type":"","overlay-color":"","overlay-opacity":"","overlay-gradient":""},"tablet":{"background-color":"","background-image":"","background-repeat":"repeat","background-position":"center center","background-size":"auto","background-attachment":"scroll","background-type":"","background-media":"","overlay-type":"","overlay-color":"","overlay-opacity":"","overlay-gradient":""},"mobile":{"background-color":"","background-image":"","background-repeat":"repeat","background-position":"center center","background-size":"auto","background-attachment":"scroll","background-type":"","background-media":"","overlay-type":"","overlay-color":"","overlay-opacity":"","overlay-gradient":""}},"ast-content-background-meta":{"desktop":{"background-color":"var(--ast-global-color-5)","background-image":"","background-repeat":"repeat","background-position":"center center","background-size":"auto","background-attachment":"scroll","background-type":"","background-media":"","overlay-type":"","overlay-color":"","overlay-opacity":"","overlay-gradient":""},"tablet":{"background-color":"var(--ast-global-color-5)","background-image":"","background-repeat":"repeat","background-position":"center center","background-size":"auto","background-attachment":"scroll","background-type":"","background-media":"","overlay-type":"","overlay-color":"","overlay-opacity":"","overlay-gradient":""},"mobile":{"background-color":"var(--ast-global-color-5)","background-image":"","background-repeat":"repeat","background-position":"center center","background-size":"auto","background-attachment":"scroll","background-type":"","background-media":"","overlay-type":"","overlay-color":"","overlay-opacity":"","overlay-gradient":""}}},"pwb-brand":[332],"product_brand":[],"product_cat":[364,333],"product_tag":[],"class_list":{"0":"post-3712","1":"product","2":"type-product","3":"status-publish","4":"has-post-thumbnail","6":"pwb-brand-victron","7":"product_cat-inversores-12-v","8":"product_cat-inversores","9":"desktop-align-left","10":"tablet-align-left","11":"mobile-align-left","12":"ast-product-gallery-layout-horizontal-slider","13":"ast-product-tabs-layout-horizontal","15":"first","16":"instock","17":"taxable","18":"shipping-taxable","19":"purchasable","20":"product-type-simple"},"wcpa_form_fields":null,"brands":[{"id":332,"name":"Victron Energia","slug":"victron"}],"_links":{"self":[{"href":"https:\/\/fvcomponentes.com\/pt\/wp-json\/wp\/v2\/product\/3712","targetHints":{"allow":["GET"]}}],"collection":[{"href":"https:\/\/fvcomponentes.com\/pt\/wp-json\/wp\/v2\/product"}],"about":[{"href":"https:\/\/fvcomponentes.com\/pt\/wp-json\/wp\/v2\/types\/product"}],"replies":[{"embeddable":true,"href":"https:\/\/fvcomponentes.com\/pt\/wp-json\/wp\/v2\/comments?post=3712"}],"wp:featuredmedia":[{"embeddable":true,"href":"https:\/\/fvcomponentes.com\/pt\/wp-json\/wp\/v2\/media\/3713"}],"wp:attachment":[{"href":"https:\/\/fvcomponentes.com\/pt\/wp-json\/wp\/v2\/media?parent=3712"}],"wp:term":[{"taxonomy":"pwb-brand","embeddable":true,"href":"https:\/\/fvcomponentes.com\/pt\/wp-json\/wp\/v2\/pwb-brand?post=3712"},{"taxonomy":"product_brand","embeddable":true,"href":"https:\/\/fvcomponentes.com\/pt\/wp-json\/wp\/v2\/product_brand?post=3712"},{"taxonomy":"product_cat","embeddable":true,"href":"https:\/\/fvcomponentes.com\/pt\/wp-json\/wp\/v2\/product_cat?post=3712"},{"taxonomy":"product_tag","embeddable":true,"href":"https:\/\/fvcomponentes.com\/pt\/wp-json\/wp\/v2\/product_tag?post=3712"}],"curies":[{"name":"wp","href":"https:\/\/api.w.org\/{rel}","templated":true}]}}