{"id":37017,"date":"2026-04-27T12:31:01","date_gmt":"2026-04-27T10:31:01","guid":{"rendered":"https:\/\/fvcomponentes.com\/?post_type=product&#038;p=37017"},"modified":"2026-04-27T13:16:31","modified_gmt":"2026-04-27T11:16:31","slug":"painel-solar-ja-solar-450w-jam54d41-lb-bifacial-full-black-31-120184","status":"publish","type":"product","link":"https:\/\/fvcomponentes.com\/pt\/producto\/placa-solar-ja-solar-450w-jam54d41-lb-bifacial-full-black-31-120184\/","title":{"rendered":"Painel Solar JA Solar 450W JAM54D41-LB Bifacial Preto Total - 31-120184"},"content":{"rendered":"<h2><span dir=\"auto\" style=\"vertical-align: inherit;\"><span dir=\"auto\" style=\"vertical-align: inherit;\">Painel Solar JA Solar 450W JAM54D41-LB Bifacial Preto Total - 31-120184<\/span><\/span><\/h2>\n<p>O painel solar JA Solar 450W \u00e9 um m\u00f3dulo fotovoltaico de alto desempenho concebido para oferecer uma produ\u00e7\u00e3o de energia superior e uma fiabilidade duradoura.<br \/>\nCombina tecnologias de fabrico avan\u00e7adas com uma est\u00e9tica moderna e elegante, tornando-a uma solu\u00e7\u00e3o vers\u00e1til e eficiente para uma grande variedade de sistemas fotovoltaicos.<\/p>\n<p>Esta placa pertence \u00e0 s\u00e9rie Deep Blue 4.0 Pro, uma gama concebida para quem procura um m\u00f3dulo premium de elevada durabilidade, com um rendimento extra gra\u00e7as \u00e0 tecnologia bifacial de vidro duplo.<br \/>\n\u00c9 uma op\u00e7\u00e3o muito interessante para o autoconsumo residencial exigente, bem como para instala\u00e7\u00f5es comerciais onde se pretende maximizar o rendimento por metro quadrado sem sacrificar uma imagem cuidada.<\/p>\n<p>Este modelo utiliza tecnologia de tipo n e um design de meia c\u00e9lula com 108 c\u00e9lulas (6\u00d718), o que ajuda a melhorar o comportamento do painel em sombras parciais e reduz as perdas internas.<br \/>\nEm condi\u00e7\u00f5es com um adicional de 10% de irradi\u00e2ncia traseira, este m\u00f3dulo pode aumentar significativamente a sua pot\u00eancia efectiva.<\/p>\n<p>Com uma pot\u00eancia nominal de 450 W e uma efici\u00eancia de 22,5 %, este painel solar maximiza a produ\u00e7\u00e3o de energia por metro quadrado, reduzindo o n\u00famero de m\u00f3dulos necess\u00e1rios e optimizando o espa\u00e7o dispon\u00edvel no telhado.<\/p>\n<h2>Principais carater\u00edsticas do painel solar JA Solar 450W<\/h2>\n<h3>Tecnologia avan\u00e7ada<\/h3>\n<p>Este painel solar utiliza c\u00e9lulas solares monocristalinas do tipo N com tecnologia bifacial, que permite a capta\u00e7\u00e3o de energia tanto na parte da frente como na parte de tr\u00e1s.<\/p>\n<p>A sua tecnologia oferece vantagens importantes, tais como:<\/p>\n<ul>\n<li>Reduzir a degrada\u00e7\u00e3o induzida pela luz (LID), o que melhora a estabilidade da produ\u00e7\u00e3o ao longo do tempo.<\/li>\n<li>Melhorar o desempenho em condi\u00e7\u00f5es de baixa irradia\u00e7\u00e3o ou em instala\u00e7\u00f5es com superf\u00edcies reflectoras.<\/li>\n<li>Melhor desempenho a altas temperaturas.<\/li>\n<li>Maior estabilidade da produ\u00e7\u00e3o a longo prazo.<\/li>\n<\/ul>\n<p>Esta tecnologia bifacial permite tirar partido da luz reflectida por telhados brancos ou superf\u00edcies claras, pisos de cascalho ou reflectores, estruturas elevadas e instala\u00e7\u00f5es acima do solo.<\/p>\n<p>Em condi\u00e7\u00f5es favor\u00e1veis, isto pode aumentar a pot\u00eancia efectiva do m\u00f3dulo em rela\u00e7\u00e3o ao seu valor nominal, melhorando o rendimento anual da instala\u00e7\u00e3o.<\/p>\n<h3>Design e est\u00e9tica<\/h3>\n<p>O painel solar \u00e9 constru\u00eddo com materiais de alta qualidade e uma estrutura de vidro duplo.<\/p>\n<p>A configura\u00e7\u00e3o Full Black (c\u00e9lulas, estrutura e superf\u00edcie traseira em preto) n\u00e3o s\u00f3 proporciona um aspeto mais uniforme e discreto, como tamb\u00e9m \u00e9 particularmente valorizada pela sua durabilidade e estabilidade mec\u00e2nica.<\/p>\n<p>A sua conce\u00e7\u00e3o de meia c\u00e9lula (108 c\u00e9lulas divididas) reduz as perdas de resist\u00eancia interna e melhora o desempenho em situa\u00e7\u00f5es de sombra parcial, aumentando a efici\u00eancia global do m\u00f3dulo.<\/p>\n<p>Gra\u00e7as \u00e0 sua constru\u00e7\u00e3o em vidro de 1,6 mm + 1,6 mm, esta placa oferece um elevado n\u00edvel de prote\u00e7\u00e3o:<\/p>\n<ul>\n<li>Maior resist\u00eancia mec\u00e2nica<\/li>\n<li>Melhoria da resist\u00eancia \u00e0 humidade e \u00e0 corros\u00e3o<\/li>\n<li>Aumento da estabilidade estrutural a longo prazo<\/li>\n<li>Menos degrada\u00e7\u00e3o ao longo dos anos.<\/li>\n<\/ul>\n<p>Al\u00e9m disso, o design e a instala\u00e7\u00e3o incluem uma caixa de jun\u00e7\u00e3o com prote\u00e7\u00e3o IP68, conectores compat\u00edveis com MC4-EVO2 e cabos de 1200 mm para uma instala\u00e7\u00e3o f\u00e1cil.<\/p>\n<h3>Elevada pot\u00eancia e efici\u00eancia<\/h3>\n<p>O painel solar JA foi concebido para fornecer uma pot\u00eancia nominal de 450 W, mas como \u00e9 um m\u00f3dulo bifacial, a sua pot\u00eancia real pode aumentar quando h\u00e1 irradia\u00e7\u00e3o de retorno.<\/p>\n<p>Assim, este painel solar de 450W ficaria com uma pot\u00eancia aproximada de 486W, mostrando o potencial extra em locais favor\u00e1veis.<\/p>\n<p>Destaca-se tamb\u00e9m pela sua elevada efici\u00eancia energ\u00e9tica de 22,5 %, o que significa que converte uma maior propor\u00e7\u00e3o da luz solar dispon\u00edvel em eletricidade \u00fatil.<br \/>\nIsto permite obter mais energia por metro quadrado instalado, reduzindo o n\u00famero de pain\u00e9is necess\u00e1rios e optimizando assim o espa\u00e7o e os custos de instala\u00e7\u00e3o.<\/p>\n<h3>Desempenho optimizado<\/h3>\n<p>Este painel solar foi concebido para manter o seu desempenho numa vasta gama de condi\u00e7\u00f5es ambientais:<\/p>\n<ul>\n<li><strong>Ampla gama de temperaturas de funcionamento (-40\u00ba C a +85\u00ba C)<\/strong>, Isto garante que o painel solar pode funcionar de forma fi\u00e1vel tanto em climas frios como quentes.<\/li>\n<li><strong>Coeficiente de temperatura baixo (-0,29 %\/\u00b0C na pot\u00eancia)<\/strong>, Isto significa que a perda de energia nos dias quentes \u00e9 menor em compara\u00e7\u00e3o com os m\u00f3dulos com tecnologias mais antigas, garantindo uma produ\u00e7\u00e3o est\u00e1vel mesmo no ver\u00e3o.<\/li>\n<\/ul>\n<p>Estes atributos asseguram que a placa mant\u00e9m a sua efici\u00eancia mesmo quando as condi\u00e7\u00f5es n\u00e3o s\u00e3o ideais, proporcionando uma produ\u00e7\u00e3o mais est\u00e1vel e cont\u00ednua ao longo do tempo.<\/p>\n<p>Al\u00e9m disso, o painel solar JA de 450 W em instala\u00e7\u00f5es com cordas longas permite uma tens\u00e3o m\u00e1xima do sistema de 1500 V CC e um fus\u00edvel em s\u00e9rie m\u00e1ximo de 30 A.<\/p>\n<h3>Resist\u00eancia e durabilidade<\/h3>\n<p>O painel solar \u00e9 constru\u00eddo com materiais de alta qualidade e uma estrutura de vidro duplo, o que aumenta a resist\u00eancia mec\u00e2nica \u00e0s cargas ambientais (como vento forte ou neve) e melhora a durabilidade geral do m\u00f3dulo.<\/p>\n<p>A sua resist\u00eancia \u00e9 de 5400Pa para carregamento frontal e 2400PA para carregamento traseiro.<br \/>\nPor conseguinte, estas carater\u00edsticas permitem a instala\u00e7\u00e3o em ambientes exigentes com toda a seguran\u00e7a.<\/p>\n<p>Al\u00e9m disso, a tecnologia utilizada reduz a degrada\u00e7\u00e3o do m\u00f3dulo ao longo do tempo (1% no primeiro ano e 0,4% por ano), o que significa que a produ\u00e7\u00e3o efectiva no ano 30 de funcionamento ser\u00e1 ainda significativa.<\/p>\n<p>Isto garante uma produ\u00e7\u00e3o est\u00e1vel e previs\u00edvel durante d\u00e9cadas.<\/p>\n<h2>Vantagens do painel solar JA Solar 450W JAM54D41-LB Bifacial Full Black - 31-120184<\/h2>\n<p>Este painel solar apresenta as seguintes vantagens<\/p>\n<ul>\n<li><strong>Tecnologia bifacial: <\/strong>gera energia de ambos os lados, o que aumenta a produ\u00e7\u00e3o total de energia.<\/li>\n<li><strong>Elevada produ\u00e7\u00e3o de energia:<\/strong> elevada pot\u00eancia nominal (450 W) e elevada efici\u00eancia energ\u00e9tica (22,5%).<\/li>\n<li><strong>Utiliza\u00e7\u00e3o de c\u00e9lulas do tipo N:<\/strong> melhoram o desempenho e oferecem maior estabilidade na produ\u00e7\u00e3o ao longo do tempo.<\/li>\n<li>C<strong>Constru\u00e7\u00e3o robusta e duradoura (vidro-vidro):<\/strong> a dupla camada de vidro melhora a resist\u00eancia mec\u00e2nica ao vento, \u00e0 neve e a outros factores ambientais. Suporta cargas frontais at\u00e9 5400 Pa e cargas traseiras at\u00e9 2400 Pa.<\/li>\n<li><strong>Est\u00e9tica totalmente em preto: <\/strong>confere um aspeto mais elegante e uniforme.<\/li>\n<li><strong>Produ\u00e7\u00e3o eficiente mesmo em condi\u00e7\u00f5es de nebulosidade ou de baixa radia\u00e7\u00e3o solar<\/strong><\/li>\n<li><strong>Coeficiente de baixa temperatura:<\/strong> menor perda de pot\u00eancia quando as temperaturas s\u00e3o elevadas.<\/li>\n<li><strong>Alta resist\u00eancia e fiabilidade certificada:<\/strong> degrada\u00e7\u00e3o m\u00ednima ao longo do tempo, resultando numa produ\u00e7\u00e3o de energia est\u00e1vel e previs\u00edvel.<\/li>\n<li><strong>Versatilidade de utiliza\u00e7\u00e3o:<\/strong>\u00a0Adequado para instala\u00e7\u00f5es dom\u00e9sticas, comerciais e industriais.<\/li>\n<\/ul>\n<h2>Aplica\u00e7\u00f5es e utiliza\u00e7\u00f5es dos pain\u00e9is solares JA Solar 450W<\/h2>\n<p>Devido ao seu formato, efici\u00eancia e bifacialidade, este painel solar \u00e9 particularmente adequado para<\/p>\n<ul>\n<li>Casas unifamiliares que procuram uma est\u00e9tica Full Black.<\/li>\n<li>Instala\u00e7\u00f5es residenciais com autoconsumo de elevada efici\u00eancia, em que o objetivo \u00e9 otimizar a energia produzida por metro quadrado.<\/li>\n<li>Coberturas industriais e comerciais (armaz\u00e9ns, escrit\u00f3rios, centros log\u00edsticos) que requerem pain\u00e9is de alta pot\u00eancia e fi\u00e1veis.<\/li>\n<li>Instala\u00e7\u00f5es em superf\u00edcies claras ou reflectoras onde o bifacial proporciona maior rendimento.<\/li>\n<li>Sistemas integrados esteticamente em fachadas ou coberturas com um acabamento visual uniforme.<\/li>\n<li>Projectos que valorizam o vidro duplo pela sua robustez e estabilidade mec\u00e2nica.<\/li>\n<li>Sistemas ligados \u00e0 rede at\u00e9 1500V.<\/li>\n<\/ul>\n<h2>Informa\u00e7\u00f5es t\u00e9cnicas sobre o painel solar JA Solar 450W JAM54D41-LB Bifacial Full Black - 31-120184<\/h2>\n<p><a href=\"https:\/\/fvcomponentes.com\/wp-content\/uploads\/2026\/02\/ficha-tecnica-Placa-solar-JA-450W-JAM54D41-LB-Bifacial-Full-Black.pdf\" target=\"_blank\" rel=\"noopener\">Ficha t\u00e9cnica do painel solar JA Solar 450W\u00a0<\/a><\/p>\n<p><a href=\"https:\/\/fvcomponentes.com\/wp-content\/uploads\/2026\/02\/Manual-de-instalacion-Placa-solar-JA-450W-JAM54D41-LB-Bifacial-Full-Black.pdf\" target=\"_blank\" rel=\"noopener\">Manual dos pain\u00e9is solares JA Solar 450W<\/a><\/p>","protected":false},"excerpt":{"rendered":"<p><strong>N\u00e3o dispon\u00edvel, pr\u00f3xima disponibilidade na semana 29\/06 - 05\/07<\/strong><\/p>\n<ul>\n<li><span dir=\"auto\" style=\"vertical-align: inherit;\"><span dir=\"auto\" style=\"vertical-align: inherit;\">Pot\u00eancia: 450 W<\/span><\/span><\/li>\n<li>Tipo de m\u00f3dulo: Bifacial<\/li>\n<li>Tipo de c\u00e9lula: Monocristalina<\/li>\n<li>N\u00famero de c\u00e9lulas: 108 (6 x 18)<\/li>\n<li><span dir=\"auto\" style=\"vertical-align: inherit;\"><span dir=\"auto\" style=\"vertical-align: inherit;\">C\u00e9lulas: 182 mm (54)<\/span><\/span><\/li>\n<li>Tecnologia: TOPCon N-Type<\/li>\n<li>Efici\u00eancia: 22.5%<\/li>\n<li><span dir=\"auto\" style=\"vertical-align: inherit;\"><span dir=\"auto\" style=\"vertical-align: inherit;\">Coeficiente de temperatura PMAX: -0,3 %\/K<\/span><\/span><\/li>\n<li>Cor da arma\u00e7\u00e3o: Preto<\/li>\n<li>Tipo de vidro: Dual Glass<\/li>\n<li>Dimens\u00f5es: 176,2 x 113,4 x 3 cm<\/li>\n<li>Peso: 22 kg<\/li>\n<li>Cabo: 1.200mm com conectores MC4-EVO2<\/li>\n<li>Tamanho da sec\u00e7\u00e3o transversal do cabo: 4 mm\u00b2 (IEC), 12 AWG (UL)<\/li>\n<li><span dir=\"auto\" style=\"vertical-align: inherit;\"><span dir=\"auto\" style=\"vertical-align: inherit;\">Isc (A): 14,48<\/span><\/span><\/li>\n<li><span dir=\"auto\" style=\"vertical-align: inherit;\"><span dir=\"auto\" style=\"vertical-align: inherit;\">Voz (V): 39,3<\/span><\/span><\/li>\n<li>Garantia do produto: 25 anos<\/li>\n<\/ul>","protected":false},"featured_media":37018,"comment_status":"closed","ping_status":"closed","template":"","meta":{"site-sidebar-layout":"default","site-content-layout":"","ast-site-content-layout":"default","site-content-style":"default","site-sidebar-style":"default","ast-global-header-display":"","ast-banner-title-visibility":"","ast-main-header-display":"","ast-hfb-above-header-display":"","ast-hfb-below-header-display":"","ast-hfb-mobile-header-display":"","site-post-title":"","ast-breadcrumbs-content":"","ast-featured-img":"","footer-sml-layout":"","ast-disable-related-posts":"","theme-transparent-header-meta":"default","adv-header-id-meta":"","stick-header-meta":"","header-above-stick-meta":"","header-main-stick-meta":"","header-below-stick-meta":"","astra-migrate-meta-layouts":"set","ast-page-background-enabled":"default","ast-page-background-meta":{"desktop":{"background-color":"var(--ast-global-color-4)","background-image":"","background-repeat":"repeat","background-position":"center center","background-size":"auto","background-attachment":"scroll","background-type":"","background-media":"","overlay-type":"","overlay-color":"","overlay-opacity":"","overlay-gradient":""},"tablet":{"background-color":"","background-image":"","background-repeat":"repeat","background-position":"center center","background-size":"auto","background-attachment":"scroll","background-type":"","background-media":"","overlay-type":"","overlay-color":"","overlay-opacity":"","overlay-gradient":""},"mobile":{"background-color":"","background-image":"","background-repeat":"repeat","background-position":"center center","background-size":"auto","background-attachment":"scroll","background-type":"","background-media":"","overlay-type":"","overlay-color":"","overlay-opacity":"","overlay-gradient":""}},"ast-content-background-meta":{"desktop":{"background-color":"var(--ast-global-color-5)","background-image":"","background-repeat":"repeat","background-position":"center center","background-size":"auto","background-attachment":"scroll","background-type":"","background-media":"","overlay-type":"","overlay-color":"","overlay-opacity":"","overlay-gradient":""},"tablet":{"background-color":"var(--ast-global-color-5)","background-image":"","background-repeat":"repeat","background-position":"center center","background-size":"auto","background-attachment":"scroll","background-type":"","background-media":"","overlay-type":"","overlay-color":"","overlay-opacity":"","overlay-gradient":""},"mobile":{"background-color":"var(--ast-global-color-5)","background-image":"","background-repeat":"repeat","background-position":"center center","background-size":"auto","background-attachment":"scroll","background-type":"","background-media":"","overlay-type":"","overlay-color":"","overlay-opacity":"","overlay-gradient":""}}},"pwb-brand":[885],"product_brand":[],"product_cat":[459,395],"product_tag":[],"class_list":{"0":"post-37017","1":"product","2":"type-product","3":"status-publish","4":"has-post-thumbnail","6":"pwb-brand-ja-solar","7":"product_cat-placas-solares-autoconsumo","8":"product_cat-placas-solares","9":"product_shipping_class-placas-solares-grandes","10":"desktop-align-left","11":"tablet-align-left","12":"mobile-align-left","13":"ast-product-gallery-layout-horizontal-slider","14":"ast-product-tabs-layout-horizontal","16":"first","17":"instock","18":"taxable","19":"shipping-taxable","20":"purchasable","21":"product-type-simple"},"wcpa_form_fields":null,"brands":[{"id":885,"name":"Pain\u00e9is solares JA Solar","slug":"solar-ja"}],"_links":{"self":[{"href":"https:\/\/fvcomponentes.com\/pt\/wp-json\/wp\/v2\/product\/37017","targetHints":{"allow":["GET"]}}],"collection":[{"href":"https:\/\/fvcomponentes.com\/pt\/wp-json\/wp\/v2\/product"}],"about":[{"href":"https:\/\/fvcomponentes.com\/pt\/wp-json\/wp\/v2\/types\/product"}],"replies":[{"embeddable":true,"href":"https:\/\/fvcomponentes.com\/pt\/wp-json\/wp\/v2\/comments?post=37017"}],"wp:featuredmedia":[{"embeddable":true,"href":"https:\/\/fvcomponentes.com\/pt\/wp-json\/wp\/v2\/media\/37018"}],"wp:attachment":[{"href":"https:\/\/fvcomponentes.com\/pt\/wp-json\/wp\/v2\/media?parent=37017"}],"wp:term":[{"taxonomy":"pwb-brand","embeddable":true,"href":"https:\/\/fvcomponentes.com\/pt\/wp-json\/wp\/v2\/pwb-brand?post=37017"},{"taxonomy":"product_brand","embeddable":true,"href":"https:\/\/fvcomponentes.com\/pt\/wp-json\/wp\/v2\/product_brand?post=37017"},{"taxonomy":"product_cat","embeddable":true,"href":"https:\/\/fvcomponentes.com\/pt\/wp-json\/wp\/v2\/product_cat?post=37017"},{"taxonomy":"product_tag","embeddable":true,"href":"https:\/\/fvcomponentes.com\/pt\/wp-json\/wp\/v2\/product_tag?post=37017"}],"curies":[{"name":"wp","href":"https:\/\/api.w.org\/{rel}","templated":true}]}}