{"id":37003,"date":"2026-04-27T12:30:46","date_gmt":"2026-04-27T10:30:46","guid":{"rendered":"https:\/\/fvcomponentes.com\/?post_type=product&#038;p=37003"},"modified":"2026-04-27T13:13:03","modified_gmt":"2026-04-27T11:13:03","slug":"painel-solar-longi-540w-hi-mox10-lr7-60hvh-31-119725","status":"publish","type":"product","link":"https:\/\/fvcomponentes.com\/pt\/producto\/placa-solar-longi-540w-hi-mox10-lr7-60hvh-31-119725\/","title":{"rendered":"Painel Solar LONGi 540W Hi-MOX10 LR7-60HVH - 31-119725"},"content":{"rendered":"<h2>Painel Solar LONGi 540W Hi-MOX10 LR7-60HVH - 31-119725<\/h2>\n<p>O painel solar LONGi 540W Hi-MO X10 LR7-60HVH \u00e9 um m\u00f3dulo fotovoltaico de alta pot\u00eancia e alta efici\u00eancia concebido para produzir muita eletricidade para instala\u00e7\u00f5es residenciais, comerciais e industriais.<\/p>\n<p>Fabricada pela LONGi Solar, esta placa combina c\u00e9lulas de alta tecnologia, elevada efici\u00eancia energ\u00e9tica e fiabilidade comprovada a longo prazo, tornando-a uma das op\u00e7\u00f5es mais competitivas no mercado atual da energia solar devido ao seu elevado desempenho e durabilidade a longo prazo.<\/p>\n<p>Al\u00e9m disso, incorpora avan\u00e7os tecnol\u00f3gicos que maximizam a produ\u00e7\u00e3o de eletricidade mesmo em condi\u00e7\u00f5es reais de funcionamento, onde factores como a temperatura, a radia\u00e7\u00e3o vari\u00e1vel ou as perdas el\u00e9ctricas influenciam diretamente o desempenho final do sistema.<\/p>\n<h2>Principais carater\u00edsticas do painel solar LONGi 540W<\/h2>\n<h3>Tecnologia avan\u00e7ada e elevada efici\u00eancia<\/h3>\n<p>A placa utiliza c\u00e9lulas do tipo N com <strong>Tecnologia HPBC<\/strong> (Hybrid Passivated Back Contact) e a s\u00e9rie Hi-MO X10, que permite um <strong>efici\u00eancia muito elevada de 23,9 %<\/strong>.<br \/>\nIsto significa que converte uma grande parte da luz solar em eletricidade \u00fatil.<\/p>\n<p>A s\u00e9rie Hi-MO X10 da LONGi incorpora tecnologia monocristalina de \u00faltima gera\u00e7\u00e3o que melhora a efici\u00eancia da convers\u00e3o e reduz as perdas internas do m\u00f3dulo.<\/p>\n<p>A conce\u00e7\u00e3o deste painel com liga\u00e7\u00f5es traseiras nas c\u00e9lulas permite um melhor desempenho em tempo quente, uma maior produ\u00e7\u00e3o de energia em tempo nublado, uma melhor utiliza\u00e7\u00e3o da luz em geral e menos perdas de energia.<\/p>\n<p>O resultado \u00e9 uma produ\u00e7\u00e3o de energia mais est\u00e1vel e previs\u00edvel ao longo do ano.<\/p>\n<p>Ou seja, tamb\u00e9m funciona e tem um bom desempenho em condi\u00e7\u00f5es ambientais menos que ideais, como quando h\u00e1 pouca radia\u00e7\u00e3o ou em horas de menor movimento.<\/p>\n<h3>Alta pot\u00eancia<\/h3>\n<p>Com uma pot\u00eancia nominal de 540 W, este painel solar destaca-se por gerar uma maior quantidade de energia por unidade instalada, o que permite:<\/p>\n<ul>\n<li>Menos placas para obter o resultado desejado.<\/li>\n<li>Produzem mais energia do que os pain\u00e9is solares normais.<\/li>\n<li>Otimizar o espa\u00e7o dispon\u00edvel, especialmente em telhados ou superf\u00edcies limitadas.<\/li>\n<li>Reduzir os custos em termos de estrutura e de cablagem, bem como os custos de montagem, instalando menos pain\u00e9is.<\/li>\n<\/ul>\n<p>Este n\u00edvel de pot\u00eancia torna-o ideal mesmo para instala\u00e7\u00f5es de autoconsumo com elevadas necessidades energ\u00e9ticas ou para instala\u00e7\u00f5es comerciais.<br \/>\nAl\u00e9m disso, em projectos onde o espa\u00e7o \u00e9 limitado ou onde o objetivo \u00e9 maximizar a produ\u00e7\u00e3o por metro quadrado, este modelo oferece uma clara vantagem competitiva.<\/p>\n<h3>Elevada efici\u00eancia t\u00e9rmica<\/h3>\n<p>Um dos factores mais importantes que afectam os pain\u00e9is solares \u00e9 o calor. Quando a temperatura aumenta, a produ\u00e7\u00e3o diminui normalmente.<\/p>\n<p>No entanto, o painel solar LONGi 540W foi concebido de modo a que esta perda seja inferior \u00e0 dos pain\u00e9is mais antigos, permitindo-lhe manter um melhor n\u00edvel de produ\u00e7\u00e3o em climas quentes ou durante os meses de ver\u00e3o.<br \/>\nIsto \u00e9 especialmente importante em instala\u00e7\u00f5es localizadas em zonas com elevada irradia\u00e7\u00e3o solar.<\/p>\n<p>Al\u00e9m disso, esta placa tem uma ampla faixa de temperatura de opera\u00e7\u00e3o de -40 \u2103 a +85 \u2103.<\/p>\n<h3>Durabilidade a longo prazo<\/h3>\n<p>Os pain\u00e9is solares LONGi Hi-MO X10 foram concebidos para oferecer uma elevada resist\u00eancia mec\u00e2nica e ambiental, pelo que suportam..:<\/p>\n<ul>\n<li>Cargas de vento elevadas at\u00e9 2400 Pa.<\/li>\n<li>Cargas de neve at\u00e9 <span style=\"font-size: 16px;\">5400 Pa.<\/span><\/li>\n<li>Impacto do granizo.<\/li>\n<li>Exposi\u00e7\u00e3o prolongada \u00e0 radia\u00e7\u00e3o UV.<\/li>\n<li>Ambientes com elevada humidade.<\/li>\n<\/ul>\n<p>Estas carater\u00edsticas garantem um desempenho est\u00e1vel em zonas com condi\u00e7\u00f5es clim\u00e1ticas exigentes e uma longa vida \u00fatil da instala\u00e7\u00e3o.<\/p>\n<h3 data-start=\"2991\" data-end=\"3075\">Degrada\u00e7\u00e3o m\u00ednima<\/h3>\n<p>Este painel solar foi concebido para ter uma perda de pot\u00eancia muito baixa, com menos de % de perda no primeiro ano e uma degrada\u00e7\u00e3o anual m\u00ednima nos anos seguintes.<br \/>\nPor outras palavras, daqui a 20 ou 25 anos ainda estar\u00e1 a produzir muita energia.<\/p>\n<p>Trata-se de uma placa concebida para permanecer no telhado durante 25-30 anos sem que tenha de se preocupar com ela.<\/p>\n<p>Al\u00e9m disso, \u00e9 compat\u00edvel com sistemas at\u00e9 1500 V, o que permite configura\u00e7\u00f5es de cabos longos e a conce\u00e7\u00e3o eficiente de instala\u00e7\u00f5es de maior escala.<\/p>\n<h3>Conce\u00e7\u00e3o robusta<\/h3>\n<p>O painel solar LONGi 540W Hi-MO X10 tem um tamanho normalizado (1990 \u00d7 1134 \u00d7 30 mm) para instala\u00e7\u00f5es modernas de alta pot\u00eancia e um peso de 25 kg, o que permite uma instala\u00e7\u00e3o f\u00e1cil e segura.<\/p>\n<p>O seu encapsulamento em vidro temperado e a estrutura em alum\u00ednio anodizado oferecem prote\u00e7\u00e3o contra impactos, corros\u00e3o e exposi\u00e7\u00e3o prolongada, mantendo a integridade f\u00edsica e a efici\u00eancia do m\u00f3dulo ao longo do tempo.<\/p>\n<p>Tamb\u00e9m tem:<\/p>\n<ul>\n<li>120 c\u00e9lulas de face \u00fanica dispostas num formato compacto para maximizar a capta\u00e7\u00e3o de energia.<\/li>\n<li>Conectores MC4-EVO2, facilitando liga\u00e7\u00f5es fi\u00e1veis.<\/li>\n<li>Comprimento do cabo de 1400 mm, para facilitar a instala\u00e7\u00e3o e o posicionamento.<\/li>\n<\/ul>\n<p>\u00c9, portanto, um painel solar de alto desempenho destinado a projectos que procuram efici\u00eancia, fiabilidade e otimiza\u00e7\u00e3o do espa\u00e7o.<\/p>\n<h2>Principais vantagens do painel solar LONGi 540W Hi-MOX10 LR7-60HVH - 31-119725<\/h2>\n<p>Este painel solar Longi tem algumas vantagens excelentes, que s\u00e3o<\/p>\n<ul>\n<li>Muito potente com uma pot\u00eancia elevada (540W).<\/li>\n<li>Produz mais energia por metro quadrado.<\/li>\n<li>Redu\u00e7\u00e3o do n\u00famero de m\u00f3dulos necess\u00e1rios.<\/li>\n<li>Excelente desempenho a altas temperaturas.<\/li>\n<li>Melhor desempenho em condi\u00e7\u00f5es de baixa irradia\u00e7\u00e3o.<\/li>\n<li>Tecnologia tipo N e HPBC<\/li>\n<li>Perda m\u00ednima de pot\u00eancia ao longo do tempo.<\/li>\n<li>Concebida para uma longa dura\u00e7\u00e3o e estabilidade energ\u00e9tica.<\/li>\n<\/ul>\n<h2>Aplica\u00e7\u00f5es e utiliza\u00e7\u00f5es t\u00edpicas do painel fotovoltaico LONGi 540W<\/h2>\n<p>O painel fotovoltaico LONGi 540W Hi-MO X10 \u00e9 particularmente adequado para:<\/p>\n<ul>\n<li>Instala\u00e7\u00f5es residenciais de alta pot\u00eancia.<\/li>\n<li>Projectos comerciais<span style=\"font-size: 16px;\"> e o autoconsumo industrial.<\/span><\/li>\n<li>Centrais solares instaladas no telhado ou no solo<\/li>\n<li>Instala\u00e7\u00f5es no terreno.<\/li>\n<li>Projectos em que o objetivo \u00e9 maximizar a produ\u00e7\u00e3o com uma \u00e1rea de superf\u00edcie instalada mais pequena.<\/li>\n<li>Sistemas fotovoltaicos ligados \u00e0 rede com otimiza\u00e7\u00e3o da conce\u00e7\u00e3o de grandes strings.<\/li>\n<\/ul>\n<h2>Informa\u00e7\u00f5es t\u00e9cnicas sobre o painel solar LONGi 540W Hi-MOX10 LR7-60HVH - 31-119725<\/h2>\n<p><a href=\"https:\/\/fvcomponentes.com\/wp-content\/uploads\/2026\/02\/Ficha-tecnica-Placa-solar-LONGi-540W-Hi-MOX10-LR7-60HVH-LR7-60HVH-540M.pdf\" target=\"_blank\" rel=\"noopener\">Folha de dados do painel solar LONGi 540W<\/a><\/p>\n<p><a href=\"https:\/\/fvcomponentes.com\/wp-content\/uploads\/2026\/02\/Manual-Placa-solar-LONGi-540W-Hi-MOX10-LR7-60HVH-LR7-60HVH-540M.pdf\" target=\"_blank\" rel=\"noopener\">Manual de instala\u00e7\u00e3o do painel solar LONGi 540W<\/a><\/p>\n<p><a href=\"https:\/\/fvcomponentes.com\/wp-content\/uploads\/2026\/02\/Manual-de-operacion-y-mantenimiento-Placa-Solar-LONGi-540W-Hi-MO-X10-LR7-60HVH.pdf\" target=\"_blank\" rel=\"noopener\">Manual de utiliza\u00e7\u00e3o e manuten\u00e7\u00e3o dos pain\u00e9is solares LONGi 540W<\/a><\/p>","protected":false},"excerpt":{"rendered":"<ul>\n<li>Pot\u00eancia: 540 W<\/li>\n<li>Tipo de m\u00f3dulo: Monofacial<\/li>\n<li>C\u00e9lulas: 120 (60)<\/li>\n<li>Tecnologia: HPBC tipo n<\/li>\n<li>Efici\u00eancia: 23.9%<\/li>\n<li>PMAX Coef Temp: -0,26%\/K<\/li>\n<li>Cor da arma\u00e7\u00e3o: Prateada<\/li>\n<li>Tipo de vidro: Vidro simples<\/li>\n<li>Temperatura de funcionamento: -40\u2103 - +85\u2103<\/li>\n<li>Dimens\u00f5es: 199 x 113,4 x 3 cm<\/li>\n<li>Peso: 25,3 kg<\/li>\n<li>Cabo: 1 400 mm com conectores MC4-EVO2<\/li>\n<li>Isc (A): 15,25<\/li>\n<li>Voc (V): 44,88<\/li>\n<li>Garantia do produto: 25 anos<\/li>\n<\/ul>","protected":false},"featured_media":37004,"comment_status":"closed","ping_status":"closed","template":"","meta":{"site-sidebar-layout":"default","site-content-layout":"","ast-site-content-layout":"default","site-content-style":"default","site-sidebar-style":"default","ast-global-header-display":"","ast-banner-title-visibility":"","ast-main-header-display":"","ast-hfb-above-header-display":"","ast-hfb-below-header-display":"","ast-hfb-mobile-header-display":"","site-post-title":"","ast-breadcrumbs-content":"","ast-featured-img":"","footer-sml-layout":"","ast-disable-related-posts":"","theme-transparent-header-meta":"default","adv-header-id-meta":"","stick-header-meta":"","header-above-stick-meta":"","header-main-stick-meta":"","header-below-stick-meta":"","astra-migrate-meta-layouts":"set","ast-page-background-enabled":"default","ast-page-background-meta":{"desktop":{"background-color":"var(--ast-global-color-4)","background-image":"","background-repeat":"repeat","background-position":"center center","background-size":"auto","background-attachment":"scroll","background-type":"","background-media":"","overlay-type":"","overlay-color":"","overlay-opacity":"","overlay-gradient":""},"tablet":{"background-color":"","background-image":"","background-repeat":"repeat","background-position":"center center","background-size":"auto","background-attachment":"scroll","background-type":"","background-media":"","overlay-type":"","overlay-color":"","overlay-opacity":"","overlay-gradient":""},"mobile":{"background-color":"","background-image":"","background-repeat":"repeat","background-position":"center center","background-size":"auto","background-attachment":"scroll","background-type":"","background-media":"","overlay-type":"","overlay-color":"","overlay-opacity":"","overlay-gradient":""}},"ast-content-background-meta":{"desktop":{"background-color":"var(--ast-global-color-5)","background-image":"","background-repeat":"repeat","background-position":"center center","background-size":"auto","background-attachment":"scroll","background-type":"","background-media":"","overlay-type":"","overlay-color":"","overlay-opacity":"","overlay-gradient":""},"tablet":{"background-color":"var(--ast-global-color-5)","background-image":"","background-repeat":"repeat","background-position":"center center","background-size":"auto","background-attachment":"scroll","background-type":"","background-media":"","overlay-type":"","overlay-color":"","overlay-opacity":"","overlay-gradient":""},"mobile":{"background-color":"var(--ast-global-color-5)","background-image":"","background-repeat":"repeat","background-position":"center center","background-size":"auto","background-attachment":"scroll","background-type":"","background-media":"","overlay-type":"","overlay-color":"","overlay-opacity":"","overlay-gradient":""}}},"pwb-brand":[886],"product_brand":[],"product_cat":[395,459],"product_tag":[],"class_list":{"0":"post-37003","1":"product","2":"type-product","3":"status-publish","4":"has-post-thumbnail","6":"pwb-brand-longi-solar","7":"product_cat-placas-solares","8":"product_cat-placas-solares-autoconsumo","9":"product_shipping_class-placas-solares-grandes","10":"desktop-align-left","11":"tablet-align-left","12":"mobile-align-left","13":"ast-product-gallery-layout-horizontal-slider","14":"ast-product-tabs-layout-horizontal","16":"first","17":"instock","18":"taxable","19":"shipping-taxable","20":"purchasable","21":"product-type-simple"},"wcpa_form_fields":null,"brands":[{"id":886,"name":"Pain\u00e9is solares Longi","slug":"longi-solar"}],"_links":{"self":[{"href":"https:\/\/fvcomponentes.com\/pt\/wp-json\/wp\/v2\/product\/37003","targetHints":{"allow":["GET"]}}],"collection":[{"href":"https:\/\/fvcomponentes.com\/pt\/wp-json\/wp\/v2\/product"}],"about":[{"href":"https:\/\/fvcomponentes.com\/pt\/wp-json\/wp\/v2\/types\/product"}],"replies":[{"embeddable":true,"href":"https:\/\/fvcomponentes.com\/pt\/wp-json\/wp\/v2\/comments?post=37003"}],"wp:featuredmedia":[{"embeddable":true,"href":"https:\/\/fvcomponentes.com\/pt\/wp-json\/wp\/v2\/media\/37004"}],"wp:attachment":[{"href":"https:\/\/fvcomponentes.com\/pt\/wp-json\/wp\/v2\/media?parent=37003"}],"wp:term":[{"taxonomy":"pwb-brand","embeddable":true,"href":"https:\/\/fvcomponentes.com\/pt\/wp-json\/wp\/v2\/pwb-brand?post=37003"},{"taxonomy":"product_brand","embeddable":true,"href":"https:\/\/fvcomponentes.com\/pt\/wp-json\/wp\/v2\/product_brand?post=37003"},{"taxonomy":"product_cat","embeddable":true,"href":"https:\/\/fvcomponentes.com\/pt\/wp-json\/wp\/v2\/product_cat?post=37003"},{"taxonomy":"product_tag","embeddable":true,"href":"https:\/\/fvcomponentes.com\/pt\/wp-json\/wp\/v2\/product_tag?post=37003"}],"curies":[{"name":"wp","href":"https:\/\/api.w.org\/{rel}","templated":true}]}}