{"id":36938,"date":"2026-03-09T07:05:21","date_gmt":"2026-03-09T06:05:21","guid":{"rendered":"https:\/\/fvcomponentes.com\/?post_type=product&#038;p=36938"},"modified":"2026-04-07T10:39:55","modified_gmt":"2026-04-07T08:39:55","slug":"victron-multiplus-ii-48-5000-pytes-v5-cerbo-gx-box-v-box-v-box-ic-pytes","status":"publish","type":"product","link":"https:\/\/fvcomponentes.com\/pt\/producto\/kit-basico-aislada-victron-multiplus-ii-48-5000-pytes-v5-cerbo-gx-caja-v-box-ic-pytes\/","title":{"rendered":"Kit b\u00e1sico isolado Victron Multiplus II 48\/5000 + Pytes V5 + Cerbo GX + caixa Pytes V-BOX-IC"},"content":{"rendered":"<h2>Kit b\u00e1sico isolado Victron Multiplus II 48\/5000 + Pytes V5 + Cerbo GX + caixa Pytes V-BOX-IC<\/h2>\n<p>Na FVComponentes prepar\u00e1mos este kit b\u00e1sico com equipamentos Victron Energy e baterias Pytes para instala\u00e7\u00f5es off-grid que requerem maior pot\u00eancia e autonomia. \u00c9 uma solu\u00e7\u00e3o concebida para fornecer energia est\u00e1vel e segura em locais onde a rede n\u00e3o chega. Por exemplo, em casas rurais, casas de campo, abrigos, quintas, sistemas de bombagem solar, telecomunica\u00e7\u00f5es ou qualquer instala\u00e7\u00e3o em zonas remotas.<\/p>\n<p>Este kit \u00e9 tamb\u00e9m uma excelente op\u00e7\u00e3o como ESS (Energy Storage System) ou sistema de backup para instala\u00e7\u00f5es ligadas \u00e0 rede que j\u00e1 possuem pain\u00e9is solares. Pode armazenar energia, aumentar a independ\u00eancia energ\u00e9tica e garantir o fornecimento em caso de falhas de energia. Para al\u00e9m disso, tem uma pot\u00eancia superior. Isto torna-o adequado para consumos mais exigentes.<\/p>\n<p>A combina\u00e7\u00e3o Victron + Pytes \u00e9 sin\u00f3nimo de fiabilidade, integra\u00e7\u00e3o total e qualidade de topo. Configur\u00e1mos este kit com os componentes essenciais para que possa come\u00e7ar com uma base s\u00f3lida e profissional. Al\u00e9m disso, deixamos em aberto a possibilidade de expandir a capacidade no futuro, tanto em baterias como em gera\u00e7\u00e3o solar.<\/p>\n<h2>O que est\u00e1 inclu\u00eddo no kit de arranque Victron fora da rede?<\/h2>\n<p data-start=\"663\" data-end=\"948\">O kit inclui um inversor-carregador de 48V 5000VA, o sistema de monitoriza\u00e7\u00e3o Cerbo, uma bateria Pytes V5 5kWh, a caixa Pytes V-BOX-IC e os cabos necess\u00e1rios para ligar tudo.<\/p>\n<p data-start=\"663\" data-end=\"948\">O <a href=\"https:\/\/fvcomponentes.com\/pt\/produto\/inversor-victron-multiplus-ii-5000va-48v-70a50a\/\" target=\"_blank\" rel=\"noopener\">Victron MultiPlus II 48\/5000 - PMP482505010, <\/a>\u00e9 um inversor-carregador que combina um inversor de onda sinusoidal pura com um carregador de bateria de 70 A. Gra\u00e7as \u00e0 tecnologia PowerAssist, o MultiPlus II pode complementar a energia de uma fonte externa, como um gerador, com energia da bateria.<\/p>\n<p data-start=\"663\" data-end=\"948\">Isto garante um fornecimento est\u00e1vel mesmo em caso de picos de procura. Funciona a 48 V e tem 5000 VA (at\u00e9 4000 W de pot\u00eancia cont\u00ednua, consoante as condi\u00e7\u00f5es). \u00c9 ideal para alimentar os consumos dom\u00e9sticos.<\/p>\n<p data-start=\"663\" data-end=\"948\">Este kit incorpora um <a href=\"https:\/\/fvcomponentes.com\/pt\/produto\/bateria-de-litio-512v-lifepo4-pytes-v5-5-12kwh-110402100135\/\" target=\"_blank\" rel=\"noopener\">Bateria de l\u00edtio 51.2V LiFePO4 Pytes V5 5.12kWh - 110402100135<\/a>, especialmente concebido para sistemas de 48 V, garante uma elevada durabilidade, efici\u00eancia e seguran\u00e7a em qualquer ambiente - ideal para casas com pain\u00e9is solares, bem como para ambientes comerciais ou t\u00e9cnicos. Oferece tamb\u00e9m um s\u00f3lido equil\u00edbrio entre seguran\u00e7a, durabilidade, desempenho e facilidade de instala\u00e7\u00e3o.<\/p>\n<p data-start=\"663\" data-end=\"948\">Inclui tamb\u00e9m o <a href=\"https:\/\/fvcomponentes.com\/pt\/produto\/v-box-ic-pytes-para-baterias-v5-e-v5%ce%b1-plus-110409100163\/\" target=\"_blank\" rel=\"noopener\">V-BOX-IC Pytes Box - 110409100163<\/a>, A Pytes V5 e V5\u03b1 PLUS \u00e9 uma estrutura met\u00e1lica especificamente concebida para alojar as baterias Pytes V5 e V5\u03b1 PLUS de forma segura e organizada.<\/p>\n<p data-start=\"663\" data-end=\"948\">A inclus\u00e3o desta caixa torna o kit numa solu\u00e7\u00e3o mais completa, pronta para a instala\u00e7\u00e3o final. Isto \u00e9 especialmente verdadeiro para salas residenciais ou t\u00e9cnicas.<\/p>\n<p data-start=\"663\" data-end=\"948\">Para manter tudo sob controlo, o kit inclui <a href=\"https:\/\/fvcomponentes.com\/pt\/produto\/unidade-de-controlo-victron-cerbo-gx-bpp900451100\/\" target=\"_blank\" rel=\"noopener\">Victron Cerbo GX - BPP900451100<\/a>, que funciona como centro de controlo do sistema. Re\u00fane todas as informa\u00e7\u00f5es do equipamento ligado. Al\u00e9m disso, permite-lhe visualizar e gerir a instala\u00e7\u00e3o em tempo real, tanto local como remotamente, com o portal Victron VRM.<br \/>\nTem liga\u00e7\u00f5es VE.Bus, VE.Diret e VE.Can. Isto facilita a integra\u00e7\u00e3o de equipamento Victron compat\u00edvel e a monitoriza\u00e7\u00e3o do desempenho a partir de qualquer dispositivo.<\/p>\n<p data-start=\"663\" data-end=\"948\">Para podermos comunicar uns com os outros, inclu\u00edmos um\u00a0<a href=\"https:\/\/fvcomponentes.com\/pt\/produto\/cabo-victron-de-ve-can-para-can-bus-para-bms-tipo-a-5m-ass030710150\/\" target=\"_blank\" rel=\"noopener\">Cabo Victron VE.Can para CAN-bus para BMS Tipo A 5m - ASS030710150<\/a> para ligar as baterias de l\u00edtio Pytes V5 ao Cerbo.<\/p>\n<p data-start=\"663\" data-end=\"948\">Al\u00e9m disso, acrescent\u00e1mos um <a href=\"https:\/\/fvcomponentes.com\/pt\/produto\/cabo-victron-utp-rj45-18m-ass030064950-cabo-victron-utp-ass030064950\/\" target=\"_blank\" rel=\"noopener\">Cabo Victron UTP RJ45 1,8m Cabo Victron UTP - ASS030064950<\/a> para comunicar o inversor com a unidade de controlo Cerbo.<\/p>\n<p data-start=\"663\" data-end=\"948\">Por fim, inclu\u00edmos um kit de cablagem da bateria com 2 m de comprimento, com 35 m de cabo vermelho e preto, com terminais de parafuso M6 nas extremidades da bateria e terminais de parafuso M8 nas extremidades do inversor. O cabo positivo \u00e9 fornecido em dois comprimentos (30 cm e 160 cm) para facilitar a instala\u00e7\u00e3o do porta-fus\u00edvel MEGA com o seu fus\u00edvel correspondente. Este fus\u00edvel protege a linha CC para uma instala\u00e7\u00e3o mais segura e fi\u00e1vel.<\/p>\n<h3><strong data-start=\"1004\" data-end=\"1029\">Equipamento Victron inclu\u00eddo<\/strong><\/h3>\n<div class=\"_tableContainer_1rjym_1\">\n<div class=\"group _tableWrapper_1rjym_13 flex w-fit flex-col-reverse\">\n<table class=\"w-fit min-w-(--thread-content-width)\" data-start=\"1031\" data-end=\"2371\">\n<thead data-start=\"1031\" data-end=\"1077\">\n<tr data-start=\"1031\" data-end=\"1077\">\n<th data-start=\"1031\" data-end=\"1044\" data-col-size=\"md\">Componente<\/th>\n<th data-start=\"1044\" data-end=\"1062\" data-col-size=\"sm\">C\u00f3digo<\/th>\n<th data-start=\"1062\" data-end=\"1077\" data-col-size=\"xl\">Descri\u00e7\u00e3o<\/th>\n<\/tr>\n<\/thead>\n<tbody data-start=\"1127\" data-end=\"2371\">\n<tr data-start=\"1127\" data-end=\"1392\">\n<td data-start=\"1127\" data-end=\"1194\" data-col-size=\"md\"><strong>Carregador de inversor 48V Victron MultiPlus II 48\/5000 70A-50A<\/strong><\/td>\n<td data-start=\"1194\" data-end=\"1209\" data-col-size=\"sm\"><a href=\"https:\/\/fvcomponentes.com\/pt\/produto\/inversor-victron-multiplus-ii-5000va-48v-70a50a\/\" target=\"_blank\" rel=\"noopener\">PMP482505010<\/a><\/td>\n<td data-start=\"1209\" data-end=\"1392\" data-col-size=\"xl\">Inversor-carregador de onda pura com fun\u00e7\u00e3o PowerAssist e transfer\u00eancia autom\u00e1tica. Sa\u00edda cont\u00ednua de 4000 W \/ 5000 VA. Entrada 230 V AC e sa\u00edda 230 V AC. Corrente de carga 70 A.<\/td>\n<\/tr>\n<tr data-start=\"1393\" data-end=\"1626\">\n<td data-start=\"1393\" data-end=\"1438\" data-col-size=\"md\"><strong data-start=\"1395\" data-end=\"1437\">Unidade de controlo Victron Cerbo GX<\/strong><\/td>\n<td data-start=\"1438\" data-end=\"1453\" data-col-size=\"sm\"><a href=\"https:\/\/fvcomponentes.com\/pt\/produto\/unidade-de-controlo-victron-cerbo-gx-bpp900451100\/\" target=\"_blank\" rel=\"noopener\">PP900451100<\/a><\/td>\n<td data-start=\"1453\" data-end=\"1626\" data-col-size=\"xl\">Dispositivo de gest\u00e3o e comunica\u00e7\u00e3o que centraliza os dados do inversor, carregador, bateria e pain\u00e9is. Permite a monitoriza\u00e7\u00e3o local ou remota atrav\u00e9s do portal Victron VRM.<\/td>\n<\/tr>\n<tr data-start=\"1627\" data-end=\"1810\">\n<td data-start=\"1627\" data-end=\"1678\" data-col-size=\"md\"><strong data-start=\"1629\" data-end=\"1677\">Cabo VE.Can para CAN-bus para BMS tipo A (5 m)<\/strong><\/td>\n<td data-start=\"1678\" data-end=\"1693\" data-col-size=\"sm\"><a href=\"https:\/\/fvcomponentes.com\/pt\/produto\/cabo-victron-de-ve-can-para-can-bus-para-bms-tipo-a-5m-ass030710150\/\" target=\"_blank\" rel=\"noopener\">ASS030710150<\/a><\/td>\n<td data-start=\"1693\" data-end=\"1810\" data-col-size=\"xl\">Cabo de comunica\u00e7\u00e3o para liga\u00e7\u00e3o entre o Cerbo GX e o BMS da bateria<\/td>\n<\/tr>\n<tr data-start=\"1811\" data-end=\"1938\">\n<td data-start=\"1811\" data-end=\"1841\" data-col-size=\"md\"><strong data-start=\"1941\" data-end=\"1967\">Cabo UTP RJ45 (1,8 m)<\/strong><\/td>\n<td data-start=\"1841\" data-end=\"1856\" data-col-size=\"sm\"><a href=\"https:\/\/fvcomponentes.com\/pt\/produto\/cabo-victron-utp-rj45-18m-ass030064950-cabo-victron-utp-ass030064950\/\" target=\"_blank\" rel=\"noopener\">ASS030064950<\/a><\/td>\n<td data-start=\"1856\" data-end=\"1938\" data-col-size=\"xl\">Cabo de rede para a interliga\u00e7\u00e3o de aparelhos VE.Bus (MultiPlus, Quattro, etc.).<\/td>\n<\/tr>\n<\/tbody>\n<\/table>\n<h2 data-start=\"87\" data-end=\"151\">Bateria de l\u00edtio Pytes V5: segura, robusta e constru\u00edda para durar<\/h2>\n<p data-start=\"153\" data-end=\"479\">O kit inclui uma bateria de l\u00edtio Pytes V5 de 5,12 kWh, uma escolha perfeita para instala\u00e7\u00f5es de 48V. Tal como outras baterias de l\u00edtio actuais, utiliza a tecnologia LiFePO\u2084 (fosfato de ferro-l\u00edtio), que falha muito menos e dura mais tempo do que as baterias de chumbo-\u00e1cido quando utilizadas diariamente.<\/p>\n<p data-start=\"481\" data-end=\"777\">As baterias Pytes V5 s\u00e3o constru\u00eddas com c\u00e9lulas prism\u00e1ticas, o que as torna muito mais robustas do que outras baterias no mercado que utilizam c\u00e9lulas de bolsa. Al\u00e9m disso, cada bateria incorpora uma placa de aquecimento que se ativa quando a temperatura ambiente desce abaixo dos 10\u00b0C, ajudando a manter um bom desempenho de carga e descarga em condi\u00e7\u00f5es frias.<\/p>\n<p data-start=\"779\" data-end=\"1109\">Em termos de desempenho, as baterias Pytes V5 t\u00eam uma capacidade nominal de 5,12 kWh e podem ser ligadas em paralelo para expandir facilmente a capacidade total do sistema. O seu BMS integrado protege contra sobrecarga, descarga profunda, sobreaquecimento e curto-circuitos, garantindo um funcionamento est\u00e1vel e fi\u00e1vel.<\/p>\n<p data-start=\"1111\" data-end=\"1493\">Os Pytes comunicam diretamente com o sistema Victron atrav\u00e9s do cabo VE.Can para CAN-bus para BMS tipo A (5 m) inclu\u00eddo no kit, permitindo ao Cerbo GX visualizar os dados da bateria. Gra\u00e7as a esta integra\u00e7\u00e3o, \u00e9 poss\u00edvel monitorizar par\u00e2metros como o estado de carga, a tens\u00e3o, a temperatura e os ciclos do VRM em qualquer altura.<\/p>\n<p data-start=\"1495\" data-end=\"1728\">Com uma vida \u00fatil de mais de 6.000 ciclos e uma efici\u00eancia de carregamento de at\u00e9 98 %, o Pytes V5 \u00e9 uma solu\u00e7\u00e3o de armazenamento fi\u00e1vel, segura e duradoura para sistemas solares, especialmente em instala\u00e7\u00f5es fora da rede.<\/p>\n<h2 data-start=\"1495\" data-end=\"1728\">V-BOX-IC Caixa Pytes para baterias V5 e V5\u03b1 PLUS: compacta e robusta.<\/h2>\n<p data-start=\"146\" data-end=\"436\">A Pytes V-BOX-IC \u00e9 uma caixa de armazenamento interior concebida especificamente para as baterias Pytes V5 e V5\u03b1 PLUS. O seu objetivo \u00e9 simples: proteger, arrumar e facilitar a instala\u00e7\u00e3o dos seus m\u00f3dulos de bateria num sistema de armazenamento de energia solar.<\/p>\n<p data-start=\"438\" data-end=\"688\">Fabricado em a\u00e7o galvanizado e com ventila\u00e7\u00e3o passiva, oferece uma solu\u00e7\u00e3o compacta, segura e modular, ideal para instala\u00e7\u00f5es em habita\u00e7\u00f5es, salas t\u00e9cnicas ou ambientes industriais onde \u00e9 necess\u00e1ria uma integra\u00e7\u00e3o limpa e profissional.<\/p>\n<p data-start=\"690\" data-end=\"957\">A V-BOX-IC permite a instala\u00e7\u00e3o de at\u00e9 3 baterias, atingindo aproximadamente 15 kWh de capacidade total com uma \u00fanica unidade. Isto torna-a perfeita para o autoconsumo solar, sistemas de reserva para falhas de energia, sistemas aut\u00f3nomos fora da rede e projectos interiores escal\u00e1veis.<\/p>\n<h3 data-start=\"3923\" data-end=\"3972\"><strong data-start=\"3930\" data-end=\"3972\">Acess\u00f3rios recomendados (n\u00e3o inclu\u00eddos)<\/strong><\/h3>\n<ul>\n<li data-start=\"3976\" data-end=\"4029\"><a href=\"https:\/\/fvcomponentes.com\/pt\/categoria-produto\/controladores-de-carga-solar\/reguladores-de-mppt\/\" target=\"_blank\" rel=\"noopener\">Controlador Victron SmartSolar MPPT 150\/70 ou superior<\/a><\/li>\n<li data-start=\"3976\" data-end=\"4029\"><a href=\"https:\/\/fvcomponentes.com\/pt\/produto\/ecra-tatil-victron-gx-50\/\" target=\"_blank\" rel=\"noopener\">Ecr\u00e3 t\u00e1til GX Touch 50 ou 70<\/a><\/li>\n<\/ul>\n<h2 data-start=\"5476\" data-end=\"5512\"><strong data-start=\"5483\" data-end=\"5512\">Aplica\u00e7\u00f5es recomendadas para a caixa Victron Multiplus II 48\/5000 + Pytes V5 + Cerbo GX + Pytes V-BOX-IC<\/strong><\/h2>\n<p data-start=\"5514\" data-end=\"5835\">Concebemos este kit para habita\u00e7\u00f5es isoladas, casas rurais, instala\u00e7\u00f5es agr\u00edcolas, sistemas de bombagem solar, sistemas de apoio ou projectos de eletrifica\u00e7\u00e3o em zonas remotas, com consumos moderados.<\/p>\n<p data-start=\"5514\" data-end=\"5835\">O kit \u00e9 uma solu\u00e7\u00e3o compacta, de dimens\u00f5es perfeitas, totalmente compat\u00edvel com o ecossistema Victron, concebida tanto para instaladores como para DIYers que pretendam construir o seu pr\u00f3prio sistema.<\/p>\n<\/div>\n<\/div>","protected":false},"excerpt":{"rendered":"<p>Kit isolado com inversor Victron Multiplus II de 5000VA composto pelos seguintes componentes:<\/p>","protected":false},"featured_media":36984,"comment_status":"closed","ping_status":"closed","template":"","meta":{"site-sidebar-layout":"default","site-content-layout":"","ast-site-content-layout":"default","site-content-style":"default","site-sidebar-style":"default","ast-global-header-display":"","ast-banner-title-visibility":"","ast-main-header-display":"","ast-hfb-above-header-display":"","ast-hfb-below-header-display":"","ast-hfb-mobile-header-display":"","site-post-title":"","ast-breadcrumbs-content":"","ast-featured-img":"","footer-sml-layout":"","ast-disable-related-posts":"","theme-transparent-header-meta":"default","adv-header-id-meta":"","stick-header-meta":"","header-above-stick-meta":"","header-main-stick-meta":"","header-below-stick-meta":"","astra-migrate-meta-layouts":"set","ast-page-background-enabled":"default","ast-page-background-meta":{"desktop":{"background-color":"var(--ast-global-color-4)","background-image":"","background-repeat":"repeat","background-position":"center center","background-size":"auto","background-attachment":"scroll","background-type":"","background-media":"","overlay-type":"","overlay-color":"","overlay-opacity":"","overlay-gradient":""},"tablet":{"background-color":"","background-image":"","background-repeat":"repeat","background-position":"center center","background-size":"auto","background-attachment":"scroll","background-type":"","background-media":"","overlay-type":"","overlay-color":"","overlay-opacity":"","overlay-gradient":""},"mobile":{"background-color":"","background-image":"","background-repeat":"repeat","background-position":"center center","background-size":"auto","background-attachment":"scroll","background-type":"","background-media":"","overlay-type":"","overlay-color":"","overlay-opacity":"","overlay-gradient":""}},"ast-content-background-meta":{"desktop":{"background-color":"var(--ast-global-color-5)","background-image":"","background-repeat":"repeat","background-position":"center center","background-size":"auto","background-attachment":"scroll","background-type":"","background-media":"","overlay-type":"","overlay-color":"","overlay-opacity":"","overlay-gradient":""},"tablet":{"background-color":"var(--ast-global-color-5)","background-image":"","background-repeat":"repeat","background-position":"center center","background-size":"auto","background-attachment":"scroll","background-type":"","background-media":"","overlay-type":"","overlay-color":"","overlay-opacity":"","overlay-gradient":""},"mobile":{"background-color":"var(--ast-global-color-5)","background-image":"","background-repeat":"repeat","background-position":"center center","background-size":"auto","background-attachment":"scroll","background-type":"","background-media":"","overlay-type":"","overlay-color":"","overlay-opacity":"","overlay-gradient":""}}},"pwb-brand":[1007],"product_brand":[],"product_cat":[464,465],"product_tag":[],"class_list":{"0":"post-36938","1":"product","2":"type-product","3":"status-publish","4":"has-post-thumbnail","6":"pwb-brand-baterias-pytes","7":"product_cat-kits-solares","8":"product_cat-kit-solar-aislada","9":"product_shipping_class-baterias","10":"desktop-align-left","11":"tablet-align-left","12":"mobile-align-left","13":"ast-product-gallery-layout-horizontal-slider","14":"ast-product-gallery-with-no-image","15":"ast-product-tabs-layout-horizontal","17":"first","18":"instock","19":"taxable","20":"shipping-taxable","21":"purchasable","22":"product-type-yith_bundle"},"wcpa_form_fields":null,"brands":[{"id":1007,"name":"Pilhas Pytes","slug":"pilhas-pytes"}],"_links":{"self":[{"href":"https:\/\/fvcomponentes.com\/pt\/wp-json\/wp\/v2\/product\/36938","targetHints":{"allow":["GET"]}}],"collection":[{"href":"https:\/\/fvcomponentes.com\/pt\/wp-json\/wp\/v2\/product"}],"about":[{"href":"https:\/\/fvcomponentes.com\/pt\/wp-json\/wp\/v2\/types\/product"}],"replies":[{"embeddable":true,"href":"https:\/\/fvcomponentes.com\/pt\/wp-json\/wp\/v2\/comments?post=36938"}],"wp:featuredmedia":[{"embeddable":true,"href":"https:\/\/fvcomponentes.com\/pt\/wp-json\/wp\/v2\/media\/36984"}],"wp:attachment":[{"href":"https:\/\/fvcomponentes.com\/pt\/wp-json\/wp\/v2\/media?parent=36938"}],"wp:term":[{"taxonomy":"pwb-brand","embeddable":true,"href":"https:\/\/fvcomponentes.com\/pt\/wp-json\/wp\/v2\/pwb-brand?post=36938"},{"taxonomy":"product_brand","embeddable":true,"href":"https:\/\/fvcomponentes.com\/pt\/wp-json\/wp\/v2\/product_brand?post=36938"},{"taxonomy":"product_cat","embeddable":true,"href":"https:\/\/fvcomponentes.com\/pt\/wp-json\/wp\/v2\/product_cat?post=36938"},{"taxonomy":"product_tag","embeddable":true,"href":"https:\/\/fvcomponentes.com\/pt\/wp-json\/wp\/v2\/product_tag?post=36938"}],"curies":[{"name":"wp","href":"https:\/\/api.w.org\/{rel}","templated":true}]}}