{"id":3677,"date":"2021-07-29T10:55:28","date_gmt":"2021-07-29T08:55:28","guid":{"rendered":"https:\/\/fvcomponentes.com\/?post_type=product&#038;p=3677"},"modified":"2026-01-15T10:09:53","modified_gmt":"2026-01-15T09:09:53","slug":"bateria-victron-12v-170ah-agm-super-cycle-batt-bat412117081","status":"publish","type":"product","link":"https:\/\/fvcomponentes.com\/pt\/producto\/bateria-victron-12v-170ah-agm-super-cycle-batt-bat412117081\/","title":{"rendered":"Bateria de Super Ciclo AGM 12V\/170Ah Victron - BAT412117081"},"content":{"rendered":"<h2>Bateria de ciclo super-r\u00e1pido Victron 12V\/170Ah AGM<\/h2>\n<h3>Uma bateria verdadeiramente inovadora<\/h3>\n<p>As baterias AGM Super Cycle, como a Victron 12V\/170Ah AGM Super Cycle Batt, s\u00e3o o resultado de avan\u00e7os recentes na eletroqu\u00edmica da bateria.<br \/>\nA pasta das placas positivas \u00e9 menos sens\u00edvel ao amolecimento, mesmo em caso de descargas completas repetidas da bateria. E os novos aditivos no eletr\u00f3lito reduzem a sulfata\u00e7\u00e3o em caso de descarga profunda.<\/p>\n<h3>Desempenho excecional de profundidade de descarga (DoD) do 100%<\/h3>\n<p>Os testes demonstraram que a bateria Super Cycle da <a href=\"https:\/\/www.victronenergy.com.es\/\" target=\"_blank\" rel=\"noopener\">Victron<\/a> pode suportar at\u00e9 trezentos ciclos DoD do 100%.<br \/>\nOs testes consistem numa descarga di\u00e1ria a 10,8V com I = 0,2C\u2082\u2080, seguida de aproximadamente duas horas de espera no estado descarregado, e depois uma recarga com I = 0,2C\u2082\u2082\u2080.<br \/>\nPer\u00edodos de repouso de duas horas num estado descarregado causariam danos na maioria das baterias ap\u00f3s cerca de 100 ciclos, mas n\u00e3o na bateria Super Cycle.<br \/>\nRecomendamos a bateria Super Cycle para utiliza\u00e7\u00e3o em aplica\u00e7\u00f5es em que se prev\u00ea um DoD de 100% ou um DoD frequente de 60-80%.<\/p>\n<h3>Mais leve e mais pequeno<\/h3>\n<p>Uma vantagem adicional da nova eletroqu\u00edmica \u00e9 que permite um tamanho mais pequeno e um peso mais leve em compara\u00e7\u00e3o com as baterias AGM de ciclo profundo normais.<\/p>\n<h3>Baixa resist\u00eancia interna<\/h3>\n<p>A resist\u00eancia interna tamb\u00e9m \u00e9 ligeiramente inferior em compara\u00e7\u00e3o com as nossas baterias AGM de ciclo profundo padr\u00e3o.<\/p>\n<h3>Tens\u00f5es de carga recomendadas<\/h3>\n<p><img fetchpriority=\"high\" decoding=\"async\" class=\"alignnone size-full wp-image-8268\" src=\"https:\/\/fvcomponentes.com\/wp-content\/uploads\/2022\/11\/Captura.png\" alt=\"\" width=\"579\" height=\"120\" title=\"\"><\/p>\n<h3>Ficha t\u00e9cnica Victron 12V\/170Ah AGM Super Cycle Batt.<\/h3>\n<p><a href=\"https:\/\/fvcomponentes.com\/wp-content\/uploads\/2023\/09\/Datasheet-AGM-Super-Cycle-battery-ES.pdf\" target=\"_blank\" rel=\"noopener\">Ver ficha t\u00e9cnica Victron 12V\/170Ah AGM Super Cycle Batt.<\/a><\/p>","protected":false},"excerpt":{"rendered":"<ul>\n<li><strong>Tens\u00e3o:<\/strong>\u00a012V<\/li>\n<li><strong>Ampere horas:<\/strong> 170Ah (C20)<\/li>\n<li><strong>Ciclos:<\/strong> 400 a 80 descarga %, 600 a 50 descarga %, 1500 a 30 descarga %.<\/li>\n<li><strong>Terminais:<\/strong> Inser\u00e7\u00e3o M8<\/li>\n<li><strong>Recomendado para:<\/strong> aplica\u00e7\u00f5es em que se prev\u00ea a ocorr\u00eancia de DoDs de 100%, ou DoDs frequentes de 60-80%<\/li>\n<\/ul>","protected":false},"featured_media":3678,"comment_status":"open","ping_status":"closed","template":"","meta":{"site-sidebar-layout":"default","site-content-layout":"default","ast-site-content-layout":"default","site-content-style":"default","site-sidebar-style":"default","ast-global-header-display":"","ast-banner-title-visibility":"","ast-main-header-display":"","ast-hfb-above-header-display":"","ast-hfb-below-header-display":"","ast-hfb-mobile-header-display":"","site-post-title":"","ast-breadcrumbs-content":"","ast-featured-img":"","footer-sml-layout":"","ast-disable-related-posts":"","theme-transparent-header-meta":"default","adv-header-id-meta":"","stick-header-meta":"","header-above-stick-meta":"","header-main-stick-meta":"","header-below-stick-meta":"","astra-migrate-meta-layouts":"set","ast-page-background-enabled":"default","ast-page-background-meta":{"desktop":{"background-color":"var(--ast-global-color-4)","background-image":"","background-repeat":"repeat","background-position":"center center","background-size":"auto","background-attachment":"scroll","background-type":"","background-media":"","overlay-type":"","overlay-color":"","overlay-opacity":"","overlay-gradient":""},"tablet":{"background-color":"","background-image":"","background-repeat":"repeat","background-position":"center center","background-size":"auto","background-attachment":"scroll","background-type":"","background-media":"","overlay-type":"","overlay-color":"","overlay-opacity":"","overlay-gradient":""},"mobile":{"background-color":"","background-image":"","background-repeat":"repeat","background-position":"center center","background-size":"auto","background-attachment":"scroll","background-type":"","background-media":"","overlay-type":"","overlay-color":"","overlay-opacity":"","overlay-gradient":""}},"ast-content-background-meta":{"desktop":{"background-color":"var(--ast-global-color-5)","background-image":"","background-repeat":"repeat","background-position":"center center","background-size":"auto","background-attachment":"scroll","background-type":"","background-media":"","overlay-type":"","overlay-color":"","overlay-opacity":"","overlay-gradient":""},"tablet":{"background-color":"var(--ast-global-color-5)","background-image":"","background-repeat":"repeat","background-position":"center center","background-size":"auto","background-attachment":"scroll","background-type":"","background-media":"","overlay-type":"","overlay-color":"","overlay-opacity":"","overlay-gradient":""},"mobile":{"background-color":"var(--ast-global-color-5)","background-image":"","background-repeat":"repeat","background-position":"center center","background-size":"auto","background-attachment":"scroll","background-type":"","background-media":"","overlay-type":"","overlay-color":"","overlay-opacity":"","overlay-gradient":""}}},"pwb-brand":[332],"product_brand":[],"product_cat":[375,340],"product_tag":[],"class_list":{"0":"post-3677","1":"product","2":"type-product","3":"status-publish","4":"has-post-thumbnail","6":"pwb-brand-victron","7":"product_cat-baterias-agm","8":"product_cat-baterias","9":"product_shipping_class-baterias","10":"desktop-align-left","11":"tablet-align-left","12":"mobile-align-left","13":"ast-product-gallery-layout-horizontal-slider","14":"ast-product-tabs-layout-horizontal","16":"first","17":"instock","18":"taxable","19":"shipping-taxable","20":"purchasable","21":"product-type-simple"},"wcpa_form_fields":null,"brands":[{"id":332,"name":"Victron Energia","slug":"victron"}],"_links":{"self":[{"href":"https:\/\/fvcomponentes.com\/pt\/wp-json\/wp\/v2\/product\/3677","targetHints":{"allow":["GET"]}}],"collection":[{"href":"https:\/\/fvcomponentes.com\/pt\/wp-json\/wp\/v2\/product"}],"about":[{"href":"https:\/\/fvcomponentes.com\/pt\/wp-json\/wp\/v2\/types\/product"}],"replies":[{"embeddable":true,"href":"https:\/\/fvcomponentes.com\/pt\/wp-json\/wp\/v2\/comments?post=3677"}],"wp:featuredmedia":[{"embeddable":true,"href":"https:\/\/fvcomponentes.com\/pt\/wp-json\/wp\/v2\/media\/3678"}],"wp:attachment":[{"href":"https:\/\/fvcomponentes.com\/pt\/wp-json\/wp\/v2\/media?parent=3677"}],"wp:term":[{"taxonomy":"pwb-brand","embeddable":true,"href":"https:\/\/fvcomponentes.com\/pt\/wp-json\/wp\/v2\/pwb-brand?post=3677"},{"taxonomy":"product_brand","embeddable":true,"href":"https:\/\/fvcomponentes.com\/pt\/wp-json\/wp\/v2\/product_brand?post=3677"},{"taxonomy":"product_cat","embeddable":true,"href":"https:\/\/fvcomponentes.com\/pt\/wp-json\/wp\/v2\/product_cat?post=3677"},{"taxonomy":"product_tag","embeddable":true,"href":"https:\/\/fvcomponentes.com\/pt\/wp-json\/wp\/v2\/product_tag?post=3677"}],"curies":[{"name":"wp","href":"https:\/\/api.w.org\/{rel}","templated":true}]}}