{"id":36703,"date":"2026-02-11T12:09:10","date_gmt":"2026-02-11T11:09:10","guid":{"rendered":"https:\/\/fvcomponentes.com\/?post_type=product&#038;p=36703"},"modified":"2026-02-18T12:31:34","modified_gmt":"2026-02-18T11:31:34","slug":"modulo-bmu-512kw-pytes-hv48100-bateria-de-alta-tensao-pytes-hv48100-bateria","status":"publish","type":"product","link":"https:\/\/fvcomponentes.com\/pt\/producto\/modulo-bmu-512kw-bateria-pytes-hv48100-high-voltage-battery-pack\/","title":{"rendered":"Pytes Battery BMU M\u00f3dulo (Bateria) 5,12kW HV48100 Bateria de alta tens\u00e3o"},"content":{"rendered":"<h2>Pytes Battery BMU M\u00f3dulo (Bateria) 5,12kW HV48100 Bateria de alta tens\u00e3o<\/h2>\n<p>O Pytes HV48100 BMU (Battery) \u00e9 um m\u00f3dulo de armazenamento de energia de alta tens\u00e3o concebido para satisfazer as necessidades energ\u00e9ticas mais exigentes em sistemas fotovoltaicos e sistemas de energia de reserva. \u00c9 tamb\u00e9m ideal para instala\u00e7\u00f5es h\u00edbridas, aplica\u00e7\u00f5es comerciais e industriais e sistemas de energia de auto-consumo.<\/p>\n<p>Com uma capacidade de 5,12 kWh por m\u00f3dulo de bateria e uma tens\u00e3o de 51,2 V, esta BMU combina alta seguran\u00e7a, longa vida \u00fatil, efici\u00eancia energ\u00e9tica, modularidade e escalabilidade. Oferece tamb\u00e9m um elevado desempenho em todos os ciclos de carga e descarga.<\/p>\n<p>Por conseguinte, posiciona-se como um m\u00f3dulo de bateria vers\u00e1til, robusto e profissional, capaz de se integrar em m\u00faltiplas configura\u00e7\u00f5es e de satisfazer necessidades energ\u00e9ticas exigentes em sistemas controlados de forma inteligente.<\/p>\n<h2>Principais carater\u00edsticas do M\u00f3dulo BMU (Bateria) HV48100<\/h2>\n<h3>Tecnologia avan\u00e7ada de alta tens\u00e3o<\/h3>\n<p>A BMU HV48100 utiliza c\u00e9lulas de fosfato de ferro e l\u00edtio de grau A (LiFePO\u2084), conhecidas pela sua elevada estabilidade t\u00e9rmica, baixo risco de igni\u00e7\u00e3o e elevada resist\u00eancia a cargas cont\u00ednuas.<\/p>\n<p>Este m\u00f3dulo de bateria foi concebido para funcionar em sistemas de alta tens\u00e3o. Isto permite uma maior efici\u00eancia de convers\u00e3o de energia e uma redu\u00e7\u00e3o significativa das perdas de energia. Consegue tamb\u00e9m uma menor intensidade de corrente para a mesma pot\u00eancia e uma melhor compatibilidade com inversores h\u00edbridos de alta tens\u00e3o.<\/p>\n<p>Gra\u00e7as a esta configura\u00e7\u00e3o, a BMU HV48100 pode alcan\u00e7ar um desempenho mais est\u00e1vel e eficiente em compara\u00e7\u00e3o com as solu\u00e7\u00f5es de baixa tens\u00e3o.<\/p>\n<h3>BMS integrado<\/h3>\n<p>A BMU incorpora um sistema inteligente de gest\u00e3o da bateria (BMS), que monitoriza e controla par\u00e2metros como a tens\u00e3o, a corrente, a temperatura e o estado das c\u00e9lulas em tempo real.<br \/>\nO BMS tamb\u00e9m protege contra sobrecargas, descargas excessivas, curto-circuitos e condi\u00e7\u00f5es t\u00e9rmicas adversas.<br \/>\nTamb\u00e9m equilibra automaticamente as c\u00e9lulas da bateria e optimiza a sua dura\u00e7\u00e3o.<\/p>\n<p>Disp\u00f5e ainda de protocolos de comunica\u00e7\u00e3o CAN e RS485, compat\u00edveis com a maioria dos inversores e controladores do mercado.<\/p>\n<p>Por conseguinte, este BMS integrado melhora a seguran\u00e7a operacional do m\u00f3dulo de bateria e a efici\u00eancia global do sistema. Al\u00e9m disso, garante um funcionamento seguro mesmo em condi\u00e7\u00f5es exigentes.<\/p>\n<h3>Vida \u00fatil excecional<\/h3>\n<p>O HV48100 BMU \u00e9 um m\u00f3dulo de bateria concebido para suportar mais de 6.000 ciclos de carga\/descarga (em utiliza\u00e7\u00e3o normal) e tem uma efici\u00eancia de 95%.<br \/>\nAl\u00e9m disso, mant\u00e9m uma elevada capacidade \u00fatil mesmo ap\u00f3s longos per\u00edodos de funcionamento constante.<\/p>\n<p>Esta carater\u00edstica torna-a perfeita para instala\u00e7\u00f5es em casas com utiliza\u00e7\u00e3o di\u00e1ria. \u00c9 tamb\u00e9m ideal para instala\u00e7\u00f5es comerciais ou industriais onde a bateria trabalha com cargas constantes e exig\u00eancias vari\u00e1veis.<\/p>\n<h3>Escalabilidade<\/h3>\n<p>A conce\u00e7\u00e3o da BMU permite a configura\u00e7\u00e3o de sistemas modulares e a liga\u00e7\u00e3o de v\u00e1rios m\u00f3dulos em s\u00e9rie para aumentar a capacidade total do sistema.<\/p>\n<p>Cada m\u00f3dulo de bateria tem uma capacidade de 5,12 kWh, pelo que pode come\u00e7ar por instalar um \u00fanico m\u00f3dulo de bateria. De seguida, \u00e9 poss\u00edvel expandir o sistema at\u00e9 um m\u00e1ximo de 8 m\u00f3dulos em s\u00e9rie. Isto permite configurar sistemas at\u00e9 40,96 kWh.<\/p>\n<p>Esta carater\u00edstica torna a bateria Pytes HV48100 ideal tanto para pequenas instala\u00e7\u00f5es residenciais como para projectos comerciais de maior escala.<\/p>\n<h3>Design compacto<\/h3>\n<p>Esta BMU foi concebida para ser instalada na sua pr\u00f3pria caixa, a <a href=\"https:\/\/fvcomponentes.com\/pt\/produto\/pytes-19-armario-rack-para-hv48100-bateria-bateria-bateria-bmu\/\" target=\"_blank\" rel=\"noopener\">Arm\u00e1rio de rack de 19\u2033 Pytes<\/a>. Este arm\u00e1rio tem um formato de bastidor de 19 polegadas, o que facilita a sua integra\u00e7\u00e3o de forma organizada.<\/p>\n<p>Al\u00e9m disso, a sua conce\u00e7\u00e3o compacta optimiza o espa\u00e7o dispon\u00edvel e simplifica a manuten\u00e7\u00e3o.<\/p>\n<h2>Principais vantagens do m\u00f3dulo de bateria Pytes BMU (Bateria) 5,12kW HV48100 Bateria de alta tens\u00e3o<\/h2>\n<p>As principais vantagens desta BMU s\u00e3o as seguintes<\/p>\n<ul>\n<li>Capacidade nominal por m\u00f3dulo de bateria de 5,12 kWh.<\/li>\n<li>Escalabilidade at\u00e9 8 m\u00f3dulos ligados em s\u00e9rie, aumentando a capacidade para 40,96 kWh.<\/li>\n<li>Tecnologia de alta tens\u00e3o.<\/li>\n<li>Sistema BMS integrado.<\/li>\n<li>Seguran\u00e7a m\u00e1xima.<\/li>\n<li>Conce\u00e7\u00e3o modular.<\/li>\n<li>Elevada efici\u00eancia e estabilidade operacional.<\/li>\n<li>A prote\u00e7\u00e3o avan\u00e7a a partir das c\u00e9lulas.<\/li>\n<li>Longa vida \u00fatil.<\/li>\n<\/ul>\n<h2>Compatibilidade do M\u00f3dulo BMU (Bateria) HV48100<\/h2>\n<p>A bateria HV48100 foi concebida para comunicar com os inversores atrav\u00e9s dos protocolos CAN e RS485 e \u00e9 compat\u00edvel com uma vasta gama de inversores h\u00edbridos e de alta tens\u00e3o quando corretamente configurada.<\/p>\n<p>Esta BMU \u00e9 compat\u00edvel com marcas como Victron, Sol-Ark, Solis, Sinexcel, Deye, Megarevo, Ingteam e Afore.<\/p>\n<h2>Informa\u00e7\u00f5es t\u00e9cnicas para M\u00f3dulo de bateria Pytes BMU (Bateria) 5,12kW HV48100 Bateria de alta tens\u00e3o<\/h2>\n<p><a href=\"https:\/\/fvcomponentes.com\/wp-content\/uploads\/2026\/02\/Ficha-tecnica-de-la-HV48100.pdf\" target=\"_blank\" rel=\"noopener\">Folha de dados do m\u00f3dulo BMU (bateria) HV48100<\/a><\/p>\n<p><a href=\"https:\/\/fvcomponentes.com\/wp-content\/uploads\/2026\/02\/Manual-de-la-HV48100.pdf\" target=\"_blank\" rel=\"noopener\">Manual do m\u00f3dulo BMU (Bateria) HV48100<\/a><\/p>","protected":false},"excerpt":{"rendered":"<p><strong><span style=\"color: #ff0000\">\u00c9 essencial utilizar o <a href=\"https:\/\/fvcomponentes.com\/pt\/produto\/modulo-de-bateria-bcu-pytes-hv-48100-unidade-de-controlo-da-bateria-bcu\/\" target=\"_blank\" rel=\"noopener\">BCU Pytes HV48100<\/a> para o seu funcionamento.<\/span><\/strong><\/p>\n<ul>\n<li>Tipo de c\u00e9lula: c\u00e9lula LiFePO\u2084<\/li>\n<li>Energia nominal: 5,12 kWh<\/li>\n<li>Tens\u00e3o nominal: 51,2 V<\/li>\n<li>Capacidade nominal: 100 Ah<\/li>\n<li>Corrente cont\u00ednua de carga\/descarga: 50 Adc<\/li>\n<li>Gama de tens\u00f5es: 45,5 - 58 V<\/li>\n<li>Profundidade de descarga: 80%<\/li>\n<li>Efici\u00eancia: 95%<\/li>\n<li>Comunica\u00e7\u00e3o: CAN, RS485<\/li>\n<li>Ciclo de vida: \u22656000 ciclos<\/li>\n<li>Temperatura de funcionamento -20 \u00b0C ~ +60 \u00b0C<\/li>\n<li>Temperatura de armazenamento -30 \u00b0C ~ +60 \u00b0C<\/li>\n<\/ul>","protected":false},"featured_media":36895,"comment_status":"closed","ping_status":"closed","template":"","meta":{"site-sidebar-layout":"default","site-content-layout":"","ast-site-content-layout":"default","site-content-style":"default","site-sidebar-style":"default","ast-global-header-display":"","ast-banner-title-visibility":"","ast-main-header-display":"","ast-hfb-above-header-display":"","ast-hfb-below-header-display":"","ast-hfb-mobile-header-display":"","site-post-title":"","ast-breadcrumbs-content":"","ast-featured-img":"","footer-sml-layout":"","ast-disable-related-posts":"","theme-transparent-header-meta":"default","adv-header-id-meta":"","stick-header-meta":"","header-above-stick-meta":"","header-main-stick-meta":"","header-below-stick-meta":"","astra-migrate-meta-layouts":"set","ast-page-background-enabled":"default","ast-page-background-meta":{"desktop":{"background-color":"var(--ast-global-color-4)","background-image":"","background-repeat":"repeat","background-position":"center center","background-size":"auto","background-attachment":"scroll","background-type":"","background-media":"","overlay-type":"","overlay-color":"","overlay-opacity":"","overlay-gradient":""},"tablet":{"background-color":"","background-image":"","background-repeat":"repeat","background-position":"center center","background-size":"auto","background-attachment":"scroll","background-type":"","background-media":"","overlay-type":"","overlay-color":"","overlay-opacity":"","overlay-gradient":""},"mobile":{"background-color":"","background-image":"","background-repeat":"repeat","background-position":"center center","background-size":"auto","background-attachment":"scroll","background-type":"","background-media":"","overlay-type":"","overlay-color":"","overlay-opacity":"","overlay-gradient":""}},"ast-content-background-meta":{"desktop":{"background-color":"var(--ast-global-color-5)","background-image":"","background-repeat":"repeat","background-position":"center center","background-size":"auto","background-attachment":"scroll","background-type":"","background-media":"","overlay-type":"","overlay-color":"","overlay-opacity":"","overlay-gradient":""},"tablet":{"background-color":"var(--ast-global-color-5)","background-image":"","background-repeat":"repeat","background-position":"center center","background-size":"auto","background-attachment":"scroll","background-type":"","background-media":"","overlay-type":"","overlay-color":"","overlay-opacity":"","overlay-gradient":""},"mobile":{"background-color":"var(--ast-global-color-5)","background-image":"","background-repeat":"repeat","background-position":"center center","background-size":"auto","background-attachment":"scroll","background-type":"","background-media":"","overlay-type":"","overlay-color":"","overlay-opacity":"","overlay-gradient":""}}},"pwb-brand":[1007],"product_brand":[],"product_cat":[340,379],"product_tag":[],"class_list":{"0":"post-36703","1":"product","2":"type-product","3":"status-publish","4":"has-post-thumbnail","6":"pwb-brand-baterias-pytes","7":"product_cat-baterias","8":"product_cat-baterias-de-litio-de-alto-voltaje","9":"product_shipping_class-baterias","10":"desktop-align-left","11":"tablet-align-left","12":"mobile-align-left","13":"ast-product-gallery-layout-horizontal-slider","14":"ast-product-tabs-layout-horizontal","16":"first","17":"instock","18":"taxable","19":"shipping-taxable","20":"purchasable","21":"product-type-simple"},"wcpa_form_fields":null,"brands":[{"id":1007,"name":"Pilhas Pytes","slug":"pilhas-pytes"}],"_links":{"self":[{"href":"https:\/\/fvcomponentes.com\/pt\/wp-json\/wp\/v2\/product\/36703","targetHints":{"allow":["GET"]}}],"collection":[{"href":"https:\/\/fvcomponentes.com\/pt\/wp-json\/wp\/v2\/product"}],"about":[{"href":"https:\/\/fvcomponentes.com\/pt\/wp-json\/wp\/v2\/types\/product"}],"replies":[{"embeddable":true,"href":"https:\/\/fvcomponentes.com\/pt\/wp-json\/wp\/v2\/comments?post=36703"}],"wp:featuredmedia":[{"embeddable":true,"href":"https:\/\/fvcomponentes.com\/pt\/wp-json\/wp\/v2\/media\/36895"}],"wp:attachment":[{"href":"https:\/\/fvcomponentes.com\/pt\/wp-json\/wp\/v2\/media?parent=36703"}],"wp:term":[{"taxonomy":"pwb-brand","embeddable":true,"href":"https:\/\/fvcomponentes.com\/pt\/wp-json\/wp\/v2\/pwb-brand?post=36703"},{"taxonomy":"product_brand","embeddable":true,"href":"https:\/\/fvcomponentes.com\/pt\/wp-json\/wp\/v2\/product_brand?post=36703"},{"taxonomy":"product_cat","embeddable":true,"href":"https:\/\/fvcomponentes.com\/pt\/wp-json\/wp\/v2\/product_cat?post=36703"},{"taxonomy":"product_tag","embeddable":true,"href":"https:\/\/fvcomponentes.com\/pt\/wp-json\/wp\/v2\/product_tag?post=36703"}],"curies":[{"name":"wp","href":"https:\/\/api.w.org\/{rel}","templated":true}]}}