{"id":36702,"date":"2026-02-11T12:07:43","date_gmt":"2026-02-11T11:07:43","guid":{"rendered":"https:\/\/fvcomponentes.com\/?post_type=product&#038;p=36702"},"modified":"2026-02-18T12:40:42","modified_gmt":"2026-02-18T11:40:42","slug":"modulo-de-bateria-bcu-pytes-hv-48100-unidade-de-controlo-da-bateria-bcu","status":"publish","type":"product","link":"https:\/\/fvcomponentes.com\/pt\/producto\/modulo-bcu-bateria-pytes-hv-48100-bcu-battery-control-unit\/","title":{"rendered":"M\u00f3dulo BCU da bateria Pytes HV48100 BCU (Unidade de controlo da bateria)"},"content":{"rendered":"<h2>M\u00f3dulo BCU da bateria Pytes HV48100 BCU (Unidade de controlo da bateria)<\/h2>\n<p>O M\u00f3dulo BCU HV48100 \u00e9 a unidade de controlo central do sistema de armazenamento de alta tens\u00e3o HV48100, concebido para gerir, coordenar e monitorizar o funcionamento do sistema de armazenamento de alta tens\u00e3o HV48100. <a href=\"https:\/\/fvcomponentes.com\/pt\/produto\/modulo-bmu-512kw-pytes-hv48100-bateria-de-alta-tensao-pytes-hv48100-bateria\/\" target=\"_blank\" rel=\"noopener\">m\u00f3dulos de bateria (BMU)<\/a> em instala\u00e7\u00f5es fotovoltaicas, sistemas h\u00edbridos e aplica\u00e7\u00f5es de energia de reserva, tanto residenciais como comerciais e industriais.<\/p>\n<p>Este componente \u00e9 essencial para o funcionamento correto do sistema de baterias, uma vez que coordena a comunica\u00e7\u00e3o, a seguran\u00e7a e o desempenho de todos os m\u00f3dulos de baterias ligados.<\/p>\n<p>A BCU actua como o c\u00e9rebro do sistema, assegurando um funcionamento est\u00e1vel, seguro e eficiente atrav\u00e9s da recolha de informa\u00e7\u00f5es, implementando a l\u00f3gica de seguran\u00e7a do sistema, organizando o funcionamento dos m\u00f3dulos BMU e comunicando com o inversor para uma carga\/descarga est\u00e1vel, eficiente e segura.<\/p>\n<h2>Principais carater\u00edsticas do m\u00f3dulo BCU HV48100<\/h2>\n<h3>Controlo, coordena\u00e7\u00e3o e seguran\u00e7a<\/h3>\n<p>Num sistema modular de alta tens\u00e3o, como o HV48100, \u00e9 essencial ter uma unidade de controlo que sincronize o comportamento de todos os m\u00f3dulos de bateria e garanta que o sistema funciona dentro de par\u00e2metros seguros.<\/p>\n<p>O BCU HV48100 ocupa-se de fun\u00e7\u00f5es muito importantes, tais como:<\/p>\n<ul>\n<li>Supervisionar e monitorizar o estado geral do sistema para que este funcione de forma eficiente e correta.<\/li>\n<li><span style=\"font-size: 16px\">Gerir o funcionamento do carregamento e descarregamento das baterias, coordenando a comunica\u00e7\u00e3o de todas as BMUs para que a energia seja fornecida de forma est\u00e1vel e protegida.<\/span><\/li>\n<li>Ativar as protec\u00e7\u00f5es do sistema<\/li>\n<li>Transmitir informa\u00e7\u00f5es ao inversor ou ao sistema de monitoriza\u00e7\u00e3o<\/li>\n<\/ul>\n<p>Gra\u00e7as a esta gest\u00e3o centralizada, o sistema funciona de forma sincronizada e equilibrada, optimizando o desempenho global do armazenamento de energia.<\/p>\n<h3>Monitoriza\u00e7\u00e3o e seguran\u00e7a avan\u00e7ada<\/h3>\n<p>Esta BCU monitoriza continuamente a tens\u00e3o total, a corrente de carga e descarga, a temperatura, o estado de funcionamento e os alarmes e eventos, tanto para o sistema como para cada m\u00f3dulo de bateria.<\/p>\n<p>Se forem detectadas condi\u00e7\u00f5es indesejadas, como sobrecarga\/sobrecarga ou situa\u00e7\u00f5es anormais de funcionamento, a BCU ativa os mecanismos de prote\u00e7\u00e3o para evitar danos nas baterias ou na instala\u00e7\u00e3o. Isto garante a seguran\u00e7a do sistema e do equipamento ligado.<\/p>\n<h3>Funcionamento eficiente<\/h3>\n<p>A BCU tem uma gama de tens\u00e3o de controlo de 200 V a 870 V e um autoconsumo contido (autoconsumo) de 7,56 W, o que contribui para a efici\u00eancia global do armazenamento de energia. Isto \u00e9 especialmente importante em instala\u00e7\u00f5es onde o sistema est\u00e1 ativo durante muitas horas.<\/p>\n<h3>Gest\u00e3o eficaz e fi\u00e1vel<\/h3>\n<p>Em sistemas de armazenamento de alta tens\u00e3o, como o HV48100, a coordena\u00e7\u00e3o entre os m\u00f3dulos de bateria \u00e9 cr\u00edtica.<\/p>\n<p>A BCU Pytes HV48100 garante uma gest\u00e3o precisa, segura e optimizada do sistema e ajuda a prolongar a vida \u00fatil dos m\u00f3dulos BMU (bateria) HV48100. Tamb\u00e9m melhora a estabilidade energ\u00e9tica.<\/p>\n<p>Consequentemente, esta unidade torna-se um componente indispens\u00e1vel em qualquer instala\u00e7\u00e3o baseada em baterias Pytes HV48100.<\/p>\n<h3>Design modular e integra\u00e7\u00e3o de arm\u00e1rios<\/h3>\n<p>A BCU HV48100 est\u00e1 preparada para ser instalada no <a href=\"https:\/\/fvcomponentes.com\/pt\/produto\/pytes-19-armario-rack-para-hv48100-bateria-bateria-bateria-bmu\/\" target=\"_blank\" rel=\"noopener\">Arm\u00e1rio de rack de 19\u2033 Pytes<\/a>, Isto facilita a integra\u00e7\u00e3o com os m\u00f3dulos BMU (baterias) HV48100.<br \/>\nO seu design compacto e profissional permite uma instala\u00e7\u00e3o organizada, segura e de f\u00e1cil manuten\u00e7\u00e3o.<\/p>\n<p>Al\u00e9m disso, a disposi\u00e7\u00e3o frontal permite um acesso f\u00e1cil aos indicadores e \u00e0s liga\u00e7\u00f5es de comunica\u00e7\u00e3o.<\/p>\n<p>Com dimens\u00f5es de 484 \u00d7 510 \u00d7 140 mm e um peso de 13,3 kg, reflecte uma unidade s\u00f3lida pronta para montagem estruturada.<\/p>\n<h2>Principais vantagens do m\u00f3dulo BCU da bateria Pytes HV48100 BCU (Unidade de controlo da bateria)<\/h2>\n<p>As principais vantagens desta BCU s\u00e3o as seguintes<\/p>\n<ul>\n<li>Unidade de controlo central para sistemas HV48100<\/li>\n<li>Gest\u00e3o inteligente e sincronizada dos m\u00f3dulos BMU (baterias) HV48100<\/li>\n<li>Prote\u00e7\u00e3o avan\u00e7ada do sistema<\/li>\n<li>Monitoriza\u00e7\u00e3o cont\u00ednua dos par\u00e2metros el\u00e9ctricos<\/li>\n<li>Instala\u00e7\u00e3o no seu pr\u00f3prio arm\u00e1rio, o arm\u00e1rio de rack Pytes 19\u2033 para HV48100<\/li>\n<\/ul>\n<h2>Informa\u00e7\u00f5es t\u00e9cnicas sobre o m\u00f3dulo BCU da bateria Pytes HV48100 BCU (Unidade de controlo da bateria)<\/h2>\n<p><a href=\"https:\/\/fvcomponentes.com\/wp-content\/uploads\/2026\/02\/Ficha-tecnica-de-la-HV48100.pdf\" target=\"_blank\" rel=\"noopener\">Folha de dados do m\u00f3dulo BCU HV48100<\/a><\/p>\n<p><a href=\"https:\/\/fvcomponentes.com\/wp-content\/uploads\/2026\/02\/Manual-de-la-HV48100.pdf\" target=\"_blank\" rel=\"noopener\">Manual do m\u00f3dulo BCU HV48100<\/a><\/p>","protected":false},"excerpt":{"rendered":"<p><span style=\"color: #ff0000\"><strong>Essencial para o funcionamento do <a href=\"https:\/\/fvcomponentes.com\/pt\/produto\/modulo-bmu-512kw-pytes-hv48100-bateria-de-alta-tensao-pytes-hv48100-bateria\/\" target=\"_blank\" rel=\"noopener\">M\u00f3dulos BMU (Bateria) HV48100<\/a><\/strong><\/span><\/p>\n<ul>\n<li>Tens\u00e3o de funcionamento do controlador: 200 V ~ 870 V<\/li>\n<li>Auto-consumo de energia: 7,56 W<\/li>\n<li>Comunica\u00e7\u00e3o: CAN, RS485, contacto seco, WiFi<\/li>\n<\/ul>","protected":false},"featured_media":36918,"comment_status":"closed","ping_status":"closed","template":"","meta":{"site-sidebar-layout":"default","site-content-layout":"","ast-site-content-layout":"default","site-content-style":"default","site-sidebar-style":"default","ast-global-header-display":"","ast-banner-title-visibility":"","ast-main-header-display":"","ast-hfb-above-header-display":"","ast-hfb-below-header-display":"","ast-hfb-mobile-header-display":"","site-post-title":"","ast-breadcrumbs-content":"","ast-featured-img":"","footer-sml-layout":"","ast-disable-related-posts":"","theme-transparent-header-meta":"default","adv-header-id-meta":"","stick-header-meta":"","header-above-stick-meta":"","header-main-stick-meta":"","header-below-stick-meta":"","astra-migrate-meta-layouts":"set","ast-page-background-enabled":"default","ast-page-background-meta":{"desktop":{"background-color":"var(--ast-global-color-4)","background-image":"","background-repeat":"repeat","background-position":"center center","background-size":"auto","background-attachment":"scroll","background-type":"","background-media":"","overlay-type":"","overlay-color":"","overlay-opacity":"","overlay-gradient":""},"tablet":{"background-color":"","background-image":"","background-repeat":"repeat","background-position":"center center","background-size":"auto","background-attachment":"scroll","background-type":"","background-media":"","overlay-type":"","overlay-color":"","overlay-opacity":"","overlay-gradient":""},"mobile":{"background-color":"","background-image":"","background-repeat":"repeat","background-position":"center center","background-size":"auto","background-attachment":"scroll","background-type":"","background-media":"","overlay-type":"","overlay-color":"","overlay-opacity":"","overlay-gradient":""}},"ast-content-background-meta":{"desktop":{"background-color":"var(--ast-global-color-5)","background-image":"","background-repeat":"repeat","background-position":"center center","background-size":"auto","background-attachment":"scroll","background-type":"","background-media":"","overlay-type":"","overlay-color":"","overlay-opacity":"","overlay-gradient":""},"tablet":{"background-color":"var(--ast-global-color-5)","background-image":"","background-repeat":"repeat","background-position":"center center","background-size":"auto","background-attachment":"scroll","background-type":"","background-media":"","overlay-type":"","overlay-color":"","overlay-opacity":"","overlay-gradient":""},"mobile":{"background-color":"var(--ast-global-color-5)","background-image":"","background-repeat":"repeat","background-position":"center center","background-size":"auto","background-attachment":"scroll","background-type":"","background-media":"","overlay-type":"","overlay-color":"","overlay-opacity":"","overlay-gradient":""}}},"pwb-brand":[1007],"product_brand":[],"product_cat":[340,379],"product_tag":[],"class_list":{"0":"post-36702","1":"product","2":"type-product","3":"status-publish","4":"has-post-thumbnail","6":"pwb-brand-baterias-pytes","7":"product_cat-baterias","8":"product_cat-baterias-de-litio-de-alto-voltaje","9":"desktop-align-left","10":"tablet-align-left","11":"mobile-align-left","12":"ast-product-gallery-layout-horizontal-slider","13":"ast-product-tabs-layout-horizontal","15":"first","16":"instock","17":"taxable","18":"shipping-taxable","19":"purchasable","20":"product-type-simple"},"wcpa_form_fields":null,"brands":[{"id":1007,"name":"Pilhas Pytes","slug":"pilhas-pytes"}],"_links":{"self":[{"href":"https:\/\/fvcomponentes.com\/pt\/wp-json\/wp\/v2\/product\/36702","targetHints":{"allow":["GET"]}}],"collection":[{"href":"https:\/\/fvcomponentes.com\/pt\/wp-json\/wp\/v2\/product"}],"about":[{"href":"https:\/\/fvcomponentes.com\/pt\/wp-json\/wp\/v2\/types\/product"}],"replies":[{"embeddable":true,"href":"https:\/\/fvcomponentes.com\/pt\/wp-json\/wp\/v2\/comments?post=36702"}],"wp:featuredmedia":[{"embeddable":true,"href":"https:\/\/fvcomponentes.com\/pt\/wp-json\/wp\/v2\/media\/36918"}],"wp:attachment":[{"href":"https:\/\/fvcomponentes.com\/pt\/wp-json\/wp\/v2\/media?parent=36702"}],"wp:term":[{"taxonomy":"pwb-brand","embeddable":true,"href":"https:\/\/fvcomponentes.com\/pt\/wp-json\/wp\/v2\/pwb-brand?post=36702"},{"taxonomy":"product_brand","embeddable":true,"href":"https:\/\/fvcomponentes.com\/pt\/wp-json\/wp\/v2\/product_brand?post=36702"},{"taxonomy":"product_cat","embeddable":true,"href":"https:\/\/fvcomponentes.com\/pt\/wp-json\/wp\/v2\/product_cat?post=36702"},{"taxonomy":"product_tag","embeddable":true,"href":"https:\/\/fvcomponentes.com\/pt\/wp-json\/wp\/v2\/product_tag?post=36702"}],"curies":[{"name":"wp","href":"https:\/\/api.w.org\/{rel}","templated":true}]}}