{"id":36699,"date":"2026-02-11T12:05:20","date_gmt":"2026-02-11T11:05:20","guid":{"rendered":"https:\/\/fvcomponentes.com\/?post_type=product&#038;p=36699"},"modified":"2026-02-18T12:28:52","modified_gmt":"2026-02-18T11:28:52","slug":"pytes-19-armario-rack-para-hv48100-bateria-bateria-bateria-bmu","status":"publish","type":"product","link":"https:\/\/fvcomponentes.com\/pt\/producto\/armario-pytes-19-rack-cabinet-for-hv48100-battery-pack-battery-bmu\/","title":{"rendered":"Arm\u00e1rio de rack de 19\u2033 Pytes Arm\u00e1rio para bateria HV48100 \/ bateria BMU"},"content":{"rendered":"<h2>Arm\u00e1rio de rack de 19\u2033 Pytes Arm\u00e1rio para bateria HV48100 \/ bateria BMU<\/h2>\n<p>O arm\u00e1rio de rack Pytes de 19\u2033 foi concebido para alojar, organizar e proteger de forma segura o seu <a href=\"https:\/\/fvcomponentes.com\/pt\/produto\/modulo-bmu-512kw-pytes-hv48100-bateria-de-alta-tensao-pytes-hv48100-bateria\/\" target=\"_blank\" rel=\"noopener\">M\u00f3dulos de bateria HV48100<\/a> de Pytes e seus <a href=\"https:\/\/fvcomponentes.com\/pt\/produto\/modulo-de-bateria-bcu-pytes-hv-48100-unidade-de-controlo-da-bateria-bcu\/\" target=\"_blank\" rel=\"noopener\">Unidade de controlo (BCU)<\/a>.<br \/>\nAl\u00e9m disso, tem uma constru\u00e7\u00e3o robusta e um \u00edndice de prote\u00e7\u00e3o IP20.<\/p>\n<p>Gra\u00e7as ao seu formato padr\u00e3o de 19 polegadas, permite que as baterias sejam integradas num bastidor profissional.<br \/>\nPor conseguinte, facilita a instala\u00e7\u00e3o, a manuten\u00e7\u00e3o e a expans\u00e3o do sistema quando \u00e9 necess\u00e1rio aumentar a capacidade.<\/p>\n<p>Este bastidor possui prote\u00e7\u00e3o de seguran\u00e7a a v\u00e1rios n\u00edveis, desempenho fi\u00e1vel e configura\u00e7\u00e3o flex\u00edvel.<br \/>\nTamb\u00e9m oferece um desempenho est\u00e1vel numa vasta gama de temperaturas de -20 \u00b0C a 60 \u00b0C.<\/p>\n<h2>Principais carater\u00edsticas do arm\u00e1rio de rack Pytes de 19<\/h2>\n<h3>Conce\u00e7\u00e3o e constru\u00e7\u00e3o robustas<\/h3>\n<p>A caixa Pytes de 19\u2033 \u00e9 fabricada em a\u00e7o de alta resist\u00eancia e estrutura refor\u00e7ada, garantindo resist\u00eancia e estabilidade para proteger o sistema HV48100 contra impactos acidentais, vibra\u00e7\u00f5es e condi\u00e7\u00f5es ambientais moderadas.<\/p>\n<p>O seu acabamento standard de 19 polegadas (482,6 mm) permite que at\u00e9 8 m\u00f3dulos de bateria HV48100 sejam empilhados verticalmente de forma ordenada.<\/p>\n<p>O design inclui pain\u00e9is laterais e frontais amov\u00edveis, o que simplifica a instala\u00e7\u00e3o e a manuten\u00e7\u00e3o dos m\u00f3dulos de bateria.<br \/>\nDisp\u00f5e igualmente de um acesso organizado aos cabos e \u00e0s liga\u00e7\u00f5es.<\/p>\n<p>Este tipo de estrutura evita a improvisa\u00e7\u00e3o durante a montagem e garante um ambiente mais seguro e esteticamente mais agrad\u00e1vel para os sistemas de baterias.<\/p>\n<h3>Seguran\u00e7a<\/h3>\n<p>A seguran\u00e7a \u00e9 um aspeto fundamental de um arm\u00e1rio de baterias de alta tens\u00e3o, pelo que a conce\u00e7\u00e3o do arm\u00e1rio de baterias HV48100 ajuda a proteger os m\u00f3dulos de baterias HV48100:<\/p>\n<ul>\n<li>A <strong>painel frontal com fecho de correr<\/strong> (opcional com chave) para impedir o acesso n\u00e3o autorizado.<\/li>\n<li><strong>Acesso controlado e organizado<\/strong>, que reduz o risco de contacto acidental ou de interfer\u00eancia entre os cabos e o equipamento.<\/li>\n<li><strong>Orif\u00edcios e ilh\u00f3s isolados<\/strong>, O isolamento dos condutores \u00e9 protegido e a possibilidade de danos mec\u00e2nicos \u00e9 reduzida.<\/li>\n<li><strong>Fixa\u00e7\u00f5es seguras para cada m\u00f3dulo<\/strong>, A liga\u00e7\u00e3o das liga\u00e7\u00f5es deve ser efectuada de modo a evitar deslocamentos ou tens\u00f5es.<\/li>\n<\/ul>\n<p>Estas carater\u00edsticas contribuem para manter condi\u00e7\u00f5es de seguran\u00e7a adequadas para prolongar a vida \u00fatil dos componentes internos.<\/p>\n<h3>Ventila\u00e7\u00e3o<\/h3>\n<p>O Arm\u00e1rio Rack Pytes 19\u2033 possui ventila\u00e7\u00e3o passiva lateral e superior, o que permite a dissipa\u00e7\u00e3o natural do calor gerado pelo equipamento.<\/p>\n<p>Al\u00e9m disso, tem a possibilidade de integrar ventila\u00e7\u00e3o ativa (como ventiladores ou sistemas de gest\u00e3o t\u00e9rmica), se a instala\u00e7\u00e3o assim o exigir.<\/p>\n<h3>Organiza\u00e7\u00e3o interna<\/h3>\n<p>Este arm\u00e1rio Pytes tem uma organiza\u00e7\u00e3o interna concebida para manter uma disposi\u00e7\u00e3o ordenada e profissional dos m\u00f3dulos de bateria HV48100. O seu interior inclui:<\/p>\n<ul>\n<li><strong>Trilhos de montagem padr\u00e3o EIA<\/strong>, para um posicionamento exato dos m\u00f3dulos de bateria.<\/li>\n<li><strong>Espa\u00e7o reservado para a cablagem arrumada<\/strong>, com pontos de ancoragem para fixa\u00e7\u00e3o de cabos e gest\u00e3o de cabos.<\/li>\n<li><strong>Tabuleiros ajust\u00e1veis<\/strong> que permitem adaptar a organiza\u00e7\u00e3o interna do arm\u00e1rio, em fun\u00e7\u00e3o do n\u00famero de m\u00f3dulos ou acess\u00f3rios a instalar.<\/li>\n<li><strong>Acesso frontal e traseiro<\/strong>, Isto facilita as liga\u00e7\u00f5es e a manuten\u00e7\u00e3o sem necessidade de desmontar todo o conjunto.<\/li>\n<\/ul>\n<p>Esta organiza\u00e7\u00e3o interna torna o arm\u00e1rio vers\u00e1til e adequado tanto para novas instala\u00e7\u00f5es como para extens\u00f5es de sistemas existentes.<\/p>\n<h3>Configura\u00e7\u00e3o modular<\/h3>\n<p>O arm\u00e1rio de rack Pytes de 19\u2033 permite uma configura\u00e7\u00e3o modular, pelo que o sistema pode ser expandido em qualquer altura.<\/p>\n<h2>Vantagens do arm\u00e1rio de rack Pytes 19\u2033 para a bateria HV48100\/ BMU de bateria<\/h2>\n<p>As vantagens deste arm\u00e1rio s\u00e3o as seguintes<\/p>\n<ul>\n<li>Design standard de 19 polegadas.<\/li>\n<li><span style=\"font-size: 16px\">Instala\u00e7\u00e3o organizada e profissional.<\/span><\/li>\n<li>Estrutura robusta e segura.<\/li>\n<li>Preparado para os m\u00f3dulos de bateria HV48100.<\/li>\n<li>Facilita futuras extens\u00f5es.<\/li>\n<li>Melhorar a seguran\u00e7a e a acessibilidade do sistema.<\/li>\n<li>Gest\u00e3o interna de cabos e suportes para cabos ajust\u00e1veis.<\/li>\n<li>Acessibilidade frontal e traseira para manuten\u00e7\u00e3o.<\/li>\n<li>Op\u00e7\u00f5es de ventila\u00e7\u00e3o passiva e ativa.<\/li>\n<\/ul>\n<h2>Aplica\u00e7\u00f5es e utiliza\u00e7\u00f5es do arm\u00e1rio de rack Pytes de 19\u2033<\/h2>\n<p>Este arm\u00e1rio \u00e9 ideal para ser utilizado em:<\/p>\n<ul>\n<li>Instala\u00e7\u00f5es residenciais de autoconsumo com armazenamento de alta tens\u00e3o.<\/li>\n<li>Instala\u00e7\u00f5es com energia de reserva.<\/li>\n<li>Sistemas h\u00edbridos ligados \u00e0 rede.<\/li>\n<li>Sistemas comerciais ou industriais que requerem um armazenamento fi\u00e1vel e ordenado.<\/li>\n<\/ul>\n<h2>Informa\u00e7\u00f5es t\u00e9cnicas para Arm\u00e1rio de rack Pytes 19\u2033 para bateria HV48100\/ bateria BMU<\/h2>\n<p><a href=\"https:\/\/fvcomponentes.com\/wp-content\/uploads\/2026\/02\/Armario-Pytes-19-Rack-Cabinet-for-HV48100-battery-pack-battery-BMU.pdf\" target=\"_blank\" rel=\"noopener\">Ficha t\u00e9cnica do arm\u00e1rio para rack Pytes de 19<\/a><\/p>\n<p><a href=\"https:\/\/fvcomponentes.com\/wp-content\/uploads\/2026\/02\/Manual-Armario-Pytes-19-Rack-Cabinet-for-HV48100-battery-pack-battery-BMU.pdf\" target=\"_blank\" rel=\"noopener\">Manual do arm\u00e1rio de rack de 19\u2033 Pytes<\/a><\/p>","protected":false},"excerpt":{"rendered":"<ul>\n<li>Compatibilidade: M\u00f3dulos <a href=\"https:\/\/fvcomponentes.com\/pt\/produto\/modulo-bmu-512kw-pytes-hv48100-bateria-de-alta-tensao-pytes-hv48100-bateria\/\" target=\"_blank\" rel=\"noopener\">BMU (baterias)<\/a> y <a href=\"https:\/\/fvcomponentes.com\/pt\/produto\/modulo-de-bateria-bcu-pytes-hv-48100-unidade-de-controlo-da-bateria-bcu\/\" target=\"_blank\" rel=\"noopener\">BCU<\/a> Pytes HV48100<\/li>\n<li>Escalabilidade: at\u00e9 8 m\u00f3dulos de bateria por arm\u00e1rio<\/li>\n<li>Temperatura de funcionamento: -20 \u00b0C - +60 \u00b0C<\/li>\n<li>Prote\u00e7\u00e3o: IP20<\/li>\n<li>Comunica\u00e7\u00e3o: CAN, RS485, contacto seco, WiFi<\/li>\n<\/ul>","protected":false},"featured_media":36860,"comment_status":"closed","ping_status":"closed","template":"","meta":{"site-sidebar-layout":"default","site-content-layout":"","ast-site-content-layout":"default","site-content-style":"default","site-sidebar-style":"default","ast-global-header-display":"","ast-banner-title-visibility":"","ast-main-header-display":"","ast-hfb-above-header-display":"","ast-hfb-below-header-display":"","ast-hfb-mobile-header-display":"","site-post-title":"","ast-breadcrumbs-content":"","ast-featured-img":"","footer-sml-layout":"","ast-disable-related-posts":"","theme-transparent-header-meta":"default","adv-header-id-meta":"","stick-header-meta":"","header-above-stick-meta":"","header-main-stick-meta":"","header-below-stick-meta":"","astra-migrate-meta-layouts":"set","ast-page-background-enabled":"default","ast-page-background-meta":{"desktop":{"background-color":"var(--ast-global-color-4)","background-image":"","background-repeat":"repeat","background-position":"center center","background-size":"auto","background-attachment":"scroll","background-type":"","background-media":"","overlay-type":"","overlay-color":"","overlay-opacity":"","overlay-gradient":""},"tablet":{"background-color":"","background-image":"","background-repeat":"repeat","background-position":"center center","background-size":"auto","background-attachment":"scroll","background-type":"","background-media":"","overlay-type":"","overlay-color":"","overlay-opacity":"","overlay-gradient":""},"mobile":{"background-color":"","background-image":"","background-repeat":"repeat","background-position":"center center","background-size":"auto","background-attachment":"scroll","background-type":"","background-media":"","overlay-type":"","overlay-color":"","overlay-opacity":"","overlay-gradient":""}},"ast-content-background-meta":{"desktop":{"background-color":"var(--ast-global-color-5)","background-image":"","background-repeat":"repeat","background-position":"center center","background-size":"auto","background-attachment":"scroll","background-type":"","background-media":"","overlay-type":"","overlay-color":"","overlay-opacity":"","overlay-gradient":""},"tablet":{"background-color":"var(--ast-global-color-5)","background-image":"","background-repeat":"repeat","background-position":"center center","background-size":"auto","background-attachment":"scroll","background-type":"","background-media":"","overlay-type":"","overlay-color":"","overlay-opacity":"","overlay-gradient":""},"mobile":{"background-color":"var(--ast-global-color-5)","background-image":"","background-repeat":"repeat","background-position":"center center","background-size":"auto","background-attachment":"scroll","background-type":"","background-media":"","overlay-type":"","overlay-color":"","overlay-opacity":"","overlay-gradient":""}}},"pwb-brand":[1007],"product_brand":[],"product_cat":[414,340],"product_tag":[],"class_list":{"0":"post-36699","1":"product","2":"type-product","3":"status-publish","4":"has-post-thumbnail","6":"pwb-brand-baterias-pytes","7":"product_cat-armarios-rack-para-baterias","8":"product_cat-baterias","9":"product_shipping_class-paquetes-voluminosos","10":"desktop-align-left","11":"tablet-align-left","12":"mobile-align-left","13":"ast-product-gallery-layout-horizontal-slider","14":"ast-product-tabs-layout-horizontal","16":"first","17":"instock","18":"taxable","19":"shipping-taxable","20":"purchasable","21":"product-type-simple"},"wcpa_form_fields":null,"brands":[{"id":1007,"name":"Pilhas Pytes","slug":"pilhas-pytes"}],"_links":{"self":[{"href":"https:\/\/fvcomponentes.com\/pt\/wp-json\/wp\/v2\/product\/36699","targetHints":{"allow":["GET"]}}],"collection":[{"href":"https:\/\/fvcomponentes.com\/pt\/wp-json\/wp\/v2\/product"}],"about":[{"href":"https:\/\/fvcomponentes.com\/pt\/wp-json\/wp\/v2\/types\/product"}],"replies":[{"embeddable":true,"href":"https:\/\/fvcomponentes.com\/pt\/wp-json\/wp\/v2\/comments?post=36699"}],"wp:featuredmedia":[{"embeddable":true,"href":"https:\/\/fvcomponentes.com\/pt\/wp-json\/wp\/v2\/media\/36860"}],"wp:attachment":[{"href":"https:\/\/fvcomponentes.com\/pt\/wp-json\/wp\/v2\/media?parent=36699"}],"wp:term":[{"taxonomy":"pwb-brand","embeddable":true,"href":"https:\/\/fvcomponentes.com\/pt\/wp-json\/wp\/v2\/pwb-brand?post=36699"},{"taxonomy":"product_brand","embeddable":true,"href":"https:\/\/fvcomponentes.com\/pt\/wp-json\/wp\/v2\/product_brand?post=36699"},{"taxonomy":"product_cat","embeddable":true,"href":"https:\/\/fvcomponentes.com\/pt\/wp-json\/wp\/v2\/product_cat?post=36699"},{"taxonomy":"product_tag","embeddable":true,"href":"https:\/\/fvcomponentes.com\/pt\/wp-json\/wp\/v2\/product_tag?post=36699"}],"curies":[{"name":"wp","href":"https:\/\/api.w.org\/{rel}","templated":true}]}}