{"id":36562,"date":"2026-02-05T15:13:53","date_gmt":"2026-02-05T14:13:53","guid":{"rendered":"https:\/\/fvcomponentes.com\/?post_type=product&#038;p=36562"},"modified":"2026-02-13T15:11:02","modified_gmt":"2026-02-13T14:11:02","slug":"magnetotermico-cc-alpha-500vdc-2p-63a-curva-c-6ka-epb63mdc2c63","status":"publish","type":"product","link":"https:\/\/fvcomponentes.com\/pt\/producto\/magnetotermico-cc-alpha-500vdc-2p-63a-curva-c-6ka-epb63mdc2c63\/","title":{"rendered":"Disjuntor CC Alpha+ 500VDC 2P, 63A, curva C 6kA - EPB63MDC2C63"},"content":{"rendered":"<h2>Disjuntor CC Alpha+ 500VDC 2P, 63A, curva C 6kA - EPB63MDC2C63<\/h2>\n<p>O Maxge Alpha+ 500 VDC 2P, 63A DC MCB \u00e9 um disjuntor de prote\u00e7\u00e3o especificamente concebido para circuitos de corrente cont\u00ednua (DC) de alta corrente.<\/p>\n<p>Com uma tens\u00e3o nominal de 500VDC, uma corrente nominal de 63A e uma configura\u00e7\u00e3o bipolar (2P), este disjuntor oferece uma prote\u00e7\u00e3o abrangente e fi\u00e1vel contra sobrecargas prolongadas e curtos-circuitos s\u00fabitos, proporcionando seguran\u00e7a, robustez e desempenho em sistemas el\u00e9ctricos modernos que funcionam com energia cont\u00ednua.<\/p>\n<p>Gra\u00e7as \u00e0 sua capacidade de corte de 6kA, o disjuntor \u00e9 capaz de interromper com seguran\u00e7a correntes de curto-circuito at\u00e9 6.000 amperes, protegendo tanto a instala\u00e7\u00e3o como o equipamento ligado.<br \/>\nPor conseguinte, \u00e9 a escolha ideal para aplica\u00e7\u00f5es em que \u00e9 necess\u00e1ria uma elevada condutividade e uma prote\u00e7\u00e3o fi\u00e1vel contra falhas el\u00e9ctricas.<\/p>\n<p>Este MCB pertence \u00e0 fam\u00edlia Alpha+ DC da Maxge, uma gama de produtos concebidos para responder \u00e0s necessidades espec\u00edficas da corrente cont\u00ednua, onde a aus\u00eancia de cruzamentos zero e a gest\u00e3o de arcos el\u00e9ctricos requerem tecnologias e concep\u00e7\u00f5es especializadas.<\/p>\n<h2>Principais carater\u00edsticas do Alpha+ DC MCB 500VDC 2P, 20A<\/h2>\n<h3>Prote\u00e7\u00e3o bipolar total<\/h3>\n<p>Ser um <strong>Disjuntor bipolar (2P)<\/strong>, O circuito CC pode ser desligado ao mesmo tempo dos dois condutores principais (positivo e negativo), aumentando a seguran\u00e7a operacional e facilitando a manuten\u00e7\u00e3o.<\/p>\n<p>Isto \u00e9 especialmente importante em instala\u00e7\u00f5es de corrente cont\u00ednua, uma vez que assegura o isolamento completo do sistema em caso de avaria e reduz os riscos el\u00e9ctricos.<\/p>\n<h3>Cargas de energia elevadas e exigentes<\/h3>\n<p>Com um <strong>corrente nominal 63 amperes<\/strong>, Este disjuntor foi concebido para proteger circuitos com cargas de elevada pot\u00eancia, alimentando grandes cadeias fotovoltaicas, sub-circuitos auxiliares de inversores, equipamento industrial e cargas exigentes.<\/p>\n<p>Desde que os cabos estejam corretamente dimensionados, este disjuntor garante um funcionamento seguro, est\u00e1vel e cont\u00ednuo do circuito.<\/p>\n<h3>Equil\u00edbrio entre prote\u00e7\u00e3o e estabilidade<\/h3>\n<p>O disjuntor Alpha+ 500VDC 2P, 63A DC incorpora um <strong>Curva de fogo C, <\/strong>que \u00e9 concebido para tolerar picos de corrente moderados sem provocar disparos intempestivos.<\/p>\n<p>A curva C proporciona um equil\u00edbrio \u00f3timo entre sensibilidade e toler\u00e2ncia, mantendo uma prote\u00e7\u00e3o eficaz contra sobreintensidades e sobrecargas perigosas sem afetar o funcionamento normal da instala\u00e7\u00e3o.<\/p>\n<p>Isto evita disparos inc\u00f3modos, mas n\u00e3o reduz a prote\u00e7\u00e3o contra curto-circuitos reais.<br \/>\nAl\u00e9m disso, a instala\u00e7\u00e3o \u00e9 mais est\u00e1vel.<\/p>\n<p>Por conseguinte, \u00e9 adequado para circuitos com picos de arranque moderados, tais como sistemas fotovoltaicos, bancos de baterias, equipamento eletr\u00f3nico, fontes de alimenta\u00e7\u00e3o e pequenos motores de corrente cont\u00ednua.<\/p>\n<h3>Alta resist\u00eancia<\/h3>\n<p>O seu <strong>Capacidade de corte de 6 kA<\/strong> significa que este disjuntor \u00e9 capaz de interromper com seguran\u00e7a correntes de curto-circuito at\u00e9 6.000 amperes sem danos ou perda das propriedades de prote\u00e7\u00e3o.<\/p>\n<p>Esta pot\u00eancia de corte proporciona um n\u00edvel adequado de seguran\u00e7a e fiabilidade nas aplica\u00e7\u00f5es mais exigentes.<\/p>\n<p>Por outras palavras, este disjuntor proporciona um n\u00edvel de prote\u00e7\u00e3o fi\u00e1vel para a utiliza\u00e7\u00e3o di\u00e1ria.<\/p>\n<h3>Seguran\u00e7a nas instala\u00e7\u00f5es de corrente cont\u00ednua (CC)<\/h3>\n<p>Em corrente cont\u00ednua, a interrup\u00e7\u00e3o do circuito \u00e9 mais exigente do que em corrente alternada devido \u00e0 aus\u00eancia de passagem por zero natural.<\/p>\n<p>Por esse motivo, este disjuntor foi projetado com <strong>sistemas internos de extin\u00e7\u00e3o de arco el\u00e9trico<\/strong> adaptada \u00e0 corrente cont\u00ednua, garantindo um corte seguro e duradouro.<\/p>\n<p>Consequentemente, este disjuntor oferece uma solu\u00e7\u00e3o robusta e fi\u00e1vel para proteger instala\u00e7\u00f5es el\u00e9ctricas de corrente cont\u00ednua com correntes at\u00e9 40A.<\/p>\n<h3>Instala\u00e7\u00e3o r\u00e1pida e design pr\u00e1tico<\/h3>\n<p>O disjuntor Alpha+ 500VDC 2P, 63A DC foi concebido para <strong>Montagem em calha DIN<\/strong>, \u00c9 r\u00e1pido e f\u00e1cil de instalar em qualquer quadro el\u00e9trico normal.<\/p>\n<p>O seu <strong>design compacto com 36 mm de largura<\/strong> (18 mm por poste), ajuda a otimizar o espa\u00e7o dispon\u00edvel na estrutura e apresenta <strong>janela para marcador de circuitos<\/strong> y <strong>uma sinaliza\u00e7\u00e3o visual do estado (ligado\/desligado)<\/strong>, O circuito que protege pode ser facilmente identificado.<\/p>\n<p>Al\u00e9m disso, disp\u00f5e de um <strong>terminais<\/strong> que est\u00e3o preparados para cabos adequados a esta corrente (<strong>25<\/strong> <strong>mm\u00b2 para cabo flex\u00edvel e 35mm\u00b2 para cabo r\u00edgido<\/strong>).<br \/>\nIsto garante liga\u00e7\u00f5es firmes, seguras e duradouras.<\/p>\n<h2>Alpha+ 500VDC 2P, 63A, curva C, 6kA - EPB63MDC2C63 Disjuntor CC - Funcionamento e Aplica\u00e7\u00f5es<\/h2>\n<p>Este disjuntor protege o circuito por meio de dois sistemas complementares:<\/p>\n<ul>\n<li><strong>Prote\u00e7\u00e3o t\u00e9rmica (sobrecarga):<\/strong> actua quando a corrente excede os valores seguros durante um per\u00edodo de tempo prolongado, evitando o aquecimento excessivo dos condutores e poss\u00edveis danos no equipamento ou risco de inc\u00eandio.<\/li>\n<li><strong>Prote\u00e7\u00e3o magn\u00e9tica (curto-circuito):<\/strong> responde quase instantaneamente a correntes muito elevadas, cortando a alimenta\u00e7\u00e3o e protegendo a instala\u00e7\u00e3o contra falhas graves.<\/li>\n<\/ul>\n<p>Desta forma, o disjuntor protege tanto contra aumentos progressivos de corrente como contra falhas s\u00fabitas, garantindo uma resposta r\u00e1pida e eficaz.<\/p>\n<h2>Principais vantagens do Alpha+ DC MCB 500VDC 2P, 63A<\/h2>\n<p>Este disjuntor apresenta as seguintes vantagens:<\/p>\n<ul>\n<li><strong>Funcionamento seguro em corrente cont\u00ednua:<\/strong><span style=\"font-size: 16px\"> garante uma extin\u00e7\u00e3o correta dos arcos el\u00e9ctricos persistentes em corrente cont\u00ednua.<\/span><\/li>\n<li><strong>Optimizado para corrente cont\u00ednua at\u00e9 500 V: <\/strong>garante a seguran\u00e7a em instala\u00e7\u00f5es com tens\u00f5es elevadas.<\/li>\n<li><strong>2 p\u00f3los para a desconex\u00e3o completa do circuito de corrente cont\u00ednua: <\/strong>aumenta a seguran\u00e7a da manuten\u00e7\u00e3o e do funcionamento.<\/li>\n<li><strong>Curva C equilibrada:<\/strong> resiste a picos de arranque comuns, sem disparos inc\u00f3modos.<\/li>\n<li><strong>Elevada capacidade de corte:<\/strong> o seu valor de 6 kA permite proteger circuitos com elevados requisitos de seguran\u00e7a.<\/li>\n<li><strong>Instala\u00e7\u00e3o r\u00e1pida e modular:<\/strong> \u00e9 facilmente montado numa calha DIN, permitindo extens\u00f5es organizadas.<\/li>\n<li><strong>Prote\u00e7\u00e3o integrada contra sobrecarga e curto-circuito<\/strong>Combina\u00e7\u00e3o de prote\u00e7\u00e3o t\u00e9rmica e magn\u00e9tica.<\/li>\n<li><strong>Reduz o desgaste por contacto e prolonga a vida \u00fatil:<\/strong> gra\u00e7as a solu\u00e7\u00f5es t\u00e9cnicas de controlo do arco e a geometrias adaptadas.<\/li>\n<\/ul>\n<h2>Informa\u00e7\u00f5es t\u00e9cnicas para Alpha+ 500VDC 2P, 63A, curva C, 6kA DC Circuit Breaker - EPB63MDC2C63<\/h2>\n<p><a href=\"https:\/\/fvcomponentes.com\/wp-content\/uploads\/2026\/02\/es_fichas-tecnicas_ficha_tecnica_epb63mdc-1.pdf\" target=\"_blank\" rel=\"noopener\">Folha de dados do disjuntor Alpha+ 500VDC 2P, 63A DC<\/a><\/p>","protected":false},"excerpt":{"rendered":"<ul>\n<li>Tens\u00e3o nominal: 500VDC<\/li>\n<li>Corrente nominal: 63A<\/li>\n<li>N\u00famero de p\u00f3los: 2P<\/li>\n<li>Curva de acionamento C<\/li>\n<li>Capacidade de corte: 6kA<\/li>\n<li>Montagem: calha DIN<\/li>\n<li>Aplica\u00e7\u00e3o: Prote\u00e7\u00e3o de circuitos de corrente cont\u00ednua<\/li>\n<li>Tens\u00e3o m\u00ednima de funcionamento: 12VDC<\/li>\n<li>Norma internacional EN\/IEC60947-2<\/li>\n<li>Sinaliza\u00e7\u00e3o do estado local<\/li>\n<li>Janela para marcador de circuito<\/li>\n<li>Liga\u00e7\u00e3o de terminais para cabos de cobre: 25 mm\u00b2 em cabo flex\u00edvel e 35 mm\u00b2 em cabo r\u00edgido<\/li>\n<li>Dimens\u00f5es: 36 mm (18 mm por p\u00f3lo)<\/li>\n<li>Permite a fixa\u00e7\u00e3o de acess\u00f3rios e dispositivos de controlo<\/li>\n<li>Adequado para seccionamento<\/li>\n<li>Temperatura de funcionamento: de -5\u00baC a + 40\u00baC.<\/li>\n<\/ul>","protected":false},"featured_media":36799,"comment_status":"closed","ping_status":"closed","template":"","meta":{"site-sidebar-layout":"default","site-content-layout":"","ast-site-content-layout":"default","site-content-style":"default","site-sidebar-style":"default","ast-global-header-display":"","ast-banner-title-visibility":"","ast-main-header-display":"","ast-hfb-above-header-display":"","ast-hfb-below-header-display":"","ast-hfb-mobile-header-display":"","site-post-title":"","ast-breadcrumbs-content":"","ast-featured-img":"","footer-sml-layout":"","ast-disable-related-posts":"","theme-transparent-header-meta":"default","adv-header-id-meta":"","stick-header-meta":"","header-above-stick-meta":"","header-main-stick-meta":"","header-below-stick-meta":"","astra-migrate-meta-layouts":"set","ast-page-background-enabled":"default","ast-page-background-meta":{"desktop":{"background-color":"var(--ast-global-color-4)","background-image":"","background-repeat":"repeat","background-position":"center center","background-size":"auto","background-attachment":"scroll","background-type":"","background-media":"","overlay-type":"","overlay-color":"","overlay-opacity":"","overlay-gradient":""},"tablet":{"background-color":"","background-image":"","background-repeat":"repeat","background-position":"center center","background-size":"auto","background-attachment":"scroll","background-type":"","background-media":"","overlay-type":"","overlay-color":"","overlay-opacity":"","overlay-gradient":""},"mobile":{"background-color":"","background-image":"","background-repeat":"repeat","background-position":"center center","background-size":"auto","background-attachment":"scroll","background-type":"","background-media":"","overlay-type":"","overlay-color":"","overlay-opacity":"","overlay-gradient":""}},"ast-content-background-meta":{"desktop":{"background-color":"var(--ast-global-color-5)","background-image":"","background-repeat":"repeat","background-position":"center center","background-size":"auto","background-attachment":"scroll","background-type":"","background-media":"","overlay-type":"","overlay-color":"","overlay-opacity":"","overlay-gradient":""},"tablet":{"background-color":"var(--ast-global-color-5)","background-image":"","background-repeat":"repeat","background-position":"center center","background-size":"auto","background-attachment":"scroll","background-type":"","background-media":"","overlay-type":"","overlay-color":"","overlay-opacity":"","overlay-gradient":""},"mobile":{"background-color":"var(--ast-global-color-5)","background-image":"","background-repeat":"repeat","background-position":"center center","background-size":"auto","background-attachment":"scroll","background-type":"","background-media":"","overlay-type":"","overlay-color":"","overlay-opacity":"","overlay-gradient":""}}},"pwb-brand":[1018],"product_brand":[],"product_cat":[990,410],"product_tag":[],"class_list":{"0":"post-36562","1":"product","2":"type-product","3":"status-publish","4":"has-post-thumbnail","6":"pwb-brand-maxge","7":"product_cat-magnetotermicos","8":"product_cat-material-electrico","9":"desktop-align-left","10":"tablet-align-left","11":"mobile-align-left","12":"ast-product-gallery-layout-horizontal-slider","13":"ast-product-gallery-with-no-image","14":"ast-product-tabs-layout-horizontal","16":"first","17":"instock","18":"taxable","19":"shipping-taxable","20":"purchasable","21":"product-type-simple"},"wcpa_form_fields":null,"brands":[{"id":1018,"name":"Protec\u00e7\u00f5es el\u00e9ctricas Maxge","slug":"maxge"}],"_links":{"self":[{"href":"https:\/\/fvcomponentes.com\/pt\/wp-json\/wp\/v2\/product\/36562","targetHints":{"allow":["GET"]}}],"collection":[{"href":"https:\/\/fvcomponentes.com\/pt\/wp-json\/wp\/v2\/product"}],"about":[{"href":"https:\/\/fvcomponentes.com\/pt\/wp-json\/wp\/v2\/types\/product"}],"replies":[{"embeddable":true,"href":"https:\/\/fvcomponentes.com\/pt\/wp-json\/wp\/v2\/comments?post=36562"}],"wp:featuredmedia":[{"embeddable":true,"href":"https:\/\/fvcomponentes.com\/pt\/wp-json\/wp\/v2\/media\/36799"}],"wp:attachment":[{"href":"https:\/\/fvcomponentes.com\/pt\/wp-json\/wp\/v2\/media?parent=36562"}],"wp:term":[{"taxonomy":"pwb-brand","embeddable":true,"href":"https:\/\/fvcomponentes.com\/pt\/wp-json\/wp\/v2\/pwb-brand?post=36562"},{"taxonomy":"product_brand","embeddable":true,"href":"https:\/\/fvcomponentes.com\/pt\/wp-json\/wp\/v2\/product_brand?post=36562"},{"taxonomy":"product_cat","embeddable":true,"href":"https:\/\/fvcomponentes.com\/pt\/wp-json\/wp\/v2\/product_cat?post=36562"},{"taxonomy":"product_tag","embeddable":true,"href":"https:\/\/fvcomponentes.com\/pt\/wp-json\/wp\/v2\/product_tag?post=36562"}],"curies":[{"name":"wp","href":"https:\/\/api.w.org\/{rel}","templated":true}]}}