{"id":36560,"date":"2026-02-05T15:10:54","date_gmt":"2026-02-05T14:10:54","guid":{"rendered":"https:\/\/fvcomponentes.com\/?post_type=product&#038;p=36560"},"modified":"2026-02-13T13:55:29","modified_gmt":"2026-02-13T12:55:29","slug":"magnetotermico-cc-alpha-500vdc-2p-25a-curvo-c-6ka-epb63mdc2c25","status":"publish","type":"product","link":"https:\/\/fvcomponentes.com\/pt\/producto\/magnetotermico-cc-alpha-500vdc-2p-25a-curva-c-6ka-epb63mdc2c25\/","title":{"rendered":"Disjuntor CC Alpha+ 500VDC 2P, 25A, curva C 6kA - EPB63MDC2C25"},"content":{"rendered":"<h2>Disjuntor CC Alpha+ 500VDC 2P, 25A, curva C 6kA - EPB63MDC2C25<\/h2>\n<p>O Maxge Alpha+ 500 VDC 2P, 25 A DC Circuit Breaker \u00e9 um disjuntor especificamente concebido para a prote\u00e7\u00e3o de circuitos de corrente cont\u00ednua (DC) em instala\u00e7\u00f5es de alta tens\u00e3o DC.<\/p>\n<p>Com uma tens\u00e3o nominal de 500VDC, uma corrente nominal de 25A e uma configura\u00e7\u00e3o bipolar (2P), este disjuntor oferece uma prote\u00e7\u00e3o eficaz contra sobrecargas e curto-circuitos, equilibrando sensibilidade e robustez para oferecer uma prote\u00e7\u00e3o fi\u00e1vel e segura adaptada \u00e0s exig\u00eancias das instala\u00e7\u00f5es el\u00e9ctricas de m\u00e9dia e alta exig\u00eancia.<\/p>\n<p>Al\u00e9m disso, tem uma capacidade de corte de 6kA, permitindo-lhe interromper com seguran\u00e7a correntes de falha at\u00e9 6.000 amperes.<br \/>\nGarante, assim, a integridade do quadro el\u00e9trico e a prote\u00e7\u00e3o dos equipamentos ligados, mesmo em condi\u00e7\u00f5es de curto-circuito graves.<\/p>\n<p>Este disjuntor pertence \u00e0 fam\u00edlia Alpha+ DC, uma gama desenvolvida com crit\u00e9rios t\u00e9cnicos orientados para as carater\u00edsticas particulares da corrente cont\u00ednua, onde a aus\u00eancia de cruzamentos de zero do sinal e a persist\u00eancia de arcos el\u00e9ctricos requerem uma conce\u00e7\u00e3o espec\u00edfica para garantir uma interrup\u00e7\u00e3o eficaz do defeito.<\/p>\n<h2>Principais carater\u00edsticas do Alpha+ DC MCB 500VDC 2P, 25A<\/h2>\n<h3>Prote\u00e7\u00e3o bipolar total<\/h3>\n<p>Ser um <strong>Disjuntor bipolar (2P)<\/strong>, O circuito CC pode ser desligado ao mesmo tempo dos dois condutores principais (positivo e negativo), aumentando a seguran\u00e7a operacional e facilitando a manuten\u00e7\u00e3o.<\/p>\n<p>Isto \u00e9 especialmente importante em instala\u00e7\u00f5es de corrente cont\u00ednua, uma vez que assegura o isolamento completo do sistema em caso de avaria e reduz os riscos el\u00e9ctricos.<\/p>\n<h3>Cargas mais exigentes<\/h3>\n<p>Com um <strong>Corrente nominal de 25 amperes<\/strong>, Este disjuntor foi concebido para linhas com consumos mais elevados do que os circuitos normais de 16 A ou 20 A.<\/p>\n<p>\u00c9 comummente encontrado a proteger circuitos com consumo de energia moderado-alto, fontes de alimenta\u00e7\u00e3o auxiliares ou cargas espec\u00edficas em sistemas mais complexos.<\/p>\n<p>Desde que a instala\u00e7\u00e3o esteja corretamente dimensionada (sec\u00e7\u00e3o transversal do cabo adequada e protec\u00e7\u00f5es adicionais).<span style=\"font-size: 16px\">, O disjuntor garante um funcionamento est\u00e1vel e seguro sem interrup\u00e7\u00f5es desnecess\u00e1rias.<\/span><\/p>\n<h3>Equil\u00edbrio entre prote\u00e7\u00e3o e estabilidade<\/h3>\n<p>O disjuntor DC Alpha+ 500VDC 2P, 25A DC incorpora um <strong>Curva de fogo C, <\/strong>que \u00e9 concebido para tolerar picos de corrente moderados sem provocar disparos intempestivos.<\/p>\n<p>A curva C proporciona um equil\u00edbrio \u00f3timo entre sensibilidade e toler\u00e2ncia, mantendo uma prote\u00e7\u00e3o eficaz contra sobreintensidades e sobrecargas perigosas sem afetar o funcionamento normal da instala\u00e7\u00e3o.<\/p>\n<p>Isto evita disparos inc\u00f3modos, mas n\u00e3o reduz a prote\u00e7\u00e3o contra curto-circuitos reais.<br \/>\nAl\u00e9m disso, a instala\u00e7\u00e3o \u00e9 mais est\u00e1vel<\/p>\n<p>Por conseguinte, \u00e9 adequado para circuitos com picos de arranque moderados, tais como sistemas fotovoltaicos, bancos de baterias, inversores, equipamento eletr\u00f3nico e sistemas de armazenamento de energia CC.<\/p>\n<h3>Elevada resist\u00eancia a curto-circuitos<\/h3>\n<p>O seu <strong>Capacidade de corte de 6 kA<\/strong> significa que pode interromper com seguran\u00e7a grandes curto-circuitos de at\u00e9 6.000 amperes sem danos ou perda de propriedades.<\/p>\n<p>\u00c9 um valor que assegura um n\u00edvel de prote\u00e7\u00e3o adequado e seguro na maioria das aplica\u00e7\u00f5es industriais ou comerciais de corrente cont\u00ednua (CC).<\/p>\n<p>Proporciona um bom n\u00edvel de seguran\u00e7a e prote\u00e7\u00e3o para a maioria das instala\u00e7\u00f5es comuns de baixa tens\u00e3o em corrente cont\u00ednua.<\/p>\n<h3>Seguran\u00e7a nas instala\u00e7\u00f5es de corrente cont\u00ednua (CC)<\/h3>\n<p>A interrup\u00e7\u00e3o da corrente cont\u00ednua \u00e9 mais exigente do que a da corrente alternada devido \u00e0 aus\u00eancia de passagem por zero.<\/p>\n<p>Por este motivo, este disjuntor foi concebido com<strong> sistemas de extin\u00e7\u00e3o de arco<\/strong> adequado para DC, garantindo um corte seguro e duradouro.<\/p>\n<p>Como resultado, o Alpha+ DC MCB oferece uma solu\u00e7\u00e3o robusta, fi\u00e1vel e pronta a utilizar para uma prote\u00e7\u00e3o eficaz dos sistemas el\u00e9ctricos de corrente cont\u00ednua.<\/p>\n<h3>Instala\u00e7\u00e3o f\u00e1cil e design compacto<\/h3>\n<p>O DC Alpha+ 2P, 25A foi concebido para <strong>Montagem em calha DIN<\/strong>, Isto facilita uma instala\u00e7\u00e3o r\u00e1pida e organizada em qualquer quadro el\u00e9trico e favorece a expans\u00e3o e a organiza\u00e7\u00e3o da distribui\u00e7\u00e3o.<\/p>\n<p>O seu <strong>terminais<\/strong> est\u00e3o preparados para aceitar cabos com uma sec\u00e7\u00e3o transversal adequada a esta corrente nominal (<strong>16mm\u00b2 em cabo flex\u00edvel e 25mm\u00b2 em cabo r\u00edgido<\/strong>). Isto garante liga\u00e7\u00f5es firmes e seguras, sem sobreaquecimento ou contactos falsos.<\/p>\n<p>Al\u00e9m disso, possui um <strong>design compacto com 36 mm de largura<\/strong> (18 mm por p\u00f3lo), e possui <strong>janela para marcador de circuitos<\/strong> y <strong>uma sinaliza\u00e7\u00e3o visual do estado (ligado\/desligado)<\/strong>, O circuito que protege pode ser facilmente identificado.<br \/>\nPor conseguinte, permite um diagn\u00f3stico r\u00e1pido e \u00e9 muito f\u00e1cil de manter.<\/p>\n<h2>Alpha+ 500VDC 2P, 25A, curva C, 6kA - EPB63MDC2C25 Disjuntor CC - Funcionamento e Aplica\u00e7\u00f5es<\/h2>\n<p>Este disjuntor protege o circuito por meio de dois sistemas complementares:<\/p>\n<ul>\n<li><strong>Prote\u00e7\u00e3o t\u00e9rmica (sobrecarga):<\/strong> actua quando a corrente excede os valores seguros durante um per\u00edodo de tempo prolongado, evitando o aquecimento excessivo dos condutores e poss\u00edveis danos no equipamento ou risco de inc\u00eandio.<\/li>\n<li><strong>Prote\u00e7\u00e3o magn\u00e9tica (curto-circuito):<\/strong> responde quase instantaneamente a correntes muito elevadas, cortando a alimenta\u00e7\u00e3o e protegendo a instala\u00e7\u00e3o contra falhas graves.<\/li>\n<\/ul>\n<p>Desta forma, o disjuntor protege tanto contra aumentos progressivos de corrente como contra falhas s\u00fabitas, garantindo uma resposta r\u00e1pida e eficaz.<\/p>\n<h2>Principais vantagens do disjuntor DC Alpha+ 500VDC 2P, 25A DC<\/h2>\n<p>Este disjuntor apresenta as seguintes vantagens:<\/p>\n<ul>\n<li><strong>Funcionamento seguro em corrente cont\u00ednua:<\/strong><span style=\"font-size: 16px\"> garante uma extin\u00e7\u00e3o correta dos arcos el\u00e9ctricos persistentes em corrente cont\u00ednua.<\/span><\/li>\n<li><strong>Optimizado para corrente cont\u00ednua at\u00e9 500 V: <\/strong>proporciona maior seguran\u00e7a e controlo em instala\u00e7\u00f5es que funcionam com tens\u00f5es CC elevadas.<\/li>\n<li><strong>2 p\u00f3los para a desconex\u00e3o completa do circuito de corrente cont\u00ednua: <\/strong>aumenta a seguran\u00e7a da manuten\u00e7\u00e3o e do funcionamento.<\/li>\n<li><strong>Curva C equilibrada:<\/strong> tolera picos de energia tempor\u00e1rios, sem disparos desnecess\u00e1rios.<\/li>\n<li><strong>Elevada capacidade de rutura de 6 kA:<\/strong> permite que os circuitos sejam eficazmente protegidos contra falhas de energia significativas.<\/li>\n<li><strong>Instala\u00e7\u00e3o vers\u00e1til:<\/strong> \u00e9 facilmente montado em calha DIN, permitindo modularidade e ordem no quadro el\u00e9trico.<\/li>\n<li><strong>Dupla prote\u00e7\u00e3o t\u00e9rmica e magn\u00e9tica:<\/strong> integra uma prote\u00e7\u00e3o segura contra sobrecargas e curto-circuitos.<\/li>\n<li><strong>Reduz o desgaste por contacto e prolonga a vida \u00fatil:<\/strong> gra\u00e7as a solu\u00e7\u00f5es t\u00e9cnicas de controlo do arco e a geometrias adaptadas.<\/li>\n<\/ul>\n<h2>Informa\u00e7\u00f5es t\u00e9cnicas para Alpha+ 500VDC 2P, 25A, curva C, 6kA DC Circuit Breaker - EPB63MDC2C25<\/h2>\n<p><a href=\"https:\/\/fvcomponentes.com\/wp-content\/uploads\/2026\/02\/es_fichas-tecnicas_ficha_tecnica_epb63mdc-1.pdf\" target=\"_blank\" rel=\"noopener\">Folha de dados Magnetotermico DC Alpha+ 500VDC 2P, 25A<\/a><\/p>","protected":false},"excerpt":{"rendered":"<ul>\n<li>Tens\u00e3o nominal: 500VDC<\/li>\n<li>Corrente nominal: 25A<\/li>\n<li>N\u00famero de p\u00f3los: 2P<\/li>\n<li>Curva de acionamento C<\/li>\n<li>Capacidade de corte: 6kA<\/li>\n<li>Montagem: calha DIN<\/li>\n<li>Aplica\u00e7\u00e3o: Prote\u00e7\u00e3o de circuitos de corrente cont\u00ednua<\/li>\n<li>Tens\u00e3o m\u00ednima de funcionamento: 12VDC<\/li>\n<li>Norma internacional EN\/IEC60947-2<\/li>\n<li>Sinaliza\u00e7\u00e3o do estado local<\/li>\n<li>Janela para marcador de circuito<\/li>\n<li>Liga\u00e7\u00e3o de terminais para cabos de cobre: 16mm\u00b2 em cabo flex\u00edvel e 25mm\u00b2 em cabo r\u00edgido<\/li>\n<li>Dimens\u00f5es: 36 mm (18 mm por p\u00f3lo)<\/li>\n<li>Permite a fixa\u00e7\u00e3o de acess\u00f3rios e dispositivos de controlo<\/li>\n<li>Adequado para seccionamento<\/li>\n<li>Temperatura de funcionamento: de -5\u00baC a + 40\u00baC.<\/li>\n<\/ul>","protected":false},"featured_media":36794,"comment_status":"closed","ping_status":"closed","template":"","meta":{"site-sidebar-layout":"default","site-content-layout":"","ast-site-content-layout":"default","site-content-style":"default","site-sidebar-style":"default","ast-global-header-display":"","ast-banner-title-visibility":"","ast-main-header-display":"","ast-hfb-above-header-display":"","ast-hfb-below-header-display":"","ast-hfb-mobile-header-display":"","site-post-title":"","ast-breadcrumbs-content":"","ast-featured-img":"","footer-sml-layout":"","ast-disable-related-posts":"","theme-transparent-header-meta":"default","adv-header-id-meta":"","stick-header-meta":"","header-above-stick-meta":"","header-main-stick-meta":"","header-below-stick-meta":"","astra-migrate-meta-layouts":"set","ast-page-background-enabled":"default","ast-page-background-meta":{"desktop":{"background-color":"var(--ast-global-color-4)","background-image":"","background-repeat":"repeat","background-position":"center center","background-size":"auto","background-attachment":"scroll","background-type":"","background-media":"","overlay-type":"","overlay-color":"","overlay-opacity":"","overlay-gradient":""},"tablet":{"background-color":"","background-image":"","background-repeat":"repeat","background-position":"center center","background-size":"auto","background-attachment":"scroll","background-type":"","background-media":"","overlay-type":"","overlay-color":"","overlay-opacity":"","overlay-gradient":""},"mobile":{"background-color":"","background-image":"","background-repeat":"repeat","background-position":"center center","background-size":"auto","background-attachment":"scroll","background-type":"","background-media":"","overlay-type":"","overlay-color":"","overlay-opacity":"","overlay-gradient":""}},"ast-content-background-meta":{"desktop":{"background-color":"var(--ast-global-color-5)","background-image":"","background-repeat":"repeat","background-position":"center center","background-size":"auto","background-attachment":"scroll","background-type":"","background-media":"","overlay-type":"","overlay-color":"","overlay-opacity":"","overlay-gradient":""},"tablet":{"background-color":"var(--ast-global-color-5)","background-image":"","background-repeat":"repeat","background-position":"center center","background-size":"auto","background-attachment":"scroll","background-type":"","background-media":"","overlay-type":"","overlay-color":"","overlay-opacity":"","overlay-gradient":""},"mobile":{"background-color":"var(--ast-global-color-5)","background-image":"","background-repeat":"repeat","background-position":"center center","background-size":"auto","background-attachment":"scroll","background-type":"","background-media":"","overlay-type":"","overlay-color":"","overlay-opacity":"","overlay-gradient":""}}},"pwb-brand":[1018],"product_brand":[],"product_cat":[990,410],"product_tag":[],"class_list":{"0":"post-36560","1":"product","2":"type-product","3":"status-publish","4":"has-post-thumbnail","6":"pwb-brand-maxge","7":"product_cat-magnetotermicos","8":"product_cat-material-electrico","9":"desktop-align-left","10":"tablet-align-left","11":"mobile-align-left","12":"ast-product-gallery-layout-horizontal-slider","13":"ast-product-gallery-with-no-image","14":"ast-product-tabs-layout-horizontal","16":"first","17":"instock","18":"taxable","19":"shipping-taxable","20":"purchasable","21":"product-type-simple"},"wcpa_form_fields":null,"brands":[{"id":1018,"name":"Protec\u00e7\u00f5es el\u00e9ctricas Maxge","slug":"maxge"}],"_links":{"self":[{"href":"https:\/\/fvcomponentes.com\/pt\/wp-json\/wp\/v2\/product\/36560","targetHints":{"allow":["GET"]}}],"collection":[{"href":"https:\/\/fvcomponentes.com\/pt\/wp-json\/wp\/v2\/product"}],"about":[{"href":"https:\/\/fvcomponentes.com\/pt\/wp-json\/wp\/v2\/types\/product"}],"replies":[{"embeddable":true,"href":"https:\/\/fvcomponentes.com\/pt\/wp-json\/wp\/v2\/comments?post=36560"}],"wp:featuredmedia":[{"embeddable":true,"href":"https:\/\/fvcomponentes.com\/pt\/wp-json\/wp\/v2\/media\/36794"}],"wp:attachment":[{"href":"https:\/\/fvcomponentes.com\/pt\/wp-json\/wp\/v2\/media?parent=36560"}],"wp:term":[{"taxonomy":"pwb-brand","embeddable":true,"href":"https:\/\/fvcomponentes.com\/pt\/wp-json\/wp\/v2\/pwb-brand?post=36560"},{"taxonomy":"product_brand","embeddable":true,"href":"https:\/\/fvcomponentes.com\/pt\/wp-json\/wp\/v2\/product_brand?post=36560"},{"taxonomy":"product_cat","embeddable":true,"href":"https:\/\/fvcomponentes.com\/pt\/wp-json\/wp\/v2\/product_cat?post=36560"},{"taxonomy":"product_tag","embeddable":true,"href":"https:\/\/fvcomponentes.com\/pt\/wp-json\/wp\/v2\/product_tag?post=36560"}],"curies":[{"name":"wp","href":"https:\/\/api.w.org\/{rel}","templated":true}]}}