{"id":36559,"date":"2026-02-05T15:09:54","date_gmt":"2026-02-05T14:09:54","guid":{"rendered":"https:\/\/fvcomponentes.com\/?post_type=product&#038;p=36559"},"modified":"2026-02-13T15:03:29","modified_gmt":"2026-02-13T14:03:29","slug":"magnetotermico-cc-alpha-500vdc-2p-20a-curva-c-6ka-epb63mdc2c20","status":"publish","type":"product","link":"https:\/\/fvcomponentes.com\/pt\/producto\/magnetotermico-cc-alpha-500vdc-2p-20a-curva-c-6ka-epb63mdc2c20\/","title":{"rendered":"Disjuntor CC Alpha+ 500VDC 2P, 20A, curva C 6kA - EPB63MDC2C20"},"content":{"rendered":"<h2>Disjuntor CC Alpha+ 500VDC 2P, 20A, curva C 6kA - EPB63MDC2C20<\/h2>\n<p>O disjuntor Maxge Alpha+ 500 VDC 2P, 20 A DC \u00e9 um disjuntor concebido para proteger instala\u00e7\u00f5es de corrente cont\u00ednua (DC).<\/p>\n<p>Com uma tens\u00e3o nominal de 500VDC, uma corrente nominal de 20A e uma configura\u00e7\u00e3o bipolar (2P), este disjuntor oferece uma prote\u00e7\u00e3o eficaz e segura contra sobrecargas e curto-circuitos em sistemas el\u00e9ctricos de m\u00e9dia pot\u00eancia.<br \/>\nAl\u00e9m disso, combina prote\u00e7\u00e3o contra sobrecarga t\u00e9rmica e prote\u00e7\u00e3o contra sobrecarga magn\u00e9tica para uma resposta r\u00e1pida a falhas de energia s\u00fabitas.<\/p>\n<p>Este disjuntor tem uma capacidade de corte de 6kA, o que lhe permite interromper correntes de curto-circuito at\u00e9 6.000 amperes sem comprometer a integridade do dispositivo ou a seguran\u00e7a da instala\u00e7\u00e3o. \u00c9, portanto, uma solu\u00e7\u00e3o fi\u00e1vel tanto para novas instala\u00e7\u00f5es como para amplia\u00e7\u00f5es de quadros existentes.<\/p>\n<p>Fazendo parte da s\u00e9rie Alpha+ DC da Maxge, foi concebido para responder aos desafios apresentados pela corrente cont\u00ednua, especialmente em ambientes modernos para a produ\u00e7\u00e3o, armazenamento e utiliza\u00e7\u00e3o de energias renov\u00e1veis ou eletr\u00f3nica de pot\u00eancia.<\/p>\n<h2>Principais carater\u00edsticas do Alpha+ DC MCB 500VDC 2P, 20A<\/h2>\n<h3>Prote\u00e7\u00e3o bipolar total<\/h3>\n<p>Ser um <strong>Disjuntor bipolar (2P)<\/strong>, O circuito CC pode ser desligado ao mesmo tempo dos dois condutores principais (positivo e negativo), aumentando a seguran\u00e7a operacional e facilitando a manuten\u00e7\u00e3o.<\/p>\n<p>Isto \u00e9 especialmente importante em instala\u00e7\u00f5es de corrente cont\u00ednua, uma vez que assegura o isolamento completo do sistema em caso de avaria e reduz os riscos el\u00e9ctricos.<\/p>\n<h3>Cargas mais exigentes<\/h3>\n<p>Com um <strong>Corrente nominal de 20 amperes<\/strong>, Este disjuntor foi concebido para circuitos com cargas superiores aos habituais 16 A, garantindo uma prote\u00e7\u00e3o precisa e fi\u00e1vel.<\/p>\n<p>\u00c9 mais comummente visto a proteger circuitos de pot\u00eancia interm\u00e9dios, cargas n\u00e3o excessivas e fontes de alimenta\u00e7\u00e3o auxiliares em sistemas complexos.<\/p>\n<p>Desde que os cabos estejam corretamente dimensionados, este disjuntor garante um funcionamento seguro, est\u00e1vel e cont\u00ednuo do circuito.<\/p>\n<h3>Equil\u00edbrio entre prote\u00e7\u00e3o e estabilidade<\/h3>\n<p>O disjuntor DC Alpha+ 500VDC 2P, 20A DC incorpora um <strong>Curva de fogo C, <\/strong>que \u00e9 concebido para tolerar picos de corrente moderados sem provocar disparos intempestivos.<\/p>\n<p>A curva C proporciona um equil\u00edbrio \u00f3timo entre sensibilidade e toler\u00e2ncia, mantendo uma prote\u00e7\u00e3o eficaz contra sobreintensidades e sobrecargas perigosas sem afetar o funcionamento normal da instala\u00e7\u00e3o.<\/p>\n<p>Isto evita disparos inc\u00f3modos, mas n\u00e3o reduz a prote\u00e7\u00e3o contra curto-circuitos reais.<br \/>\nAl\u00e9m disso, a instala\u00e7\u00e3o \u00e9 mais est\u00e1vel.<\/p>\n<p>Por conseguinte, \u00e9 adequado para circuitos com picos de arranque moderados, tais como sistemas fotovoltaicos, bancos de baterias, equipamento eletr\u00f3nico, fontes de alimenta\u00e7\u00e3o e pequenos motores de corrente cont\u00ednua.<\/p>\n<h3>Elevada resist\u00eancia a curto-circuitos<\/h3>\n<p>O seu <strong>Capacidade de corte de 6 kA<\/strong> significa que pode interromper com seguran\u00e7a grandes curto-circuitos de at\u00e9 6.000 amperes sem danos ou perda de propriedades.<\/p>\n<p>\u00c9 um valor que assegura um n\u00edvel de prote\u00e7\u00e3o adequado e seguro na maioria das aplica\u00e7\u00f5es industriais ou comerciais de corrente cont\u00ednua (CC).<\/p>\n<p>Proporciona um bom n\u00edvel de seguran\u00e7a e prote\u00e7\u00e3o para a maioria das instala\u00e7\u00f5es comuns de baixa tens\u00e3o em corrente cont\u00ednua.<\/p>\n<h3>Seguran\u00e7a nas instala\u00e7\u00f5es de corrente cont\u00ednua (CC)<\/h3>\n<p>A interrup\u00e7\u00e3o da corrente cont\u00ednua \u00e9 mais exigente do que a da corrente alternada devido \u00e0 aus\u00eancia de passagem por zero.<\/p>\n<p>Por este motivo, este disjuntor foi concebido com<strong> sistemas de extin\u00e7\u00e3o de arco<\/strong> adequado para DC, garantindo um corte seguro e duradouro.<\/p>\n<p>Como resultado, o Alpha+ DC MCB oferece uma solu\u00e7\u00e3o robusta, fi\u00e1vel e pronta a utilizar para uma prote\u00e7\u00e3o eficaz dos sistemas el\u00e9ctricos de corrente cont\u00ednua.<\/p>\n<h3>Instala\u00e7\u00e3o f\u00e1cil e design compacto<\/h3>\n<p>O DC Alpha+ 2P, 20A foi concebido para <strong>Montagem em calha DIN<\/strong>, Isto facilita uma instala\u00e7\u00e3o r\u00e1pida e organizada em qualquer quadro el\u00e9trico e favorece a expans\u00e3o e a organiza\u00e7\u00e3o da distribui\u00e7\u00e3o.<\/p>\n<p>O seu <strong>terminais<\/strong> est\u00e3o preparados para aceitar cabos com uma sec\u00e7\u00e3o transversal adequada a esta corrente nominal (<strong>16mm\u00b2 em cabo flex\u00edvel e 25mm\u00b2 em cabo r\u00edgido<\/strong>). Isto garante liga\u00e7\u00f5es firmes e seguras, sem sobreaquecimento ou contactos falsos.<\/p>\n<p>Al\u00e9m disso, possui um <strong>design compacto com 36 mm de largura<\/strong> (18 mm por p\u00f3lo), e possui <strong>janela para marcador de circuitos<\/strong> y <strong>uma sinaliza\u00e7\u00e3o visual do estado (ligado\/desligado)<\/strong>, O circuito que protege pode ser facilmente identificado.<br \/>\nPor conseguinte, permite um diagn\u00f3stico r\u00e1pido e \u00e9 muito f\u00e1cil de manter.<\/p>\n<h2>Maxge Alpha+ 2P, 20A, curva em C, 6kA - EPB63ME2C20 - Funcionamento e Aplica\u00e7\u00f5es<\/h2>\n<p>Este disjuntor protege o circuito de duas formas:<\/p>\n<ul>\n<li><strong>Prote\u00e7\u00e3o t\u00e9rmica (sobrecarga):<\/strong> corta a corrente em caso de sobrecarga prolongada, evitando o sobreaquecimento dos cabos e poss\u00edveis danos na instala\u00e7\u00e3o.<\/li>\n<li><strong>Prote\u00e7\u00e3o magn\u00e9tica (curto-circuito):<\/strong> actua quase instantaneamente quando se verifica um curto-circuito forte. Quando isso acontece, este disjuntor corta a alimenta\u00e7\u00e3o el\u00e9ctrica e protege tanto a instala\u00e7\u00e3o como o equipamento ligado.<\/li>\n<\/ul>\n<p>Desta forma, o disjuntor protege tanto contra aumentos progressivos de corrente como contra falhas s\u00fabitas, garantindo uma resposta r\u00e1pida e eficaz.<\/p>\n<h2>Principais vantagens do Alpha+ DC Circuit Breaker 500VDC 2P, 20A<\/h2>\n<p>Este disjuntor apresenta as seguintes vantagens:<\/p>\n<ul>\n<li><strong>Funcionamento seguro em corrente cont\u00ednua:<\/strong><span style=\"font-size: 16px\"> garante uma extin\u00e7\u00e3o correta dos arcos el\u00e9ctricos persistentes em corrente cont\u00ednua.<\/span><\/li>\n<li><strong>Optimizado para corrente cont\u00ednua at\u00e9 500 V: <\/strong>proporciona maior seguran\u00e7a e controlo em instala\u00e7\u00f5es que funcionam com tens\u00f5es CC elevadas.<\/li>\n<li><strong>2 p\u00f3los para a desconex\u00e3o completa do circuito de corrente cont\u00ednua: <\/strong>aumenta a seguran\u00e7a da manuten\u00e7\u00e3o e do funcionamento.<\/li>\n<li><strong>Curva C equilibrada:<\/strong> tolera picos de energia tempor\u00e1rios, sem disparos desnecess\u00e1rios.<\/li>\n<li><strong>Elevada capacidade de rutura de 6 kA:<\/strong> permite que os circuitos sejam eficazmente protegidos contra falhas de energia significativas.<\/li>\n<li><strong>Instala\u00e7\u00e3o vers\u00e1til:<\/strong> \u00e9 facilmente montado em calha DIN, permitindo modularidade e ordem no quadro el\u00e9trico.<\/li>\n<li><strong>Dupla prote\u00e7\u00e3o t\u00e9rmica e magn\u00e9tica:<\/strong> integra uma prote\u00e7\u00e3o segura contra sobrecargas e curto-circuitos.<\/li>\n<li><strong>Reduz o desgaste por contacto e prolonga a vida \u00fatil:<\/strong> gra\u00e7as a solu\u00e7\u00f5es t\u00e9cnicas de controlo do arco e a geometrias adaptadas.<\/li>\n<\/ul>\n<h2>Informa\u00e7\u00f5es t\u00e9cnicas para Alpha+ 500VDC 2P, 20A, curva C, 6kA DC Circuit Breaker - EPB63MDC2C20<\/h2>\n<p><a href=\"https:\/\/fvcomponentes.com\/wp-content\/uploads\/2026\/02\/es_fichas-tecnicas_ficha_tecnica_epb63mdc-1.pdf\" target=\"_blank\" rel=\"noopener\">Folha de dados t\u00e9cnicos DC Alpha+ 500VDC 2P, 20A DC disjuntor<\/a><\/p>","protected":false},"excerpt":{"rendered":"<ul>\n<li>Tens\u00e3o nominal: 500VDC<\/li>\n<li>Corrente nominal: 20A<\/li>\n<li>N\u00famero de p\u00f3los: 2P<\/li>\n<li>Curva de acionamento C<\/li>\n<li>Capacidade de corte: 6kA<\/li>\n<li>Montagem: calha DIN<\/li>\n<li>Aplica\u00e7\u00e3o: Prote\u00e7\u00e3o de circuitos de corrente cont\u00ednua<\/li>\n<li>Tens\u00e3o m\u00ednima de funcionamento: 12VDC<\/li>\n<li>Norma internacional EN\/IEC60947-2<\/li>\n<li>Sinaliza\u00e7\u00e3o do estado local<\/li>\n<li>Janela para marcador de circuito<\/li>\n<li>Liga\u00e7\u00e3o de terminais para cabos de cobre: 16mm\u00b2 em cabo flex\u00edvel e 25mm\u00b2 em cabo r\u00edgido<\/li>\n<li>Dimens\u00f5es: 36 mm (18 mm por p\u00f3lo)<\/li>\n<li>Permite a fixa\u00e7\u00e3o de acess\u00f3rios e dispositivos de controlo<\/li>\n<li>Adequado para seccionamento<\/li>\n<li>Temperatura de funcionamento: de -5\u00baC a + 40\u00baC.<\/li>\n<\/ul>","protected":false},"featured_media":36786,"comment_status":"closed","ping_status":"closed","template":"","meta":{"site-sidebar-layout":"default","site-content-layout":"","ast-site-content-layout":"default","site-content-style":"default","site-sidebar-style":"default","ast-global-header-display":"","ast-banner-title-visibility":"","ast-main-header-display":"","ast-hfb-above-header-display":"","ast-hfb-below-header-display":"","ast-hfb-mobile-header-display":"","site-post-title":"","ast-breadcrumbs-content":"","ast-featured-img":"","footer-sml-layout":"","ast-disable-related-posts":"","theme-transparent-header-meta":"default","adv-header-id-meta":"","stick-header-meta":"","header-above-stick-meta":"","header-main-stick-meta":"","header-below-stick-meta":"","astra-migrate-meta-layouts":"set","ast-page-background-enabled":"default","ast-page-background-meta":{"desktop":{"background-color":"var(--ast-global-color-4)","background-image":"","background-repeat":"repeat","background-position":"center center","background-size":"auto","background-attachment":"scroll","background-type":"","background-media":"","overlay-type":"","overlay-color":"","overlay-opacity":"","overlay-gradient":""},"tablet":{"background-color":"","background-image":"","background-repeat":"repeat","background-position":"center center","background-size":"auto","background-attachment":"scroll","background-type":"","background-media":"","overlay-type":"","overlay-color":"","overlay-opacity":"","overlay-gradient":""},"mobile":{"background-color":"","background-image":"","background-repeat":"repeat","background-position":"center center","background-size":"auto","background-attachment":"scroll","background-type":"","background-media":"","overlay-type":"","overlay-color":"","overlay-opacity":"","overlay-gradient":""}},"ast-content-background-meta":{"desktop":{"background-color":"var(--ast-global-color-5)","background-image":"","background-repeat":"repeat","background-position":"center center","background-size":"auto","background-attachment":"scroll","background-type":"","background-media":"","overlay-type":"","overlay-color":"","overlay-opacity":"","overlay-gradient":""},"tablet":{"background-color":"var(--ast-global-color-5)","background-image":"","background-repeat":"repeat","background-position":"center center","background-size":"auto","background-attachment":"scroll","background-type":"","background-media":"","overlay-type":"","overlay-color":"","overlay-opacity":"","overlay-gradient":""},"mobile":{"background-color":"var(--ast-global-color-5)","background-image":"","background-repeat":"repeat","background-position":"center center","background-size":"auto","background-attachment":"scroll","background-type":"","background-media":"","overlay-type":"","overlay-color":"","overlay-opacity":"","overlay-gradient":""}}},"pwb-brand":[1018],"product_brand":[],"product_cat":[990,410],"product_tag":[],"class_list":{"0":"post-36559","1":"product","2":"type-product","3":"status-publish","4":"has-post-thumbnail","6":"pwb-brand-maxge","7":"product_cat-magnetotermicos","8":"product_cat-material-electrico","9":"desktop-align-left","10":"tablet-align-left","11":"mobile-align-left","12":"ast-product-gallery-layout-horizontal-slider","13":"ast-product-gallery-with-no-image","14":"ast-product-tabs-layout-horizontal","16":"first","17":"instock","18":"taxable","19":"shipping-taxable","20":"purchasable","21":"product-type-simple"},"wcpa_form_fields":null,"brands":[{"id":1018,"name":"Protec\u00e7\u00f5es el\u00e9ctricas Maxge","slug":"maxge"}],"_links":{"self":[{"href":"https:\/\/fvcomponentes.com\/pt\/wp-json\/wp\/v2\/product\/36559","targetHints":{"allow":["GET"]}}],"collection":[{"href":"https:\/\/fvcomponentes.com\/pt\/wp-json\/wp\/v2\/product"}],"about":[{"href":"https:\/\/fvcomponentes.com\/pt\/wp-json\/wp\/v2\/types\/product"}],"replies":[{"embeddable":true,"href":"https:\/\/fvcomponentes.com\/pt\/wp-json\/wp\/v2\/comments?post=36559"}],"wp:featuredmedia":[{"embeddable":true,"href":"https:\/\/fvcomponentes.com\/pt\/wp-json\/wp\/v2\/media\/36786"}],"wp:attachment":[{"href":"https:\/\/fvcomponentes.com\/pt\/wp-json\/wp\/v2\/media?parent=36559"}],"wp:term":[{"taxonomy":"pwb-brand","embeddable":true,"href":"https:\/\/fvcomponentes.com\/pt\/wp-json\/wp\/v2\/pwb-brand?post=36559"},{"taxonomy":"product_brand","embeddable":true,"href":"https:\/\/fvcomponentes.com\/pt\/wp-json\/wp\/v2\/product_brand?post=36559"},{"taxonomy":"product_cat","embeddable":true,"href":"https:\/\/fvcomponentes.com\/pt\/wp-json\/wp\/v2\/product_cat?post=36559"},{"taxonomy":"product_tag","embeddable":true,"href":"https:\/\/fvcomponentes.com\/pt\/wp-json\/wp\/v2\/product_tag?post=36559"}],"curies":[{"name":"wp","href":"https:\/\/api.w.org\/{rel}","templated":true}]}}