{"id":36558,"date":"2026-02-05T15:07:09","date_gmt":"2026-02-05T14:07:09","guid":{"rendered":"https:\/\/fvcomponentes.com\/?post_type=product&#038;p=36558"},"modified":"2026-02-13T11:58:36","modified_gmt":"2026-02-13T10:58:36","slug":"magnetotermico-cc-alpha-500vdc-2p-16a-curva-c-6ka-epb63mdc2c16","status":"publish","type":"product","link":"https:\/\/fvcomponentes.com\/pt\/producto\/magnetotermico-cc-alpha-500vdc-2p-16a-curva-c-6ka-epb63mdc2c16\/","title":{"rendered":"Disjuntor CC Alpha+ 500VDC 2P, 16A, curva C 6kA - EPB63MDC2C16"},"content":{"rendered":"<h2>Disjuntor CC Alpha+ 500VDC 2P, 16A, curva C 6kA - EPB63MDC2C16<\/h2>\n<p>O Maxge Alpha+ 500VDC 2P, 16A DC Circuit Breaker \u00e9 um disjuntor concebido especificamente para a prote\u00e7\u00e3o de circuitos de corrente cont\u00ednua (DC), oferecendo seguran\u00e7a, robustez e fiabilidade em aplica\u00e7\u00f5es DC modernas, tais como instala\u00e7\u00f5es fotovoltaicas, sistemas de baterias, energias renov\u00e1veis e outras aplica\u00e7\u00f5es DC industriais.<\/p>\n<p>Com uma tens\u00e3o nominal de 500VDC, uma corrente de 16 amperes e uma configura\u00e7\u00e3o de 2 p\u00f3los (2P), este dispositivo assegura uma prote\u00e7\u00e3o eficaz contra sobrecargas e curto-circuitos nos sistemas el\u00e9ctricos mais exigentes.<\/p>\n<p>Al\u00e9m disso, tem uma capacidade de corte de 6kA, o que lhe permite interromper com seguran\u00e7a correntes de defeito elevadas, protegendo tanto a instala\u00e7\u00e3o como o equipamento ligado.<\/p>\n<p>Este disjuntor faz parte da fam\u00edlia Alpha+ DC, desenvolvida tendo em conta os requisitos t\u00e9cnicos da corrente cont\u00ednua, onde a aus\u00eancia de passagem por zero do sinal el\u00e9trico e a poss\u00edvel persist\u00eancia de arcos requerem uma conce\u00e7\u00e3o espec\u00edfica para interromper as correntes de defeito de forma mais eficaz do que os disjuntores tradicionais destinados \u00e0 corrente alternada.<\/p>\n<h2>Principais carater\u00edsticas do Alpha+ 500VDC 2P, 16A DC Circuit Breaker DC Alpha+ 500VDC 2P, 16A<\/h2>\n<h3>Prote\u00e7\u00e3o completa de fase e neutro<\/h3>\n<p>Ser de<strong> 2 p\u00f3los (2P)<\/strong>, Este disjuntor protege e desliga a fase e o neutro ao mesmo tempo. Isto garante que o circuito fica completamente isolado quando o disjuntor \u00e9 desarmado ou desligado manualmente, aumentando a seguran\u00e7a durante os trabalhos de manuten\u00e7\u00e3o ou de assist\u00eancia no quadro el\u00e9trico.<\/p>\n<p>Este tipo de prote\u00e7\u00e3o \u00e9 particularmente recomendado em instala\u00e7\u00f5es de corrente cont\u00ednua onde \u00e9 necess\u00e1rio cortar os dois p\u00f3los para assegurar o isolamento completo do circuito.<\/p>\n<p>Por conseguinte, este modelo \u00e9 ideal para aplica\u00e7\u00f5es em que \u00e9 necess\u00e1rio um n\u00edvel mais elevado de seguran\u00e7a na comuta\u00e7\u00e3o de circuitos.<\/p>\n<h3>Utiliza\u00e7\u00e3o t\u00edpica em instala\u00e7\u00f5es dom\u00e9sticas<\/h3>\n<p>Com um <strong>corrente nominal 16 amperes<\/strong>, Este disjuntor \u00e9 perfeito para circuitos com consumo moderado e \u00e9 adequado para cargas interm\u00e9dias ou sub-circuitos em sistemas mais complexos.<\/p>\n<p>Desde que a instala\u00e7\u00e3o seja efectuada corretamente, o disjuntor garante um funcionamento est\u00e1vel e seguro, sem interrup\u00e7\u00f5es desnecess\u00e1rias.<\/p>\n<h3>Estabilidade sem disparos inc\u00f3modos<\/h3>\n<p>O <strong>curva de queima C<\/strong> permite ao disjuntor suportar picos de corrente moderados, como os que ocorrem quando se ligam determinados aparelhos el\u00e9ctricos, sem provocar disparos desnecess\u00e1rios.<\/p>\n<p>Isto significa menos interrup\u00e7\u00f5es n\u00e3o planeadas, maior comodidade de utiliza\u00e7\u00e3o e uma boa prote\u00e7\u00e3o contra sobrecargas reais e curto-circuitos.<\/p>\n<p>Por conseguinte, a curva C \u00e9 uma das curvas mais utilizadas nas instala\u00e7\u00f5es gerais.<\/p>\n<h3>Alta resist\u00eancia<\/h3>\n<p>O seu <strong>Capacidade de corte de 6 kA<\/strong> significa que este disjuntor \u00e9 capaz de interromper com seguran\u00e7a correntes de curto-circuito at\u00e9 6.000 amperes sem danos ou perda das propriedades de prote\u00e7\u00e3o.<\/p>\n<p>Esta capacidade de rutura proporciona um n\u00edvel adequado de seguran\u00e7a e fiabilidade na maioria das aplica\u00e7\u00f5es CC de baixa\/m\u00e9dia pot\u00eancia.<\/p>\n<p>Por outras palavras, este disjuntor proporciona um n\u00edvel de prote\u00e7\u00e3o fi\u00e1vel para a utiliza\u00e7\u00e3o di\u00e1ria.<\/p>\n<h3>Seguran\u00e7a nas instala\u00e7\u00f5es de corrente cont\u00ednua (CC)<\/h3>\n<p>A interrup\u00e7\u00e3o da corrente cont\u00ednua \u00e9 mais exigente do que a da corrente alternada devido \u00e0 aus\u00eancia de passagem por zero.<\/p>\n<p>Por este motivo, este disjuntor foi concebido com <strong>sistemas de extin\u00e7\u00e3o de arco<\/strong> adequado para DC, garantindo um corte seguro e duradouro.<\/p>\n<p>Como resultado, o Alpha+ DC MCB oferece uma solu\u00e7\u00e3o robusta, fi\u00e1vel e pronta a utilizar para uma prote\u00e7\u00e3o eficaz dos sistemas el\u00e9ctricos de corrente cont\u00ednua.<\/p>\n<h3>Instala\u00e7\u00e3o r\u00e1pida e design pr\u00e1tico<\/h3>\n<p>O Alpha+ 500VDC 2P, 16A DC Circuit Breaker foi concebido para <strong>Montagem em calha DIN<\/strong>, \u00c9 r\u00e1pido e f\u00e1cil de instalar em qualquer quadro el\u00e9trico normal.<\/p>\n<p>O seu <strong>design compacto com 36 mm de largura<\/strong> (18 mm por poste), ajuda a otimizar o espa\u00e7o dispon\u00edvel na estrutura e apresenta <strong>janela para marcador de circuitos<\/strong> y <strong>uma sinaliza\u00e7\u00e3o visual do estado (ligado\/desligado)<\/strong>, O circuito que protege pode ser facilmente identificado.<\/p>\n<p>Al\u00e9m disso, disp\u00f5e de um <strong>terminais<\/strong> que est\u00e3o preparados para cabos adequados a esta corrente (<strong>16mm\u00b2 em cabo flex\u00edvel e 25mm\u00b2 em cabo r\u00edgido<\/strong>).<br \/>\nIsto garante liga\u00e7\u00f5es firmes, seguras e duradouras.<\/p>\n<h2>Alpha+ 500VDC 2P, 16A, curva em C, 6kA - EPB63MDC2C16 Disjuntor CC - Funcionamento e Aplica\u00e7\u00f5es<\/h2>\n<p>Este disjuntor protege o circuito por meio de dois sistemas complementares:<\/p>\n<ul>\n<li><strong>Prote\u00e7\u00e3o t\u00e9rmica (sobrecarga):<\/strong> actua quando a corrente excede os valores seguros durante um per\u00edodo de tempo prolongado, evitando o aquecimento excessivo dos condutores e poss\u00edveis danos no equipamento ou risco de inc\u00eandio.<\/li>\n<li><strong>Prote\u00e7\u00e3o magn\u00e9tica (curto-circuito):<\/strong> responde quase instantaneamente a correntes muito elevadas, cortando a alimenta\u00e7\u00e3o e protegendo a instala\u00e7\u00e3o contra falhas graves.<\/li>\n<\/ul>\n<p>Desta forma, o disjuntor protege tanto contra aumentos progressivos de corrente como contra falhas s\u00fabitas, garantindo uma resposta r\u00e1pida e eficaz.<\/p>\n<h2>Principais vantagens do disjuntor DC Alpha+ 500VDC 2P, 16A DC<\/h2>\n<p>Este disjuntor apresenta as seguintes vantagens:<\/p>\n<ul>\n<li><strong>Funcionamento seguro em corrente cont\u00ednua:<\/strong><span style=\"font-size: 16px\"> garante uma extin\u00e7\u00e3o correta dos arcos el\u00e9ctricos persistentes em corrente cont\u00ednua.<\/span><\/li>\n<li><strong>Optimizado para corrente cont\u00ednua at\u00e9 500 V: <\/strong>garante a seguran\u00e7a em instala\u00e7\u00f5es com tens\u00f5es elevadas.<\/li>\n<li><strong>2 p\u00f3los para a desconex\u00e3o completa do circuito de corrente cont\u00ednua: <\/strong>aumenta a seguran\u00e7a da manuten\u00e7\u00e3o e do funcionamento.<\/li>\n<li><strong>Curva C equilibrada:<\/strong> resiste a picos de arranque comuns, sem disparos inc\u00f3modos.<\/li>\n<li><strong>Elevada capacidade de corte:<\/strong> o seu valor de 6 kA permite proteger circuitos com elevados requisitos de seguran\u00e7a.<\/li>\n<li><strong>Instala\u00e7\u00e3o r\u00e1pida e modular:<\/strong> \u00e9 facilmente montado numa calha DIN, permitindo extens\u00f5es organizadas.<\/li>\n<li><strong>Prote\u00e7\u00e3o integrada contra sobrecarga e curto-circuito<\/strong>Combina\u00e7\u00e3o de prote\u00e7\u00e3o t\u00e9rmica e magn\u00e9tica.<\/li>\n<li><strong>Reduz o desgaste por contacto e prolonga a vida \u00fatil:<\/strong> gra\u00e7as a solu\u00e7\u00f5es t\u00e9cnicas de controlo do arco e a geometrias adaptadas.<\/li>\n<\/ul>\n<h2>Informa\u00e7\u00f5es t\u00e9cnicas para Alpha+ 500VDC 2P, 16A, curva C, 6kA DC Circuit Breaker - EPB63MDC2C16<\/h2>\n<p><a href=\"https:\/\/fvcomponentes.com\/wp-content\/uploads\/2026\/02\/es_fichas-tecnicas_ficha_tecnica_epb63mdc-1.pdf\" target=\"_blank\" rel=\"noopener\">Folha de dados do disjuntor Alpha+ 500VDC 2P, 16A DC<\/a><\/p>","protected":false},"excerpt":{"rendered":"<ul>\n<li>Tens\u00e3o nominal: 500VDC<\/li>\n<li>Corrente nominal: 16A<\/li>\n<li>N\u00famero de p\u00f3los: 2P<\/li>\n<li>Curva de acionamento C<\/li>\n<li>Capacidade de corte: 6kA<\/li>\n<li>Montagem: calha DIN<\/li>\n<li>Aplica\u00e7\u00e3o: Prote\u00e7\u00e3o de circuitos de corrente cont\u00ednua<\/li>\n<li>Tens\u00e3o m\u00ednima de funcionamento: 12VDC<\/li>\n<li>Norma internacional EN\/IEC60947-2<\/li>\n<li>Sinaliza\u00e7\u00e3o do estado local<\/li>\n<li>Janela para marcador de circuito<\/li>\n<li>Liga\u00e7\u00e3o de terminais para cabos de cobre: 16mm\u00b2 em cabo flex\u00edvel e 25mm\u00b2 em cabo r\u00edgido<\/li>\n<li>Dimens\u00f5es: 36 mm (18 mm por p\u00f3lo)<\/li>\n<li>Permite a fixa\u00e7\u00e3o de acess\u00f3rios e dispositivos de controlo<\/li>\n<li>Adequado para seccionamento<\/li>\n<li>Temperatura de funcionamento: de -5\u00baC a + 40\u00baC.<\/li>\n<\/ul>","protected":false},"featured_media":36780,"comment_status":"closed","ping_status":"closed","template":"","meta":{"site-sidebar-layout":"default","site-content-layout":"","ast-site-content-layout":"default","site-content-style":"default","site-sidebar-style":"default","ast-global-header-display":"","ast-banner-title-visibility":"","ast-main-header-display":"","ast-hfb-above-header-display":"","ast-hfb-below-header-display":"","ast-hfb-mobile-header-display":"","site-post-title":"","ast-breadcrumbs-content":"","ast-featured-img":"","footer-sml-layout":"","ast-disable-related-posts":"","theme-transparent-header-meta":"default","adv-header-id-meta":"","stick-header-meta":"","header-above-stick-meta":"","header-main-stick-meta":"","header-below-stick-meta":"","astra-migrate-meta-layouts":"set","ast-page-background-enabled":"default","ast-page-background-meta":{"desktop":{"background-color":"var(--ast-global-color-4)","background-image":"","background-repeat":"repeat","background-position":"center center","background-size":"auto","background-attachment":"scroll","background-type":"","background-media":"","overlay-type":"","overlay-color":"","overlay-opacity":"","overlay-gradient":""},"tablet":{"background-color":"","background-image":"","background-repeat":"repeat","background-position":"center center","background-size":"auto","background-attachment":"scroll","background-type":"","background-media":"","overlay-type":"","overlay-color":"","overlay-opacity":"","overlay-gradient":""},"mobile":{"background-color":"","background-image":"","background-repeat":"repeat","background-position":"center center","background-size":"auto","background-attachment":"scroll","background-type":"","background-media":"","overlay-type":"","overlay-color":"","overlay-opacity":"","overlay-gradient":""}},"ast-content-background-meta":{"desktop":{"background-color":"var(--ast-global-color-5)","background-image":"","background-repeat":"repeat","background-position":"center center","background-size":"auto","background-attachment":"scroll","background-type":"","background-media":"","overlay-type":"","overlay-color":"","overlay-opacity":"","overlay-gradient":""},"tablet":{"background-color":"var(--ast-global-color-5)","background-image":"","background-repeat":"repeat","background-position":"center center","background-size":"auto","background-attachment":"scroll","background-type":"","background-media":"","overlay-type":"","overlay-color":"","overlay-opacity":"","overlay-gradient":""},"mobile":{"background-color":"var(--ast-global-color-5)","background-image":"","background-repeat":"repeat","background-position":"center center","background-size":"auto","background-attachment":"scroll","background-type":"","background-media":"","overlay-type":"","overlay-color":"","overlay-opacity":"","overlay-gradient":""}}},"pwb-brand":[1018],"product_brand":[],"product_cat":[990,410],"product_tag":[],"class_list":{"0":"post-36558","1":"product","2":"type-product","3":"status-publish","4":"has-post-thumbnail","6":"pwb-brand-maxge","7":"product_cat-magnetotermicos","8":"product_cat-material-electrico","9":"desktop-align-left","10":"tablet-align-left","11":"mobile-align-left","12":"ast-product-gallery-layout-horizontal-slider","13":"ast-product-gallery-with-no-image","14":"ast-product-tabs-layout-horizontal","16":"first","17":"instock","18":"taxable","19":"shipping-taxable","20":"purchasable","21":"product-type-simple"},"wcpa_form_fields":null,"brands":[{"id":1018,"name":"Protec\u00e7\u00f5es el\u00e9ctricas Maxge","slug":"maxge"}],"_links":{"self":[{"href":"https:\/\/fvcomponentes.com\/pt\/wp-json\/wp\/v2\/product\/36558","targetHints":{"allow":["GET"]}}],"collection":[{"href":"https:\/\/fvcomponentes.com\/pt\/wp-json\/wp\/v2\/product"}],"about":[{"href":"https:\/\/fvcomponentes.com\/pt\/wp-json\/wp\/v2\/types\/product"}],"replies":[{"embeddable":true,"href":"https:\/\/fvcomponentes.com\/pt\/wp-json\/wp\/v2\/comments?post=36558"}],"wp:featuredmedia":[{"embeddable":true,"href":"https:\/\/fvcomponentes.com\/pt\/wp-json\/wp\/v2\/media\/36780"}],"wp:attachment":[{"href":"https:\/\/fvcomponentes.com\/pt\/wp-json\/wp\/v2\/media?parent=36558"}],"wp:term":[{"taxonomy":"pwb-brand","embeddable":true,"href":"https:\/\/fvcomponentes.com\/pt\/wp-json\/wp\/v2\/pwb-brand?post=36558"},{"taxonomy":"product_brand","embeddable":true,"href":"https:\/\/fvcomponentes.com\/pt\/wp-json\/wp\/v2\/product_brand?post=36558"},{"taxonomy":"product_cat","embeddable":true,"href":"https:\/\/fvcomponentes.com\/pt\/wp-json\/wp\/v2\/product_cat?post=36558"},{"taxonomy":"product_tag","embeddable":true,"href":"https:\/\/fvcomponentes.com\/pt\/wp-json\/wp\/v2\/product_tag?post=36558"}],"curies":[{"name":"wp","href":"https:\/\/api.w.org\/{rel}","templated":true}]}}