{"id":36556,"date":"2026-02-05T15:05:10","date_gmt":"2026-02-05T14:05:10","guid":{"rendered":"https:\/\/fvcomponentes.com\/?post_type=product&#038;p=36556"},"modified":"2026-02-13T11:39:25","modified_gmt":"2026-02-13T10:39:25","slug":"magnetotermico-cc-alpha-250vdc-1p-10a-curva-c-6ka-epb63mdc1c10","status":"publish","type":"product","link":"https:\/\/fvcomponentes.com\/pt\/producto\/magnetotermico-cc-alpha-250vdc-1p-10a-curva-c-6ka-epb63mdc1c10\/","title":{"rendered":"Disjuntor CC Alpha+ 250VDC 1P, 10A, curva C 6kA - EPB63MDC1C10"},"content":{"rendered":"<h2>Disjuntor CC Alpha+ 250VDC 1P, 10A, curva C 6kA - EPB63MDC1C10<\/h2>\n<p>O Maxge Alpha+ 250VDC 1P, 10A DC Circuit Breaker \u00e9 um disjuntor concebido para a prote\u00e7\u00e3o de circuitos de corrente cont\u00ednua (DC).<\/p>\n<p>Com uma tens\u00e3o nominal de 250VDC, uma corrente de 10 amperes e curva C, oferece uma prote\u00e7\u00e3o fi\u00e1vel e eficaz contra sobrecargas e curto-circuitos, combinando sensibilidade, robustez e compatibilidade em instala\u00e7\u00f5es el\u00e9ctricas de baixa tens\u00e3o.<\/p>\n<p>Este disjuntor faz parte da fam\u00edlia Alpha+ DC, caracterizada por componentes adaptados \u00e0s exig\u00eancias particulares da corrente cont\u00ednua.<br \/>\nCombina tamb\u00e9m prote\u00e7\u00e3o t\u00e9rmica e magn\u00e9tica num \u00fanico dispositivo.<\/p>\n<p>Gra\u00e7as \u00e0 sua capacidade de corte de 6kA, o disjuntor pode interromper correntes de defeito elevadas sem comprometer a seguran\u00e7a da instala\u00e7\u00e3o.<br \/>\n\u00c9, portanto, uma solu\u00e7\u00e3o fi\u00e1vel para novas instala\u00e7\u00f5es, bem como para extens\u00f5es ou manuten\u00e7\u00e3o.<\/p>\n<h2>Principais carater\u00edsticas do Alpha+ DC Circuit Breaker 250VDC 1P, 10A<\/h2>\n<h3>Prote\u00e7\u00e3o individual<\/h3>\n<p>Este disjuntor \u00e9 fabricado em <strong>1 p\u00f3lo (1P)<\/strong>, Isto permite a prote\u00e7\u00e3o individual de uma \u00fanica linha ativa em circuitos de corrente cont\u00ednua, facilitando a sua integra\u00e7\u00e3o em sistemas modulares e escal\u00e1veis.<\/p>\n<p>Esta configura\u00e7\u00e3o \u00e9 ideal para linhas simples em sistemas DC, oferecendo uma solu\u00e7\u00e3o compacta e eficiente.<\/p>\n<h3>Utiliza\u00e7\u00e3o t\u00edpica em instala\u00e7\u00f5es dom\u00e9sticas<\/h3>\n<p>Com um <strong>Corrente nominal de 10 amperes<\/strong>, Este disjuntor \u00e9 perfeito para circuitos de consumo moderado, equipamento auxiliar, cargas espec\u00edficas ou ramifica\u00e7\u00f5es individuais em sistemas maiores.<\/p>\n<p>Desde que a instala\u00e7\u00e3o seja efectuada corretamente, o disjuntor garante um funcionamento est\u00e1vel e seguro, sem interrup\u00e7\u00f5es desnecess\u00e1rias.<\/p>\n<h3>Estabilidade sem disparos inc\u00f3modos<\/h3>\n<p>O <strong>curva de queima C<\/strong> permite ao disjuntor suportar picos de corrente moderados, como os que ocorrem quando se ligam determinados aparelhos el\u00e9ctricos, sem provocar disparos desnecess\u00e1rios.<\/p>\n<p>Isto significa menos interrup\u00e7\u00f5es n\u00e3o planeadas, maior comodidade de utiliza\u00e7\u00e3o e uma boa prote\u00e7\u00e3o contra sobrecargas reais e curto-circuitos.<\/p>\n<p>Por conseguinte, a curva C \u00e9 uma das curvas mais utilizadas nas instala\u00e7\u00f5es gerais.<\/p>\n<h3>Alta resist\u00eancia<\/h3>\n<p>O seu <strong>Capacidade de corte de 6 kA<\/strong> significa que este disjuntor \u00e9 capaz de interromper com seguran\u00e7a correntes de curto-circuito at\u00e9 6.000 amperes sem danos ou perda das propriedades de prote\u00e7\u00e3o.<\/p>\n<p>Esta capacidade de rutura proporciona um n\u00edvel adequado de seguran\u00e7a e fiabilidade na maioria das aplica\u00e7\u00f5es CC de baixa\/m\u00e9dia pot\u00eancia.<\/p>\n<p>Por outras palavras, este disjuntor proporciona um n\u00edvel de prote\u00e7\u00e3o fi\u00e1vel para a utiliza\u00e7\u00e3o di\u00e1ria.<\/p>\n<h3>Seguran\u00e7a nas instala\u00e7\u00f5es de corrente cont\u00ednua (CC)<\/h3>\n<p>A interrup\u00e7\u00e3o da corrente cont\u00ednua \u00e9 mais exigente do que a da corrente alternada devido \u00e0 aus\u00eancia de passagem por zero.<\/p>\n<p>Por este motivo, este disjuntor foi concebido com <strong>sistemas de extin\u00e7\u00e3o de arco<\/strong> adequado para DC, garantindo um corte seguro e duradouro.<\/p>\n<p>Como resultado, o Alpha+ DC MCB oferece uma solu\u00e7\u00e3o robusta, fi\u00e1vel e pronta a utilizar para uma prote\u00e7\u00e3o eficaz dos sistemas el\u00e9ctricos de corrente cont\u00ednua.<\/p>\n<h3>Instala\u00e7\u00e3o r\u00e1pida e design pr\u00e1tico<\/h3>\n<p>O Alpha+ DC Circuit Breaker 250VDC 1P, 10A foi concebido para <strong>Montagem em calha DIN<\/strong>, \u00c9 r\u00e1pido e f\u00e1cil de instalar em qualquer quadro el\u00e9trico normal.<\/p>\n<p>O seu <strong>design compacto com 18 mm de largura<\/strong>, O novo sistema, f\u00e1cil de utilizar, ajuda a otimizar o espa\u00e7o dispon\u00edvel no quadro e apresenta <strong>janela para marcador de circuitos<\/strong> y <strong>uma sinaliza\u00e7\u00e3o visual do estado (ligado\/desligado)<\/strong>, O circuito que protege pode ser facilmente identificado.<\/p>\n<p>Al\u00e9m disso, disp\u00f5e de um <strong>terminais<\/strong> que est\u00e3o preparados para cabos adequados a esta corrente (<strong>16mm\u00b2 em cabo flex\u00edvel e 25mm\u00b2 em cabo r\u00edgido<\/strong>).<br \/>\nIsto garante liga\u00e7\u00f5es firmes e seguras.<\/p>\n<h2>Alpha+ 250VDC 1P, 10A, curva em C, disjuntor CC de 6kA - EPB63MDC1C10<\/h2>\n<p>Este disjuntor protege o circuito de duas formas:<\/p>\n<ul>\n<li><strong>Prote\u00e7\u00e3o t\u00e9rmica (sobrecarga):<\/strong> corta a corrente em caso de sobrecarga prolongada, evitando o sobreaquecimento dos cabos e poss\u00edveis danos na instala\u00e7\u00e3o.<\/li>\n<li><strong>Prote\u00e7\u00e3o magn\u00e9tica (curto-circuito):<\/strong> actua quase instantaneamente quando se verifica um curto-circuito forte. Quando isso acontece, este disjuntor corta a alimenta\u00e7\u00e3o el\u00e9ctrica e protege tanto a instala\u00e7\u00e3o como o equipamento ligado.<\/li>\n<\/ul>\n<p>\u00c9 uma solu\u00e7\u00e3o ideal para quadros de distribui\u00e7\u00e3o em casas, pequenas lojas e escrit\u00f3rios, circuitos e tomadas de ilumina\u00e7\u00e3o e protec\u00e7\u00f5es auxiliares.<\/p>\n<h2>Principais vantagens do Alpha+ DC Circuit Breaker 250VDC 1P, 10A<\/h2>\n<p>Este disjuntor apresenta as seguintes vantagens:<\/p>\n<ul>\n<li><strong>Prote\u00e7\u00e3o integrada contra sobrecarga e curto-circuito<\/strong>Combina\u00e7\u00e3o de prote\u00e7\u00e3o t\u00e9rmica e magn\u00e9tica<\/li>\n<li><strong>Funcionamento seguro em corrente cont\u00ednua:<\/strong><span style=\"font-size: 16px\"> garante uma extin\u00e7\u00e3o correta dos arcos el\u00e9ctricos persistentes em corrente cont\u00ednua.<\/span><\/li>\n<li><strong>Curva C equilibrada:<\/strong> adequado para cargas mistas com picos de arranque regulares.<\/li>\n<li><strong>Elevada capacidade de corte:<\/strong> o seu valor de 6 kA permite proteger circuitos com elevados requisitos de seguran\u00e7a.<\/li>\n<li><strong>Instala\u00e7\u00e3o r\u00e1pida e modular:<\/strong> \u00e9 facilmente montado numa calha DIN, permitindo extens\u00f5es organizadas.<\/li>\n<li><strong>Reduz o desgaste por contacto e prolonga a vida \u00fatil:<\/strong> gra\u00e7as a solu\u00e7\u00f5es t\u00e9cnicas de controlo do arco e a geometrias adaptadas.<\/li>\n<\/ul>\n<h2>Informa\u00e7\u00f5es t\u00e9cnicas para Alpha+ DC Circuit Breaker 250VDC 1P, 10A, C-curve 6kA - EPB63MDC1C10<\/h2>\n<p><a href=\"https:\/\/fvcomponentes.com\/wp-content\/uploads\/2026\/02\/es_fichas-tecnicas_ficha_tecnica_epb63mdc-1.pdf\" target=\"_blank\" rel=\"noopener\">Folha de dados do disjuntor Alpha+ 250VDC 1P, 10A DC<\/a><\/p>","protected":false},"excerpt":{"rendered":"<ul>\n<li>Postes: 1<\/li>\n<li>Tens\u00e3o de funcionamento: 250 VDC<\/li>\n<li>Corrente nominal: 10 amperes<\/li>\n<li>Capacidade de corte: 6kA<\/li>\n<li>Tens\u00e3o m\u00ednima de funcionamento: 12V DC<\/li>\n<li>Norma internacional EN\/IEC60947-2<\/li>\n<li>Sinaliza\u00e7\u00e3o do estado local<\/li>\n<li>Janela para marcador de circuito<\/li>\n<li>Dimens\u00f5es: 1 m\u00f3dulo por poste (18mm)<\/li>\n<li>Liga\u00e7\u00e3o de terminais para cabos de cobre: 16mm\u00b2 em cabo flex\u00edvel e 25mm\u00b2 em cabo r\u00edgido<\/li>\n<li>Permite a fixa\u00e7\u00e3o de acess\u00f3rios e dispositivos de controlo<\/li>\n<li>Adequado para seccionamento<\/li>\n<li>Temperatura de funcionamento: de -5\u00baC a + 40\u00baC.<\/li>\n<\/ul>","protected":false},"featured_media":36777,"comment_status":"closed","ping_status":"closed","template":"","meta":{"site-sidebar-layout":"default","site-content-layout":"","ast-site-content-layout":"default","site-content-style":"default","site-sidebar-style":"default","ast-global-header-display":"","ast-banner-title-visibility":"","ast-main-header-display":"","ast-hfb-above-header-display":"","ast-hfb-below-header-display":"","ast-hfb-mobile-header-display":"","site-post-title":"","ast-breadcrumbs-content":"","ast-featured-img":"","footer-sml-layout":"","ast-disable-related-posts":"","theme-transparent-header-meta":"default","adv-header-id-meta":"","stick-header-meta":"","header-above-stick-meta":"","header-main-stick-meta":"","header-below-stick-meta":"","astra-migrate-meta-layouts":"set","ast-page-background-enabled":"default","ast-page-background-meta":{"desktop":{"background-color":"var(--ast-global-color-4)","background-image":"","background-repeat":"repeat","background-position":"center center","background-size":"auto","background-attachment":"scroll","background-type":"","background-media":"","overlay-type":"","overlay-color":"","overlay-opacity":"","overlay-gradient":""},"tablet":{"background-color":"","background-image":"","background-repeat":"repeat","background-position":"center center","background-size":"auto","background-attachment":"scroll","background-type":"","background-media":"","overlay-type":"","overlay-color":"","overlay-opacity":"","overlay-gradient":""},"mobile":{"background-color":"","background-image":"","background-repeat":"repeat","background-position":"center center","background-size":"auto","background-attachment":"scroll","background-type":"","background-media":"","overlay-type":"","overlay-color":"","overlay-opacity":"","overlay-gradient":""}},"ast-content-background-meta":{"desktop":{"background-color":"var(--ast-global-color-5)","background-image":"","background-repeat":"repeat","background-position":"center center","background-size":"auto","background-attachment":"scroll","background-type":"","background-media":"","overlay-type":"","overlay-color":"","overlay-opacity":"","overlay-gradient":""},"tablet":{"background-color":"var(--ast-global-color-5)","background-image":"","background-repeat":"repeat","background-position":"center center","background-size":"auto","background-attachment":"scroll","background-type":"","background-media":"","overlay-type":"","overlay-color":"","overlay-opacity":"","overlay-gradient":""},"mobile":{"background-color":"var(--ast-global-color-5)","background-image":"","background-repeat":"repeat","background-position":"center center","background-size":"auto","background-attachment":"scroll","background-type":"","background-media":"","overlay-type":"","overlay-color":"","overlay-opacity":"","overlay-gradient":""}}},"pwb-brand":[1018],"product_brand":[],"product_cat":[990,410],"product_tag":[],"class_list":{"0":"post-36556","1":"product","2":"type-product","3":"status-publish","4":"has-post-thumbnail","6":"pwb-brand-maxge","7":"product_cat-magnetotermicos","8":"product_cat-material-electrico","9":"desktop-align-left","10":"tablet-align-left","11":"mobile-align-left","12":"ast-product-gallery-layout-horizontal-slider","13":"ast-product-gallery-with-no-image","14":"ast-product-tabs-layout-horizontal","16":"first","17":"instock","18":"taxable","19":"shipping-taxable","20":"purchasable","21":"product-type-simple"},"wcpa_form_fields":null,"brands":[{"id":1018,"name":"Protec\u00e7\u00f5es el\u00e9ctricas Maxge","slug":"maxge"}],"_links":{"self":[{"href":"https:\/\/fvcomponentes.com\/pt\/wp-json\/wp\/v2\/product\/36556","targetHints":{"allow":["GET"]}}],"collection":[{"href":"https:\/\/fvcomponentes.com\/pt\/wp-json\/wp\/v2\/product"}],"about":[{"href":"https:\/\/fvcomponentes.com\/pt\/wp-json\/wp\/v2\/types\/product"}],"replies":[{"embeddable":true,"href":"https:\/\/fvcomponentes.com\/pt\/wp-json\/wp\/v2\/comments?post=36556"}],"wp:featuredmedia":[{"embeddable":true,"href":"https:\/\/fvcomponentes.com\/pt\/wp-json\/wp\/v2\/media\/36777"}],"wp:attachment":[{"href":"https:\/\/fvcomponentes.com\/pt\/wp-json\/wp\/v2\/media?parent=36556"}],"wp:term":[{"taxonomy":"pwb-brand","embeddable":true,"href":"https:\/\/fvcomponentes.com\/pt\/wp-json\/wp\/v2\/pwb-brand?post=36556"},{"taxonomy":"product_brand","embeddable":true,"href":"https:\/\/fvcomponentes.com\/pt\/wp-json\/wp\/v2\/product_brand?post=36556"},{"taxonomy":"product_cat","embeddable":true,"href":"https:\/\/fvcomponentes.com\/pt\/wp-json\/wp\/v2\/product_cat?post=36556"},{"taxonomy":"product_tag","embeddable":true,"href":"https:\/\/fvcomponentes.com\/pt\/wp-json\/wp\/v2\/product_tag?post=36556"}],"curies":[{"name":"wp","href":"https:\/\/api.w.org\/{rel}","templated":true}]}}