{"id":36440,"date":"2026-02-02T10:30:41","date_gmt":"2026-02-02T09:30:41","guid":{"rendered":"https:\/\/fvcomponentes.com\/?post_type=product&#038;p=36440"},"modified":"2026-02-12T14:12:32","modified_gmt":"2026-02-12T13:12:32","slug":"base-de-fusivel-cilindrica-10x38mm-1000vdc-1p-32a-com-indicador-maxge-sgf32xdc","status":"publish","type":"product","link":"https:\/\/fvcomponentes.com\/pt\/producto\/base-portafusibles-cilindricos-10x38mm-1000vdc-1p-32a-con-indicador-maxge-sgf32xdc\/","title":{"rendered":"Base de fus\u00edvel cil\u00edndrica 10x38mm 1000VDC 1P 32A. Com indicador Maxge - SGF32XDC"},"content":{"rendered":"<h2>Base de fus\u00edvel cil\u00edndrica 10x38mm 1000VDC 1P 32A. Com indicador Maxge - SGF32XDC<\/h2>\n<p>A base de fus\u00edvel Maxge SGF32XDC \u00e9 um componente de prote\u00e7\u00e3o el\u00e9ctrica especificamente concebido para sistemas de corrente cont\u00ednua (CC) em instala\u00e7\u00f5es solares e outras aplica\u00e7\u00f5es de alta tens\u00e3o.<\/p>\n<p>Esta tomada foi concebida para fus\u00edveis cil\u00edndricos standard de 10\u00d738 mm e suporta at\u00e9 1000 VDC com uma corrente nominal de 32 amperes, oferecendo assim uma solu\u00e7\u00e3o segura e fi\u00e1vel para a prote\u00e7\u00e3o de sistemas fotovoltaicos.<\/p>\n<p>Al\u00e9m disso, tem um indicador visual incorporado que lhe permite ver se o fus\u00edvel est\u00e1 queimado ou bom sem retirar a base.<br \/>\nIsto facilita a manuten\u00e7\u00e3o e reduz o tempo de revis\u00e3o.<\/p>\n<p>Gra\u00e7as \u00e0 sua constru\u00e7\u00e3o segura, fi\u00e1vel e robusta, garante uma elevada durabilidade e prote\u00e7\u00e3o.<br \/>\nPor conseguinte, \u00e9 adequado para utiliza\u00e7\u00e3o em sistemas fotovoltaicos, baterias de alta tens\u00e3o, inversores, controladores de carga, subesta\u00e7\u00f5es transformadoras e equipamento industrial de corrente cont\u00ednua, ve\u00edculos el\u00e9ctricos e sistemas de tra\u00e7\u00e3o, bem como quadros e pain\u00e9is de distribui\u00e7\u00e3o com carga de corrente cont\u00ednua.<\/p>\n<h2>Carater\u00edsticas e benef\u00edcios da base de fus\u00edveis Maxge SGF32XDC<\/h2>\n<p>Esta base fus\u00edvel tem as seguintes carater\u00edsticas e vantagens<\/p>\n<ul>\n<li><strong>Base de fus\u00edvel monof\u00e1sico (1 p\u00f3lo):<\/strong> protege uma \u00fanica linha em circuitos de corrente cont\u00ednua.<\/li>\n<li><strong>Maior seguran\u00e7a:<\/strong> protege o circuito contra sobreintensidades localizadas, evitando danos em equipamentos sens\u00edveis.<\/li>\n<li><strong>Tens\u00e3o CC suportada elevada (1000 V):<\/strong> funcionamento fi\u00e1vel e seguro em instala\u00e7\u00f5es at\u00e9 1.000 V CC.<\/li>\n<li><strong>Capacidade nominal m\u00e9dia-alta (32 A):<\/strong> adequado para consumo m\u00e9dio\/alto.<\/li>\n<li><strong>Concebido para fus\u00edveis normais de 10\u00d738 mm:<\/strong> formato normalizado f\u00e1cil de encontrar e substituir.<\/li>\n<li><strong>Indicador visual integrado:<\/strong> permite verificar rapidamente o estado do fus\u00edvel.<\/li>\n<li><strong>Montagem simples:<\/strong> preparado para montagem em calha DIN ou em painel.<\/li>\n<li><strong>Conce\u00e7\u00e3o segura e fi\u00e1vel:<\/strong> concebidos para funcionar com seguran\u00e7a em corrente cont\u00ednua.<\/li>\n<\/ul>","protected":false},"excerpt":{"rendered":"<ul>\n<li>Para fus\u00edveis de 10x38mm<\/li>\n<li>Tipo: base de fus\u00edvel 1P<\/li>\n<li>Tens\u00e3o de isolamento Ui: 1000V<\/li>\n<li>Corrente nominal: 32 A<\/li>\n<li>Liga\u00e7\u00e3o em terminais de caixa para cabos de cobre: 25 mm2<\/li>\n<li>Resili\u00eancia:<br \/>\n- El\u00e9trico: 1500 manobras<br \/>\n- Mec\u00e2nica: 8500 manobras<\/li>\n<li>Grau de prote\u00e7\u00e3o: IP20<\/li>\n<li>Norma: IEC 60269-6<\/li>\n<\/ul>","protected":false},"featured_media":36768,"comment_status":"closed","ping_status":"closed","template":"","meta":{"site-sidebar-layout":"default","site-content-layout":"","ast-site-content-layout":"default","site-content-style":"default","site-sidebar-style":"default","ast-global-header-display":"","ast-banner-title-visibility":"","ast-main-header-display":"","ast-hfb-above-header-display":"","ast-hfb-below-header-display":"","ast-hfb-mobile-header-display":"","site-post-title":"","ast-breadcrumbs-content":"","ast-featured-img":"","footer-sml-layout":"","ast-disable-related-posts":"","theme-transparent-header-meta":"default","adv-header-id-meta":"","stick-header-meta":"","header-above-stick-meta":"","header-main-stick-meta":"","header-below-stick-meta":"","astra-migrate-meta-layouts":"set","ast-page-background-enabled":"default","ast-page-background-meta":{"desktop":{"background-color":"var(--ast-global-color-4)","background-image":"","background-repeat":"repeat","background-position":"center center","background-size":"auto","background-attachment":"scroll","background-type":"","background-media":"","overlay-type":"","overlay-color":"","overlay-opacity":"","overlay-gradient":""},"tablet":{"background-color":"","background-image":"","background-repeat":"repeat","background-position":"center center","background-size":"auto","background-attachment":"scroll","background-type":"","background-media":"","overlay-type":"","overlay-color":"","overlay-opacity":"","overlay-gradient":""},"mobile":{"background-color":"","background-image":"","background-repeat":"repeat","background-position":"center center","background-size":"auto","background-attachment":"scroll","background-type":"","background-media":"","overlay-type":"","overlay-color":"","overlay-opacity":"","overlay-gradient":""}},"ast-content-background-meta":{"desktop":{"background-color":"var(--ast-global-color-5)","background-image":"","background-repeat":"repeat","background-position":"center center","background-size":"auto","background-attachment":"scroll","background-type":"","background-media":"","overlay-type":"","overlay-color":"","overlay-opacity":"","overlay-gradient":""},"tablet":{"background-color":"var(--ast-global-color-5)","background-image":"","background-repeat":"repeat","background-position":"center center","background-size":"auto","background-attachment":"scroll","background-type":"","background-media":"","overlay-type":"","overlay-color":"","overlay-opacity":"","overlay-gradient":""},"mobile":{"background-color":"var(--ast-global-color-5)","background-image":"","background-repeat":"repeat","background-position":"center center","background-size":"auto","background-attachment":"scroll","background-type":"","background-media":"","overlay-type":"","overlay-color":"","overlay-opacity":"","overlay-gradient":""}}},"pwb-brand":[1018],"product_brand":[],"product_cat":[988,410],"product_tag":[],"class_list":{"0":"post-36440","1":"product","2":"type-product","3":"status-publish","4":"has-post-thumbnail","6":"pwb-brand-maxge","7":"product_cat-portafusibles","8":"product_cat-material-electrico","9":"desktop-align-left","10":"tablet-align-left","11":"mobile-align-left","12":"ast-product-gallery-layout-horizontal-slider","13":"ast-product-tabs-layout-horizontal","15":"first","16":"instock","17":"taxable","18":"shipping-taxable","19":"purchasable","20":"product-type-simple"},"wcpa_form_fields":null,"brands":[{"id":1018,"name":"Protec\u00e7\u00f5es el\u00e9ctricas Maxge","slug":"maxge"}],"_links":{"self":[{"href":"https:\/\/fvcomponentes.com\/pt\/wp-json\/wp\/v2\/product\/36440","targetHints":{"allow":["GET"]}}],"collection":[{"href":"https:\/\/fvcomponentes.com\/pt\/wp-json\/wp\/v2\/product"}],"about":[{"href":"https:\/\/fvcomponentes.com\/pt\/wp-json\/wp\/v2\/types\/product"}],"replies":[{"embeddable":true,"href":"https:\/\/fvcomponentes.com\/pt\/wp-json\/wp\/v2\/comments?post=36440"}],"wp:featuredmedia":[{"embeddable":true,"href":"https:\/\/fvcomponentes.com\/pt\/wp-json\/wp\/v2\/media\/36768"}],"wp:attachment":[{"href":"https:\/\/fvcomponentes.com\/pt\/wp-json\/wp\/v2\/media?parent=36440"}],"wp:term":[{"taxonomy":"pwb-brand","embeddable":true,"href":"https:\/\/fvcomponentes.com\/pt\/wp-json\/wp\/v2\/pwb-brand?post=36440"},{"taxonomy":"product_brand","embeddable":true,"href":"https:\/\/fvcomponentes.com\/pt\/wp-json\/wp\/v2\/product_brand?post=36440"},{"taxonomy":"product_cat","embeddable":true,"href":"https:\/\/fvcomponentes.com\/pt\/wp-json\/wp\/v2\/product_cat?post=36440"},{"taxonomy":"product_tag","embeddable":true,"href":"https:\/\/fvcomponentes.com\/pt\/wp-json\/wp\/v2\/product_tag?post=36440"}],"curies":[{"name":"wp","href":"https:\/\/api.w.org\/{rel}","templated":true}]}}