{"id":36436,"date":"2026-02-02T10:24:12","date_gmt":"2026-02-02T09:24:12","guid":{"rendered":"https:\/\/fvcomponentes.com\/?post_type=product&#038;p=36436"},"modified":"2026-02-11T15:26:48","modified_gmt":"2026-02-11T14:26:48","slug":"fusivel-cilindrico-10x38mm-16a-1000vdc-especial-fotovoltaico-maxge-mg10pv16","status":"publish","type":"product","link":"https:\/\/fvcomponentes.com\/pt\/producto\/fusible-cilindrico-10x38mm-16a-1000vdc-especial-fotovoltaica-maxge-mg10pv16\/","title":{"rendered":"Fus\u00edvel cil\u00edndrico 10x38mm 16A 1000VDC - Especial fotovoltaico - Maxge MG10PV16"},"content":{"rendered":"<h2>Fus\u00edvel cil\u00edndrico 10x38mm 16A 1000VDC - Especial fotovoltaico - Maxge MG10PV16<\/h2>\n<p>O fus\u00edvel cil\u00edndrico Maxge 10x38mm 16A 1000VDC \u00e9 um fus\u00edvel de prote\u00e7\u00e3o el\u00e9ctrica especialmente concebido para sistemas fotovoltaicos.<br \/>\nFoi concebido para proteger os circuitos de corrente cont\u00ednua (CC) contra sobreintensidades e curto-circuitos em instala\u00e7\u00f5es solares de m\u00e9dia e alta pot\u00eancia.<\/p>\n<p>Este fus\u00edvel foi concebido para desligar o circuito quando o limite de corrente \u00e9 ultrapassado, evitando danos nos cabos, inversores ou equipamentos solares e protegendo os pain\u00e9is solares e as cadeias fotovoltaicas.<\/p>\n<p>Tem tamb\u00e9m a fun\u00e7\u00e3o de isolar um fio defeituoso numa instala\u00e7\u00e3o e reduzir o risco de inc\u00eandio em caso de avaria.<\/p>\n<p>Gra\u00e7as \u00e0 sua <strong>formato standard 10\u00d738 mm<\/strong>, seu <strong>corrente nominal 16 amperes<\/strong> e a sua <strong>tens\u00e3o m\u00e1xima de 1000V<\/strong> \u00e9 uma solu\u00e7\u00e3o ideal para proteger os fios dos pain\u00e9is solares e outros componentes de instala\u00e7\u00e3o em sistemas solares residenciais, comerciais e industriais.<\/p>\n<p>Este tipo de fus\u00edvel foi especificamente concebido para funcionar em ambientes de energia solar, onde as condi\u00e7\u00f5es el\u00e9ctricas s\u00e3o mais exigentes do que nas instala\u00e7\u00f5es CA convencionais.<\/p>\n<p>\u00c9 normalmente instalado no lado CC, dentro de caixas combinadoras ou pain\u00e9is de prote\u00e7\u00e3o a montante do inversor.<\/p>\n<p>Em suma, o fus\u00edvel cil\u00edndrico Maxge 10x38mm 16A 1000VDC \u00e9 uma solu\u00e7\u00e3o segura e espec\u00edfica para a prote\u00e7\u00e3o de instala\u00e7\u00f5es fotovoltaicas.<br \/>\nIsto assegura o funcionamento correto das cadeias solares e aumenta a seguran\u00e7a do sistema contra falhas de energia CC.<\/p>","protected":false},"excerpt":{"rendered":"<ul>\n<li><strong>Intensidade m\u00e1xima:<\/strong> 16A<\/li>\n<li><strong>Tens\u00e3o m\u00e1xima:<\/strong> 1000V<\/li>\n<li><strong>Poder de corte:<\/strong> 20kA<\/li>\n<li><strong>Medidas:<\/strong> 10 mm de di\u00e2metro \u00d7 38 mm de comprimento<\/li>\n<li><strong>Padr\u00e3o:<\/strong> IEC60269-6<\/li>\n<li><strong>Especialmente para corrente cont\u00ednua e energia fotovoltaica<\/strong><\/li>\n<\/ul>","protected":false},"featured_media":36715,"comment_status":"closed","ping_status":"closed","template":"","meta":{"site-sidebar-layout":"default","site-content-layout":"","ast-site-content-layout":"default","site-content-style":"default","site-sidebar-style":"default","ast-global-header-display":"","ast-banner-title-visibility":"","ast-main-header-display":"","ast-hfb-above-header-display":"","ast-hfb-below-header-display":"","ast-hfb-mobile-header-display":"","site-post-title":"","ast-breadcrumbs-content":"","ast-featured-img":"","footer-sml-layout":"","ast-disable-related-posts":"","theme-transparent-header-meta":"default","adv-header-id-meta":"","stick-header-meta":"","header-above-stick-meta":"","header-main-stick-meta":"","header-below-stick-meta":"","astra-migrate-meta-layouts":"set","ast-page-background-enabled":"default","ast-page-background-meta":{"desktop":{"background-color":"var(--ast-global-color-4)","background-image":"","background-repeat":"repeat","background-position":"center center","background-size":"auto","background-attachment":"scroll","background-type":"","background-media":"","overlay-type":"","overlay-color":"","overlay-opacity":"","overlay-gradient":""},"tablet":{"background-color":"","background-image":"","background-repeat":"repeat","background-position":"center center","background-size":"auto","background-attachment":"scroll","background-type":"","background-media":"","overlay-type":"","overlay-color":"","overlay-opacity":"","overlay-gradient":""},"mobile":{"background-color":"","background-image":"","background-repeat":"repeat","background-position":"center center","background-size":"auto","background-attachment":"scroll","background-type":"","background-media":"","overlay-type":"","overlay-color":"","overlay-opacity":"","overlay-gradient":""}},"ast-content-background-meta":{"desktop":{"background-color":"var(--ast-global-color-5)","background-image":"","background-repeat":"repeat","background-position":"center center","background-size":"auto","background-attachment":"scroll","background-type":"","background-media":"","overlay-type":"","overlay-color":"","overlay-opacity":"","overlay-gradient":""},"tablet":{"background-color":"var(--ast-global-color-5)","background-image":"","background-repeat":"repeat","background-position":"center center","background-size":"auto","background-attachment":"scroll","background-type":"","background-media":"","overlay-type":"","overlay-color":"","overlay-opacity":"","overlay-gradient":""},"mobile":{"background-color":"var(--ast-global-color-5)","background-image":"","background-repeat":"repeat","background-position":"center center","background-size":"auto","background-attachment":"scroll","background-type":"","background-media":"","overlay-type":"","overlay-color":"","overlay-opacity":"","overlay-gradient":""}}},"pwb-brand":[1018],"product_brand":[],"product_cat":[987,862,410],"product_tag":[],"class_list":{"0":"post-36436","1":"product","2":"type-product","3":"status-publish","4":"has-post-thumbnail","6":"pwb-brand-maxge","7":"product_cat-fusibles-cilindricos","8":"product_cat-fusibles","9":"product_cat-material-electrico","10":"desktop-align-left","11":"tablet-align-left","12":"mobile-align-left","13":"ast-product-gallery-layout-horizontal-slider","14":"ast-product-gallery-with-no-image","15":"ast-product-tabs-layout-horizontal","17":"first","18":"instock","19":"taxable","20":"shipping-taxable","21":"purchasable","22":"product-type-simple"},"wcpa_form_fields":null,"brands":[{"id":1018,"name":"Protec\u00e7\u00f5es el\u00e9ctricas Maxge","slug":"maxge"}],"_links":{"self":[{"href":"https:\/\/fvcomponentes.com\/pt\/wp-json\/wp\/v2\/product\/36436","targetHints":{"allow":["GET"]}}],"collection":[{"href":"https:\/\/fvcomponentes.com\/pt\/wp-json\/wp\/v2\/product"}],"about":[{"href":"https:\/\/fvcomponentes.com\/pt\/wp-json\/wp\/v2\/types\/product"}],"replies":[{"embeddable":true,"href":"https:\/\/fvcomponentes.com\/pt\/wp-json\/wp\/v2\/comments?post=36436"}],"wp:featuredmedia":[{"embeddable":true,"href":"https:\/\/fvcomponentes.com\/pt\/wp-json\/wp\/v2\/media\/36715"}],"wp:attachment":[{"href":"https:\/\/fvcomponentes.com\/pt\/wp-json\/wp\/v2\/media?parent=36436"}],"wp:term":[{"taxonomy":"pwb-brand","embeddable":true,"href":"https:\/\/fvcomponentes.com\/pt\/wp-json\/wp\/v2\/pwb-brand?post=36436"},{"taxonomy":"product_brand","embeddable":true,"href":"https:\/\/fvcomponentes.com\/pt\/wp-json\/wp\/v2\/product_brand?post=36436"},{"taxonomy":"product_cat","embeddable":true,"href":"https:\/\/fvcomponentes.com\/pt\/wp-json\/wp\/v2\/product_cat?post=36436"},{"taxonomy":"product_tag","embeddable":true,"href":"https:\/\/fvcomponentes.com\/pt\/wp-json\/wp\/v2\/product_tag?post=36436"}],"curies":[{"name":"wp","href":"https:\/\/api.w.org\/{rel}","templated":true}]}}