{"id":3641,"date":"2021-07-28T11:04:51","date_gmt":"2021-07-28T09:04:51","guid":{"rendered":"https:\/\/fvcomponentes.com\/producto\/bateria-de-litio-victron-superpack-12-8v-60ah-m6-bat512060705\/"},"modified":"2026-01-15T10:09:34","modified_gmt":"2026-01-15T09:09:34","slug":"victron-superpack-12-8v-60ah-m6-bateria-de-litio-bat512060705","status":"publish","type":"product","link":"https:\/\/fvcomponentes.com\/pt\/producto\/bateria-de-litio-victron-superpack-12-8v-60ah-m6-bat512060705\/","title":{"rendered":"Bateria de l\u00edtio Victron SuperPack 12.8V-60Ah (M6) - BAT512060705"},"content":{"rendered":"<h2>Bateria de l\u00edtio Victron SuperPack 12.8V-60Ah (M6)<\/h2>\n<h2>BMS integrado e interrutor de seguran\u00e7a<\/h2>\n<p>As baterias da s\u00e9rie SuperPack, como a bateria de l\u00edtio Victron SuperPack 12.8V-60Ah, s\u00e3o muito f\u00e1ceis de instalar e n\u00e3o requerem componentes adicionais.<br \/>\nO interrutor interno desliga a bateria em caso de descarga excessiva, sobrecarga ou temperatura demasiado baixa ou demasiado alta.<\/p>\n<h3>\u00c0 prova de abusos<\/h3>\n<p>Uma pilha de chumbo-\u00e1cido ir\u00e1 falhar prematuramente devido \u00e0 sulfata\u00e7\u00e3o:<br \/>\n- se funcionar em modo de d\u00e9fice durante longos per\u00edodos de tempo (ou seja, se a bateria raramente ou nunca estiver totalmente carregada).<br \/>\n- se for deixado parcialmente descarregado ou, pior ainda, completamente descarregado.<\/p>\n<p>Uma bateria de i\u00f5es de l\u00edtio n\u00e3o precisa de ser totalmente carregada. A sua vida \u00fatil ser\u00e1 mesmo melhorada se for carregada parcialmente, em vez de totalmente. Esta \u00e9 uma vantagem decisiva das baterias de i\u00f5es de l\u00edtio em rela\u00e7\u00e3o \u00e0s baterias de chumbo-\u00e1cido.<\/p>\n<p>Baterias SuperPack da <a href=\"https:\/\/www.victronenergy.com.es\/\" target=\"_blank\" rel=\"noopener\">Victron<\/a> deve cortar a corrente de carga ou de descarga quando a capacidade nominal m\u00e1xima for excedida.<\/p>\n<h3>Eficiente<\/h3>\n<p>Em algumas aplica\u00e7\u00f5es (especialmente fora da rede), a efici\u00eancia energ\u00e9tica pode ser de import\u00e2ncia crucial.<br \/>\nA efici\u00eancia energ\u00e9tica do ciclo completo (descarga de 100 % para 0 % e recarga para 100 %) de uma bateria t\u00edpica de chumbo-\u00e1cido \u00e9 de 80 %.<br \/>\nA efici\u00eancia de ciclo completo de uma bateria de i\u00f5es de l\u00edtio \u00e9 de 92 %.<\/p>\n<p>O processo de carregamento das baterias de chumbo-\u00e1cido torna-se particularmente ineficiente quando se atinge o estado de carga de 80 %, resultando em efici\u00eancias de 50 % ou mesmo inferiores em sistemas solares em que s\u00e3o necess\u00e1rios v\u00e1rios dias de reserva de energia (baterias a funcionar entre 70 % e 100 % de carga).<\/p>\n<p>Em contraste, uma bateria de i\u00f5es de l\u00edtio ainda atingir\u00e1 uma efici\u00eancia de 90 % em condi\u00e7\u00f5es de descarga moderada.<\/p>\n<h3>Pode ser ligado em paralelo<\/h3>\n<p>As baterias podem ser ligadas em paralelo. A liga\u00e7\u00e3o em s\u00e9rie n\u00e3o \u00e9 poss\u00edvel.<br \/>\nUtilizar apenas na posi\u00e7\u00e3o vertical.<\/p>\n<h2>Ficha t\u00e9cnica Bateria de l\u00edtio Victron SuperPack 12.8V-60Ah (M6) - BAT512060705<\/h2>\n<p><a href=\"https:\/\/fvcomponentes.com\/wp-content\/uploads\/2021\/07\/Datasheet-128V-256-Lithium-SuperPack-ES-1.pdf\" target=\"_blank\" rel=\"noopener\">Ver ficha t\u00e9cnica da bateria de l\u00edtio Victron SuperPack 12.8V-60Ah (M6) - BAT512060705<\/a><\/p>","protected":false},"excerpt":{"rendered":"<ul>\n<li><strong>Tens\u00e3o nominal:<\/strong> 12.8 V<\/li>\n<li><strong>Capacidade nominal a 25\u00ba:<\/strong> 60 Ah<\/li>\n<li><strong>N\u00famero de ciclos para 80%: <\/strong>2500<\/li>\n<li><strong>Corrente de carga m\u00e1xima:<\/strong> 30 A<\/li>\n<\/ul>\n<p>&nbsp;<\/p>\n<p>&nbsp;<\/p>","protected":false},"featured_media":3642,"comment_status":"open","ping_status":"closed","template":"","meta":{"site-sidebar-layout":"default","site-content-layout":"default","ast-site-content-layout":"default","site-content-style":"default","site-sidebar-style":"default","ast-global-header-display":"","ast-banner-title-visibility":"","ast-main-header-display":"","ast-hfb-above-header-display":"","ast-hfb-below-header-display":"","ast-hfb-mobile-header-display":"","site-post-title":"","ast-breadcrumbs-content":"","ast-featured-img":"","footer-sml-layout":"","ast-disable-related-posts":"","theme-transparent-header-meta":"default","adv-header-id-meta":"","stick-header-meta":"","header-above-stick-meta":"","header-main-stick-meta":"","header-below-stick-meta":"","astra-migrate-meta-layouts":"set","ast-page-background-enabled":"default","ast-page-background-meta":{"desktop":{"background-color":"var(--ast-global-color-4)","background-image":"","background-repeat":"repeat","background-position":"center center","background-size":"auto","background-attachment":"scroll","background-type":"","background-media":"","overlay-type":"","overlay-color":"","overlay-opacity":"","overlay-gradient":""},"tablet":{"background-color":"","background-image":"","background-repeat":"repeat","background-position":"center center","background-size":"auto","background-attachment":"scroll","background-type":"","background-media":"","overlay-type":"","overlay-color":"","overlay-opacity":"","overlay-gradient":""},"mobile":{"background-color":"","background-image":"","background-repeat":"repeat","background-position":"center center","background-size":"auto","background-attachment":"scroll","background-type":"","background-media":"","overlay-type":"","overlay-color":"","overlay-opacity":"","overlay-gradient":""}},"ast-content-background-meta":{"desktop":{"background-color":"var(--ast-global-color-5)","background-image":"","background-repeat":"repeat","background-position":"center center","background-size":"auto","background-attachment":"scroll","background-type":"","background-media":"","overlay-type":"","overlay-color":"","overlay-opacity":"","overlay-gradient":""},"tablet":{"background-color":"var(--ast-global-color-5)","background-image":"","background-repeat":"repeat","background-position":"center center","background-size":"auto","background-attachment":"scroll","background-type":"","background-media":"","overlay-type":"","overlay-color":"","overlay-opacity":"","overlay-gradient":""},"mobile":{"background-color":"var(--ast-global-color-5)","background-image":"","background-repeat":"repeat","background-position":"center center","background-size":"auto","background-attachment":"scroll","background-type":"","background-media":"","overlay-type":"","overlay-color":"","overlay-opacity":"","overlay-gradient":""}}},"pwb-brand":[332],"product_brand":[],"product_cat":[431,340],"product_tag":[],"class_list":{"0":"post-3641","1":"product","2":"type-product","3":"status-publish","4":"has-post-thumbnail","6":"pwb-brand-victron","7":"product_cat-baterias-litio-12v","8":"product_cat-baterias","9":"product_shipping_class-baterias","10":"desktop-align-left","11":"tablet-align-left","12":"mobile-align-left","13":"ast-product-gallery-layout-horizontal-slider","14":"ast-product-tabs-layout-horizontal","16":"first","17":"instock","18":"taxable","19":"shipping-taxable","20":"purchasable","21":"product-type-simple"},"wcpa_form_fields":null,"brands":[{"id":332,"name":"Victron Energia","slug":"victron"}],"_links":{"self":[{"href":"https:\/\/fvcomponentes.com\/pt\/wp-json\/wp\/v2\/product\/3641","targetHints":{"allow":["GET"]}}],"collection":[{"href":"https:\/\/fvcomponentes.com\/pt\/wp-json\/wp\/v2\/product"}],"about":[{"href":"https:\/\/fvcomponentes.com\/pt\/wp-json\/wp\/v2\/types\/product"}],"replies":[{"embeddable":true,"href":"https:\/\/fvcomponentes.com\/pt\/wp-json\/wp\/v2\/comments?post=3641"}],"wp:featuredmedia":[{"embeddable":true,"href":"https:\/\/fvcomponentes.com\/pt\/wp-json\/wp\/v2\/media\/3642"}],"wp:attachment":[{"href":"https:\/\/fvcomponentes.com\/pt\/wp-json\/wp\/v2\/media?parent=3641"}],"wp:term":[{"taxonomy":"pwb-brand","embeddable":true,"href":"https:\/\/fvcomponentes.com\/pt\/wp-json\/wp\/v2\/pwb-brand?post=3641"},{"taxonomy":"product_brand","embeddable":true,"href":"https:\/\/fvcomponentes.com\/pt\/wp-json\/wp\/v2\/product_brand?post=3641"},{"taxonomy":"product_cat","embeddable":true,"href":"https:\/\/fvcomponentes.com\/pt\/wp-json\/wp\/v2\/product_cat?post=3641"},{"taxonomy":"product_tag","embeddable":true,"href":"https:\/\/fvcomponentes.com\/pt\/wp-json\/wp\/v2\/product_tag?post=3641"}],"curies":[{"name":"wp","href":"https:\/\/api.w.org\/{rel}","templated":true}]}}