{"id":36312,"date":"2026-01-29T20:22:09","date_gmt":"2026-01-29T19:22:09","guid":{"rendered":"https:\/\/fvcomponentes.com\/?post_type=product&#038;p=36312"},"modified":"2026-01-30T12:28:44","modified_gmt":"2026-01-30T11:28:44","slug":"pytes-pi-lv1-512v-1024kwh-lifepo4-bateria-de-litio-pytes-pi-lv1-512v-1024kwh-lifepo4","status":"publish","type":"product","link":"https:\/\/fvcomponentes.com\/pt\/producto\/bateria-de-litio-pytes-pi-lv1-512v-1024kwh-lifepo4\/","title":{"rendered":"Bateria de l\u00edtio LiFePO4 Pytes Pi LV1 de 51,2V\/10,24kWh"},"content":{"rendered":"<h2>Bateria de l\u00edtio LiFePO4 Pytes Pi LV1 de 51,2V\/10,24kWh<\/h2>\n<p>A bateria Pi LV1 \u00e9 uma solu\u00e7\u00e3o de armazenamento de energia compacta, robusta e expans\u00edvel. Combina alta seguran\u00e7a, f\u00e1cil instala\u00e7\u00e3o e escalabilidade.<br \/>\nDestina-se a instala\u00e7\u00f5es residenciais e comerciais.<\/p>\n<p>\u00c9 ideal para maximizar o autoconsumo solar, garantir uma reserva de energia fi\u00e1vel ou conceber sistemas modulares com maior capacidade.<\/p>\n<p>A sua tecnologia LiFePO\u2084 (fosfato de ferro-l\u00edtio) oferece elevada seguran\u00e7a, longa dura\u00e7\u00e3o e estabilidade t\u00e9rmica, mesmo em ambientes agressivos.<br \/>\nO seu design \"plug-and-play\" e a sua compatibilidade com os sistemas h\u00edbridos modernos tornam-no atrativo.<br \/>\n\u00c9 perfeito para quem procura um armazenamento eficiente, fi\u00e1vel e escal\u00e1vel.<\/p>\n<p>O Pytes Pi LV1 10,24 kWh tem uma tens\u00e3o nominal de 51,2 V e uma capacidade de 200 Ah. Proporciona um armazenamento de energia fi\u00e1vel e eficiente.<br \/>\nO m\u00f3dulo \u00e9 escal\u00e1vel, permitindo a liga\u00e7\u00e3o de v\u00e1rias unidades em paralelo. Isto aumenta a capacidade de armazenamento.<\/p>\n<p>O seu sistema de gest\u00e3o avan\u00e7ado (BMS) garante um funcionamento seguro. Monitoriza o equil\u00edbrio das c\u00e9lulas, a tens\u00e3o e a temperatura.<br \/>\nAl\u00e9m disso, oferece prote\u00e7\u00e3o contra sobrecargas, descargas excessivas e curto-circuitos.<\/p>\n<h2>Carater\u00edsticas da bateria do Pytes Pi LV1<\/h2>\n<h3>Design modular e empilh\u00e1vel<\/h3>\n<p>A bateria Pi LV1 foi concebida para ser modular e empilh\u00e1vel.<\/p>\n<p>Especificamente, esta configura\u00e7\u00e3o do m\u00f3dulo de bateria Pytes Pi LV1 tem uma capacidade de 10,24 kWh, oferecendo uma solu\u00e7\u00e3o de armazenamento de energia vers\u00e1til e escal\u00e1vel.<\/p>\n<p>Al\u00e9m disso, a sua conce\u00e7\u00e3o n\u00e3o s\u00f3 responde \u00e0s necessidades dos sistemas solares dom\u00e9sticos, como tamb\u00e9m permite uma maior pot\u00eancia cont\u00ednua e picos eficientes quando v\u00e1rios m\u00f3dulos s\u00e3o combinados.<\/p>\n<h3>Tecnologia avan\u00e7ada e seguran\u00e7a<\/h3>\n<p>A bateria do Pytes Pi LV1 utiliza c\u00e9lulas LFP (LiFePO\u2084), conhecidas pela sua estabilidade t\u00e9rmica, menor risco de sobreaquecimento e durabilidade superior em rela\u00e7\u00e3o a outros produtos qu\u00edmicos de l\u00edtio.<\/p>\n<p>Tem uma estrutura interna robusta com BMS incorporado (testado no terreno no m\u00f3dulo individual).<br \/>\nProtege contra sobrecargas, sobrecorrentes e desequil\u00edbrio das c\u00e9lulas, proporcionando um funcionamento fi\u00e1vel e seguro.<\/p>\n<p>Al\u00e9m disso, um interrutor e fus\u00edveis est\u00e3o integrados, simplificando a prote\u00e7\u00e3o e manuten\u00e7\u00e3o do sistema.<\/p>\n<p>O Pi LV1 possui a certifica\u00e7\u00e3o UL9540A em grande escala. Isto garante um n\u00edvel mais elevado de seguran\u00e7a e prote\u00e7\u00e3o.<br \/>\nTamb\u00e9m simplifica o processo de licenciamento com as autoridades locais competentes (AHJ) para aprova\u00e7\u00f5es mais r\u00e1pidas e f\u00e1ceis.<\/p>\n<h3>Escalabilidade e configura\u00e7\u00e3o<\/h3>\n<p>A bateria Pi LV1 pode ser expandida com m\u00f3dulos adicionais em paralelo, em particular a bateria de 10,24 kWh tem dois m\u00f3dulos de 5,12 kWh.<\/p>\n<p>Ao aumentar o n\u00famero de unidades, a capacidade m\u00e1xima de descarga e a pot\u00eancia utiliz\u00e1vel do sistema completo tamb\u00e9m aumentam. Assim, adapta-se a cargas mais elevadas<\/p>\n<h3>Dura\u00e7\u00e3o e efic\u00e1cia<\/h3>\n<p>Esta bateria tem um ciclo de vida de \u22656000 ciclos a 90 % de profundidade de descarga (DOD), o que se traduz em muitos anos de funcionamento di\u00e1rio com muito pouca degrada\u00e7\u00e3o.<\/p>\n<p>A sua efici\u00eancia de ciclo \u00e9 superior \u00e0 do 95%, o que significa que quase toda a energia de entrada pode ser recuperada aquando da descarga.<\/p>\n<p>O Pi LV1 funciona em ambientes moderadamente frios a quentes, com especifica\u00e7\u00f5es t\u00edpicas alargadas pelo design t\u00e9rmico da bateria.<\/p>\n<p>Al\u00e9m disso, inclui uma garantia de 10 anos com apoio do fabricante.<\/p>\n<h3>Adequado para utiliza\u00e7\u00e3o no exterior<\/h3>\n<p>A bateria Pytes Pi LV1 est\u00e1 equipada com um n\u00edvel de prote\u00e7\u00e3o IP55, o que significa que \u00e9 \u00e0 prova de \u00e1gua e de poeira.<br \/>\n\u00c9 adequado para utiliza\u00e7\u00e3o em interiores e exteriores e adapta-se a v\u00e1rios cen\u00e1rios de aplica\u00e7\u00e3o.<\/p>\n<h3>Monitor inteligente<\/h3>\n<p>O monitor inteligente especializado da Pytes permite a monitoriza\u00e7\u00e3o em tempo real da opera\u00e7\u00e3o.<br \/>\nFacilita as actualiza\u00e7\u00f5es remotas sem falhas, minimizando os problemas p\u00f3s-venda.<\/p>\n<h3>Instala\u00e7\u00e3o<\/h3>\n<p>A bateria Pi LV1 \u00e9 f\u00e1cil de instalar porque possui um conetor r\u00e1pido e tem um design Plug and Play.<br \/>\nIsto simplifica o processo de instala\u00e7\u00e3o, eliminando a necessidade de cablagem manual.<\/p>\n<p>O seu tamanho compacto e peso reduzido permitem que a instala\u00e7\u00e3o seja conclu\u00edda em apenas 15 minutos.<\/p>\n<h3>Conectividade<\/h3>\n<p>O Pytes Pi LV1 possui protocolos de comunica\u00e7\u00e3o CAN e RS485.<br \/>\nIsto facilita a integra\u00e7\u00e3o com sistemas inteligentes de gest\u00e3o de energia.<\/p>\n<p>Tamb\u00e9m permite que a bateria transmita dados sobre o estado da carga, a temperatura e o alarme ao inversor ou \u00e0 plataforma de monitoriza\u00e7\u00e3o.<\/p>\n<h2>Compatibilidade com a bateria de l\u00edtio Pytes Pi LV1<\/h2>\n<p>A bateria Pi LV1 \u00e9 compat\u00edvel com uma vasta gama de inversores, incluindo Victron Energy, GROWATT, solis, APsystems, EG4, phocos, Deye, ALTENERGY POWER, Solar, hoymiles, Solarplanet, SRNE, Sol-Ark, LUX POWERTEK, MEGAREVO, STUDER e Voltronic Power.<\/p>\n<h2>Especifica\u00e7\u00f5es t\u00e9cnicas da bateria de l\u00edtio LiFePO4 Pytes Pi LV1 de 51,2V\/10,24kWh<\/h2>\n<table>\n<thead>\n<tr>\n<th><strong>Carater\u00edstica<\/strong><\/th>\n<th><strong>Valor<\/strong><\/th>\n<\/tr>\n<\/thead>\n<tbody>\n<tr>\n<td><strong>Modelo<\/strong><\/td>\n<td>Pi LV1 (configura\u00e7\u00e3o de 2 m\u00f3dulos)<\/td>\n<\/tr>\n<tr>\n<td><strong>Tipo de bateria \/ qu\u00edmica<\/strong><\/td>\n<td>LiFePO4 (LFP)<\/td>\n<\/tr>\n<tr>\n<td><strong>Tens\u00e3o nominal<\/strong><\/td>\n<td>51,2 V<\/td>\n<\/tr>\n<tr>\n<td><strong>Gama de tens\u00f5es de funcionamento<\/strong><\/td>\n<td>47,5 - 56,8 V<\/td>\n<\/tr>\n<tr>\n<td><strong>Capacidade nominal<\/strong><\/td>\n<td>200 Ah<\/td>\n<\/tr>\n<tr>\n<td><strong>Energia nominal<\/strong><\/td>\n<td>10,24 kWh<\/td>\n<\/tr>\n<tr>\n<td><strong>Corrente de carga e descarga cont\u00ednua recomendada<\/strong><\/td>\n<td>100 A<\/td>\n<\/tr>\n<tr>\n<td><strong>Pot\u00eancia recomendada<\/strong><\/td>\n<td>5,12 kW<\/td>\n<\/tr>\n<tr>\n<td><strong>Efici\u00eancia do sistema<\/strong><\/td>\n<td>95 %<\/td>\n<\/tr>\n<tr>\n<td><strong>Ciclos de vida estimados<\/strong><\/td>\n<td>\u00a06000 ciclos (a 25 \u00b0C, ~90 % DoD)<\/td>\n<\/tr>\n<tr>\n<td><strong>N\u00edvel de prote\u00e7\u00e3o<\/strong><\/td>\n<td>IP55 (prote\u00e7\u00e3o contra poeira e \u00e1gua)<\/td>\n<\/tr>\n<tr>\n<td><strong>Comunica\u00e7\u00e3o externa<\/strong><\/td>\n<td>CAN, RS485, Wi-Fi, contacto seco<\/td>\n<\/tr>\n<tr>\n<td><strong>Comunica\u00e7\u00e3o interna<\/strong><\/td>\n<td>RS232<\/td>\n<\/tr>\n<tr>\n<td><strong>Dimens\u00f5es\u00a0<\/strong><\/td>\n<td>681 \u00d7 242 \u00d7 800 mm<\/td>\n<\/tr>\n<tr>\n<td><strong>Peso aproximado<\/strong><\/td>\n<td>125 kg<\/td>\n<\/tr>\n<tr>\n<td><strong>Temperatura de funcionamento<\/strong><\/td>\n<td>Carregamento: 0 \u00b0C - 45 \u00b0C \/ Descarregamento: -10 \u00b0C - 50 \u00b0C<\/td>\n<\/tr>\n<tr>\n<td><strong>Certifica\u00e7\u00f5es<\/strong><\/td>\n<td>CE, IEC 62619, UL 1973, UN38.3, UL 9540, UL 9540A<\/td>\n<\/tr>\n<\/tbody>\n<\/table>\n<p><a href=\"https:\/\/fvcomponentes.com\/wp-content\/uploads\/2026\/01\/26fe7be1ec8f4f9ee993a6cc940cea60e67f1001179bf3852cc77102c8e8f161.pdf\" target=\"_blank\" rel=\"noopener\">Especifica\u00e7\u00f5es do Pi LV1<\/a><\/p>\n<h2>Informa\u00e7\u00f5es t\u00e9cnicas sobre a bateria de l\u00edtio LiFePO4 Pytes Pi LV1 de 51,2V\/10,24kWh<\/h2>\n<p><a href=\"https:\/\/fvcomponentes.com\/wp-content\/uploads\/2026\/01\/952a251cc1bc9b66ca75a9aa756e058b-1.pdf\" target=\"_blank\" rel=\"noopener\">Ficha t\u00e9cnica da bateria Pytes Pi LV1<\/a><\/p>\n<p><a href=\"https:\/\/fvcomponentes.com\/wp-content\/uploads\/2026\/01\/c16d1033018bbe1740d1e462aa387b95-1.pdf\" target=\"_blank\" rel=\"noopener\">Manual da bateria do Pytes Pi LV1 Pi<\/a><\/p>","protected":false},"excerpt":{"rendered":"<ul>\n<li>Energia nominal: 10,24 kWh<\/li>\n<li>N\u00famero de m\u00f3dulos: 2<\/li>\n<li>Tens\u00e3o nominal: 51,2 V<\/li>\n<li>Gama de tens\u00e3o de funcionamento: 47,5 - 56,8V<\/li>\n<li>Capacidade nominal: 200Ah<\/li>\n<\/ul>","protected":false},"featured_media":36328,"comment_status":"closed","ping_status":"closed","template":"","meta":{"site-sidebar-layout":"default","site-content-layout":"","ast-site-content-layout":"default","site-content-style":"default","site-sidebar-style":"default","ast-global-header-display":"","ast-banner-title-visibility":"","ast-main-header-display":"","ast-hfb-above-header-display":"","ast-hfb-below-header-display":"","ast-hfb-mobile-header-display":"","site-post-title":"","ast-breadcrumbs-content":"","ast-featured-img":"","footer-sml-layout":"","ast-disable-related-posts":"","theme-transparent-header-meta":"default","adv-header-id-meta":"","stick-header-meta":"","header-above-stick-meta":"","header-main-stick-meta":"","header-below-stick-meta":"","astra-migrate-meta-layouts":"set","ast-page-background-enabled":"default","ast-page-background-meta":{"desktop":{"background-color":"var(--ast-global-color-4)","background-image":"","background-repeat":"repeat","background-position":"center center","background-size":"auto","background-attachment":"scroll","background-type":"","background-media":"","overlay-type":"","overlay-color":"","overlay-opacity":"","overlay-gradient":""},"tablet":{"background-color":"","background-image":"","background-repeat":"repeat","background-position":"center center","background-size":"auto","background-attachment":"scroll","background-type":"","background-media":"","overlay-type":"","overlay-color":"","overlay-opacity":"","overlay-gradient":""},"mobile":{"background-color":"","background-image":"","background-repeat":"repeat","background-position":"center center","background-size":"auto","background-attachment":"scroll","background-type":"","background-media":"","overlay-type":"","overlay-color":"","overlay-opacity":"","overlay-gradient":""}},"ast-content-background-meta":{"desktop":{"background-color":"var(--ast-global-color-5)","background-image":"","background-repeat":"repeat","background-position":"center center","background-size":"auto","background-attachment":"scroll","background-type":"","background-media":"","overlay-type":"","overlay-color":"","overlay-opacity":"","overlay-gradient":""},"tablet":{"background-color":"var(--ast-global-color-5)","background-image":"","background-repeat":"repeat","background-position":"center center","background-size":"auto","background-attachment":"scroll","background-type":"","background-media":"","overlay-type":"","overlay-color":"","overlay-opacity":"","overlay-gradient":""},"mobile":{"background-color":"var(--ast-global-color-5)","background-image":"","background-repeat":"repeat","background-position":"center center","background-size":"auto","background-attachment":"scroll","background-type":"","background-media":"","overlay-type":"","overlay-color":"","overlay-opacity":"","overlay-gradient":""}}},"pwb-brand":[1007],"product_brand":[],"product_cat":[340,341],"product_tag":[],"class_list":{"0":"post-36312","1":"product","2":"type-product","3":"status-publish","4":"has-post-thumbnail","6":"pwb-brand-baterias-pytes","7":"product_cat-baterias","8":"product_cat-baterias-litio-48v","9":"product_shipping_class-baterias","10":"desktop-align-left","11":"tablet-align-left","12":"mobile-align-left","13":"ast-product-gallery-layout-horizontal-slider","14":"ast-product-tabs-layout-horizontal","16":"first","17":"instock","18":"taxable","19":"shipping-taxable","20":"purchasable","21":"product-type-yith_bundle"},"wcpa_form_fields":null,"brands":[{"id":1007,"name":"Pilhas Pytes","slug":"pilhas-pytes"}],"_links":{"self":[{"href":"https:\/\/fvcomponentes.com\/pt\/wp-json\/wp\/v2\/product\/36312","targetHints":{"allow":["GET"]}}],"collection":[{"href":"https:\/\/fvcomponentes.com\/pt\/wp-json\/wp\/v2\/product"}],"about":[{"href":"https:\/\/fvcomponentes.com\/pt\/wp-json\/wp\/v2\/types\/product"}],"replies":[{"embeddable":true,"href":"https:\/\/fvcomponentes.com\/pt\/wp-json\/wp\/v2\/comments?post=36312"}],"wp:featuredmedia":[{"embeddable":true,"href":"https:\/\/fvcomponentes.com\/pt\/wp-json\/wp\/v2\/media\/36328"}],"wp:attachment":[{"href":"https:\/\/fvcomponentes.com\/pt\/wp-json\/wp\/v2\/media?parent=36312"}],"wp:term":[{"taxonomy":"pwb-brand","embeddable":true,"href":"https:\/\/fvcomponentes.com\/pt\/wp-json\/wp\/v2\/pwb-brand?post=36312"},{"taxonomy":"product_brand","embeddable":true,"href":"https:\/\/fvcomponentes.com\/pt\/wp-json\/wp\/v2\/product_brand?post=36312"},{"taxonomy":"product_cat","embeddable":true,"href":"https:\/\/fvcomponentes.com\/pt\/wp-json\/wp\/v2\/product_cat?post=36312"},{"taxonomy":"product_tag","embeddable":true,"href":"https:\/\/fvcomponentes.com\/pt\/wp-json\/wp\/v2\/product_tag?post=36312"}],"curies":[{"name":"wp","href":"https:\/\/api.w.org\/{rel}","templated":true}]}}