{"id":36305,"date":"2026-01-29T20:25:54","date_gmt":"2026-01-29T19:25:54","guid":{"rendered":"https:\/\/fvcomponentes.com\/?post_type=product&#038;p=36305"},"modified":"2026-01-29T20:25:56","modified_gmt":"2026-01-29T19:25:56","slug":"kit-solar-camper-victron-12v-185w","status":"publish","type":"product","link":"https:\/\/fvcomponentes.com\/pt\/producto\/kit-solar-camper-victron-12v-185w\/","title":{"rendered":"Kit de campismo solar Victron 12V 185W"},"content":{"rendered":"<h2>Kit de campismo solar Victron 12V 185W<\/h2>\n<p>O Kit Solar Camper 12V 185W Victron \u00e9 uma solu\u00e7\u00e3o completa e eficiente para quem procura autonomia energ\u00e9tica na sua caravana, autocaravana ou autocaravana.<\/p>\n<p>Concebido com componentes genu\u00ednos da Victron Energy, este kit oferece desempenho, durabilidade e seguran\u00e7a, permitindo-lhe desfrutar de energia solar limpa e consistente em qualquer lugar.<\/p>\n<p>Gra\u00e7as \u00e0 sua configura\u00e7\u00e3o optimizada para sistemas de 12V, este kit \u00e9 ideal para cobrir o consumo di\u00e1rio de frigor\u00edficos, ilumina\u00e7\u00e3o, bombas de \u00e1gua e pequenos aparelhos el\u00e9ctricos, mesmo em estadias prolongadas fora da rede.<\/p>\n<p>Em suma, \u00e9 uma solu\u00e7\u00e3o solar completa, concebida para fornecer energia limpa, segura e constante.<br \/>\nPara al\u00e9m disso, tem a qualidade e a garantia da Victron Energy.<\/p>\n<h3>Painel solar Victron BlueSolar 185W<\/h3>\n<p>O painel solar Victron BlueSolar 185W 12V monocristalino da s\u00e9rie 4a garante uma excelente produ\u00e7\u00e3o de energia, mesmo em condi\u00e7\u00f5es de baixa radia\u00e7\u00e3o solar.<\/p>\n<p>Fabricado com c\u00e9lulas monocristalinas de alta qualidade, oferece uma elevada efici\u00eancia e fiabilidade, tornando-o perfeito para instala\u00e7\u00e3o no tejadilho de autocaravanas e autocaravanas.<\/p>\n<p>O seu design robusto torna-o resistente a vibra\u00e7\u00f5es, mudan\u00e7as de temperatura e condi\u00e7\u00f5es climat\u00e9ricas adversas, garantindo um funcionamento est\u00e1vel e uma longa vida \u00fatil.<\/p>\n<h3>Controlador Victron SmartSolar MPPT 75\/15<\/h3>\n<p>O Victron SmartSolar MPPT 75\/15 optimiza ao m\u00e1ximo a energia gerada pelo painel solar gra\u00e7as \u00e0 sua tecnologia MPPT, adaptando-se em tempo real \u00e0s condi\u00e7\u00f5es de irradia\u00e7\u00e3o para obter a maior produ\u00e7\u00e3o poss\u00edvel.<\/p>\n<p>Al\u00e9m disso, incorpora Bluetooth integrado, permitindo que o sistema seja facilmente monitorizado e configurado a partir de um telem\u00f3vel atrav\u00e9s da aplica\u00e7\u00e3o VictronConnect, fornecendo informa\u00e7\u00f5es detalhadas sobre tens\u00e3o, corrente, estado de carga e hist\u00f3rico de produ\u00e7\u00e3o solar.<\/p>\n<h3>Acess\u00f3rios inclu\u00eddos<\/h3>\n<p>Este kit inclui todos os elementos necess\u00e1rios para uma instala\u00e7\u00e3o segura, limpa e duradoura:<\/p>\n<ul>\n<li style=\"text-align: left;\"><strong>Conectores MC4 (positivo e negativo)<\/strong> para uma liga\u00e7\u00e3o r\u00e1pida, segura e protegida do painel solar.<\/li>\n<li><strong>Entrada de cabo Solara branco DD2\/W<\/strong>, com entrada dupla PG13.5, que assegura uma passagem de cabos totalmente selada e protegida atrav\u00e9s do teto.<\/li>\n<li><strong>Suportes de alum\u00ednio HSP (4 unid.)<\/strong>, Concebido para fixar o painel solar de forma firme e resistente, absorvendo as vibra\u00e7\u00f5es e favorecendo a ventila\u00e7\u00e3o do painel.<\/li>\n<\/ul>","protected":false},"excerpt":{"rendered":"<p>O kit \u00e9 composto por:<\/p>\n<p>1 x <a href=\"https:\/\/fvcomponentes.com\/pt\/produto\/painel-solar-victron-bluesolar-185w-12v-monocristalino-serie-4a-spm041851200\/\" target=\"_blank\" rel=\"noopener\">Painel solar monocristalino Victron BlueSolar 185W-12V s\u00e9rie 4a - SPM041851200<\/a><\/p>\n<p>1 x <a href=\"https:\/\/fvcomponentes.com\/pt\/produto\/regulador-victron-smartsolar-mppt-75-15\/\" target=\"_blank\" rel=\"noopener\">Controlador Victron SmartSolar MPPT 75\/15 - SCC075015060R<\/a><\/p>\n<p>1 x <a href=\"https:\/\/fvcomponentes.com\/pt\/produto\/conectores-mc4-paineis-solares-positivo-negativo\/\" target=\"_blank\" rel=\"noopener\">Conectores MC4 para pain\u00e9is solares (1 positivo + 1 negativo)- Koban<\/a><\/p>\n<p>1 x bucim Solara Branco - DD2\/W - 2 x PG13.5<\/p>\n<p>1 x HSP - Suporte de alum\u00ednio (4pcs) para pain\u00e9is solares<\/p>","protected":false},"featured_media":36306,"comment_status":"closed","ping_status":"closed","template":"","meta":{"site-sidebar-layout":"default","site-content-layout":"","ast-site-content-layout":"default","site-content-style":"default","site-sidebar-style":"default","ast-global-header-display":"","ast-banner-title-visibility":"","ast-main-header-display":"","ast-hfb-above-header-display":"","ast-hfb-below-header-display":"","ast-hfb-mobile-header-display":"","site-post-title":"","ast-breadcrumbs-content":"","ast-featured-img":"","footer-sml-layout":"","ast-disable-related-posts":"","theme-transparent-header-meta":"default","adv-header-id-meta":"","stick-header-meta":"","header-above-stick-meta":"","header-main-stick-meta":"","header-below-stick-meta":"","astra-migrate-meta-layouts":"set","ast-page-background-enabled":"default","ast-page-background-meta":{"desktop":{"background-color":"var(--ast-global-color-4)","background-image":"","background-repeat":"repeat","background-position":"center center","background-size":"auto","background-attachment":"scroll","background-type":"","background-media":"","overlay-type":"","overlay-color":"","overlay-opacity":"","overlay-gradient":""},"tablet":{"background-color":"","background-image":"","background-repeat":"repeat","background-position":"center center","background-size":"auto","background-attachment":"scroll","background-type":"","background-media":"","overlay-type":"","overlay-color":"","overlay-opacity":"","overlay-gradient":""},"mobile":{"background-color":"","background-image":"","background-repeat":"repeat","background-position":"center center","background-size":"auto","background-attachment":"scroll","background-type":"","background-media":"","overlay-type":"","overlay-color":"","overlay-opacity":"","overlay-gradient":""}},"ast-content-background-meta":{"desktop":{"background-color":"var(--ast-global-color-5)","background-image":"","background-repeat":"repeat","background-position":"center center","background-size":"auto","background-attachment":"scroll","background-type":"","background-media":"","overlay-type":"","overlay-color":"","overlay-opacity":"","overlay-gradient":""},"tablet":{"background-color":"var(--ast-global-color-5)","background-image":"","background-repeat":"repeat","background-position":"center center","background-size":"auto","background-attachment":"scroll","background-type":"","background-media":"","overlay-type":"","overlay-color":"","overlay-opacity":"","overlay-gradient":""},"mobile":{"background-color":"var(--ast-global-color-5)","background-image":"","background-repeat":"repeat","background-position":"center center","background-size":"auto","background-attachment":"scroll","background-type":"","background-media":"","overlay-type":"","overlay-color":"","overlay-opacity":"","overlay-gradient":""}}},"pwb-brand":[332],"product_brand":[],"product_cat":[464,910],"product_tag":[],"class_list":{"0":"post-36305","1":"product","2":"type-product","3":"status-publish","4":"has-post-thumbnail","6":"pwb-brand-victron","7":"product_cat-kits-solares","8":"product_cat-kit-solar-camper","9":"product_shipping_class-paneles","10":"desktop-align-left","11":"tablet-align-left","12":"mobile-align-left","13":"ast-product-gallery-layout-horizontal-slider","14":"ast-product-gallery-with-no-image","15":"ast-product-tabs-layout-horizontal","17":"first","18":"instock","19":"taxable","20":"shipping-taxable","21":"purchasable","22":"product-type-simple"},"wcpa_form_fields":null,"brands":[{"id":332,"name":"Victron Energia","slug":"victron"}],"_links":{"self":[{"href":"https:\/\/fvcomponentes.com\/pt\/wp-json\/wp\/v2\/product\/36305","targetHints":{"allow":["GET"]}}],"collection":[{"href":"https:\/\/fvcomponentes.com\/pt\/wp-json\/wp\/v2\/product"}],"about":[{"href":"https:\/\/fvcomponentes.com\/pt\/wp-json\/wp\/v2\/types\/product"}],"replies":[{"embeddable":true,"href":"https:\/\/fvcomponentes.com\/pt\/wp-json\/wp\/v2\/comments?post=36305"}],"wp:featuredmedia":[{"embeddable":true,"href":"https:\/\/fvcomponentes.com\/pt\/wp-json\/wp\/v2\/media\/36306"}],"wp:attachment":[{"href":"https:\/\/fvcomponentes.com\/pt\/wp-json\/wp\/v2\/media?parent=36305"}],"wp:term":[{"taxonomy":"pwb-brand","embeddable":true,"href":"https:\/\/fvcomponentes.com\/pt\/wp-json\/wp\/v2\/pwb-brand?post=36305"},{"taxonomy":"product_brand","embeddable":true,"href":"https:\/\/fvcomponentes.com\/pt\/wp-json\/wp\/v2\/product_brand?post=36305"},{"taxonomy":"product_cat","embeddable":true,"href":"https:\/\/fvcomponentes.com\/pt\/wp-json\/wp\/v2\/product_cat?post=36305"},{"taxonomy":"product_tag","embeddable":true,"href":"https:\/\/fvcomponentes.com\/pt\/wp-json\/wp\/v2\/product_tag?post=36305"}],"curies":[{"name":"wp","href":"https:\/\/api.w.org\/{rel}","templated":true}]}}