{"id":36290,"date":"2026-01-29T20:25:47","date_gmt":"2026-01-29T19:25:47","guid":{"rendered":"https:\/\/fvcomponentes.com\/?post_type=product&#038;p=36290"},"modified":"2026-01-29T20:25:48","modified_gmt":"2026-01-29T19:25:48","slug":"kit-solar-camper-victron-24v-215w","status":"publish","type":"product","link":"https:\/\/fvcomponentes.com\/pt\/producto\/kit-solar-camper-victron-24v-215w\/","title":{"rendered":"Kit de campismo solar Victron 24V 215W"},"content":{"rendered":"<h2>Kit de campismo solar Victron 24V 215W<\/h2>\n<p>O Kit Solar Camper 24V 215W Victron \u00e9 uma solu\u00e7\u00e3o completa e fi\u00e1vel para quem procura autonomia energ\u00e9tica na sua caravana, autocaravana ou autocaravana.<\/p>\n<p>Concebido com componentes originais Victron Energy, este kit garante a m\u00e1xima efici\u00eancia, durabilidade e desempenho.<br \/>\nFunciona tanto no parque de estacionamento como durante estadias prolongadas fora da rede.<\/p>\n<p>Gra\u00e7as \u00e0 tecnologia solar de ponta e \u00e0 gest\u00e3o inteligente da carga, este sistema permite-lhe tirar o m\u00e1ximo partido da energia solar, mantendo as suas baterias sempre carregadas e o seu equipamento el\u00e9trico a funcionar em seguran\u00e7a.<\/p>\n<p>Em suma, \u00e9 uma solu\u00e7\u00e3o solar completa, concebida para fornecer energia limpa, segura e constante em todas as viagens.<br \/>\nPara al\u00e9m disso, tem a qualidade e a garantia da Victron Energy.<\/p>\n<h3>Painel solar Victron BlueSolar 215W<\/h3>\n<p>O painel solar monocristalino Victron BlueSolar 215W 24V S\u00e9rie 4b oferece um excelente desempenho mesmo em condi\u00e7\u00f5es de baixa radia\u00e7\u00e3o solar.<br \/>\nFabricado com c\u00e9lulas monocristalinas de alta qualidade, garante uma produ\u00e7\u00e3o de energia est\u00e1vel e eficiente, ideal para instala\u00e7\u00f5es em autocaravanas e autocaravanas.<\/p>\n<p>O seu design robusto e resistente est\u00e1 preparado para resistir a vibra\u00e7\u00f5es, condi\u00e7\u00f5es climat\u00e9ricas adversas e utiliza\u00e7\u00e3o intensiva, garantindo uma longa vida \u00fatil em qualquer tipo de viagem.<\/p>\n<h3>Controlador Victron SmartSolar MPPT 100\/20<\/h3>\n<p>O controlador SmartSolar 100\/20 maximiza a produ\u00e7\u00e3o solar gra\u00e7as \u00e0 sua tecnologia MPPT (maximum power point tracking).<br \/>\nAssim, optimiza a carga da bateria mesmo em condi\u00e7\u00f5es de ilumina\u00e7\u00e3o menos que ideais.<\/p>\n<p>Al\u00e9m disso, incorpora Bluetooth integrado, o que lhe permite monitorizar e configurar o sistema a partir do seu telem\u00f3vel utilizando a aplica\u00e7\u00e3o VictronConnect.<br \/>\nAssim, fornece informa\u00e7\u00f5es em tempo real sobre as tens\u00f5es, a corrente, a produ\u00e7\u00e3o solar e o historial energ\u00e9tico.<\/p>\n<h3>Acess\u00f3rios inclu\u00eddos<\/h3>\n<p>Este kit inclui todos os elementos necess\u00e1rios para uma instala\u00e7\u00e3o segura, limpa e duradoura:<\/p>\n<ul>\n<li style=\"text-align: left;\"><strong>Conectores MC4 (positivo e negativo)<\/strong> para uma liga\u00e7\u00e3o r\u00e1pida e segura do painel solar.<\/li>\n<li><strong>Entrada de cabo Solara branco DD2\/W<\/strong>, com entrada dupla PG13.5, que garante uma passagem de cabos selada e protegida atrav\u00e9s do teto.<\/li>\n<li><strong>Suportes de alum\u00ednio HSP (4 unid.)<\/strong>, Concebido para fixar o painel solar de forma firme e robusta, absorvendo as vibra\u00e7\u00f5es e assegurando uma ventila\u00e7\u00e3o adequada.<\/li>\n<\/ul>","protected":false},"excerpt":{"rendered":"<p>Este kit \u00e9 composto por:<\/p>\n<p>1 x <a href=\"https:\/\/fvcomponentes.com\/pt\/produto\/painel-solar-victron-bluesolar-215w-24v-monocristalino-serie-4b-spm042152402\/\" target=\"_blank\" rel=\"noopener\">Painel solar 24V Victron BlueSolar 215W-24V monocristalino s\u00e9rie 4b - SPM042152402<\/a><\/p>\n<p>1 x <a href=\"https:\/\/fvcomponentes.com\/pt\/produto\/regulador-victron-smartsolar-mppt-100-20\/\" target=\"_blank\" rel=\"noopener\">Controlador Victron SmartSolar MPPT 100\/20 - SCC110020160R<\/a><\/p>\n<p>1 x <a href=\"https:\/\/fvcomponentes.com\/pt\/produto\/conectores-mc4-paineis-solares-positivo-negativo\/\" target=\"_blank\" rel=\"noopener\">Conectores MC4 para pain\u00e9is solares (1 positivo + 1 negativo)- Koban<\/a><\/p>\n<p>1 x bucim Solara Branco - DD2\/W - 2 x PG13.5<\/p>\n<p>1 x HSP - Suporte de alum\u00ednio (4pcs) para pain\u00e9is solares<\/p>","protected":false},"featured_media":36302,"comment_status":"closed","ping_status":"closed","template":"","meta":{"site-sidebar-layout":"default","site-content-layout":"","ast-site-content-layout":"default","site-content-style":"default","site-sidebar-style":"default","ast-global-header-display":"","ast-banner-title-visibility":"","ast-main-header-display":"","ast-hfb-above-header-display":"","ast-hfb-below-header-display":"","ast-hfb-mobile-header-display":"","site-post-title":"","ast-breadcrumbs-content":"","ast-featured-img":"","footer-sml-layout":"","ast-disable-related-posts":"","theme-transparent-header-meta":"default","adv-header-id-meta":"","stick-header-meta":"","header-above-stick-meta":"","header-main-stick-meta":"","header-below-stick-meta":"","astra-migrate-meta-layouts":"set","ast-page-background-enabled":"default","ast-page-background-meta":{"desktop":{"background-color":"var(--ast-global-color-4)","background-image":"","background-repeat":"repeat","background-position":"center center","background-size":"auto","background-attachment":"scroll","background-type":"","background-media":"","overlay-type":"","overlay-color":"","overlay-opacity":"","overlay-gradient":""},"tablet":{"background-color":"","background-image":"","background-repeat":"repeat","background-position":"center center","background-size":"auto","background-attachment":"scroll","background-type":"","background-media":"","overlay-type":"","overlay-color":"","overlay-opacity":"","overlay-gradient":""},"mobile":{"background-color":"","background-image":"","background-repeat":"repeat","background-position":"center center","background-size":"auto","background-attachment":"scroll","background-type":"","background-media":"","overlay-type":"","overlay-color":"","overlay-opacity":"","overlay-gradient":""}},"ast-content-background-meta":{"desktop":{"background-color":"var(--ast-global-color-5)","background-image":"","background-repeat":"repeat","background-position":"center center","background-size":"auto","background-attachment":"scroll","background-type":"","background-media":"","overlay-type":"","overlay-color":"","overlay-opacity":"","overlay-gradient":""},"tablet":{"background-color":"var(--ast-global-color-5)","background-image":"","background-repeat":"repeat","background-position":"center center","background-size":"auto","background-attachment":"scroll","background-type":"","background-media":"","overlay-type":"","overlay-color":"","overlay-opacity":"","overlay-gradient":""},"mobile":{"background-color":"var(--ast-global-color-5)","background-image":"","background-repeat":"repeat","background-position":"center center","background-size":"auto","background-attachment":"scroll","background-type":"","background-media":"","overlay-type":"","overlay-color":"","overlay-opacity":"","overlay-gradient":""}}},"pwb-brand":[332],"product_brand":[],"product_cat":[464,910],"product_tag":[],"class_list":{"0":"post-36290","1":"product","2":"type-product","3":"status-publish","4":"has-post-thumbnail","6":"pwb-brand-victron","7":"product_cat-kits-solares","8":"product_cat-kit-solar-camper","9":"product_shipping_class-paneles","10":"desktop-align-left","11":"tablet-align-left","12":"mobile-align-left","13":"ast-product-gallery-layout-horizontal-slider","14":"ast-product-gallery-with-no-image","15":"ast-product-tabs-layout-horizontal","17":"first","18":"instock","19":"taxable","20":"shipping-taxable","21":"purchasable","22":"product-type-simple"},"wcpa_form_fields":null,"brands":[{"id":332,"name":"Victron Energia","slug":"victron"}],"_links":{"self":[{"href":"https:\/\/fvcomponentes.com\/pt\/wp-json\/wp\/v2\/product\/36290","targetHints":{"allow":["GET"]}}],"collection":[{"href":"https:\/\/fvcomponentes.com\/pt\/wp-json\/wp\/v2\/product"}],"about":[{"href":"https:\/\/fvcomponentes.com\/pt\/wp-json\/wp\/v2\/types\/product"}],"replies":[{"embeddable":true,"href":"https:\/\/fvcomponentes.com\/pt\/wp-json\/wp\/v2\/comments?post=36290"}],"wp:featuredmedia":[{"embeddable":true,"href":"https:\/\/fvcomponentes.com\/pt\/wp-json\/wp\/v2\/media\/36302"}],"wp:attachment":[{"href":"https:\/\/fvcomponentes.com\/pt\/wp-json\/wp\/v2\/media?parent=36290"}],"wp:term":[{"taxonomy":"pwb-brand","embeddable":true,"href":"https:\/\/fvcomponentes.com\/pt\/wp-json\/wp\/v2\/pwb-brand?post=36290"},{"taxonomy":"product_brand","embeddable":true,"href":"https:\/\/fvcomponentes.com\/pt\/wp-json\/wp\/v2\/product_brand?post=36290"},{"taxonomy":"product_cat","embeddable":true,"href":"https:\/\/fvcomponentes.com\/pt\/wp-json\/wp\/v2\/product_cat?post=36290"},{"taxonomy":"product_tag","embeddable":true,"href":"https:\/\/fvcomponentes.com\/pt\/wp-json\/wp\/v2\/product_tag?post=36290"}],"curies":[{"name":"wp","href":"https:\/\/api.w.org\/{rel}","templated":true}]}}