{"id":36277,"date":"2026-01-29T20:25:35","date_gmt":"2026-01-29T19:25:35","guid":{"rendered":"https:\/\/fvcomponentes.com\/?post_type=product&#038;p=36277"},"modified":"2026-04-09T19:19:48","modified_gmt":"2026-04-09T17:19:48","slug":"kit-solar-camper-lithium-200ah","status":"publish","type":"product","link":"https:\/\/fvcomponentes.com\/pt\/producto\/kit-solar-camper-litio-200ah\/","title":{"rendered":"Kit de campismo solar L\u00edtio 200Ah"},"content":{"rendered":"<div style=\"position: relative; padding-bottom: 56.25%; height: 0; margin-bottom: 24px;\"><iframe style=\"position: absolute; top: 0; left: 0; width: 100%; height: 100%; border: 0;\" src=\"https:\/\/www.youtube-nocookie.com\/embed\/6EXFWD8E_d4?rel=0&amp;modestbranding=1\" allowfullscreen=\"allowfullscreen\"><br \/>\n<\/iframe><\/div>\n<p><script type=\"application\/ld+json\">{\n    \"@context\": \"https:\\\/\\\/schema.org\",\n    \"@type\": \"VideoObject\",\n    \"name\": \"CONFIGURACI\\u00d3N de tu VICTRON SMARTSHUNT 500A como un PRO\",\n    \"description\": \"Aprende a configurar de forma eficiente un Victron SmartShunt 500A utilizando la app Victron Connect en iOS y Android para monitorizar tu bater\\u00eda con precisi\\u00f3n y sacar el m\\u00e1ximo rendimiento a tu sistema.\",\n    \"thumbnailUrl\": \"https:\\\/\\\/i.ytimg.com\\\/vi\\\/6EXFWD8E_d4\\\/maxresdefault.jpg\",\n    \"uploadDate\": \"2026-04-09T00:00:00+02:00\",\n    \"contentUrl\": \"https:\\\/\\\/www.youtube.com\\\/watch?v=6EXFWD8E_d4\",\n    \"embedUrl\": \"https:\\\/\\\/www.youtube-nocookie.com\\\/embed\\\/6EXFWD8E_d4\",\n    \"publisher\": {\n        \"@type\": \"Organization\",\n        \"name\": \"FV Componentes\"\n    }\n}<\/script><\/p>\n<h2>Kit de campismo solar L\u00edtio 200Ah<\/h2>\n<p>O Kit Solar Camper L\u00edtio 200Ah foi concebido para quem procura a m\u00e1xima autonomia energ\u00e9tica, fiabilidade, seguran\u00e7a e efici\u00eancia na sua caravana, autocaravana ou autocaravana. Este sistema combina tecnologia de ponta e componentes topo de gama de marcas l\u00edderes como a Victron Energy e a Upower.<br \/>\nComo resultado, proporciona um desempenho fi\u00e1vel tanto na estrada como fora dela, mesmo nas condi\u00e7\u00f5es mais exigentes.<\/p>\n<p>Gra\u00e7as \u00e0 tecnologia de i\u00f5es de l\u00edtio e \u00e0 gest\u00e3o inteligente da carga e do consumo, este kit permite-lhe tirar o m\u00e1ximo partido da energia do alternador.<br class=\"yoast-text-mark\" \/>Facilita igualmente o acompanhamento do consumo de eletricidade em tempo real.<br \/>\nIsto permite-lhe desfrutar de uma experi\u00eancia de viagem sem as limita\u00e7\u00f5es das baterias AGM ou GEL tradicionais.<\/p>\n<p>Em suma, o Kit Solar Camper L\u00edtio 200Ah \u00e9 uma solu\u00e7\u00e3o completa e de elevado desempenho, concebida para quem quer usufruir de uma energia fi\u00e1vel, de um controlo total e da m\u00e1xima tranquilidade, viajando sem se preocupar com a eletricidade.<\/p>\n<h3>Bateria de l\u00edtio Upower 12,8V \/ 200Ah<\/h3>\n<p>A bateria de l\u00edtio Upower \u00e9 o cora\u00e7\u00e3o deste kit.<br \/>\nOferece uma elevada capacidade de armazenamento, baixo peso e uma vida \u00fatil muito mais longa do que as baterias convencionais.<\/p>\n<p>Gra\u00e7as \u00e0 tecnologia LiFePO\u2084, a bateria Upower oferece at\u00e9 duas vezes mais energia \u00fatil do que uma bateria AGM com a mesma capacidade.<br \/>\nPermite tamb\u00e9m descargas profundas sem degrada\u00e7\u00e3o ou perda de desempenho, bem como um carregamento muito mais r\u00e1pido.<\/p>\n<p>Isto torna-o ideal para alimentar refrigeradores de compressores, inversores de alta pot\u00eancia, ilumina\u00e7\u00e3o, bombas de \u00e1gua, sistemas multim\u00e9dia e outros equipamentos essenciais.<br \/>\nMesmo durante longos per\u00edodos de tempo sem corrente el\u00e9ctrica.<\/p>\n<p>Al\u00e9m disso, um BMS (Battery Management System) interno protege a bateria contra sobrecarga, descarga excessiva, curto-circuitos, sobreintensidades e temperaturas extremas. Isto garante um funcionamento seguro e uma longa vida \u00fatil.<\/p>\n<h3>Conversor CC-CC Victron Orion XS 12\/12-50A<\/h3>\n<p>O conversor Orion XS 12\/12-50A permite o carregamento r\u00e1pido, est\u00e1vel e completamente seguro da bateria de l\u00edtio a partir do alternador do ve\u00edculo.<br \/>\nIsto aplica-se mesmo aos ve\u00edculos modernos equipados com alternadores inteligentes.<\/p>\n<p>Gra\u00e7as \u00e0 sua elevada capacidade de carga de at\u00e9 50 A, \u00e9 poss\u00edvel recarregar rapidamente a bateria de 200Ah durante a condu\u00e7\u00e3o.<br \/>\nIsto optimiza o tempo na estrada e melhora a autonomia energ\u00e9tica.<\/p>\n<p>O seu design isolado protege a instala\u00e7\u00e3o el\u00e9ctrica do ve\u00edculo e evita refluxos de corrente indesejados.<\/p>\n<p>Al\u00e9m disso, a conetividade Bluetooth integrada permite que o sistema seja facilmente configurado e monitorizado a partir da aplica\u00e7\u00e3o VictronConnect.<br \/>\nIsto facilita o ajuste das curvas de carga, dos limites e dos par\u00e2metros de acordo com as necessidades espec\u00edficas da instala\u00e7\u00e3o.<\/p>\n<h3>Victron SmartShunt 300A\/50mV<\/h3>\n<p>Para um controlo total do sistema, o kit inclui o Victron 300A SmartShunt, um monitor de bateria altamente preciso que mede em tempo real toda a energia que entra e sai da bateria.<\/p>\n<p>Atrav\u00e9s da aplica\u00e7\u00e3o VictronConnect, ter\u00e1 acesso em tempo real a informa\u00e7\u00f5es importantes, como o estado de carga (%), consumo instant\u00e2neo, tens\u00e3o da bateria, hist\u00f3rico de energia, alarmes e dados avan\u00e7ados.<\/p>\n<p>Tudo isto sem a necessidade de telas adicionais, permitindo uma instala\u00e7\u00e3o limpa, moderna e eficiente.<br \/>\nDesta forma, saber\u00e1 a todo o momento a quantidade de energia de que disp\u00f5e e como otimizar a sua utiliza\u00e7\u00e3o.<\/p>","protected":false},"excerpt":{"rendered":"<p>Este kit \u00e9 composto por:<\/p>\n<ul>\n<li>1 x <a href=\"https:\/\/fvcomponentes.com\/pt\/produto\/victron-orion-xs-12-12-50a-ori121217050-victron-booster-converter\/\" target=\"_blank\" rel=\"noopener\">Conversor de refor\u00e7o Victron Orion XS 12\/12-50A- ORI121217050<\/a><\/li>\n<li>1 x <a href=\"https:\/\/fvcomponentes.com\/pt\/produto\/smartshunt-victron-300a-50mv-shu050130050\/\" target=\"_blank\" rel=\"noopener\">SmartShunt Victron 300A\/50mV - SHU050130050<\/a><\/li>\n<li>1 x <a href=\"https:\/\/fvcomponentes.com\/pt\/produto\/bateria-de-litio-upower-12v-200ah-ue-12li200\/\" target=\"_blank\" rel=\"noopener\">Bateria de l\u00edtio Upower 12.8V\/200Ah - UE-12LI200<\/a><\/li>\n<\/ul>","protected":false},"featured_media":36294,"comment_status":"closed","ping_status":"closed","template":"","meta":{"site-sidebar-layout":"default","site-content-layout":"","ast-site-content-layout":"default","site-content-style":"default","site-sidebar-style":"default","ast-global-header-display":"","ast-banner-title-visibility":"","ast-main-header-display":"","ast-hfb-above-header-display":"","ast-hfb-below-header-display":"","ast-hfb-mobile-header-display":"","site-post-title":"","ast-breadcrumbs-content":"","ast-featured-img":"","footer-sml-layout":"","ast-disable-related-posts":"","theme-transparent-header-meta":"default","adv-header-id-meta":"","stick-header-meta":"","header-above-stick-meta":"","header-main-stick-meta":"","header-below-stick-meta":"","astra-migrate-meta-layouts":"set","ast-page-background-enabled":"default","ast-page-background-meta":{"desktop":{"background-color":"var(--ast-global-color-4)","background-image":"","background-repeat":"repeat","background-position":"center center","background-size":"auto","background-attachment":"scroll","background-type":"","background-media":"","overlay-type":"","overlay-color":"","overlay-opacity":"","overlay-gradient":""},"tablet":{"background-color":"","background-image":"","background-repeat":"repeat","background-position":"center center","background-size":"auto","background-attachment":"scroll","background-type":"","background-media":"","overlay-type":"","overlay-color":"","overlay-opacity":"","overlay-gradient":""},"mobile":{"background-color":"","background-image":"","background-repeat":"repeat","background-position":"center center","background-size":"auto","background-attachment":"scroll","background-type":"","background-media":"","overlay-type":"","overlay-color":"","overlay-opacity":"","overlay-gradient":""}},"ast-content-background-meta":{"desktop":{"background-color":"var(--ast-global-color-5)","background-image":"","background-repeat":"repeat","background-position":"center center","background-size":"auto","background-attachment":"scroll","background-type":"","background-media":"","overlay-type":"","overlay-color":"","overlay-opacity":"","overlay-gradient":""},"tablet":{"background-color":"var(--ast-global-color-5)","background-image":"","background-repeat":"repeat","background-position":"center center","background-size":"auto","background-attachment":"scroll","background-type":"","background-media":"","overlay-type":"","overlay-color":"","overlay-opacity":"","overlay-gradient":""},"mobile":{"background-color":"var(--ast-global-color-5)","background-image":"","background-repeat":"repeat","background-position":"center center","background-size":"auto","background-attachment":"scroll","background-type":"","background-media":"","overlay-type":"","overlay-color":"","overlay-opacity":"","overlay-gradient":""}}},"pwb-brand":[332,1020],"product_brand":[],"product_cat":[464,910],"product_tag":[],"class_list":{"0":"post-36277","1":"product","2":"type-product","3":"status-publish","4":"has-post-thumbnail","6":"pwb-brand-victron","7":"pwb-brand-upower","8":"product_cat-kits-solares","9":"product_cat-kit-solar-camper","10":"product_shipping_class-baterias","11":"desktop-align-left","12":"tablet-align-left","13":"mobile-align-left","14":"ast-product-gallery-layout-horizontal-slider","15":"ast-product-gallery-with-no-image","16":"ast-product-tabs-layout-horizontal","18":"first","19":"instock","20":"taxable","21":"shipping-taxable","22":"purchasable","23":"product-type-simple"},"wcpa_form_fields":null,"brands":[{"id":1020,"name":"Baterias Upower","slug":"alimentador"},{"id":332,"name":"Victron Energia","slug":"victron"}],"_links":{"self":[{"href":"https:\/\/fvcomponentes.com\/pt\/wp-json\/wp\/v2\/product\/36277","targetHints":{"allow":["GET"]}}],"collection":[{"href":"https:\/\/fvcomponentes.com\/pt\/wp-json\/wp\/v2\/product"}],"about":[{"href":"https:\/\/fvcomponentes.com\/pt\/wp-json\/wp\/v2\/types\/product"}],"replies":[{"embeddable":true,"href":"https:\/\/fvcomponentes.com\/pt\/wp-json\/wp\/v2\/comments?post=36277"}],"wp:featuredmedia":[{"embeddable":true,"href":"https:\/\/fvcomponentes.com\/pt\/wp-json\/wp\/v2\/media\/36294"}],"wp:attachment":[{"href":"https:\/\/fvcomponentes.com\/pt\/wp-json\/wp\/v2\/media?parent=36277"}],"wp:term":[{"taxonomy":"pwb-brand","embeddable":true,"href":"https:\/\/fvcomponentes.com\/pt\/wp-json\/wp\/v2\/pwb-brand?post=36277"},{"taxonomy":"product_brand","embeddable":true,"href":"https:\/\/fvcomponentes.com\/pt\/wp-json\/wp\/v2\/product_brand?post=36277"},{"taxonomy":"product_cat","embeddable":true,"href":"https:\/\/fvcomponentes.com\/pt\/wp-json\/wp\/v2\/product_cat?post=36277"},{"taxonomy":"product_tag","embeddable":true,"href":"https:\/\/fvcomponentes.com\/pt\/wp-json\/wp\/v2\/product_tag?post=36277"}],"curies":[{"name":"wp","href":"https:\/\/api.w.org\/{rel}","templated":true}]}}