{"id":36271,"date":"2026-01-29T20:25:06","date_gmt":"2026-01-29T19:25:06","guid":{"rendered":"https:\/\/fvcomponentes.com\/?post_type=product&#038;p=36271"},"modified":"2026-04-09T19:19:58","modified_gmt":"2026-04-09T17:19:58","slug":"kit-solar-camper-lithium-100ah","status":"publish","type":"product","link":"https:\/\/fvcomponentes.com\/pt\/producto\/kit-solar-camper-litio-100ah\/","title":{"rendered":"Kit de campismo solar L\u00edtio 100Ah"},"content":{"rendered":"<div style=\"position: relative; padding-bottom: 56.25%; height: 0; margin-bottom: 24px;\"><iframe style=\"position: absolute; top: 0; left: 0; width: 100%; height: 100%; border: 0;\" src=\"https:\/\/www.youtube-nocookie.com\/embed\/6EXFWD8E_d4?rel=0&amp;modestbranding=1\" allowfullscreen=\"allowfullscreen\"><br \/>\n<\/iframe><\/div>\n<p><script type=\"application\/ld+json\">{\n    \"@context\": \"https:\\\/\\\/schema.org\",\n    \"@type\": \"VideoObject\",\n    \"name\": \"CONFIGURACI\\u00d3N de tu VICTRON SMARTSHUNT 500A como un PRO\",\n    \"description\": \"Aprende a configurar de forma eficiente un Victron SmartShunt 500A utilizando la app Victron Connect en iOS y Android para monitorizar tu bater\\u00eda con precisi\\u00f3n y sacar el m\\u00e1ximo rendimiento a tu sistema.\",\n    \"thumbnailUrl\": \"https:\\\/\\\/i.ytimg.com\\\/vi\\\/6EXFWD8E_d4\\\/maxresdefault.jpg\",\n    \"uploadDate\": \"2026-04-09T00:00:00+02:00\",\n    \"contentUrl\": \"https:\\\/\\\/www.youtube.com\\\/watch?v=6EXFWD8E_d4\",\n    \"embedUrl\": \"https:\\\/\\\/www.youtube-nocookie.com\\\/embed\\\/6EXFWD8E_d4\",\n    \"publisher\": {\n        \"@type\": \"Organization\",\n        \"name\": \"FV Componentes\"\n    }\n}<\/script><\/p>\n<h2>Kit de campismo solar L\u00edtio 100Ah<\/h2>\n<p>Este kit solar para campistas foi concebido para aqueles que procuram autonomia energ\u00e9tica, seguran\u00e7a e controlo total do consumo de eletricidade durante as suas viagens.<br \/>\nAl\u00e9m disso, inclui componentes de alta qualidade de marcas l\u00edderes, garantindo um desempenho eficiente, fi\u00e1vel e duradouro, tanto em movimento como parado.<\/p>\n<p>Esque\u00e7a as limita\u00e7\u00f5es das baterias AGM ou GEL e d\u00ea o salto definitivo para o l\u00edtio. Gra\u00e7as a esta atualiza\u00e7\u00e3o completa, poder\u00e1 desfrutar de toda a pot\u00eancia dos seus aparelhos.<\/p>\n<p>Este kit \u00e9 ideal para campistas, caravanas e autocaravanas que procuram independ\u00eancia energ\u00e9tica, fiabilidade e tecnologia avan\u00e7ada para viajar com total tranquilidade.<\/p>\n<h3>Bateria de l\u00edtio U-Power 12,8V \/ 100Ah<\/h3>\n<p>O cora\u00e7\u00e3o do sistema \u00e9 a bateria de l\u00edtio U-Power, com a qual obt\u00e9m at\u00e9 o dobro da energia utiliz\u00e1vel em compara\u00e7\u00e3o com uma bateria AGM da mesma capacidade. Assim, pode esquecer as descargas profundas que danificam as baterias tradicionais.<br \/>\nIsto torna-o ideal para alimentar frigor\u00edficos, ilumina\u00e7\u00e3o, inversores e outros equipamentos essenciais em caravanas e autocaravanas.<br \/>\nTamb\u00e9m incorpora um BMS interno, que protege a bateria contra sobrecarga, descarga excessiva, curto-circuitos e temperaturas extremas, proporcionando seguran\u00e7a extra e tranquilidade.<\/p>\n<h3>Victron SmartShunt 300A\/50mV<\/h3>\n<p>O c\u00e9rebro deste kit, o SmartShunt 300 A , \u00e9 um monitor de bateria altamente preciso que monitoriza todos os amperes que consome e gera.<br \/>\nFornece informa\u00e7\u00f5es em tempo real sobre o n\u00edvel de carga, consumo, tens\u00e3o e hist\u00f3rico de energia, tudo acess\u00edvel a partir da aplica\u00e7\u00e3o VictronConnect, sem necessidade de ecr\u00e3s adicionais.<br \/>\nDesta forma, ter\u00e1 sempre o controlo total da sua energia.<\/p>\n<h3>Conversor CC-CC Victron Orion-Tr Smart 12\/12-18A<\/h3>\n<p>O sistema incorpora o Orion-Tr Smart 12\/12-18A, que permite o carregamento \u00f3timo e seguro da bateria auxiliar a partir do alternador do ve\u00edculo, mesmo em ve\u00edculos modernos com alternadores inteligentes.<br \/>\nGra\u00e7as ao seu design isolado, protege a instala\u00e7\u00e3o el\u00e9ctrica e, al\u00e9m disso, a sua conetividade Bluetooth facilita a configura\u00e7\u00e3o e a monitoriza\u00e7\u00e3o r\u00e1pidas e f\u00e1ceis a partir de um telem\u00f3vel.<\/p>","protected":false},"excerpt":{"rendered":"<p>Este kit \u00e9 composto por:<\/p>\n<ul>\n<li>1 x <a href=\"https:\/\/fvcomponentes.com\/pt\/produto\/victron-orion-tr-smart-12-12-18a-dc-dc-conversor-isolado-ori121222120\/\" target=\"_blank\" rel=\"noopener\">Conversor Booster Isolado 12\/12-18A DC-DC Victron Orion-Tr Smart - ORI121222120<\/a><\/li>\n<li>1 x <a href=\"https:\/\/fvcomponentes.com\/pt\/produto\/smartshunt-victron-300a-50mv-shu050130050\/\" target=\"_blank\" rel=\"noopener\">SmartShunt Victron 300A\/50mV - SHU050130050<\/a><\/li>\n<li>1 x <a href=\"https:\/\/fvcomponentes.com\/pt\/produto\/bateria-de-litio-upower-12v-100ah-ue-12li100\/\" target=\"_blank\" rel=\"noopener\">Bateria de l\u00edtio Upower 12,8V\/100Ah - UE-12Li100<\/a><\/li>\n<\/ul>","protected":false},"featured_media":36293,"comment_status":"closed","ping_status":"closed","template":"","meta":{"site-sidebar-layout":"default","site-content-layout":"","ast-site-content-layout":"default","site-content-style":"default","site-sidebar-style":"default","ast-global-header-display":"","ast-banner-title-visibility":"","ast-main-header-display":"","ast-hfb-above-header-display":"","ast-hfb-below-header-display":"","ast-hfb-mobile-header-display":"","site-post-title":"","ast-breadcrumbs-content":"","ast-featured-img":"","footer-sml-layout":"","ast-disable-related-posts":"","theme-transparent-header-meta":"default","adv-header-id-meta":"","stick-header-meta":"","header-above-stick-meta":"","header-main-stick-meta":"","header-below-stick-meta":"","astra-migrate-meta-layouts":"set","ast-page-background-enabled":"default","ast-page-background-meta":{"desktop":{"background-color":"var(--ast-global-color-4)","background-image":"","background-repeat":"repeat","background-position":"center center","background-size":"auto","background-attachment":"scroll","background-type":"","background-media":"","overlay-type":"","overlay-color":"","overlay-opacity":"","overlay-gradient":""},"tablet":{"background-color":"","background-image":"","background-repeat":"repeat","background-position":"center center","background-size":"auto","background-attachment":"scroll","background-type":"","background-media":"","overlay-type":"","overlay-color":"","overlay-opacity":"","overlay-gradient":""},"mobile":{"background-color":"","background-image":"","background-repeat":"repeat","background-position":"center center","background-size":"auto","background-attachment":"scroll","background-type":"","background-media":"","overlay-type":"","overlay-color":"","overlay-opacity":"","overlay-gradient":""}},"ast-content-background-meta":{"desktop":{"background-color":"var(--ast-global-color-5)","background-image":"","background-repeat":"repeat","background-position":"center center","background-size":"auto","background-attachment":"scroll","background-type":"","background-media":"","overlay-type":"","overlay-color":"","overlay-opacity":"","overlay-gradient":""},"tablet":{"background-color":"var(--ast-global-color-5)","background-image":"","background-repeat":"repeat","background-position":"center center","background-size":"auto","background-attachment":"scroll","background-type":"","background-media":"","overlay-type":"","overlay-color":"","overlay-opacity":"","overlay-gradient":""},"mobile":{"background-color":"var(--ast-global-color-5)","background-image":"","background-repeat":"repeat","background-position":"center center","background-size":"auto","background-attachment":"scroll","background-type":"","background-media":"","overlay-type":"","overlay-color":"","overlay-opacity":"","overlay-gradient":""}}},"pwb-brand":[332,1020],"product_brand":[],"product_cat":[910,928,464],"product_tag":[],"class_list":{"0":"post-36271","1":"product","2":"type-product","3":"status-publish","4":"has-post-thumbnail","6":"pwb-brand-victron","7":"pwb-brand-upower","8":"product_cat-kit-solar-camper","9":"product_cat-kit-solar-velero","10":"product_cat-kits-solares","11":"product_shipping_class-baterias","12":"desktop-align-left","13":"tablet-align-left","14":"mobile-align-left","15":"ast-product-gallery-layout-horizontal-slider","16":"ast-product-tabs-layout-horizontal","18":"first","19":"instock","20":"taxable","21":"shipping-taxable","22":"purchasable","23":"product-type-simple"},"wcpa_form_fields":null,"brands":[{"id":1020,"name":"Baterias Upower","slug":"alimentador"},{"id":332,"name":"Victron Energia","slug":"victron"}],"_links":{"self":[{"href":"https:\/\/fvcomponentes.com\/pt\/wp-json\/wp\/v2\/product\/36271","targetHints":{"allow":["GET"]}}],"collection":[{"href":"https:\/\/fvcomponentes.com\/pt\/wp-json\/wp\/v2\/product"}],"about":[{"href":"https:\/\/fvcomponentes.com\/pt\/wp-json\/wp\/v2\/types\/product"}],"replies":[{"embeddable":true,"href":"https:\/\/fvcomponentes.com\/pt\/wp-json\/wp\/v2\/comments?post=36271"}],"wp:featuredmedia":[{"embeddable":true,"href":"https:\/\/fvcomponentes.com\/pt\/wp-json\/wp\/v2\/media\/36293"}],"wp:attachment":[{"href":"https:\/\/fvcomponentes.com\/pt\/wp-json\/wp\/v2\/media?parent=36271"}],"wp:term":[{"taxonomy":"pwb-brand","embeddable":true,"href":"https:\/\/fvcomponentes.com\/pt\/wp-json\/wp\/v2\/pwb-brand?post=36271"},{"taxonomy":"product_brand","embeddable":true,"href":"https:\/\/fvcomponentes.com\/pt\/wp-json\/wp\/v2\/product_brand?post=36271"},{"taxonomy":"product_cat","embeddable":true,"href":"https:\/\/fvcomponentes.com\/pt\/wp-json\/wp\/v2\/product_cat?post=36271"},{"taxonomy":"product_tag","embeddable":true,"href":"https:\/\/fvcomponentes.com\/pt\/wp-json\/wp\/v2\/product_tag?post=36271"}],"curies":[{"name":"wp","href":"https:\/\/api.w.org\/{rel}","templated":true}]}}