{"id":36210,"date":"2026-01-29T20:40:58","date_gmt":"2026-01-29T19:40:58","guid":{"rendered":"https:\/\/fvcomponentes.com\/?post_type=product&#038;p=36210"},"modified":"2026-04-08T21:37:19","modified_gmt":"2026-04-08T19:37:19","slug":"lifepo4-victron-superpack-128v-200ah-ng-bat512120740-bateria-de-litio-lifepo4-victron-superpack-128v-200ah-ng-bat512120740","status":"publish","type":"product","link":"https:\/\/fvcomponentes.com\/pt\/producto\/bateria-de-litio-lifepo4-victron-superpack-128v-200ah-ng-bat512120740\/","title":{"rendered":"Bateria de l\u00edtio Victron SuperPack 12.8V\/200Ah NG LiFePO4 - BAT512120740"},"content":{"rendered":"<h2>Bateria de l\u00edtio Victron SuperPack 12.8V\/200Ah NG LiFePO4 - BAT512120740<\/h2>\n<p>O SuperPack 12.8V\/200Ah NG \u00e9 uma bateria de l\u00edtio de \u00faltima gera\u00e7\u00e3o concebida para lhe fornecer energia suficiente para alimentar todo o seu sistema el\u00e9trico, mesmo os dispositivos que mais consomem energia.<\/p>\n<p>Gra\u00e7as \u00e0 sua tecnologia LiFePO4, esta bateria \u00e9 mais eficiente, dura muito mais tempo, \u00e9 mais segura e mais f\u00e1cil de utilizar.<\/p>\n<p>Faz parte da nova gama SuperPack NG (Next Generation) da Victron Energy, perfeita para uma utiliza\u00e7\u00e3o intensiva fora da rede, seja em autocaravanas, campistas, barcos, grandes cami\u00f5es, SUVs, sistemas solares fora da rede ou mesmo aplica\u00e7\u00f5es industriais ligeiras.<\/p>\n<p>Gra\u00e7as ao seu formato compacto, disposi\u00e7\u00e3o dos terminais e eletr\u00f3nica integrada, esta bateria pode ser facilmente instalada em sistemas existentes sem necessidade de componentes externos complexos.<\/p>\n<p>Ao mesmo tempo, mant\u00e9m os elevados padr\u00f5es de qualidade e fiabilidade da Victron Energy.<\/p>\n<h2>Carater\u00edsticas da bateria SuperPack 12,8V\/200Ah NG<\/h2>\n<h3>Tecnologia<\/h3>\n<p>Esta bateria utiliza c\u00e9lulas de fosfato de ferro e l\u00edtio (LiFePO4), que se encontram entre as mais seguras e est\u00e1veis do mercado.<\/p>\n<p>Gra\u00e7as \u00e0 sua tecnologia, esta pilha n\u00e3o liberta gases nem oxig\u00e9nio, resiste muito bem ao calor, a sua degrada\u00e7\u00e3o com o uso \u00e9 muito lenta e a sua estabilidade qu\u00edmica \u00e9 muito elevada.<br \/>\n\u00c9 por isso que dura muito mais tempo do que outras pilhas.<\/p>\n<h3>BMS e protec\u00e7\u00f5es integradas<\/h3>\n<p>O SuperPack 12.8V\/200Ah NG inclui um sistema de gest\u00e3o de bateria (BMS) e um monitor de bateria integrados.<br \/>\nEquilibram e monitorizam automaticamente as c\u00e9lulas e protegem a bateria contra a descarga excessiva, o carregamento excessivo, a temperatura excessiva e a temperatura insuficiente, a sobrecorrente e os curto-circuitos.<br \/>\nIsto prolonga a sua vida \u00fatil e reduz os riscos<\/p>\n<p>Tem tamb\u00e9m a classifica\u00e7\u00e3o IP65, que o protege contra poeiras e jactos de \u00e1gua.<\/p>\n<p>Al\u00e9m disso, possui um bot\u00e3o de ligar\/desligar a bateria que desactiva as fun\u00e7\u00f5es de carga e descarga.<\/p>\n<p>Isto garante um desempenho e uma seguran\u00e7a \u00f3ptimos durante toda a vida \u00fatil da bateria, sem necessidade de sistemas de prote\u00e7\u00e3o externos.<\/p>\n<h3>Monitoriza\u00e7\u00e3o Bluetooth e controlo inteligente<\/h3>\n<p>A bateria SuperPack NG possui Bluetooth Smart, permitindo-lhe monitorizar e configurar a bateria, bem como atualizar o firmware atrav\u00e9s da aplica\u00e7\u00e3o VictronConnect.<\/p>\n<p>A partir do telem\u00f3vel ou do tablet, \u00e9 poss\u00edvel verificar o estado de carga (SoC), a temperatura da bateria, os avisos e alarmes e o estado do sistema em tempo real.<\/p>\n<p>A fun\u00e7\u00e3o de leitura instant\u00e2nea permite-lhe ver as informa\u00e7\u00f5es mais importantes diretamente na lista de dispositivos da aplica\u00e7\u00e3o, sem necessidade de se ligar individualmente \u00e0 bateria.<br \/>\nIsto facilita o controlo r\u00e1pido e eficiente do sistema.<\/p>\n<p>Al\u00e9m disso, tem dois LED incorporados que indicam a conetividade Bluetooth, os avisos e alarmes e o estado de atualiza\u00e7\u00e3o do firmware.<\/p>\n<h3>Sinal de retorno externo (EFS)<\/h3>\n<p>Uma das carater\u00edsticas avan\u00e7adas desta bateria \u00e9 o sinal de feedback externo (EFS), um sinal de tens\u00e3o da bateria limitado a 250 mA.<br \/>\nPode ser utilizado de duas formas:<\/p>\n<ul>\n<li><strong>Sinal de desconex\u00e3o externa (EDS):<\/strong> para ativar as protec\u00e7\u00f5es redundantes do sistema.<\/li>\n<li><strong>Sinal de carregamento externo (ECS):\u00a0<\/strong>permite que um carregador ou gerador seja ligado automaticamente se o estado do n\u00edvel de carga for baixo.<\/li>\n<\/ul>\n<p>Esta funcionalidade proporciona um n\u00edvel adicional de seguran\u00e7a e automatiza\u00e7\u00e3o a sistemas de energia complexos.<\/p>\n<h3>Fun\u00e7\u00e3o de auto-aquecimento integrada<\/h3>\n<p>O SuperPack 12.8V\/200Ah NG tem um aquecedor integrado, concebido para garantir um funcionamento fi\u00e1vel em ambientes frios e manter a temperatura da bateria acima do limite m\u00ednimo de carga seguro.<br \/>\nTem dois modos de aquecimento:<\/p>\n<ul>\n<li><strong>Modo de carregador (predefini\u00e7\u00e3o)<\/strong>O aquecedor \u00e9 alimentado pelo carregador ligado e \u00e9 automaticamente ativado quando a temperatura da c\u00e9lula desce abaixo de 0 \u00b0C antes do carregamento.<\/li>\n<li><strong>Modo autom\u00e1tico:<\/strong> a pr\u00f3pria bateria mant\u00e9m as c\u00e9lulas quentes enquanto houver carga suficiente.<br \/>\nSe o estado de carga for inferior ao limiar definido, o aquecedor desliga-se.<\/li>\n<\/ul>\n<p>Esta carater\u00edstica \u00e9 especialmente valiosa em aplica\u00e7\u00f5es m\u00f3veis ou instala\u00e7\u00f5es em climas frios.<\/p>\n<h3>Vida \u00fatil e ciclos de carga<\/h3>\n<p>A bateria apresenta uma vida \u00fatil excecional com at\u00e9 2500 ciclos a 80 % de profundidade de descarga (DoD), at\u00e9 3000 ciclos a 70 % de DoD e at\u00e9 5000 ciclos a 50 % de DoD.<\/p>\n<p>A perda de capacidade \u00e9 inferior a 1 % por 100 ciclos a 25 \u00b0C e 100 % DoD.<\/p>\n<p>Isto garante, portanto, anos de funcionamento fi\u00e1vel, mesmo em aplica\u00e7\u00f5es quotidianas.<\/p>\n<h3>Condi\u00e7\u00f5es de funcionamento<\/h3>\n<p>A SuperPack 12.8V\/200 Ah NG \u00e9 muito tolerante \u00e0 temperatura, permitindo que a bateria seja utilizada numa variedade de climas e condi\u00e7\u00f5es ambientais, tornando-a adequada para ambientes exigentes, tais como instala\u00e7\u00f5es exteriores e m\u00f3veis.<\/p>\n<p>A bateria resiste a temperaturas de carga e descarga de -20 \u00b0C a +55 \u00b0C e a uma humidade de 90% sem condensa\u00e7\u00e3o.<\/p>\n<p>Al\u00e9m disso, recomenda-se que a temperatura a que a bateria \u00e9 armazenada se situe entre 10 \u00b0C e 35 \u00b0C.<\/p>\n<h3>Configura\u00e7\u00e3o do sistema<\/h3>\n<p>O SuperPack NG permite a liga\u00e7\u00e3o em paralelo de um n\u00famero ilimitado de baterias para aumentar a capacidade total de energia, mas n\u00e3o suporta a liga\u00e7\u00e3o em s\u00e9rie.<\/p>\n<h3>N\u00edvel de descarga configur\u00e1vel<\/h3>\n<p>A bateria SuperPack 12.8V\/200Ah NG tem um n\u00edvel de descarga configur\u00e1vel, que se baseia na defini\u00e7\u00e3o de um estado de carga m\u00ednimo para evitar a descarga excessiva e manter a capacidade de reserva.<\/p>\n<p>Quando o limite \u00e9 atingido, o VictronConnect apresenta um alarme de estado de carga baixo (SoC) e o indicador de descarga permitida (ATD) desliga-se at\u00e9 que o estado de carga exceda o limite definido.<\/p>\n<h3>Conectividade e montagem<\/h3>\n<p>Esta bateria tem liga\u00e7\u00f5es el\u00e9ctricas (terminais de parafuso M8) para uma liga\u00e7\u00e3o robusta e fi\u00e1vel.<\/p>\n<p>Por outro lado, \u00e9 prefer\u00edvel que seja colocado numa posi\u00e7\u00e3o vertical ou no seu lado mais comprido para um melhor desempenho e vida \u00fatil.<\/p>\n<h2>Vantagens da bateria de l\u00edtio Victron SuperPack 12.8V\/200Ah NG LiFePO4 - BAT512120740<\/h2>\n<p>As vantagens desta bateria s\u00e3o as seguintes<\/p>\n<ul>\n<li><strong>Elevada densidade energ\u00e9tica: <\/strong>mais energia armazenada por bateria<\/li>\n<li><strong>Longa vida \u00fatil e robustez:<\/strong>\u00a0milhares de ciclos de carga\/descarga sem degrada\u00e7\u00e3o r\u00e1pida.<\/li>\n<li><strong>Efici\u00eancia superior \u00e0s baterias tradicionais: <\/strong>menos perdas de energia do que as baterias tradicionais.<\/li>\n<li><strong>Seguran\u00e7a e fiabilidade: <\/strong>BMS avan\u00e7ado e qu\u00edmica est\u00e1vel.<\/li>\n<li><strong>F\u00e1cil instala\u00e7\u00e3o e manuten\u00e7\u00e3o: <\/strong>n\u00e3o necessita de manuten\u00e7\u00e3o peri\u00f3dica nem de ventila\u00e7\u00e3o for\u00e7ada.<\/li>\n<\/ul>\n<h2>Utiliza\u00e7\u00f5es t\u00edpicas da bateria SuperPack 12,8V\/200Ah NG<\/h2>\n<p>Esta bateria \u00e9 ideal para:<\/p>\n<ul>\n<li>Sistemas fotovoltaicos residenciais ou fora da rede.<\/li>\n<li>Autocaravanas e autocaravanas.<\/li>\n<li>Navios e barcos.<\/li>\n<li>Ve\u00edculos de recreio, grandes cami\u00f5es e SUV.<\/li>\n<li>Aplica\u00e7\u00f5es industriais ligeiras.<\/li>\n<li>Qualquer sistema que necessite de energia est\u00e1vel, eficiente e duradoura, sem manuten\u00e7\u00e3o frequente.<\/li>\n<\/ul>\n<h2>Especifica\u00e7\u00f5es t\u00e9cnicas da bateria SuperPack 12,8V\/200Ah NG<\/h2>\n<table>\n<thead>\n<tr>\n<th><strong>Carater\u00edstica<\/strong><\/th>\n<th><strong>Valor<\/strong><\/th>\n<\/tr>\n<\/thead>\n<tbody>\n<tr>\n<td>Modelo<\/td>\n<td>SuperPack 12,8V\/200Ah NG<\/td>\n<\/tr>\n<tr>\n<td>Refer\u00eancia Victron<\/td>\n<td>BAT512120740<\/td>\n<\/tr>\n<tr>\n<td>Tecnologia<\/td>\n<td>L\u00edtio LiFePO4 (fosfato de l\u00edtio e ferro)<\/td>\n<\/tr>\n<tr>\n<td>Tens\u00e3o nominal<\/td>\n<td>12,8 V<\/td>\n<\/tr>\n<tr>\n<td>Capacidade nominal<\/td>\n<td>200 Ah<\/td>\n<\/tr>\n<tr>\n<td>Energia nominal<\/td>\n<td>2560 Wh<\/td>\n<\/tr>\n<tr>\n<td>Efici\u00eancia<\/td>\n<td>93 %<\/td>\n<\/tr>\n<tr>\n<td>Perda de capacidade<\/td>\n<td>&lt; 1 % por 100 ciclos (25 \u00b0C, 100 % DoD)<\/td>\n<\/tr>\n<tr>\n<td>Corrente de descarga cont\u00ednua m\u00e1xima<\/td>\n<td>200 A<\/td>\n<\/tr>\n<tr>\n<td>Ciclos de vida<\/td>\n<td>2.500 a 80% \/ 3.000 a 70% DoD \/ 5.000 a 50% DoD<\/td>\n<\/tr>\n<tr>\n<td>Tens\u00e3o de descarga final<\/td>\n<td>11,2 V<\/td>\n<\/tr>\n<tr>\n<td>Resist\u00eancia interna<\/td>\n<td>1 m\u03a9<\/td>\n<\/tr>\n<tr>\n<td>Tens\u00e3o de carga recomendada<\/td>\n<td>14 V<\/td>\n<\/tr>\n<tr>\n<td>Corrente de carga cont\u00ednua m\u00e1xima<\/td>\n<td>200 A<\/td>\n<\/tr>\n<tr>\n<td>Protec\u00e7\u00f5es de software<\/td>\n<td>Sobretens\u00e3o, subtens\u00e3o, sobretemperatura, sobretemperatura, subtemperatura, sobrecorrente<\/td>\n<\/tr>\n<tr>\n<td>Sistema de gest\u00e3o (BMS)<\/td>\n<td>Integrado<\/td>\n<\/tr>\n<tr>\n<td>Monitor da bateria<\/td>\n<td>Integrado<\/td>\n<\/tr>\n<tr>\n<td>Comunica\u00e7\u00e3o Bluetooth<\/td>\n<td>Sim, atrav\u00e9s do VictronConnect<\/td>\n<\/tr>\n<tr>\n<td>Sinal externo<\/td>\n<td>Sinal de realimenta\u00e7\u00e3o externa (EFS)<\/td>\n<\/tr>\n<tr>\n<td>Interface do utilizador<\/td>\n<td>Bot\u00e3o ON\/OFF, LED de estado, LED Bluetooth<\/td>\n<\/tr>\n<tr>\n<td>Fun\u00e7\u00e3o de auto-aquecimento<\/td>\n<td>Sim<\/td>\n<\/tr>\n<tr>\n<td>Liga\u00e7\u00e3o em paralelo<\/td>\n<td>Sim, n\u00famero ilimitado (limitado pela corrente do sistema)<\/td>\n<\/tr>\n<tr>\n<td>Liga\u00e7\u00e3o em s\u00e9rie<\/td>\n<td>N\u00e3o<\/td>\n<\/tr>\n<tr>\n<td>Temperatura de funcionamento (carga e descarga)<\/td>\n<td>-20 \u00b0C a +55 \u00b0C<\/td>\n<\/tr>\n<tr>\n<td>Humidade de funcionamento<\/td>\n<td>&lt; 90 % RH (sem condensa\u00e7\u00e3o)<\/td>\n<\/tr>\n<tr>\n<td>Grau de prote\u00e7\u00e3o<\/td>\n<td>IP65<\/td>\n<\/tr>\n<tr>\n<td>Liga\u00e7\u00f5es el\u00e9ctricas<\/td>\n<td>Terminais roscados M8<\/td>\n<\/tr>\n<tr>\n<td>Dimens\u00f5es<\/td>\n<td>466 x 198 x 173 mm<\/td>\n<\/tr>\n<tr>\n<td>Peso<\/td>\n<td>20,5 kg<\/td>\n<\/tr>\n<tr>\n<td>Regulamentos de seguran\u00e7a<\/td>\n<td>UL1973, UL9540A, IEC62619<\/td>\n<\/tr>\n<\/tbody>\n<\/table>\n<h2>Informa\u00e7\u00f5es t\u00e9cnicas para Bateria de l\u00edtio Victron SuperPack 12,8V\/200Ah NG LiFePO4 - BAT512120740<\/h2>\n<p><a href=\"https:\/\/fvcomponentes.com\/wp-content\/uploads\/2026\/01\/Datasheet-Lithium-SuperPack-NG-DRAFT-03-EN-1.pdf\" target=\"_blank\" rel=\"noopener\">Folha de dados da bateria SuperPack 12,8V\/200Ah NG<\/a><\/p>","protected":false},"excerpt":{"rendered":"<p><span style=\"color: #ff0000;\"><strong>Dispon\u00edvel a partir de abril de 2026!<\/strong><\/span><\/p>\n<p><span style=\"color: #ff9900;\"><strong>Imagens indicativas\u00a0<\/strong><\/span><\/p>\n<p>Tens\u00e3o nominal: 12,8 V<br \/>\nCapacidade nominal a 25\u00ba: 200 Ah<br \/>\nCiclos de vida: 2.500 a 80% \/ 3.000 a 70% DoD \/ 5.000 a 50% DoD<br \/>\nCorrente de carga m\u00e1xima: 200 A<\/p>","protected":false},"featured_media":36214,"comment_status":"closed","ping_status":"closed","template":"","meta":{"site-sidebar-layout":"default","site-content-layout":"","ast-site-content-layout":"default","site-content-style":"default","site-sidebar-style":"default","ast-global-header-display":"","ast-banner-title-visibility":"","ast-main-header-display":"","ast-hfb-above-header-display":"","ast-hfb-below-header-display":"","ast-hfb-mobile-header-display":"","site-post-title":"","ast-breadcrumbs-content":"","ast-featured-img":"","footer-sml-layout":"","ast-disable-related-posts":"","theme-transparent-header-meta":"default","adv-header-id-meta":"","stick-header-meta":"","header-above-stick-meta":"","header-main-stick-meta":"","header-below-stick-meta":"","astra-migrate-meta-layouts":"set","ast-page-background-enabled":"default","ast-page-background-meta":{"desktop":{"background-color":"var(--ast-global-color-4)","background-image":"","background-repeat":"repeat","background-position":"center center","background-size":"auto","background-attachment":"scroll","background-type":"","background-media":"","overlay-type":"","overlay-color":"","overlay-opacity":"","overlay-gradient":""},"tablet":{"background-color":"","background-image":"","background-repeat":"repeat","background-position":"center center","background-size":"auto","background-attachment":"scroll","background-type":"","background-media":"","overlay-type":"","overlay-color":"","overlay-opacity":"","overlay-gradient":""},"mobile":{"background-color":"","background-image":"","background-repeat":"repeat","background-position":"center center","background-size":"auto","background-attachment":"scroll","background-type":"","background-media":"","overlay-type":"","overlay-color":"","overlay-opacity":"","overlay-gradient":""}},"ast-content-background-meta":{"desktop":{"background-color":"var(--ast-global-color-5)","background-image":"","background-repeat":"repeat","background-position":"center center","background-size":"auto","background-attachment":"scroll","background-type":"","background-media":"","overlay-type":"","overlay-color":"","overlay-opacity":"","overlay-gradient":""},"tablet":{"background-color":"var(--ast-global-color-5)","background-image":"","background-repeat":"repeat","background-position":"center center","background-size":"auto","background-attachment":"scroll","background-type":"","background-media":"","overlay-type":"","overlay-color":"","overlay-opacity":"","overlay-gradient":""},"mobile":{"background-color":"var(--ast-global-color-5)","background-image":"","background-repeat":"repeat","background-position":"center center","background-size":"auto","background-attachment":"scroll","background-type":"","background-media":"","overlay-type":"","overlay-color":"","overlay-opacity":"","overlay-gradient":""}}},"pwb-brand":[332],"product_brand":[],"product_cat":[340,431],"product_tag":[],"class_list":{"0":"post-36210","1":"product","2":"type-product","3":"status-publish","4":"has-post-thumbnail","6":"pwb-brand-victron","7":"product_cat-baterias","8":"product_cat-baterias-litio-12v","9":"product_shipping_class-baterias","10":"desktop-align-left","11":"tablet-align-left","12":"mobile-align-left","13":"ast-product-gallery-layout-horizontal-slider","14":"ast-product-tabs-layout-horizontal","16":"first","17":"onbackorder","18":"taxable","19":"shipping-taxable","20":"purchasable","21":"product-type-simple"},"wcpa_form_fields":null,"brands":[{"id":332,"name":"Victron Energia","slug":"victron"}],"_links":{"self":[{"href":"https:\/\/fvcomponentes.com\/pt\/wp-json\/wp\/v2\/product\/36210","targetHints":{"allow":["GET"]}}],"collection":[{"href":"https:\/\/fvcomponentes.com\/pt\/wp-json\/wp\/v2\/product"}],"about":[{"href":"https:\/\/fvcomponentes.com\/pt\/wp-json\/wp\/v2\/types\/product"}],"replies":[{"embeddable":true,"href":"https:\/\/fvcomponentes.com\/pt\/wp-json\/wp\/v2\/comments?post=36210"}],"wp:featuredmedia":[{"embeddable":true,"href":"https:\/\/fvcomponentes.com\/pt\/wp-json\/wp\/v2\/media\/36214"}],"wp:attachment":[{"href":"https:\/\/fvcomponentes.com\/pt\/wp-json\/wp\/v2\/media?parent=36210"}],"wp:term":[{"taxonomy":"pwb-brand","embeddable":true,"href":"https:\/\/fvcomponentes.com\/pt\/wp-json\/wp\/v2\/pwb-brand?post=36210"},{"taxonomy":"product_brand","embeddable":true,"href":"https:\/\/fvcomponentes.com\/pt\/wp-json\/wp\/v2\/product_brand?post=36210"},{"taxonomy":"product_cat","embeddable":true,"href":"https:\/\/fvcomponentes.com\/pt\/wp-json\/wp\/v2\/product_cat?post=36210"},{"taxonomy":"product_tag","embeddable":true,"href":"https:\/\/fvcomponentes.com\/pt\/wp-json\/wp\/v2\/product_tag?post=36210"}],"curies":[{"name":"wp","href":"https:\/\/api.w.org\/{rel}","templated":true}]}}