{"id":36177,"date":"2026-02-20T07:55:18","date_gmt":"2026-02-20T06:55:18","guid":{"rendered":"https:\/\/fvcomponentes.com\/?post_type=product&#038;p=36177"},"modified":"2026-03-26T15:38:31","modified_gmt":"2026-03-26T14:38:31","slug":"barramento-victron-lynx-distribuidor-lyn060102000","status":"publish","type":"product","link":"https:\/\/fvcomponentes.com\/pt\/producto\/barra-colectora-victron-lynx-distributor-lyn060102000\/","title":{"rendered":"Barramento do distribuidor Victron Lynx - LYN060102000"},"content":{"rendered":"<h2>Barramento do distribuidor Victron Lynx - LYN060102000<\/h2>\n<p>O Distribuidor Lynx da Victron \u00e9 um barramento modular de corrente cont\u00ednua (CC) concebido para fornecer uma distribui\u00e7\u00e3o de energia segura, organizada e eficiente em sistemas el\u00e9ctricos de elevado desempenho.<br \/>\nFaz parte do sistema modular Lynx da Victron Energy, que permite a gest\u00e3o profissional da energia em instala\u00e7\u00f5es fora da rede, sistemas solares, barcos, caravanas, ve\u00edculos de recreio e aplica\u00e7\u00f5es industriais.<\/p>\n<h2>Carater\u00edsticas do Distribuidor Lynx<\/h2>\n<h3>Distribui\u00e7\u00e3o modular<\/h3>\n<p>O Distribuidor Lynx integra o barramento positivo (+) e negativo (-) numa \u00fanica unidade compacta.<\/p>\n<p>Foi concebido para acomodar at\u00e9 quatro fus\u00edveis CC individuais, com liga\u00e7\u00f5es que permitem que a energia seja distribu\u00edda de forma ordenada a diferentes cargas ou componentes do sistema.<br \/>\nTamb\u00e9m fornece prote\u00e7\u00e3o individual para cada uma das sa\u00eddas ligadas.<\/p>\n<p>Esta carater\u00edstica torna-o numa solu\u00e7\u00e3o ideal para centralizar a distribui\u00e7\u00e3o de energia e proteger circuitos cr\u00edticos em sistemas de baterias de 12V, 24V ou 48V.<\/p>\n<h3>Monitoriza\u00e7\u00e3o e diagn\u00f3stico integrados<\/h3>\n<p>Este Lynx possui monitoriza\u00e7\u00e3o do estado do fus\u00edvel, uma vez que incorpora indicadores LED frontais que mostram visualmente se um fus\u00edvel est\u00e1 bom ou falhou.<\/p>\n<p>Esta monitoriza\u00e7\u00e3o melhora significativamente a seguran\u00e7a e a manuten\u00e7\u00e3o do sistema, permitindo a dete\u00e7\u00e3o r\u00e1pida de falhas sem necessidade de desmontagem ou de medi\u00e7\u00f5es manuais.<\/p>\n<p>Quando o dispositivo est\u00e1 ligado a um Lynx Smart BMS, pode transmitir informa\u00e7\u00f5es sobre o estado do fus\u00edvel para visualiza\u00e7\u00e3o nos sistemas de monitoriza\u00e7\u00e3o Victron, como o VictronConnect, dispositivos GX ou o portal VRM.<\/p>\n<h3>Constru\u00e7\u00e3o e conce\u00e7\u00e3o<\/h3>\n<p>O distribuidor Lynx \u00e9 fabricado com uma caixa em ABS resistente, concebida para suportar ambientes exigentes.<\/p>\n<p>No interior, os barramentos s\u00e3o feitos de cobre estanhado, um material que garante uma excelente condutividade el\u00e9ctrica e uma elevada resist\u00eancia \u00e0 corros\u00e3o.<\/p>\n<p>As suas dimens\u00f5es aproximadas s\u00e3o 290 \u00d7 170 \u00d7 80 mm, com um peso de cerca de 2,2 kg, o que lhe confere uma estrutura robusta e s\u00f3lida, adequada para instala\u00e7\u00f5es profissionais.<\/p>\n<p>Al\u00e9m disso, possui um grau de prote\u00e7\u00e3o IP22, o que o torna resistente a poeiras ligeiras e salpicos de \u00e1gua. Por conseguinte, \u00e9 adequado para instala\u00e7\u00f5es em interiores.<\/p>\n<h2>O sistema de distribui\u00e7\u00e3o Lynx<\/h2>\n<p>Este sistema de distribui\u00e7\u00e3o \u00e9 composto pelos seguintes elementos:<\/p>\n<ul>\n<li><a href=\"https:\/\/fvcomponentes.com\/pt\/produto\/lynx-power-em-victron-m10-lyn020102010\/\" target=\"_blank\" rel=\"noopener\"><strong>Entrada de energia Lynx<\/strong><\/a>\u00a0- Um barramento positivo e um negativo com quatro liga\u00e7\u00f5es para baterias ou equipamento de corrente cont\u00ednua.<\/li>\n<li><a href=\"https:\/\/fvcomponentes.com\/pt\/produto\/barramento-lynx-distribuidor-lyn060102000\/\" target=\"_blank\" rel=\"noopener\"><strong>Distribuidor Lynx<\/strong><\/a>\u00a0- Um barramento positivo e um negativo com quatro liga\u00e7\u00f5es com fus\u00edveis para baterias ou equipamento de corrente cont\u00ednua, juntamente com monitoriza\u00e7\u00e3o de fus\u00edveis.<\/li>\n<li><a href=\"https:\/\/fvcomponentes.com\/pt\/?post_type=product&amp;p=6161&amp;preview=true\" target=\"_blank\" rel=\"noopener\"><strong>Shunt Lynx VE.Can<\/strong><\/a>\u00a0- Um barramento positivo com espa\u00e7o para um fus\u00edvel do sistema principal e um barramento negativo com um shunt para monitoriza\u00e7\u00e3o da bateria. Comunica\u00e7\u00e3o VE.Can para monitoriza\u00e7\u00e3o e configura\u00e7\u00e3o com um aparelho GX.<\/li>\n<li><a href=\"https:\/\/fvcomponentes.com\/pt\/produto\/lynx-victron-smart-bms-500-m10-lyn034160210\/\" target=\"_blank\" rel=\"noopener\"><strong>Lynx Smart BMS<\/strong><\/a>\u00a0- Para utiliza\u00e7\u00e3o em conjunto com as baterias de l\u00edtio Victron Energy Smart.<br \/>\nCont\u00e9m um barramento positivo com um contactor acionado por um sistema de gest\u00e3o de baterias (BMS) e um barramento negativo com um shunt para monitoriza\u00e7\u00e3o da bateria. Disp\u00f5e de comunica\u00e7\u00e3o Bluetooth para monitoriza\u00e7\u00e3o e configura\u00e7\u00e3o atrav\u00e9s da aplica\u00e7\u00e3o.\u00a0<a href=\"https:\/\/www.victronenergy.com.es\/panel-systems-remote-monitoring\/victronconnect\" target=\"_blank\" rel=\"noopener\">VictronConnect<\/a>\u00a0e comunica\u00e7\u00e3o VE.Can para monitoriza\u00e7\u00e3o com um dispositivo GX e o Portal VRM.<\/li>\n<\/ul>\n<h2>Aplica\u00e7\u00f5es t\u00edpicas do Distribuidor Lynx<\/h2>\n<p>O Distribuidor Lynx \u00e9 ideal para:<\/p>\n<ul>\n<li>Sistemas de energia solar fotovoltaica com m\u00faltiplas cargas de corrente cont\u00ednua.<\/li>\n<li>Ve\u00edculos de recreio e caravanas com bateria e acess\u00f3rios el\u00e9ctricos.<\/li>\n<li>Navios com consumo distribu\u00eddo de corrente cont\u00ednua.<\/li>\n<li>Instala\u00e7\u00f5es aut\u00f3nomas sem liga\u00e7\u00e3o \u00e0 rede ou microgera\u00e7\u00e3o.<\/li>\n<li>Aplica\u00e7\u00f5es industriais que requerem uma distribui\u00e7\u00e3o de energia limpa e segura.<\/li>\n<\/ul>\n<h2>Especifica\u00e7\u00f5es el\u00e9ctricas do barramento do distribuidor Victron Lynx - LYN060102000<\/h2>\n<p>Este Lynx foi concebido para sistemas de corrente cont\u00ednua (DC) com uma gama de tens\u00f5es ampla e robusta:<\/p>\n<ul>\n<li><strong>Gama de tens\u00f5es de funcionamento:<\/strong> 9 - 60 V DC (compat\u00edvel com sistemas de 12 V, 24 V e 48 V).<\/li>\n<li><strong>Corrente m\u00e1xima cont\u00ednua:<\/strong> at\u00e9 1000 A atrav\u00e9s dos barramentos (barramento positivo e negativo).<\/li>\n<li><strong>Liga\u00e7\u00f5es de fus\u00edveis:<\/strong> caixa para 4 fus\u00edveis do tipo MEGA\/AMG.<\/li>\n<li><strong>Cabo de liga\u00e7\u00e3o inclu\u00eddo:<\/strong> Cabo RJ10 de 40 cm para alimenta\u00e7\u00e3o el\u00e9ctrica e transmiss\u00e3o de dados com Lynx Shunt ou Smart BMS.<\/li>\n<li><strong>Material e constru\u00e7\u00e3o:<\/strong> caixa r\u00edgida em ABS e barra de cobre estanhado de alta condutividade.<\/li>\n<li><strong>Dimens\u00f5es aproximadas:<\/strong> 170 x 290 \u00d7 80 mm.<\/li>\n<li><strong>Peso:<\/strong> 2,2 kg.<\/li>\n<li><strong>Temperatura de funcionamento:<\/strong> -40 \u00b0C a +60 \u00b0C.<\/li>\n<li><strong>Classe de prote\u00e7\u00e3o:<\/strong> IP22 (resistente a poeiras ligeiras e salpicos de \u00e1gua, adequado para instala\u00e7\u00f5es interiores).<\/li>\n<\/ul>\n<h2>Manual do barramento do distribuidor Lynx - LYN060102000<\/h2>\n<p><a href=\"https:\/\/fvcomponentes.com\/wp-content\/uploads\/2024\/01\/24531-Lynx_Distributor_Manual-pdf-es.pdf\" target=\"_blank\" rel=\"noopener\">Ver manual do barramento do distribuidor Lynx - LYN0600102000<\/a><\/p>","protected":false},"excerpt":{"rendered":"<p><strong>Gama de tens\u00f5es de funcionamento:<\/strong> 9 - 60 V<\/p>\n<p><strong>Corrente m\u00e1xima cont\u00ednua:<\/strong> 1.000 A<\/p>\n<p><strong>Fus\u00edveis: <\/strong>4 fus\u00edveis do tipo MEGA\/AMG.<\/p>\n<p><strong>Cabo de liga\u00e7\u00e3o inclu\u00eddo:<\/strong> Cabo RJ10 de 40 cm<\/p>\n<p><strong>Temperatura de funcionamento:<\/strong> -40 \u00b0C a +60 \u00b0C.<\/p>\n<p><strong>Classe de prote\u00e7\u00e3o:<\/strong> IP22<\/p>","protected":false},"featured_media":36179,"comment_status":"closed","ping_status":"closed","template":"","meta":{"site-sidebar-layout":"default","site-content-layout":"","ast-site-content-layout":"default","site-content-style":"default","site-sidebar-style":"default","ast-global-header-display":"","ast-banner-title-visibility":"","ast-main-header-display":"","ast-hfb-above-header-display":"","ast-hfb-below-header-display":"","ast-hfb-mobile-header-display":"","site-post-title":"","ast-breadcrumbs-content":"","ast-featured-img":"","footer-sml-layout":"","ast-disable-related-posts":"","theme-transparent-header-meta":"default","adv-header-id-meta":"","stick-header-meta":"","header-above-stick-meta":"","header-main-stick-meta":"","header-below-stick-meta":"","astra-migrate-meta-layouts":"set","ast-page-background-enabled":"default","ast-page-background-meta":{"desktop":{"background-color":"var(--ast-global-color-4)","background-image":"","background-repeat":"repeat","background-position":"center center","background-size":"auto","background-attachment":"scroll","background-type":"","background-media":"","overlay-type":"","overlay-color":"","overlay-opacity":"","overlay-gradient":""},"tablet":{"background-color":"","background-image":"","background-repeat":"repeat","background-position":"center center","background-size":"auto","background-attachment":"scroll","background-type":"","background-media":"","overlay-type":"","overlay-color":"","overlay-opacity":"","overlay-gradient":""},"mobile":{"background-color":"","background-image":"","background-repeat":"repeat","background-position":"center center","background-size":"auto","background-attachment":"scroll","background-type":"","background-media":"","overlay-type":"","overlay-color":"","overlay-opacity":"","overlay-gradient":""}},"ast-content-background-meta":{"desktop":{"background-color":"var(--ast-global-color-5)","background-image":"","background-repeat":"repeat","background-position":"center center","background-size":"auto","background-attachment":"scroll","background-type":"","background-media":"","overlay-type":"","overlay-color":"","overlay-opacity":"","overlay-gradient":""},"tablet":{"background-color":"var(--ast-global-color-5)","background-image":"","background-repeat":"repeat","background-position":"center center","background-size":"auto","background-attachment":"scroll","background-type":"","background-media":"","overlay-type":"","overlay-color":"","overlay-opacity":"","overlay-gradient":""},"mobile":{"background-color":"var(--ast-global-color-5)","background-image":"","background-repeat":"repeat","background-position":"center center","background-size":"auto","background-attachment":"scroll","background-type":"","background-media":"","overlay-type":"","overlay-color":"","overlay-opacity":"","overlay-gradient":""}}},"pwb-brand":[332],"product_brand":[],"product_cat":[991,410],"product_tag":[],"class_list":{"0":"post-36177","1":"product","2":"type-product","3":"status-publish","4":"has-post-thumbnail","6":"pwb-brand-victron","7":"product_cat-busbar","8":"product_cat-material-electrico","9":"desktop-align-left","10":"tablet-align-left","11":"mobile-align-left","12":"ast-product-gallery-layout-horizontal-slider","13":"ast-product-tabs-layout-horizontal","15":"first","16":"outofstock","17":"taxable","18":"shipping-taxable","19":"purchasable","20":"product-type-simple"},"wcpa_form_fields":null,"brands":[{"id":332,"name":"Victron Energia","slug":"victron"}],"_links":{"self":[{"href":"https:\/\/fvcomponentes.com\/pt\/wp-json\/wp\/v2\/product\/36177","targetHints":{"allow":["GET"]}}],"collection":[{"href":"https:\/\/fvcomponentes.com\/pt\/wp-json\/wp\/v2\/product"}],"about":[{"href":"https:\/\/fvcomponentes.com\/pt\/wp-json\/wp\/v2\/types\/product"}],"replies":[{"embeddable":true,"href":"https:\/\/fvcomponentes.com\/pt\/wp-json\/wp\/v2\/comments?post=36177"}],"wp:featuredmedia":[{"embeddable":true,"href":"https:\/\/fvcomponentes.com\/pt\/wp-json\/wp\/v2\/media\/36179"}],"wp:attachment":[{"href":"https:\/\/fvcomponentes.com\/pt\/wp-json\/wp\/v2\/media?parent=36177"}],"wp:term":[{"taxonomy":"pwb-brand","embeddable":true,"href":"https:\/\/fvcomponentes.com\/pt\/wp-json\/wp\/v2\/pwb-brand?post=36177"},{"taxonomy":"product_brand","embeddable":true,"href":"https:\/\/fvcomponentes.com\/pt\/wp-json\/wp\/v2\/product_brand?post=36177"},{"taxonomy":"product_cat","embeddable":true,"href":"https:\/\/fvcomponentes.com\/pt\/wp-json\/wp\/v2\/product_cat?post=36177"},{"taxonomy":"product_tag","embeddable":true,"href":"https:\/\/fvcomponentes.com\/pt\/wp-json\/wp\/v2\/product_tag?post=36177"}],"curies":[{"name":"wp","href":"https:\/\/api.w.org\/{rel}","templated":true}]}}