{"id":36146,"date":"2026-01-24T10:20:15","date_gmt":"2026-01-24T09:20:15","guid":{"rendered":"https:\/\/fvcomponentes.com\/?post_type=product&#038;p=36146"},"modified":"2026-02-11T12:33:28","modified_gmt":"2026-02-11T11:33:28","slug":"diferencial-maxge-alfa-2p-40a-30ma-classe-a-superimunizado-6ka-epre2a040030","status":"publish","type":"product","link":"https:\/\/fvcomponentes.com\/pt\/producto\/diferencial-maxge-alpha-2p-40a-30ma-clase-a-superinmunizado-6ka-epre2a040030\/","title":{"rendered":"Maxge Alpha+ 2P diferencial, 40A, 30mA. Classe A superimunizado. 6kA - EPRE2A040030"},"content":{"rendered":"<h2>Maxge Alpha+ 2P diferencial, 40A, 30mA. Classe A superimunizado. 6kA - EPRE2A040030<\/h2>\n<p>O Maxge Alpha+ 2P, 40A, 30mA \u00e9 um disjuntor de corrente residual (RCCB) concebido para proporcionar uma prote\u00e7\u00e3o avan\u00e7ada contra a corrente de fuga \u00e0 terra (shunts) em instala\u00e7\u00f5es el\u00e9ctricas monof\u00e1sicas.<\/p>\n<p>Este dispositivo de prote\u00e7\u00e3o actua desligando automaticamente a alimenta\u00e7\u00e3o quando detecta uma fuga de corrente para a terra, evitando o risco de choque el\u00e9trico e reduzindo a possibilidade de inc\u00eandio devido a falhas de isolamento.<\/p>\n<p>Garante igualmente a seguran\u00e7a das pessoas e das instala\u00e7\u00f5es el\u00e9ctricas, combinando uma elevada sensibilidade, uma elevada imunidade \u00e0s perturba\u00e7\u00f5es e uma elevada resili\u00eancia.<\/p>\n<p>Gra\u00e7as \u00e0 sua configura\u00e7\u00e3o bipolar (2 p\u00f3los), \u00e0 sua corrente nominal de 40 A, \u00e0 sua sensibilidade de 30 mA, \u00e0 sua classe A e \u00e0 sua vers\u00e3o super-imunizada, \u00e9 particularmente adequado para instala\u00e7\u00f5es monof\u00e1sicas com equipamentos electr\u00f3nicos modernos e cargas sens\u00edveis ou n\u00e3o lineares.<\/p>\n<p>Fazendo parte da gama Alpha+ da Maxge, destina-se a proporcionar maior fiabilidade e estabilidade em instala\u00e7\u00f5es modernas.<\/p>\n<h2>Carater\u00edsticas diferenciais Maxge Alpha+ 2P, 40A, 30mA<\/h2>\n<h3>Configura\u00e7\u00e3o e capacidade el\u00e9ctrica<\/h3>\n<p>Este diferencial tem um <strong>Configura\u00e7\u00e3o de 2 p\u00f3los (2P)<\/strong>, concebido para cortar a fase e o neutro ao mesmo tempo quando detecta uma fuga de corrente suscet\u00edvel de representar um risco para as pessoas ou um perigo de inc\u00eandio, e que garante o isolamento completo do circuito quando actua.<\/p>\n<p>O diferencial funciona com um <strong>Corrente nominal de 40 amperes<\/strong>, Isto torna-o adequado para linhas e circuitos de consumo m\u00e9dio-alto, tais como quadros residenciais com elevada eletrifica\u00e7\u00e3o, pequenas instala\u00e7\u00f5es terci\u00e1rias, escrit\u00f3rios, lojas, quadros secund\u00e1rios, circuitos que alimentam v\u00e1rios disjuntores, ar condicionado e linhas dedicadas a equipamentos de uma determinada pot\u00eancia.<br \/>\nDeve ser sempre combinado com disjuntores adequados para prote\u00e7\u00e3o contra sobrecargas e curto-circuitos.<br \/>\nEsta corrente nominal determina o m\u00e1ximo que o disjuntor pode suportar continuamente sem disparar devido a sobrecarga, desde que n\u00e3o haja fugas para a terra.<\/p>\n<p>O seu <strong>sensibilidade de 30 miliamperes (mA)<\/strong> \u00e9 o valor de prote\u00e7\u00e3o normalizado recomendado para a prote\u00e7\u00e3o das pessoas contra contactos indirectos e defeitos de isolamento.<br \/>\nSe for detectado um defeito \u00e0 terra ou uma fuga de corrente igual ou superior a 30 mA, o dispositivo de corrente residual interrompe imediatamente a alimenta\u00e7\u00e3o el\u00e9ctrica para reduzir o risco de choque.  Isto evita les\u00f5es pessoais graves.<br \/>\nEste \u00e9 o valor padr\u00e3o exigido em casas, escrit\u00f3rios, pequenas lojas, circuitos de tomadas e zonas h\u00famidas (casas de banho, cozinhas).<br \/>\nCom 30 mA consegue-se um equil\u00edbrio perfeito entre seguran\u00e7a e continuidade de servi\u00e7o.<\/p>\n<h3>Prote\u00e7\u00e3o para a eletr\u00f3nica moderna<\/h3>\n<p>Como se trata de um <strong>Diferencial de classe A<\/strong>, \u00e9 capaz de detetar fugas de corrente alternada (CA) e de corrente cont\u00ednua pulsante (CC pulsante), que ocorrem frequentemente nos equipamentos electr\u00f3nicos modernos e nas fontes rectificadoras.<\/p>\n<p>Um diferencial de Classe A pode identificar fugas mais complexas do que um diferencial b\u00e1sico de Classe AC, oferecendo maior compatibilidade em instala\u00e7\u00f5es existentes.<br \/>\nIsto aumenta a seguran\u00e7a e garante uma prote\u00e7\u00e3o mais abrangente e eficaz.<\/p>\n<p>Al\u00e9m disso, \u00e9 especialmente recomendado para instala\u00e7\u00f5es que incluam equipamentos com eletr\u00f3nica integrada ou cargas n\u00e3o lineares, tais como electrodom\u00e9sticos modernos (m\u00e1quinas de lavar roupa, m\u00e1quinas de lavar lou\u00e7a, placas de indu\u00e7\u00e3o), computadores, televisores, ilumina\u00e7\u00e3o LED com controladores, carregadores, sistemas de ar condicionado, pequenas UPS, conversores de frequ\u00eancia simples e equipamentos inform\u00e1ticos ou controlados eletronicamente.<\/p>\n<h3>Menos disparos<\/h3>\n<p>O <strong>tecnologia super-imunizada<\/strong> incorporado neste diferencial permite uma maior resist\u00eancia ao ru\u00eddo el\u00e9trico ou a perturba\u00e7\u00f5es el\u00e9ctricas transit\u00f3rias (picos de tens\u00e3o, harm\u00f3nicas, pequenas interfer\u00eancias) na rede.<\/p>\n<p>Isto reduz os disparos indesejados e assegura uma maior estabilidade do fornecimento sem comprometer a seguran\u00e7a.<br \/>\n\u00c9 especialmente \u00fatil em casas com muitos aparelhos electr\u00f3nicos, escrit\u00f3rios, lojas, quadros multi-circuito e ambientes onde a estabilidade da alimenta\u00e7\u00e3o \u00e9 importante.<\/p>\n<p>O diferencial super-imunizado \u00e9 uma op\u00e7\u00e3o altamente recomendada quando a fiabilidade e a continuidade do servi\u00e7o s\u00e3o necess\u00e1rias.<\/p>\n<h3>Robustez em condi\u00e7\u00f5es exigentes<\/h3>\n<p>O seu <strong>Capacidade de corte de 6 kA <\/strong>significa que este diferencial \u00e9 capaz de suportar e funcionar corretamente em instala\u00e7\u00f5es com n\u00edveis de curto-circuito comuns em ambientes residenciais e comerciais.<\/p>\n<p>Embora o diferencial n\u00e3o substitua o disjuntor para prote\u00e7\u00e3o contra curto-circuitos, este n\u00edvel de capacidade de corte garante que o equipamento est\u00e1 pronto a funcionar em quadros el\u00e9ctricos com uma capacidade padr\u00e3o de 6.000 amperes.<\/p>\n<h3>F\u00e1cil instala\u00e7\u00e3o e design pr\u00e1tico<\/h3>\n<p>Este diferencial foi concebido para <strong>Montagem em calha DIN<\/strong>, \u00c9 r\u00e1pido e f\u00e1cil de instalar em qualquer quadro el\u00e9trico padr\u00e3o e modular.<\/p>\n<p>O seu <strong>design compacto e robusto com 36 mm de largura<\/strong> (18 mm por poste) optimiza o espa\u00e7o dispon\u00edvel e possui uma <strong>BOT\u00c3O DE TESTE<\/strong> para verificar o seu correto funcionamento e<strong> uma sinaliza\u00e7\u00e3o visual do estado (ligado\/desligado)<\/strong>, O circuito que protege pode ser facilmente identificado.<\/p>\n<p>Al\u00e9m disso, disp\u00f5e de um <strong>terminais<\/strong> que est\u00e3o preparados para cabos com esta corrente nominal (<strong>25mm\u00b2 em cabo flex\u00edvel e 35mm\u00b2 em cabo r\u00edgido<\/strong>).<br \/>\nIsto garante liga\u00e7\u00f5es firmes, seguras e duradouras.<\/p>\n<p>Estas carater\u00edsticas facilitam a instala\u00e7\u00e3o e a manuten\u00e7\u00e3o.<\/p>\n<h2>Maxge Alpha+ 2P, 40A, funcionamento diferencial de 30mA<\/h2>\n<p>Este diferencial tem o seguinte funcionamento interno:<\/p>\n<ul>\n<li><strong>Controlo permanente:<\/strong> O diferencial compara em tempo real a soma das correntes que entram pelas fases e saem pelo neutro.<\/li>\n<li><strong>Dete\u00e7\u00e3o de fugas:<\/strong> Se houver uma diferen\u00e7a de mais de 30 mA (uma indica\u00e7\u00e3o de fuga \u00e0 terra), o diferencial interpreta que parte da corrente est\u00e1 a fluir por um caminho indesejado.<\/li>\n<li><strong>Despedimento imediato:<\/strong> O diferencial desliga o circuito em milissegundos para evitar um contacto perigoso ou o in\u00edcio de um inc\u00eandio.<\/li>\n<\/ul>\n<p>\u00c9 a escolha ideal para ambientes onde a seguran\u00e7a e a continuidade do servi\u00e7o s\u00e3o uma prioridade, tais como casas com um elevado n\u00edvel de eletrifica\u00e7\u00e3o, instala\u00e7\u00f5es comerciais, escrit\u00f3rios e pequenas instala\u00e7\u00f5es industriais.<\/p>\n<p>\u00c9 importante ter em conta que este diferencial deve ser instalado juntamente com disjuntores adequados.<\/p>\n<h2>Principais vantagens do Maxge Alpha+ 2P Diferencial, 40A, 30mA<\/h2>\n<p>As vantagens deste diferencial s\u00e3o as seguintes:<\/p>\n<ul>\n<li><strong>Prote\u00e7\u00e3o das pessoas:<\/strong> sensibilidade 30 mA.<\/li>\n<li><strong>Classe A:<\/strong> c<span style=\"font-size: 16px\">Compatibilidade superior com cargas electr\u00f3nicas e adequado para equipamentos electr\u00f3nicos modernos.<\/span><\/li>\n<li><strong>Superimunizado:<\/strong> menos disparos desnecess\u00e1rios, e para<span style=\"font-size: 16px\">elevada imunidade a transientes e harm\u00f3nicos<\/span><\/li>\n<li><strong>Corrente nominal 40 A:<\/strong> adequado para linhas gerais.<\/li>\n<li><strong>Capacidade de 6 kA:<\/strong> compat\u00edvel com as instala\u00e7\u00f5es standard e os quadros el\u00e9ctricos actuais.<\/li>\n<li><strong>Corte simult\u00e2neo de fase e neutro<\/strong>.<\/li>\n<li><strong>Instala\u00e7\u00e3o simples<\/strong> em calha DIN.<\/li>\n<li><strong>Conformidade com os regulamentos<\/strong> e normas de seguran\u00e7a internacionais.<\/li>\n<\/ul>\n<h2>Informa\u00e7\u00f5es t\u00e9cnicas do Maxge Alpha+ 2P, 40A, 30mA diferencial. Classe A superimunizado. 6kA - EPRE2A040030<\/h2>\n<p><a href=\"https:\/\/fvcomponentes.com\/wp-content\/uploads\/2026\/02\/es_fichas-tecnicas_EPRE2A-20251104.pdf\" target=\"_blank\" rel=\"noopener\">Folha de dados do Maxge Alpha+ 2P, 40A, 30mA diferencial<\/a><\/p>","protected":false},"excerpt":{"rendered":"<ul>\n<li>N\u00famero de p\u00f3los: 2 p\u00f3los<\/li>\n<li>Corrente nominal (In): 40 amperes<\/li>\n<li>Sensibilidade: 30 mA<\/li>\n<li>Tens\u00e3o de funcionamento: 240V AC<\/li>\n<li>Sinaliza\u00e7\u00e3o do estado local<\/li>\n<li>Janela para marcador de circuito<\/li>\n<li>Liga\u00e7\u00e3o de terminais para cabos de cobre: 25 mm\u00b2 (flex\u00edvel) \/ 35 mm\u00b2 (r\u00edgido)<\/li>\n<li>Classe A: detecta correntes de fuga alternadas e diretas. Altamente imunizado.<\/li>\n<li>Corrente de fuga n\u00e3o operacional: 0,5xIDn<\/li>\n<li>Dimens\u00f5es: 36 mm de largura (18 mm por p\u00f3lo)<\/li>\n<li>Permite a fixa\u00e7\u00e3o de acess\u00f3rios e dispositivos de controlo<\/li>\n<li>Tens\u00e3o de isolamento (Ui): 500VA<\/li>\n<li>Grau de polui\u00e7\u00e3o 3<\/li>\n<li>Tens\u00e3o de impulso (Uimp): 4kV<\/li>\n<li>Duplo isolamento classe 2<\/li>\n<li>Temperatura de funcionamento: -5 \u00b0C a +40 \u00b0C<\/li>\n<li>Norma internacional: EN\/IEC60898-1<\/li>\n<\/ul>","protected":false},"featured_media":36695,"comment_status":"closed","ping_status":"closed","template":"","meta":{"site-sidebar-layout":"default","site-content-layout":"","ast-site-content-layout":"default","site-content-style":"default","site-sidebar-style":"default","ast-global-header-display":"","ast-banner-title-visibility":"","ast-main-header-display":"","ast-hfb-above-header-display":"","ast-hfb-below-header-display":"","ast-hfb-mobile-header-display":"","site-post-title":"","ast-breadcrumbs-content":"","ast-featured-img":"","footer-sml-layout":"","ast-disable-related-posts":"","theme-transparent-header-meta":"default","adv-header-id-meta":"","stick-header-meta":"","header-above-stick-meta":"","header-main-stick-meta":"","header-below-stick-meta":"","astra-migrate-meta-layouts":"set","ast-page-background-enabled":"default","ast-page-background-meta":{"desktop":{"background-color":"var(--ast-global-color-4)","background-image":"","background-repeat":"repeat","background-position":"center center","background-size":"auto","background-attachment":"scroll","background-type":"","background-media":"","overlay-type":"","overlay-color":"","overlay-opacity":"","overlay-gradient":""},"tablet":{"background-color":"","background-image":"","background-repeat":"repeat","background-position":"center center","background-size":"auto","background-attachment":"scroll","background-type":"","background-media":"","overlay-type":"","overlay-color":"","overlay-opacity":"","overlay-gradient":""},"mobile":{"background-color":"","background-image":"","background-repeat":"repeat","background-position":"center center","background-size":"auto","background-attachment":"scroll","background-type":"","background-media":"","overlay-type":"","overlay-color":"","overlay-opacity":"","overlay-gradient":""}},"ast-content-background-meta":{"desktop":{"background-color":"var(--ast-global-color-5)","background-image":"","background-repeat":"repeat","background-position":"center center","background-size":"auto","background-attachment":"scroll","background-type":"","background-media":"","overlay-type":"","overlay-color":"","overlay-opacity":"","overlay-gradient":""},"tablet":{"background-color":"var(--ast-global-color-5)","background-image":"","background-repeat":"repeat","background-position":"center center","background-size":"auto","background-attachment":"scroll","background-type":"","background-media":"","overlay-type":"","overlay-color":"","overlay-opacity":"","overlay-gradient":""},"mobile":{"background-color":"var(--ast-global-color-5)","background-image":"","background-repeat":"repeat","background-position":"center center","background-size":"auto","background-attachment":"scroll","background-type":"","background-media":"","overlay-type":"","overlay-color":"","overlay-opacity":"","overlay-gradient":""}}},"pwb-brand":[1018],"product_brand":[],"product_cat":[989,410],"product_tag":[],"class_list":{"0":"post-36146","1":"product","2":"type-product","3":"status-publish","4":"has-post-thumbnail","6":"pwb-brand-maxge","7":"product_cat-interruptores-diferenciales","8":"product_cat-material-electrico","9":"desktop-align-left","10":"tablet-align-left","11":"mobile-align-left","12":"ast-product-gallery-layout-horizontal-slider","13":"ast-product-gallery-with-no-image","14":"ast-product-tabs-layout-horizontal","16":"first","17":"instock","18":"taxable","19":"shipping-taxable","20":"purchasable","21":"product-type-simple"},"wcpa_form_fields":null,"brands":[{"id":1018,"name":"Protec\u00e7\u00f5es el\u00e9ctricas Maxge","slug":"maxge"}],"_links":{"self":[{"href":"https:\/\/fvcomponentes.com\/pt\/wp-json\/wp\/v2\/product\/36146","targetHints":{"allow":["GET"]}}],"collection":[{"href":"https:\/\/fvcomponentes.com\/pt\/wp-json\/wp\/v2\/product"}],"about":[{"href":"https:\/\/fvcomponentes.com\/pt\/wp-json\/wp\/v2\/types\/product"}],"replies":[{"embeddable":true,"href":"https:\/\/fvcomponentes.com\/pt\/wp-json\/wp\/v2\/comments?post=36146"}],"wp:featuredmedia":[{"embeddable":true,"href":"https:\/\/fvcomponentes.com\/pt\/wp-json\/wp\/v2\/media\/36695"}],"wp:attachment":[{"href":"https:\/\/fvcomponentes.com\/pt\/wp-json\/wp\/v2\/media?parent=36146"}],"wp:term":[{"taxonomy":"pwb-brand","embeddable":true,"href":"https:\/\/fvcomponentes.com\/pt\/wp-json\/wp\/v2\/pwb-brand?post=36146"},{"taxonomy":"product_brand","embeddable":true,"href":"https:\/\/fvcomponentes.com\/pt\/wp-json\/wp\/v2\/product_brand?post=36146"},{"taxonomy":"product_cat","embeddable":true,"href":"https:\/\/fvcomponentes.com\/pt\/wp-json\/wp\/v2\/product_cat?post=36146"},{"taxonomy":"product_tag","embeddable":true,"href":"https:\/\/fvcomponentes.com\/pt\/wp-json\/wp\/v2\/product_tag?post=36146"}],"curies":[{"name":"wp","href":"https:\/\/api.w.org\/{rel}","templated":true}]}}