{"id":36144,"date":"2026-01-24T10:17:37","date_gmt":"2026-01-24T09:17:37","guid":{"rendered":"https:\/\/fvcomponentes.com\/?post_type=product&#038;p=36144"},"modified":"2026-02-10T15:50:12","modified_gmt":"2026-02-10T14:50:12","slug":"magnetotermico-maxge-alpha-2p-32a-curva-c-6ka-epb63me2c32","status":"publish","type":"product","link":"https:\/\/fvcomponentes.com\/pt\/producto\/magnetotermico-maxge-alpha-2p-32a-curva-c-6ka-epb63me2c32\/","title":{"rendered":"Maxge Alpha+ 2P, 32A, curva em C, 6kA - EPB63ME2C32"},"content":{"rendered":"<h2>Maxge Alpha+ 2P, 32A, curva em C, 6kA - EPB63ME2C32<\/h2>\n<p>O disjuntor Maxge Alpha+ 2P, 32A \u00e9 um disjuntor magneto-t\u00e9rmico concebido para proteger os circuitos monof\u00e1sicos contra sobrecargas e curto-circuitos.<br \/>\nOferece uma solu\u00e7\u00e3o segura e fi\u00e1vel para instala\u00e7\u00f5es el\u00e9ctricas onde o consumo \u00e9 elevado.<\/p>\n<p>Gra\u00e7as \u00e0 sua configura\u00e7\u00e3o bipolar (2P), \u00e0 sua corrente nominal de 32 A, \u00e0 sua curva de disparo C e \u00e0 sua capacidade de corte de 6 kA, \u00e9 um dispositivo muito utilizado em habita\u00e7\u00f5es, estabelecimentos comerciais e instala\u00e7\u00f5es terci\u00e1rias que requerem uma prote\u00e7\u00e3o robusta.<\/p>\n<p>Este disjuntor integra prote\u00e7\u00e3o t\u00e9rmica e prote\u00e7\u00e3o magn\u00e9tica numa \u00fanica unidade, actuando automaticamente quando ocorre uma anomalia el\u00e9ctrica.<br \/>\nIsto evita danos na cablagem e no equipamento ligado e reduz o risco de avarias ou inc\u00eandios.<\/p>\n<h2>Principais carater\u00edsticas do disjuntor Maxge Alpha+ 2P, 32A<\/h2>\n<h3>Prote\u00e7\u00e3o bipolar total<\/h3>\n<p>Ser um <strong>Disjuntor bipolar (2P)<\/strong>, A fase e o neutro s\u00e3o protegidos ao mesmo tempo.<br \/>\nIsto proporciona um isolamento total do circuito quando o disjuntor \u00e9 disparado ou desligado manualmente, aumentando a seguran\u00e7a durante os trabalhos de manuten\u00e7\u00e3o e reduzindo os riscos el\u00e9ctricos.<\/p>\n<p>Esta configura\u00e7\u00e3o \u00e9 particularmente adequada para circuitos monof\u00e1sicos sens\u00edveis, linhas de controlo e comando, circuitos auxiliares, automatismos, ilumina\u00e7\u00e3o pontual ou t\u00e9cnica, pequenos equipamentos electr\u00f3nicos e instala\u00e7\u00f5es onde o neutro deve ser cortado juntamente com a fase.<\/p>\n<h3>Consumo elevado ou cargas elevadas<\/h3>\n<p>Com um <strong>corrente nominal 32 amperes<\/strong>, Este disjuntor foi concebido para linhas monof\u00e1sicas de elevado consumo, onde \u00e9 necess\u00e1ria uma prote\u00e7\u00e3o fi\u00e1vel, precisa e est\u00e1vel.<\/p>\n<p>\u00c9 normalmente utilizado para proteger linhas principais monof\u00e1sicas, tomadas industriais ou de servi\u00e7o pesado, equipamento el\u00e9trico de alta pot\u00eancia e circuitos com v\u00e1rias pe\u00e7as de equipamento a funcionar ao mesmo tempo.<\/p>\n<p>Desde que a instala\u00e7\u00e3o esteja bem dimensionada (sec\u00e7\u00e3o transversal do cabo adequada e prote\u00e7\u00e3o adicional), o MCB oferece um funcionamento est\u00e1vel, fi\u00e1vel e seguro.<\/p>\n<h3>Equil\u00edbrio entre prote\u00e7\u00e3o e estabilidade<\/h3>\n<p>O disjuntor Maxge Alpha+ 2P, 32A incorpora um <strong>curva de queima C<\/strong>. Foi concebido para tolerar picos de corrente moderados sem provocar disparos intempestivos.<\/p>\n<p>A curva C proporciona um equil\u00edbrio \u00f3timo entre sensibilidade e estabilidade, mantendo uma prote\u00e7\u00e3o eficaz contra sobreintensidades perigosas sem afetar o funcionamento normal da instala\u00e7\u00e3o.<\/p>\n<p>Isto reduz os disparos inc\u00f3modos.<br \/>\nAl\u00e9m disso, a instala\u00e7\u00e3o \u00e9 mais est\u00e1vel e mant\u00e9m-se uma boa prote\u00e7\u00e3o contra sobrecargas reais e curto-circuitos.<\/p>\n<p>\u00c9, portanto, adequado para circuitos com cargas gerais e mistas, motores de pequena e m\u00e9dia dimens\u00e3o, arrancadores, transformadores, ventila\u00e7\u00e3o, bombas, ar condicionado, equipamentos electr\u00f3nicos e fontes de alimenta\u00e7\u00e3o, ilumina\u00e7\u00e3o e tomadas trif\u00e1sicas, e equipamentos que possam ter picos de arranque (sem serem extremos).<\/p>\n<h3>Elevada resist\u00eancia a curto-circuitos<\/h3>\n<p>O seu <strong>Capacidade de corte de 6 kA<\/strong> significa que pode interromper com seguran\u00e7a grandes curto-circuitos de at\u00e9 6.000 amperes sem danos ou perda de propriedades.<\/p>\n<p>Isto \u00e9 mais do que suficiente para casas, instala\u00e7\u00f5es comerciais, quadros el\u00e9ctricos secund\u00e1rios e circuitos afastados do transformador.<\/p>\n<p>Proporciona um bom n\u00edvel de seguran\u00e7a e prote\u00e7\u00e3o para as instala\u00e7\u00f5es de baixa tens\u00e3o mais comuns.<\/p>\n<h3>Instala\u00e7\u00e3o f\u00e1cil e design compacto<\/h3>\n<p>O Maxge Alpha+ 2P, 32A foi concebido para <strong>Montagem em calha DIN<\/strong>, Este facto facilita uma instala\u00e7\u00e3o r\u00e1pida e organizada em qualquer estrutura padr\u00e3o.<\/p>\n<p>O seu <strong>terminais<\/strong> est\u00e3o preparados para aceitar cabos com uma sec\u00e7\u00e3o transversal adequada a esta corrente nominal (<strong>25mm\u00b2 em cabo flex\u00edvel e 35mm\u00b2 em cabo r\u00edgido<\/strong>). Isto garante liga\u00e7\u00f5es firmes e seguras, sem sobreaquecimento ou contactos falsos.<\/p>\n<p>Al\u00e9m disso, possui um <strong>design compacto com 36 mm de largura<\/strong> (18 mm por p\u00f3lo), e possui <strong>janela para marcador de circuitos<\/strong> y <strong>uma sinaliza\u00e7\u00e3o visual do estado (ligado\/desligado)<\/strong>, O circuito que protege pode ser facilmente identificado.<br \/>\nPor conseguinte, permite um diagn\u00f3stico r\u00e1pido e \u00e9 muito f\u00e1cil de manter.<\/p>\n<h2>Maxge Alpha+ 2P, 32A, curva em C, 6kA - EPB63ME2C32 - Funcionamento e Aplica\u00e7\u00f5es<\/h2>\n<p>Este disjuntor protege o circuito de duas formas:<\/p>\n<ul>\n<li><strong>Prote\u00e7\u00e3o t\u00e9rmica (sobrecarga):<\/strong> corta a corrente em caso de sobrecarga prolongada, evitando o sobreaquecimento dos cabos e poss\u00edveis danos na instala\u00e7\u00e3o.<\/li>\n<li><strong>Prote\u00e7\u00e3o magn\u00e9tica (curto-circuito):<\/strong> actua quase instantaneamente quando se verifica um curto-circuito forte. Quando isso acontece, este disjuntor corta a alimenta\u00e7\u00e3o el\u00e9ctrica e protege tanto a instala\u00e7\u00e3o como o equipamento ligado.<\/li>\n<\/ul>\n<p>\u00c9 uma solu\u00e7\u00e3o ideal para quadros el\u00e9ctricos residenciais, comerciais e de escrit\u00f3rio, linhas monof\u00e1sicas de elevada procura e circuitos dedicados de equipamento potente.<\/p>\n<h2>Principais vantagens do Maxge Alpha+ 2P, 32A<\/h2>\n<p>As vantagens deste disjuntor s\u00e3o as seguintes<\/p>\n<ul>\n<li>Corte simult\u00e2neo de fase e neutro.<\/li>\n<li>Corrente nominal de 32 A, ideal para circuitos monof\u00e1sicos de elevado consumo.<\/li>\n<li>Curva C equilibrada, sem disparos desnecess\u00e1rios.<\/li>\n<li>Capacidade de corte de 6 kA, suficiente para utiliza\u00e7\u00e3o dom\u00e9stica e comercial.<\/li>\n<li>F\u00e1cil de instalar e manter.<\/li>\n<li>Design compacto e robusto.<\/li>\n<li>Conformidade com as normas e padr\u00f5es internacionais de qualidade.<\/li>\n<\/ul>\n<h2>Maxge Alpha+ 2P, 32A, curva em C, 6kA - EPB63ME2C32 Informa\u00e7\u00f5es t\u00e9cnicas<\/h2>\n<p><a href=\"https:\/\/fvcomponentes.com\/wp-content\/uploads\/2026\/02\/es_fichas-tecnicas_EPB63Me-20251104.pdf\" target=\"_blank\" rel=\"noopener\">Folha de dados Maxge Alpha+ 2P, 32A, Magnetotermico Maxge Alpha+ 2P, 32A<\/a><\/p>","protected":false},"excerpt":{"rendered":"<ul>\n<li>Configura\u00e7\u00e3o: 2 p\u00f3los<\/li>\n<li>Tens\u00e3o de funcionamento: 415V AC<\/li>\n<li>Corrente nominal: 32 amperes<\/li>\n<li>Capacidade de corte: 6kA<\/li>\n<li>Norma internacional EN\/IEC60898-1<\/li>\n<li>Sinaliza\u00e7\u00e3o do estado local<\/li>\n<li>Janela para marcador de circuito<\/li>\n<li>Dimens\u00f5es: 36 mm (18 mm por p\u00f3lo)<\/li>\n<li>Liga\u00e7\u00e3o de terminais para cabos de cobre: 25 mm\u00b2 em cabo flex\u00edvel e 35 mm\u00b2 em cabo r\u00edgido<\/li>\n<li>Tens\u00e3o de isolamento (Ui) 500VA<\/li>\n<li>Grau de polui\u00e7\u00e3o 3<\/li>\n<li>Tens\u00e3o de impulso (Uimp) 4kV<\/li>\n<li>Duplo isolamento classe 2<\/li>\n<li>Adequado para seccionamento<\/li>\n<li>Temperatura de funcionamento: de -5\u00baC a + 40\u00baC.<\/li>\n<li>N\u00e3o acess\u00edvel (exceto com cadeado)<\/li>\n<\/ul>","protected":false},"featured_media":36669,"comment_status":"closed","ping_status":"closed","template":"","meta":{"site-sidebar-layout":"default","site-content-layout":"","ast-site-content-layout":"default","site-content-style":"default","site-sidebar-style":"default","ast-global-header-display":"","ast-banner-title-visibility":"","ast-main-header-display":"","ast-hfb-above-header-display":"","ast-hfb-below-header-display":"","ast-hfb-mobile-header-display":"","site-post-title":"","ast-breadcrumbs-content":"","ast-featured-img":"","footer-sml-layout":"","ast-disable-related-posts":"","theme-transparent-header-meta":"default","adv-header-id-meta":"","stick-header-meta":"","header-above-stick-meta":"","header-main-stick-meta":"","header-below-stick-meta":"","astra-migrate-meta-layouts":"set","ast-page-background-enabled":"default","ast-page-background-meta":{"desktop":{"background-color":"var(--ast-global-color-4)","background-image":"","background-repeat":"repeat","background-position":"center center","background-size":"auto","background-attachment":"scroll","background-type":"","background-media":"","overlay-type":"","overlay-color":"","overlay-opacity":"","overlay-gradient":""},"tablet":{"background-color":"","background-image":"","background-repeat":"repeat","background-position":"center center","background-size":"auto","background-attachment":"scroll","background-type":"","background-media":"","overlay-type":"","overlay-color":"","overlay-opacity":"","overlay-gradient":""},"mobile":{"background-color":"","background-image":"","background-repeat":"repeat","background-position":"center center","background-size":"auto","background-attachment":"scroll","background-type":"","background-media":"","overlay-type":"","overlay-color":"","overlay-opacity":"","overlay-gradient":""}},"ast-content-background-meta":{"desktop":{"background-color":"var(--ast-global-color-5)","background-image":"","background-repeat":"repeat","background-position":"center center","background-size":"auto","background-attachment":"scroll","background-type":"","background-media":"","overlay-type":"","overlay-color":"","overlay-opacity":"","overlay-gradient":""},"tablet":{"background-color":"var(--ast-global-color-5)","background-image":"","background-repeat":"repeat","background-position":"center center","background-size":"auto","background-attachment":"scroll","background-type":"","background-media":"","overlay-type":"","overlay-color":"","overlay-opacity":"","overlay-gradient":""},"mobile":{"background-color":"var(--ast-global-color-5)","background-image":"","background-repeat":"repeat","background-position":"center center","background-size":"auto","background-attachment":"scroll","background-type":"","background-media":"","overlay-type":"","overlay-color":"","overlay-opacity":"","overlay-gradient":""}}},"pwb-brand":[1018],"product_brand":[],"product_cat":[990,410],"product_tag":[],"class_list":{"0":"post-36144","1":"product","2":"type-product","3":"status-publish","4":"has-post-thumbnail","6":"pwb-brand-maxge","7":"product_cat-magnetotermicos","8":"product_cat-material-electrico","9":"desktop-align-left","10":"tablet-align-left","11":"mobile-align-left","12":"ast-product-gallery-layout-horizontal-slider","13":"ast-product-gallery-with-no-image","14":"ast-product-tabs-layout-horizontal","16":"first","17":"instock","18":"taxable","19":"shipping-taxable","20":"purchasable","21":"product-type-simple"},"wcpa_form_fields":null,"brands":[{"id":1018,"name":"Protec\u00e7\u00f5es el\u00e9ctricas Maxge","slug":"maxge"}],"_links":{"self":[{"href":"https:\/\/fvcomponentes.com\/pt\/wp-json\/wp\/v2\/product\/36144","targetHints":{"allow":["GET"]}}],"collection":[{"href":"https:\/\/fvcomponentes.com\/pt\/wp-json\/wp\/v2\/product"}],"about":[{"href":"https:\/\/fvcomponentes.com\/pt\/wp-json\/wp\/v2\/types\/product"}],"replies":[{"embeddable":true,"href":"https:\/\/fvcomponentes.com\/pt\/wp-json\/wp\/v2\/comments?post=36144"}],"wp:featuredmedia":[{"embeddable":true,"href":"https:\/\/fvcomponentes.com\/pt\/wp-json\/wp\/v2\/media\/36669"}],"wp:attachment":[{"href":"https:\/\/fvcomponentes.com\/pt\/wp-json\/wp\/v2\/media?parent=36144"}],"wp:term":[{"taxonomy":"pwb-brand","embeddable":true,"href":"https:\/\/fvcomponentes.com\/pt\/wp-json\/wp\/v2\/pwb-brand?post=36144"},{"taxonomy":"product_brand","embeddable":true,"href":"https:\/\/fvcomponentes.com\/pt\/wp-json\/wp\/v2\/product_brand?post=36144"},{"taxonomy":"product_cat","embeddable":true,"href":"https:\/\/fvcomponentes.com\/pt\/wp-json\/wp\/v2\/product_cat?post=36144"},{"taxonomy":"product_tag","embeddable":true,"href":"https:\/\/fvcomponentes.com\/pt\/wp-json\/wp\/v2\/product_tag?post=36144"}],"curies":[{"name":"wp","href":"https:\/\/api.w.org\/{rel}","templated":true}]}}