{"id":36143,"date":"2026-01-24T10:16:57","date_gmt":"2026-01-24T09:16:57","guid":{"rendered":"https:\/\/fvcomponentes.com\/?post_type=product&#038;p=36143"},"modified":"2026-02-10T14:55:07","modified_gmt":"2026-02-10T13:55:07","slug":"magnetotermico-maxge-alpha-2p-25a-curva-c-6ka-epb63me2c25","status":"publish","type":"product","link":"https:\/\/fvcomponentes.com\/pt\/producto\/magnetotermico-maxge-alpha-2p-25a-curva-c-6ka-epb63me2c25\/","title":{"rendered":"Maxge Alpha+ 2P, 25A, curva em C, 6kA - EPB63ME2C25"},"content":{"rendered":"<h2>Maxge Alpha+ 2P, 25A, curva em C, 6kA - EPB63ME2C25<\/h2>\n<p>O disjuntor Maxge Alpha+ 2P, 25A \u00e9 um disjuntor magneto-t\u00e9rmico concebido para proteger os circuitos monof\u00e1sicos contra sobrecargas e curto-circuitos.<br \/>\nOferece uma solu\u00e7\u00e3o segura e fi\u00e1vel para instala\u00e7\u00f5es el\u00e9ctricas onde s\u00e3o manuseadas cargas m\u00e9dias e elevadas.<\/p>\n<p>Gra\u00e7as \u00e0 sua configura\u00e7\u00e3o bipolar (2P), \u00e0 sua corrente nominal de 25 A, \u00e0 curva de disparo C e \u00e0 capacidade de corte de 6 kA, \u00e9 um dispositivo muito utilizado nas habita\u00e7\u00f5es.<br \/>\n\u00c9 tamb\u00e9m utilizado em instala\u00e7\u00f5es comerciais e aplica\u00e7\u00f5es terci\u00e1rias que requerem uma prote\u00e7\u00e3o robusta.<\/p>\n<p>Este disjuntor integra prote\u00e7\u00e3o t\u00e9rmica e prote\u00e7\u00e3o magn\u00e9tica numa \u00fanica unidade, actuando automaticamente quando ocorre uma anomalia el\u00e9ctrica.<br \/>\nIsto evita danos na cablagem e no equipamento ligado e reduz o risco de avarias ou inc\u00eandios.<\/p>\n<h2>Principais carater\u00edsticas do disjuntor Maxge Alpha+ 2P, 25A<\/h2>\n<h3>Prote\u00e7\u00e3o completa de fase e neutro<\/h3>\n<p>Ser de<strong> 2 p\u00f3los (2P)<\/strong>, Este disjuntor protege e desliga a fase e o neutro ao mesmo tempo. Isto assegura que o circuito \u00e9 completamente isolado quando o disjuntor \u00e9 desarmado ou desligado manualmente.<br \/>\nAumenta assim a seguran\u00e7a durante os trabalhos de manuten\u00e7\u00e3o ou de revis\u00e3o do painel de controlo.<\/p>\n<p>Este tipo de prote\u00e7\u00e3o \u00e9 particularmente recomendado em instala\u00e7\u00f5es monof\u00e1sicas, circuitos de ilumina\u00e7\u00e3o, tomadas espec\u00edficas e linhas de tomadas com consumo moderado. Tamb\u00e9m em circuitos auxiliares e de controlo, e em instala\u00e7\u00f5es onde \u00e9 necess\u00e1rio um corte total do circuito.<\/p>\n<h3>Circuitos exigentes<\/h3>\n<p>Com um <strong>Corrente nominal de 25 amperes<\/strong>, Este disjuntor foi concebido para linhas com consumos mais elevados do que os circuitos normais de 16 A ou 20 A.<\/p>\n<p>\u00c9 comum encontrar-se a proteger tomadas e linhas de servi\u00e7o pesado dedicadas a aparelhos potentes.<br \/>\nAl\u00e9m disso, \u00e9 utilizado em pequenas unidades de ar condicionado e em circuitos com v\u00e1rios receptores a funcionar em simult\u00e2neo.<\/p>\n<p>Desde que a instala\u00e7\u00e3o esteja corretamente dimensionada (sec\u00e7\u00e3o transversal do cabo adequada e protec\u00e7\u00f5es adicionais).<span style=\"font-size: 16px\">, O disjuntor garante um funcionamento est\u00e1vel e seguro sem interrup\u00e7\u00f5es desnecess\u00e1rias.<\/span><\/p>\n<h3>Estabilidade sem disparos inc\u00f3modos<\/h3>\n<p>O <strong>curva de queima C<\/strong> permite ao disjuntor suportar picos de corrente moderados, como os que ocorrem quando se ligam determinados aparelhos el\u00e9ctricos, sem provocar disparos desnecess\u00e1rios.<\/p>\n<p>Isto significa menos interrup\u00e7\u00f5es n\u00e3o planeadas, maior comodidade de utiliza\u00e7\u00e3o e uma boa prote\u00e7\u00e3o contra sobrecargas reais e curto-circuitos.<\/p>\n<p>Por conseguinte, a curva C \u00e9 uma das curvas mais utilizadas nas instala\u00e7\u00f5es gerais.<\/p>\n<h3>Alta resist\u00eancia<\/h3>\n<p>O seu <strong>Capacidade de corte de 6 kA<\/strong> significa que este disjuntor \u00e9 capaz de interromper com seguran\u00e7a correntes de curto-circuito at\u00e9 6.000 amperes sem danos ou perda das propriedades de prote\u00e7\u00e3o.<\/p>\n<p>Este n\u00edvel de capacidade de corte \u00e9 mais do que suficiente para casas, instala\u00e7\u00f5es comerciais, quadros el\u00e9ctricos secund\u00e1rios e circuitos afastados do ponto de transforma\u00e7\u00e3o.<\/p>\n<p>Por outras palavras, este disjuntor proporciona um n\u00edvel de prote\u00e7\u00e3o fi\u00e1vel para a utiliza\u00e7\u00e3o di\u00e1ria.<\/p>\n<h3>Instala\u00e7\u00e3o r\u00e1pida e design pr\u00e1tico<\/h3>\n<p>O Maxge Alpha+ 2P, 25A destina-se a <strong>Montagem em calha DIN<\/strong>. Por isso, \u00e9 r\u00e1pido e f\u00e1cil de instalar em qualquer quadro el\u00e9trico normal.<\/p>\n<p>O seu <strong>design compacto com 36 mm de largura<\/strong> (18 mm por poste), ajuda a otimizar o espa\u00e7o dispon\u00edvel na estrutura e apresenta <strong>janela para marcador de circuitos<\/strong> y <strong>uma sinaliza\u00e7\u00e3o visual do estado (ligado\/desligado)<\/strong>, O circuito que protege pode ser facilmente identificado.<\/p>\n<p>Al\u00e9m disso, disp\u00f5e de um <strong>terminais<\/strong> que est\u00e3o preparados para cabos adequados a esta corrente (<strong>16mm\u00b2 em cabo flex\u00edvel e 25mm\u00b2 em cabo r\u00edgido<\/strong>).<br \/>\nIsto garante liga\u00e7\u00f5es firmes e seguras.<\/p>\n<h2>Maxge Alpha+ 2P, 25A, curva em C, 6kA - EPB63ME2C25 - Funcionamento e Aplica\u00e7\u00f5es<\/h2>\n<p>Este disjuntor protege o circuito por meio de dois sistemas complementares:<\/p>\n<ul>\n<li><strong>Prote\u00e7\u00e3o t\u00e9rmica (sobrecarga):<\/strong> actua quando a corrente excede os valores seguros durante um per\u00edodo de tempo prolongado, evitando o aquecimento excessivo dos condutores e poss\u00edveis danos no equipamento ou risco de inc\u00eandio.<\/li>\n<li><strong>Prote\u00e7\u00e3o magn\u00e9tica (curto-circuito):<\/strong> responde quase instantaneamente a correntes muito elevadas, cortando a alimenta\u00e7\u00e3o e protegendo a instala\u00e7\u00e3o contra falhas graves.<\/li>\n<\/ul>\n<p>\u00c9 ideal para utiliza\u00e7\u00e3o em quadros el\u00e9ctricos residenciais, pequenas lojas e escrit\u00f3rios, circuitos de tomadas de alto consumo e prote\u00e7\u00e3o espec\u00edfica de linhas monof\u00e1sicas exigentes.<\/p>\n<h2>Principais vantagens do disjuntor Maxge Alpha+ 2P, 25A<\/h2>\n<p>Este disjuntor apresenta as seguintes vantagens:<\/p>\n<ul>\n<li>Prote\u00e7\u00e3o completa das fases e do neutro.<\/li>\n<li>Tem 25 A, ideal para circuitos monof\u00e1sicos com maior exig\u00eancia.<\/li>\n<li>Curva em C equilibrada e vers\u00e1til.<\/li>\n<li>Capacidade de corte de 6 kA, adequado para utiliza\u00e7\u00e3o dom\u00e9stica e comercial.<\/li>\n<li>F\u00e1cil instala\u00e7\u00e3o em calha DIN e manuten\u00e7\u00e3o simples.<\/li>\n<li>Design compacto, robusto e fi\u00e1vel.<\/li>\n<li>Conformidade com as normas e padr\u00f5es internacionais de qualidade.<\/li>\n<\/ul>\n<h2>Informa\u00e7\u00f5es t\u00e9cnicas sobre Maxge Alpha+ 2P, 25A, curva C 6kA - EPB63ME2C25<\/h2>\n<p><a href=\"https:\/\/fvcomponentes.com\/wp-content\/uploads\/2026\/02\/es_fichas-tecnicas_EPB63Me-20251104.pdf\" target=\"_blank\" rel=\"noopener\">Folha de dados Maxge Alpha+ 2P, 25A, Magnetotermico Maxge Alpha+ 2P, 25A<\/a><\/p>","protected":false},"excerpt":{"rendered":"<ul>\n<li>Configura\u00e7\u00e3o: 2 p\u00f3los<\/li>\n<li>Tens\u00e3o de funcionamento: 415V AC<\/li>\n<li>Corrente nominal: 25 amperes<\/li>\n<li>Capacidade de corte: 6kA<\/li>\n<li>Norma internacional EN\/IEC60898-1<\/li>\n<li>Sinaliza\u00e7\u00e3o do estado local<\/li>\n<li>Janela para marcador de circuito<\/li>\n<li>Dimens\u00f5es: 36 mm (18 mm por p\u00f3lo)<\/li>\n<li>Liga\u00e7\u00e3o de terminais para cabos de cobre: 16mm\u00b2 em cabo flex\u00edvel e 25mm\u00b2 em cabo r\u00edgido<\/li>\n<li>Tens\u00e3o de isolamento (Ui) 500VA<\/li>\n<li>Grau de polui\u00e7\u00e3o 3<\/li>\n<li>Tens\u00e3o de impulso (Uimp) 4kV<\/li>\n<li>Duplo isolamento classe 2<\/li>\n<li>Adequado para seccionamento<\/li>\n<li>Temperatura de funcionamento: de -5\u00baC a + 40\u00baC.<\/li>\n<li>N\u00e3o acess\u00edvel (exceto com cadeado)<\/li>\n<\/ul>","protected":false},"featured_media":36667,"comment_status":"closed","ping_status":"closed","template":"","meta":{"site-sidebar-layout":"default","site-content-layout":"","ast-site-content-layout":"default","site-content-style":"default","site-sidebar-style":"default","ast-global-header-display":"","ast-banner-title-visibility":"","ast-main-header-display":"","ast-hfb-above-header-display":"","ast-hfb-below-header-display":"","ast-hfb-mobile-header-display":"","site-post-title":"","ast-breadcrumbs-content":"","ast-featured-img":"","footer-sml-layout":"","ast-disable-related-posts":"","theme-transparent-header-meta":"default","adv-header-id-meta":"","stick-header-meta":"","header-above-stick-meta":"","header-main-stick-meta":"","header-below-stick-meta":"","astra-migrate-meta-layouts":"set","ast-page-background-enabled":"default","ast-page-background-meta":{"desktop":{"background-color":"var(--ast-global-color-4)","background-image":"","background-repeat":"repeat","background-position":"center center","background-size":"auto","background-attachment":"scroll","background-type":"","background-media":"","overlay-type":"","overlay-color":"","overlay-opacity":"","overlay-gradient":""},"tablet":{"background-color":"","background-image":"","background-repeat":"repeat","background-position":"center center","background-size":"auto","background-attachment":"scroll","background-type":"","background-media":"","overlay-type":"","overlay-color":"","overlay-opacity":"","overlay-gradient":""},"mobile":{"background-color":"","background-image":"","background-repeat":"repeat","background-position":"center center","background-size":"auto","background-attachment":"scroll","background-type":"","background-media":"","overlay-type":"","overlay-color":"","overlay-opacity":"","overlay-gradient":""}},"ast-content-background-meta":{"desktop":{"background-color":"var(--ast-global-color-5)","background-image":"","background-repeat":"repeat","background-position":"center center","background-size":"auto","background-attachment":"scroll","background-type":"","background-media":"","overlay-type":"","overlay-color":"","overlay-opacity":"","overlay-gradient":""},"tablet":{"background-color":"var(--ast-global-color-5)","background-image":"","background-repeat":"repeat","background-position":"center center","background-size":"auto","background-attachment":"scroll","background-type":"","background-media":"","overlay-type":"","overlay-color":"","overlay-opacity":"","overlay-gradient":""},"mobile":{"background-color":"var(--ast-global-color-5)","background-image":"","background-repeat":"repeat","background-position":"center center","background-size":"auto","background-attachment":"scroll","background-type":"","background-media":"","overlay-type":"","overlay-color":"","overlay-opacity":"","overlay-gradient":""}}},"pwb-brand":[1018],"product_brand":[],"product_cat":[990,410],"product_tag":[],"class_list":{"0":"post-36143","1":"product","2":"type-product","3":"status-publish","4":"has-post-thumbnail","6":"pwb-brand-maxge","7":"product_cat-magnetotermicos","8":"product_cat-material-electrico","9":"desktop-align-left","10":"tablet-align-left","11":"mobile-align-left","12":"ast-product-gallery-layout-horizontal-slider","13":"ast-product-gallery-with-no-image","14":"ast-product-tabs-layout-horizontal","16":"first","17":"instock","18":"taxable","19":"shipping-taxable","20":"purchasable","21":"product-type-simple"},"wcpa_form_fields":null,"brands":[{"id":1018,"name":"Protec\u00e7\u00f5es el\u00e9ctricas Maxge","slug":"maxge"}],"_links":{"self":[{"href":"https:\/\/fvcomponentes.com\/pt\/wp-json\/wp\/v2\/product\/36143","targetHints":{"allow":["GET"]}}],"collection":[{"href":"https:\/\/fvcomponentes.com\/pt\/wp-json\/wp\/v2\/product"}],"about":[{"href":"https:\/\/fvcomponentes.com\/pt\/wp-json\/wp\/v2\/types\/product"}],"replies":[{"embeddable":true,"href":"https:\/\/fvcomponentes.com\/pt\/wp-json\/wp\/v2\/comments?post=36143"}],"wp:featuredmedia":[{"embeddable":true,"href":"https:\/\/fvcomponentes.com\/pt\/wp-json\/wp\/v2\/media\/36667"}],"wp:attachment":[{"href":"https:\/\/fvcomponentes.com\/pt\/wp-json\/wp\/v2\/media?parent=36143"}],"wp:term":[{"taxonomy":"pwb-brand","embeddable":true,"href":"https:\/\/fvcomponentes.com\/pt\/wp-json\/wp\/v2\/pwb-brand?post=36143"},{"taxonomy":"product_brand","embeddable":true,"href":"https:\/\/fvcomponentes.com\/pt\/wp-json\/wp\/v2\/product_brand?post=36143"},{"taxonomy":"product_cat","embeddable":true,"href":"https:\/\/fvcomponentes.com\/pt\/wp-json\/wp\/v2\/product_cat?post=36143"},{"taxonomy":"product_tag","embeddable":true,"href":"https:\/\/fvcomponentes.com\/pt\/wp-json\/wp\/v2\/product_tag?post=36143"}],"curies":[{"name":"wp","href":"https:\/\/api.w.org\/{rel}","templated":true}]}}