{"id":36135,"date":"2026-01-24T09:33:48","date_gmt":"2026-01-24T08:33:48","guid":{"rendered":"https:\/\/fvcomponentes.com\/?post_type=product&#038;p=36135"},"modified":"2026-02-06T15:58:44","modified_gmt":"2026-02-06T14:58:44","slug":"maxge-alpha-protetor-contra-sobretensoes-combinado-pt-2p-40a-tipo-2-classe-c-15ka-imax-en50550","status":"publish","type":"product","link":"https:\/\/fvcomponentes.com\/pt\/producto\/protector-combinado-maxge-alpha-sobretensiones-pt-2p-40a-tipo-2-clase-c-15ka-imax-en50550\/","title":{"rendered":"Protetor contra surtos Maxge Alpha+ 2P P+T, 40A, Tipo 2\/Classe C, 15kA m\u00e1x, - EPBOV2SC40"},"content":{"rendered":"<h2>Protetor contra surtos Maxge Alpha+ 2P P+T, 40A, Tipo 2\/Classe C, 15kA m\u00e1x, - EPBOV2SC40<\/h2>\n<p>O protetor contra sobretens\u00f5es Maxge Alpha+ 2P, 40A P+T \u00e9 um dispositivo de prote\u00e7\u00e3o que limita e redirecciona as sobretens\u00f5es transit\u00f3rias. Estas sobretens\u00f5es podem entrar numa instala\u00e7\u00e3o el\u00e9ctrica atrav\u00e9s da rede de alimenta\u00e7\u00e3o e danificar equipamentos sens\u00edveis, encurtando a vida \u00fatil dos dispositivos electr\u00f3nicos.<br \/>\nAl\u00e9m disso, em casos extremos, podem causar falhas catastr\u00f3ficas ou inc\u00eandios.<\/p>\n<p>O protetor actua automaticamente e muito rapidamente, desviando os picos de tens\u00e3o para a terra para manter a estabilidade e a seguran\u00e7a do sistema.<\/p>\n<p>Este modelo da gama Alpha+ da Maxge combina uma elevada capacidade de absor\u00e7\u00e3o, uma resposta r\u00e1pida e robustez.<br \/>\n\u00c9, por isso, uma solu\u00e7\u00e3o ideal para a prote\u00e7\u00e3o de instala\u00e7\u00f5es residenciais e comerciais. \u00c9 igualmente \u00fatil em instala\u00e7\u00f5es terci\u00e1rias e industriais ligeiras.<\/p>\n<h2>Principais carater\u00edsticas do P+T Maxge Alpha+ 2P, 40A Protetor de Surtos P+T Maxge Alpha+ 2P, 40A<\/h2>\n<h3>Configura\u00e7\u00e3o e capacidade el\u00e9ctrica<\/h3>\n<p>Este protetor \u00e9 <strong>configurado com 2 p\u00f3los (P + T)<\/strong>, Isto significa que protege o condutor de fase (P) e o condutor de terra (T) contra a sobretens\u00e3o.<br \/>\nEsta configura\u00e7\u00e3o \u00e9 <strong>ideal para instala\u00e7\u00f5es monof\u00e1sicas<\/strong> quando o objetivo \u00e9 proteger adequadamente o equipamento el\u00e9trico.<\/p>\n<p>Tem tamb\u00e9m um <strong>Corrente nominal de 40 A<\/strong>, Por conseguinte, \u00e9 adequado para integra\u00e7\u00e3o em circuitos cuja prote\u00e7\u00e3o global \u00e9 dimensionada em torno deste valor.<br \/>\nPor este motivo, torna-o compat\u00edvel com as linhas de distribui\u00e7\u00e3o principais dos quadros el\u00e9ctricos dom\u00e9sticos ou comerciais de m\u00e9dia dimens\u00e3o.<\/p>\n<h3>Prote\u00e7\u00e3o eficaz contra sobretens\u00f5es transit\u00f3rias<\/h3>\n<p>O para-raios P+T Maxge Alpha+ 2P, 40A \u00e9 classificado como <strong>Tipo 2 \/ Classe C<\/strong>.<br \/>\nEsta designa\u00e7\u00e3o indica a sua capacidade para lidar com sobretens\u00f5es transit\u00f3rias geradas no interior da instala\u00e7\u00e3o ou induzidas por descargas atmosf\u00e9ricas indirectas.<\/p>\n<p>Os protectores do tipo 2 s\u00e3o normalmente instalados no quadro de distribui\u00e7\u00e3o principal.<\/p>\n<p>A classe C nos para-raios refere-se \u00e0 forma e \u00e0 efic\u00e1cia da resposta aos surtos.<br \/>\nEsta classe protege contra varia\u00e7\u00f5es de tens\u00e3o moderadas a elevadas sem disparo involunt\u00e1rio.<\/p>\n<h3>Resist\u00eancia a picos elevados<\/h3>\n<p>O protetor oferece uma <strong>capacidade m\u00e1xima de impulso<\/strong> (I max) de <strong>15<\/strong> <strong>kA<\/strong>, Isto significa que pode absorver e desviar picos de tens\u00e3o de pico at\u00e9 15.000 amperes sem danos.<br \/>\nEsta capacidade de absor\u00e7\u00e3o \u00e9 fundamental para proteger adequadamente os sistemas el\u00e9ctricos contra os picos gerados por fen\u00f3menos transit\u00f3rios.<br \/>\nPor conseguinte, \u00e9 particularmente \u00fatil em \u00e1reas com atividade de rel\u00e2mpagos ou onde as perturba\u00e7\u00f5es da rede el\u00e9ctrica s\u00e3o frequentes.<\/p>\n<h3>Mecanismo de funcionamento r\u00e1pido<\/h3>\n<p>Este protetor foi concebido para <strong>atuar quase instantaneamente<\/strong>, detectando picos de tens\u00e3o e desviando o excesso de energia para a terra antes de atingir o equipamento ligado.<br \/>\nEsta rea\u00e7\u00e3o r\u00e1pida minimiza assim o risco de danos dispendiosos.<br \/>\nProlonga igualmente a vida \u00fatil dos equipamentos el\u00e9ctricos e electr\u00f3nicos.<\/p>\n<h3>Instala\u00e7\u00e3o segura e organizada<\/h3>\n<p>O para-raios foi concebido para <strong>Montagem em calha DIN<\/strong>.<br \/>\nIsto permite uma integra\u00e7\u00e3o limpa e profissional em quadros modulares juntamente com outros elementos de prote\u00e7\u00e3o, tais como disjuntores, interruptores diferenciais ou contactores.<br \/>\nEste formato facilita futuras manuten\u00e7\u00f5es e amplia\u00e7\u00f5es, sem comprometer a organiza\u00e7\u00e3o do quadro el\u00e9trico.<\/p>\n<h2>Funcionamento do para-raios P+T Maxge Alpha+ 2P, 40A P+T Maxge Alpha+ 2P, 40A<\/h2>\n<p>Este protetor tem o seguinte funcionamento interno:<\/p>\n<ul>\n<li><strong>Detecta sobretens\u00e3o:<\/strong> O protetor monitoriza constantemente a tens\u00e3o de fase.<\/li>\n<li><strong>D\u00e1 resposta \u00e0 tens\u00e3o de pico: <\/strong>Quando detecta uma sobretens\u00e3o transit\u00f3ria que excede um limiar de seguran\u00e7a, o protetor ativa o seu circuito de bypass interno.<\/li>\n<li><strong>Desvia a sobretens\u00e3o para a terra:<\/strong> A energia em excesso \u00e9 desviada para o condutor de terra, impedindo que o pico de tens\u00e3o atinja o equipamento.<\/li>\n<li><strong>Regressar ao estado normal:<\/strong> Quando a sobretens\u00e3o diminui, o dispositivo regressa ao seu estado de espera para proteger contra o pr\u00f3ximo pico de tens\u00e3o.<\/li>\n<\/ul>\n<h2>Dados t\u00e9cnicos para Para-raios P+T Maxge Alpha+ 2P, 40A, Tipo 2\/Classe C, 15kA Max, - EPBOV2SC40<\/h2>\n<p><a href=\"https:\/\/fvcomponentes.com\/wp-content\/uploads\/2026\/02\/es_fichas-tecnicas_EPBOVS-20251107.pdf\" target=\"_blank\" rel=\"noopener\">P+T Maxge Alpha+ 2P, 40A Protetor contra surtos P+T Maxge Alpha+ 2P, 40A folha de dados<\/a><\/p>\n<p><a href=\"https:\/\/fvcomponentes.com\/wp-content\/uploads\/2026\/02\/es_manuales_Manual_ficha_EPBOVS.pdf\" target=\"_blank\" rel=\"noopener\">P+T Maxge Alpha+ 2P, 40A Protetor contra surtos P+T Maxge Alpha+ 2P, 40A Manual<\/a><\/p>","protected":false},"excerpt":{"rendered":"<ul>\n<li>Configura\u00e7\u00e3o: 2 p\u00f3los<\/li>\n<li>Corrente nominal: 40 A<\/li>\n<li>Capacidade m\u00e1xima de impulso (I max): 15 kA<\/li>\n<li>Tipo 2 \/ Classe C<\/li>\n<li>Limite de disparo de sobretens\u00e3o cont\u00ednua: 280V<\/li>\n<li>Capacidade de rutura IGA: 10KA<\/li>\n<li>Pr\u00e9-cablagem, pronta a instalar.<\/li>\n<li>N\u00e3o instalar em linhas sem neutro<\/li>\n<li>Janela para o marcador de circuitos.<\/li>\n<li>Dimens\u00f5es (C x L x A): 66,6m x 54mm x 81,5 mm<\/li>\n<li>Normas: EN50550 \/ IEC61643-1 \/ IEC60898-1<\/li>\n<\/ul>","protected":false},"featured_media":36582,"comment_status":"closed","ping_status":"closed","template":"","meta":{"site-sidebar-layout":"default","site-content-layout":"","ast-site-content-layout":"default","site-content-style":"default","site-sidebar-style":"default","ast-global-header-display":"","ast-banner-title-visibility":"","ast-main-header-display":"","ast-hfb-above-header-display":"","ast-hfb-below-header-display":"","ast-hfb-mobile-header-display":"","site-post-title":"","ast-breadcrumbs-content":"","ast-featured-img":"","footer-sml-layout":"","ast-disable-related-posts":"","theme-transparent-header-meta":"default","adv-header-id-meta":"","stick-header-meta":"","header-above-stick-meta":"","header-main-stick-meta":"","header-below-stick-meta":"","astra-migrate-meta-layouts":"set","ast-page-background-enabled":"default","ast-page-background-meta":{"desktop":{"background-color":"var(--ast-global-color-4)","background-image":"","background-repeat":"repeat","background-position":"center center","background-size":"auto","background-attachment":"scroll","background-type":"","background-media":"","overlay-type":"","overlay-color":"","overlay-opacity":"","overlay-gradient":""},"tablet":{"background-color":"","background-image":"","background-repeat":"repeat","background-position":"center center","background-size":"auto","background-attachment":"scroll","background-type":"","background-media":"","overlay-type":"","overlay-color":"","overlay-opacity":"","overlay-gradient":""},"mobile":{"background-color":"","background-image":"","background-repeat":"repeat","background-position":"center center","background-size":"auto","background-attachment":"scroll","background-type":"","background-media":"","overlay-type":"","overlay-color":"","overlay-opacity":"","overlay-gradient":""}},"ast-content-background-meta":{"desktop":{"background-color":"var(--ast-global-color-5)","background-image":"","background-repeat":"repeat","background-position":"center center","background-size":"auto","background-attachment":"scroll","background-type":"","background-media":"","overlay-type":"","overlay-color":"","overlay-opacity":"","overlay-gradient":""},"tablet":{"background-color":"var(--ast-global-color-5)","background-image":"","background-repeat":"repeat","background-position":"center center","background-size":"auto","background-attachment":"scroll","background-type":"","background-media":"","overlay-type":"","overlay-color":"","overlay-opacity":"","overlay-gradient":""},"mobile":{"background-color":"var(--ast-global-color-5)","background-image":"","background-repeat":"repeat","background-position":"center center","background-size":"auto","background-attachment":"scroll","background-type":"","background-media":"","overlay-type":"","overlay-color":"","overlay-opacity":"","overlay-gradient":""}}},"pwb-brand":[1018],"product_brand":[],"product_cat":[1017,410],"product_tag":[],"class_list":{"0":"post-36135","1":"product","2":"type-product","3":"status-publish","4":"has-post-thumbnail","6":"pwb-brand-maxge","7":"product_cat-protecciones-contra-sobretensiones","8":"product_cat-material-electrico","9":"desktop-align-left","10":"tablet-align-left","11":"mobile-align-left","12":"ast-product-gallery-layout-horizontal-slider","13":"ast-product-gallery-with-no-image","14":"ast-product-tabs-layout-horizontal","16":"first","17":"instock","18":"taxable","19":"shipping-taxable","20":"purchasable","21":"product-type-simple"},"wcpa_form_fields":null,"brands":[{"id":1018,"name":"Protec\u00e7\u00f5es el\u00e9ctricas Maxge","slug":"maxge"}],"_links":{"self":[{"href":"https:\/\/fvcomponentes.com\/pt\/wp-json\/wp\/v2\/product\/36135","targetHints":{"allow":["GET"]}}],"collection":[{"href":"https:\/\/fvcomponentes.com\/pt\/wp-json\/wp\/v2\/product"}],"about":[{"href":"https:\/\/fvcomponentes.com\/pt\/wp-json\/wp\/v2\/types\/product"}],"replies":[{"embeddable":true,"href":"https:\/\/fvcomponentes.com\/pt\/wp-json\/wp\/v2\/comments?post=36135"}],"wp:featuredmedia":[{"embeddable":true,"href":"https:\/\/fvcomponentes.com\/pt\/wp-json\/wp\/v2\/media\/36582"}],"wp:attachment":[{"href":"https:\/\/fvcomponentes.com\/pt\/wp-json\/wp\/v2\/media?parent=36135"}],"wp:term":[{"taxonomy":"pwb-brand","embeddable":true,"href":"https:\/\/fvcomponentes.com\/pt\/wp-json\/wp\/v2\/pwb-brand?post=36135"},{"taxonomy":"product_brand","embeddable":true,"href":"https:\/\/fvcomponentes.com\/pt\/wp-json\/wp\/v2\/product_brand?post=36135"},{"taxonomy":"product_cat","embeddable":true,"href":"https:\/\/fvcomponentes.com\/pt\/wp-json\/wp\/v2\/product_cat?post=36135"},{"taxonomy":"product_tag","embeddable":true,"href":"https:\/\/fvcomponentes.com\/pt\/wp-json\/wp\/v2\/product_tag?post=36135"}],"curies":[{"name":"wp","href":"https:\/\/api.w.org\/{rel}","templated":true}]}}