{"id":36134,"date":"2026-01-24T09:32:50","date_gmt":"2026-01-24T08:32:50","guid":{"rendered":"https:\/\/fvcomponentes.com\/?post_type=product&#038;p=36134"},"modified":"2026-02-06T15:41:24","modified_gmt":"2026-02-06T14:41:24","slug":"diferencial-maxge-alfa-industrial-e-terciario-4p-63a-300ma-classe-a-superimunizado-10ka","status":"publish","type":"product","link":"https:\/\/fvcomponentes.com\/pt\/producto\/diferencial-maxge-alpha-industrial-y-terciario-4p-63a-300ma-clase-a-superinmunizado-10ka\/","title":{"rendered":"Maxge Alpha+ 4P diferencial, 63A, 300mA. Classe A superimunizado. 10kA - EPR4A063300"},"content":{"rendered":"<h2>Maxge Alpha+ 4P diferencial, 63A, 300mA. Classe A superimunizado. 10kA - EPR4A063300<\/h2>\n<p>O Maxge Alpha+ 4P, 63A, 300mA \u00e9 um disjuntor de corrente residual de alta capacidade que desliga automaticamente o circuito se houver uma diferen\u00e7a significativa entre as correntes que entram e saem dos condutores activos (fases e neutro).<\/p>\n<p>O diferencial foi concebido para fornecer uma prote\u00e7\u00e3o avan\u00e7ada para instala\u00e7\u00f5es el\u00e9ctricas trif\u00e1sicas com neutro.<br \/>\nEm particular, protege contra correntes de fuga \u00e0 terra que podem causar danos ou situa\u00e7\u00f5es perigosas, como choques el\u00e9ctricos ou inc\u00eandios.<\/p>\n<p>Este interrutor diferencial combina sensibilidades espec\u00edficas, imuniza\u00e7\u00e3o contra perturba\u00e7\u00f5es e robustez mec\u00e2nica e el\u00e9ctrica.<br \/>\nPor conseguinte, \u00e9 adequado para aplica\u00e7\u00f5es residenciais, comerciais, terci\u00e1rias e industriais ligeiras e m\u00e9dias, onde \u00e9 necess\u00e1rio um elevado n\u00edvel de seguran\u00e7a e fiabilidade.<\/p>\n<h2>Carater\u00edsticas diferenciais do Maxge Alpha+ 4P, 63A, 300mA<\/h2>\n<h3>Configura\u00e7\u00e3o e capacidade el\u00e9ctrica<\/h3>\n<p>Este diferencial foi concebido com um\u00a0<strong>Configura\u00e7\u00e3o de 4 p\u00f3los, <\/strong>que permite a prote\u00e7\u00e3o simult\u00e2nea das tr\u00eas fases e do neutro em instala\u00e7\u00f5es trif\u00e1sicas.<br \/>\nIsto \u00e9 essencial para garantir que qualquer fuga de corrente em qualquer condutor \u00e9 detectada e tratada imediatamente, proporcionando uma monitoriza\u00e7\u00e3o abrangente do circuito.<\/p>\n<p>Com um <strong>corrente nominal 63 amperes<\/strong>, Este diferencial \u00e9 adequado para linhas el\u00e9ctricas principais ou subpain\u00e9is com cargas elevadas.<br \/>\nEsta capacidade permite suportar instala\u00e7\u00f5es com equipamentos de m\u00e9dia-alta pot\u00eancia. Para al\u00e9m disso, \u00e9 \u00fatil em ramais principais para zonas de consumo significativo e sistemas onde se concentram v\u00e1rios circuitos de utiliza\u00e7\u00e3o intensiva.<\/p>\n<p>O seu <strong>sensibilidade de 300 miliamperes (mA)<\/strong> destina-se a detetar e a desligar fugas de corrente de magnitude consider\u00e1vel<br \/>\nEstes podem n\u00e3o constituir um risco imediato para as pessoas (como acontece com um diferencial de 30 mA).  No entanto, podem causar situa\u00e7\u00f5es perigosas ao n\u00edvel da instala\u00e7\u00e3o, como inc\u00eandios ou danos devido a sobreaquecimento.<\/p>\n<p>Os dispositivos de corrente residual de 300 mA s\u00e3o normalmente utilizados como prote\u00e7\u00e3o geral para o quadro de distribui\u00e7\u00e3o principal, complementando os dispositivos de 30 mA que protegem diretamente as pessoas.<\/p>\n<h3>Prote\u00e7\u00e3o e tecnologia<\/h3>\n<p>O Maxge Alpha+ 4P, 63A, 300mA diferencial \u00e9 de<strong> Classe A<\/strong>, O diferencial de classe A \u00e9 capaz de detetar tanto a corrente alternada residual (CA) como a corrente pulsante com um componente de corrente cont\u00ednua (CC pulsante). Um diferencial de classe A \u00e9 mais eficaz na dete\u00e7\u00e3o destas fugas complexas do que um diferencial de classe AC normal.<br \/>\nIsto melhora a seguran\u00e7a e garante uma prote\u00e7\u00e3o eficaz nas instala\u00e7\u00f5es existentes.<\/p>\n<p>Tamb\u00e9m \u00e9 \u00fatil quando s\u00e3o utilizados equipamentos com eletr\u00f3nica integrada ou cargas n\u00e3o lineares. Estes incluem electrodom\u00e9sticos modernos, computadores, ilumina\u00e7\u00e3o LED, carregadores, sistemas de ar condicionado, variadores de frequ\u00eancia e fontes de alimenta\u00e7\u00e3o comutadas.<\/p>\n<p>O <strong>tecnologia super-imunizada<\/strong> A gama Alpha+ melhora a estabilidade do dispositivo contra perturba\u00e7\u00f5es transit\u00f3rias, picos de tens\u00e3o ou interfer\u00eancias el\u00e9ctricas na rede.<br \/>\nIsto reduz os disparos n\u00e3o intencionais ou indesejados. Por conseguinte, \u00e9 particularmente \u00fatil em instala\u00e7\u00f5es com equipamento sens\u00edvel, cargas indutivas ou ambientes el\u00e9ctricos ruidosos. Proporciona maior estabilidade e fiabilidade e evita interrup\u00e7\u00f5es desnecess\u00e1rias.<\/p>\n<h3>Robustez em curto-circuito<\/h3>\n<p>Com um <strong>Capacidade de corte de 10 kA<\/strong>, O dispositivo de corrente residual pode interromper com seguran\u00e7a correntes de curto-circuito de at\u00e9 10.000 amperes sem danificar ou comprometer a seguran\u00e7a da instala\u00e7\u00e3o. Isto \u00e9 crucial em comutadores bem alimentados ou em comutadores com elevada disponibilidade de curto-circuito.<br \/>\nProporciona assim um n\u00edvel adicional de robustez, seguran\u00e7a e fiabilidade e prote\u00e7\u00e3o contra falhas graves.<br \/>\nAl\u00e9m disso, permite uma coordena\u00e7\u00e3o correta com as protec\u00e7\u00f5es dos disjuntores do quadro el\u00e9trico.<\/p>\n<h3>Instala\u00e7\u00e3o<\/h3>\n<p>Este diferencial foi concebido para <strong>montagem em calha DIN standard,<\/strong> Isto facilita a sua instala\u00e7\u00e3o em quadros el\u00e9ctricos modulares, juntamente com outros dispositivos de prote\u00e7\u00e3o, como disjuntores, fus\u00edveis ou contactores.<br \/>\nEste formato permite uma conce\u00e7\u00e3o ordenada, segura e facilmente expans\u00edvel do quadro el\u00e9trico.<\/p>\n<h2>Maxge Alpha+ 4P, 63A, 300mA Maxge Alpha+ 4P, 63A, 300mA funcionamento diferencial<\/h2>\n<p>Este diferencial tem o seguinte funcionamento interno:<\/p>\n<ul>\n<li><strong>Controlo permanente:<\/strong> O diferencial compara em tempo real a soma das correntes que entram pelas fases e saem pelo neutro.<\/li>\n<li><strong>Dete\u00e7\u00e3o de desequil\u00edbrios:<\/strong> Se houver uma diferen\u00e7a de mais de 300 mA, o diferencial interpreta que existe uma fuga de corrente significativa.<\/li>\n<li><strong>Desligamento autom\u00e1tico:<\/strong> O diferencial desliga o circuito em milissegundos para evitar o risco de danos ou inc\u00eandio.<\/li>\n<\/ul>\n<p>\u00c9 a escolha ideal para ambientes onde a seguran\u00e7a e a continuidade do servi\u00e7o s\u00e3o uma prioridade. Por exemplo, \u00e9 recomendado para casas com um elevado n\u00edvel de eletrifica\u00e7\u00e3o, estabelecimentos comerciais, escrit\u00f3rios e pequenas instala\u00e7\u00f5es industriais.<\/p>\n<h2>Informa\u00e7\u00f5es t\u00e9cnicas para Maxge Alpha+ 4P, 63A, 300mA diferencial. Classe A superimunizado. 10kA - EPR4A063300<\/h2>\n<p><a href=\"https:\/\/fvcomponentes.com\/wp-content\/uploads\/2026\/02\/es_fichas-tecnicas_EPR_A-20251104.pdf\" target=\"_blank\" rel=\"noopener\">Folha de dados para Maxge Alpha+ 4P, 63A, 300mA diferencial<\/a><\/p>\n<p><a href=\"https:\/\/fvcomponentes.com\/wp-content\/uploads\/2026\/02\/es_fichas-tecnicas_Ficha_tecnica_EPR.pdf\" target=\"_blank\" rel=\"noopener\">Dados t\u00e9cnicos do Maxge Alpha+ 4P, 63A, 300mA Diferencial<\/a><\/p>","protected":false},"excerpt":{"rendered":"<ul>\n<li>N\u00famero de p\u00f3los: 4 p\u00f3los (3 fases + neutro)<\/li>\n<li>Corrente nominal (In): 63 Amps<\/li>\n<li>Sensibilidade: 300 mA<\/li>\n<li>Tens\u00e3o de funcionamento: 415V AC (entre fases)<\/li>\n<li>Sinaliza\u00e7\u00e3o do estado local<\/li>\n<li>Janela para marcador de circuito<\/li>\n<li>Liga\u00e7\u00e3o de terminais para cabos de cobre: 25 mm\u00b2 (flex\u00edvel) \/ 35 mm\u00b2 (r\u00edgido)<\/li>\n<li>Classe A: detecta correntes de fuga alternadas e diretas.<\/li>\n<li>Seletivo: incorpora um atraso de disparo.<\/li>\n<li>Corrente de fuga n\u00e3o operacional: 0,5xIDn<\/li>\n<li>Dimens\u00f5es: 72 mm de largura (18 mm por p\u00f3lo)<\/li>\n<li>Permite a fixa\u00e7\u00e3o de acess\u00f3rios e dispositivos de controlo<\/li>\n<li>Tens\u00e3o de isolamento (Ui): 500VA<\/li>\n<li>Grau de polui\u00e7\u00e3o 3<\/li>\n<li>Tens\u00e3o de impulso (Uimp): 4kV<\/li>\n<li>Duplo isolamento classe 2<\/li>\n<li>Temperatura de funcionamento: -5 \u00b0C a +40 \u00b0C<\/li>\n<li>Norma internacional: EN\/IEC60898-1<\/li>\n<\/ul>","protected":false},"featured_media":36579,"comment_status":"closed","ping_status":"closed","template":"","meta":{"site-sidebar-layout":"default","site-content-layout":"","ast-site-content-layout":"default","site-content-style":"default","site-sidebar-style":"default","ast-global-header-display":"","ast-banner-title-visibility":"","ast-main-header-display":"","ast-hfb-above-header-display":"","ast-hfb-below-header-display":"","ast-hfb-mobile-header-display":"","site-post-title":"","ast-breadcrumbs-content":"","ast-featured-img":"","footer-sml-layout":"","ast-disable-related-posts":"","theme-transparent-header-meta":"default","adv-header-id-meta":"","stick-header-meta":"","header-above-stick-meta":"","header-main-stick-meta":"","header-below-stick-meta":"","astra-migrate-meta-layouts":"set","ast-page-background-enabled":"default","ast-page-background-meta":{"desktop":{"background-color":"var(--ast-global-color-4)","background-image":"","background-repeat":"repeat","background-position":"center center","background-size":"auto","background-attachment":"scroll","background-type":"","background-media":"","overlay-type":"","overlay-color":"","overlay-opacity":"","overlay-gradient":""},"tablet":{"background-color":"","background-image":"","background-repeat":"repeat","background-position":"center center","background-size":"auto","background-attachment":"scroll","background-type":"","background-media":"","overlay-type":"","overlay-color":"","overlay-opacity":"","overlay-gradient":""},"mobile":{"background-color":"","background-image":"","background-repeat":"repeat","background-position":"center center","background-size":"auto","background-attachment":"scroll","background-type":"","background-media":"","overlay-type":"","overlay-color":"","overlay-opacity":"","overlay-gradient":""}},"ast-content-background-meta":{"desktop":{"background-color":"var(--ast-global-color-5)","background-image":"","background-repeat":"repeat","background-position":"center center","background-size":"auto","background-attachment":"scroll","background-type":"","background-media":"","overlay-type":"","overlay-color":"","overlay-opacity":"","overlay-gradient":""},"tablet":{"background-color":"var(--ast-global-color-5)","background-image":"","background-repeat":"repeat","background-position":"center center","background-size":"auto","background-attachment":"scroll","background-type":"","background-media":"","overlay-type":"","overlay-color":"","overlay-opacity":"","overlay-gradient":""},"mobile":{"background-color":"var(--ast-global-color-5)","background-image":"","background-repeat":"repeat","background-position":"center center","background-size":"auto","background-attachment":"scroll","background-type":"","background-media":"","overlay-type":"","overlay-color":"","overlay-opacity":"","overlay-gradient":""}}},"pwb-brand":[1018],"product_brand":[],"product_cat":[989,410],"product_tag":[],"class_list":{"0":"post-36134","1":"product","2":"type-product","3":"status-publish","4":"has-post-thumbnail","6":"pwb-brand-maxge","7":"product_cat-interruptores-diferenciales","8":"product_cat-material-electrico","9":"desktop-align-left","10":"tablet-align-left","11":"mobile-align-left","12":"ast-product-gallery-layout-horizontal-slider","13":"ast-product-gallery-with-no-image","14":"ast-product-tabs-layout-horizontal","16":"first","17":"instock","18":"taxable","19":"shipping-taxable","20":"purchasable","21":"product-type-simple"},"wcpa_form_fields":null,"brands":[{"id":1018,"name":"Protec\u00e7\u00f5es el\u00e9ctricas Maxge","slug":"maxge"}],"_links":{"self":[{"href":"https:\/\/fvcomponentes.com\/pt\/wp-json\/wp\/v2\/product\/36134","targetHints":{"allow":["GET"]}}],"collection":[{"href":"https:\/\/fvcomponentes.com\/pt\/wp-json\/wp\/v2\/product"}],"about":[{"href":"https:\/\/fvcomponentes.com\/pt\/wp-json\/wp\/v2\/types\/product"}],"replies":[{"embeddable":true,"href":"https:\/\/fvcomponentes.com\/pt\/wp-json\/wp\/v2\/comments?post=36134"}],"wp:featuredmedia":[{"embeddable":true,"href":"https:\/\/fvcomponentes.com\/pt\/wp-json\/wp\/v2\/media\/36579"}],"wp:attachment":[{"href":"https:\/\/fvcomponentes.com\/pt\/wp-json\/wp\/v2\/media?parent=36134"}],"wp:term":[{"taxonomy":"pwb-brand","embeddable":true,"href":"https:\/\/fvcomponentes.com\/pt\/wp-json\/wp\/v2\/pwb-brand?post=36134"},{"taxonomy":"product_brand","embeddable":true,"href":"https:\/\/fvcomponentes.com\/pt\/wp-json\/wp\/v2\/product_brand?post=36134"},{"taxonomy":"product_cat","embeddable":true,"href":"https:\/\/fvcomponentes.com\/pt\/wp-json\/wp\/v2\/product_cat?post=36134"},{"taxonomy":"product_tag","embeddable":true,"href":"https:\/\/fvcomponentes.com\/pt\/wp-json\/wp\/v2\/product_tag?post=36134"}],"curies":[{"name":"wp","href":"https:\/\/api.w.org\/{rel}","templated":true}]}}