{"id":36133,"date":"2026-01-24T09:32:13","date_gmt":"2026-01-24T08:32:13","guid":{"rendered":"https:\/\/fvcomponentes.com\/?post_type=product&#038;p=36133"},"modified":"2026-02-06T10:57:02","modified_gmt":"2026-02-06T09:57:02","slug":"maxge-alpha-diferencial-industrial-e-terciario-4p-40a-300ma-classe-a-super-imunizado-10ka","status":"publish","type":"product","link":"https:\/\/fvcomponentes.com\/pt\/producto\/diferencial-maxge-alpha-industrial-y-terciario-4p-40a-300ma-clase-a-superinmunizado-10ka\/","title":{"rendered":"Maxge Alpha+ 4P diferencial, 40A, 300mA. Superimunizado de classe A. 10kA - EPR4A040300"},"content":{"rendered":"<h2>Maxge Alpha+ 4P diferencial, 40A, 300mA. Superimunizado de classe A. 10kA - EPR4A040300<\/h2>\n<p>O Maxge Alpha+ 4P, 40A, 300mA \u00e9 um disjuntor diferencial de elevada capacidade e fiabilidade, concebido para desligar automaticamente a instala\u00e7\u00e3o quando detecta correntes de fuga \u00e0 terra (shunts) que podem causar riscos de inc\u00eandio ou danos no equipamento el\u00e9trico.<\/p>\n<p>Trata-se de um diferencial de 4 p\u00f3los (4P), pelo que foi concebido para redes trif\u00e1sicas com neutro (3 fases + N).<br \/>\nDesta forma, proporciona uma vigil\u00e2ncia completa de todos os condutores activos.<\/p>\n<p>Fazendo parte da gama Alpha+ da Maxge, destina-se a proporcionar maior fiabilidade e estabilidade em instala\u00e7\u00f5es modernas.<br \/>\n\u00c9 ideal para aplica\u00e7\u00f5es em instala\u00e7\u00f5es residenciais, comerciais, terci\u00e1rias e industriais onde \u00e9 necess\u00e1ria uma maior prote\u00e7\u00e3o do sistema el\u00e9trico global.<\/p>\n<h2>Carater\u00edsticas do Maxge Alpha+ 4P, 40A, 300mA Diferencial<\/h2>\n<h3>Configura\u00e7\u00e3o e capacidade el\u00e9ctrica<\/h3>\n<p>Este diferencial foi concebido com um\u00a0<strong>Configura\u00e7\u00e3o de 4 p\u00f3los, <\/strong>que permite monitorizar simultaneamente todas as linhas activas e o neutro.<br \/>\nIsto assegura a dete\u00e7\u00e3o completa de qualquer corrente de fuga \u00e0 terra que possa ocorrer na instala\u00e7\u00e3o.<\/p>\n<p>O diferencial funciona com um <strong>Corrente nominal de 40 amperes<\/strong>, Isto torna-o adequado para linhas de energia principais ou subpain\u00e9is onde se concentra uma grande carga el\u00e9ctrica.<br \/>\nEsta corrente nominal determina o m\u00e1ximo que o disjuntor pode suportar continuamente sem disparar devido a sobrecarga, desde que n\u00e3o haja fugas para a terra.<\/p>\n<p>O seu <strong>sensibilidade de 300 miliamperes (mA)<\/strong> foi concebido para proteger a instala\u00e7\u00e3o contra fugas de corrente maiores.<br \/>\nEstes podem n\u00e3o representar um risco imediato para as pessoas (como acontece com um diferencial de 30 mA).  No entanto, representam um risco significativo para toda a instala\u00e7\u00e3o el\u00e9ctrica, especialmente em termos de inc\u00eandios el\u00e9ctricos.<\/p>\n<p>Os dispositivos de corrente residual de 300 mA s\u00e3o frequentemente utilizados como prote\u00e7\u00e3o geral para o quadro de distribui\u00e7\u00e3o. Al\u00e9m disso, complementam os diferenciais de 30 mA que protegem diretamente as pessoas.<\/p>\n<h3>Prote\u00e7\u00e3o e tecnologia<\/h3>\n<p>O Maxge Alpha+ 4P, 40A, 300mA diferencial \u00e9 de<strong> Classe A<\/strong>, O diferencial de classe A \u00e9 capaz de detetar tanto a corrente alternada residual (CA) como a corrente pulsante com um componente de corrente cont\u00ednua (CC pulsante). Um dispositivo de corrente residual de classe A pode identificar fugas mais complexas do que um dispositivo b\u00e1sico de corrente residual de classe AC.<br \/>\nIsto melhora a seguran\u00e7a e garante uma prote\u00e7\u00e3o eficaz nas instala\u00e7\u00f5es existentes.<\/p>\n<p>Tamb\u00e9m \u00e9 \u00fatil quando s\u00e3o utilizados equipamentos com eletr\u00f3nica integrada ou cargas n\u00e3o lineares. Estes incluem electrodom\u00e9sticos modernos, computadores, ilumina\u00e7\u00e3o LED, carregadores, sistemas de ar condicionado, variadores de frequ\u00eancia e fontes de alimenta\u00e7\u00e3o comutadas.<\/p>\n<p>O <strong>tecnologia super-imunizada<\/strong> incorporado na gama Alpha+ torna este diferencial menos sens\u00edvel a falsos disparos provocados por perturba\u00e7\u00f5es transit\u00f3rias na rede, tais como picos de tens\u00e3o, ru\u00eddos el\u00e9ctricos ou interfer\u00eancias moment\u00e2neas.<br \/>\nIsto traduz-se numa maior estabilidade e fiabilidade para instala\u00e7\u00f5es com equipamento sens\u00edvel ou onde as perturba\u00e7\u00f5es el\u00e9ctricas s\u00e3o frequentes, evitando interrup\u00e7\u00f5es desnecess\u00e1rias.<\/p>\n<h3>Robustez em curto-circuito<\/h3>\n<p>Com um <strong>Capacidade de corte de 10 kA<\/strong>, O dispositivo de corrente residual pode interromper correntes de defeito at\u00e9 10.000 amperes sem danos ou perda de prote\u00e7\u00e3o. Isto \u00e9 crucial em instala\u00e7\u00f5es com uma elevada probabilidade de curto-circuito.<br \/>\nDesta forma, proporciona maior robustez, seguran\u00e7a e fiabilidade e permite uma correta coordena\u00e7\u00e3o com as protec\u00e7\u00f5es magnetot\u00e9rmicas do quadro el\u00e9trico.<\/p>\n<h3>Instala\u00e7\u00e3o<\/h3>\n<p>Este diferencial foi concebido para <strong>montagem em calha DIN standard,<\/strong> Isto facilita a sua integra\u00e7\u00e3o de forma limpa e segura em quadros el\u00e9ctricos modulares, juntamente com outros elementos de prote\u00e7\u00e3o (disjuntores, fus\u00edveis, contactores, etc.), mantendo um design limpo e profissional.<\/p>\n<h2>Maxge Alpha+ 4P, 40A, 300mA Maxge Alpha+ 4P, 40A, 300mA funcionamento diferencial<\/h2>\n<p>Este diferencial tem o seguinte funcionamento interno:<\/p>\n<ul>\n<li><strong>Controlo permanente:<\/strong> O diferencial compara em tempo real a soma das correntes que entram pelas fases e saem pelo neutro.<\/li>\n<li><strong>Dete\u00e7\u00e3o de desequil\u00edbrios:<\/strong> Se houver uma diferen\u00e7a de mais de 300 mA, o diferencial interpreta que existe uma fuga de corrente significativa.<\/li>\n<li><strong>Desligamento autom\u00e1tico:<\/strong> O diferencial desliga o circuito em milissegundos para evitar o risco de danos ou inc\u00eandio.<\/li>\n<\/ul>\n<p>\u00c9 a escolha ideal para ambientes onde a seguran\u00e7a e a continuidade do servi\u00e7o s\u00e3o uma prioridade. Por exemplo, \u00e9 recomendado para casas com um elevado n\u00edvel de eletrifica\u00e7\u00e3o, estabelecimentos comerciais, escrit\u00f3rios e pequenas instala\u00e7\u00f5es industriais.<\/p>\n<h2>Informa\u00e7\u00f5es t\u00e9cnicas para Maxge Alpha+ 4P, 40A, 300mA diferencial. Classe A superimunizado. 10kA - EPR4A040300<\/h2>\n<p><a href=\"https:\/\/fvcomponentes.com\/wp-content\/uploads\/2026\/02\/es_fichas-tecnicas_EPR_A-20251104.pdf\" target=\"_blank\" rel=\"noopener\">Folha de Dados T\u00e9cnicos do Maxge Alpha+ 4P, 40A, 300mA Diferencial<\/a><\/p>\n<p><a href=\"https:\/\/fvcomponentes.com\/wp-content\/uploads\/2026\/02\/es_fichas-tecnicas_Ficha_tecnica_EPR.pdf\" target=\"_blank\" rel=\"noopener\">Dados t\u00e9cnicos do Maxge Alpha+ 4P, 40A, 300mA Diferencial<\/a><\/p>","protected":false},"excerpt":{"rendered":"<ul>\n<li>N\u00famero de p\u00f3los: 4 p\u00f3los (3 fases + neutro)<\/li>\n<li>Corrente nominal (In): 40 amperes<\/li>\n<li>Sensibilidade: 300 mA<\/li>\n<li>Tens\u00e3o de funcionamento: 415V AC (entre fases)<\/li>\n<li>Sinaliza\u00e7\u00e3o do estado local<\/li>\n<li>Janela para marcador de circuito<\/li>\n<li>Liga\u00e7\u00e3o de terminais para cabos de cobre: 25 mm\u00b2 (flex\u00edvel) \/ 35 mm\u00b2 (r\u00edgido)<\/li>\n<li>Classe A: detecta correntes de fuga alternadas e diretas.<\/li>\n<li>Seletivo: incorpora um atraso de disparo.<\/li>\n<li>Corrente de fuga n\u00e3o operacional: 0,5xIDn<\/li>\n<li>Dimens\u00f5es: 72 mm de largura (18 mm por p\u00f3lo)<\/li>\n<li>Permite a fixa\u00e7\u00e3o de acess\u00f3rios e dispositivos de controlo<\/li>\n<li>Tens\u00e3o de isolamento (Ui): 500VA<\/li>\n<li>Grau de polui\u00e7\u00e3o 3<\/li>\n<li>Tens\u00e3o de impulso (Uimp): 4kV<\/li>\n<li>Duplo isolamento classe 2<\/li>\n<li>Temperatura de funcionamento: -5 \u00b0C a +40 \u00b0C<\/li>\n<li>Norma internacional: EN\/IEC60898-1<\/li>\n<\/ul>","protected":false},"featured_media":36576,"comment_status":"closed","ping_status":"closed","template":"","meta":{"site-sidebar-layout":"default","site-content-layout":"","ast-site-content-layout":"default","site-content-style":"default","site-sidebar-style":"default","ast-global-header-display":"","ast-banner-title-visibility":"","ast-main-header-display":"","ast-hfb-above-header-display":"","ast-hfb-below-header-display":"","ast-hfb-mobile-header-display":"","site-post-title":"","ast-breadcrumbs-content":"","ast-featured-img":"","footer-sml-layout":"","ast-disable-related-posts":"","theme-transparent-header-meta":"default","adv-header-id-meta":"","stick-header-meta":"","header-above-stick-meta":"","header-main-stick-meta":"","header-below-stick-meta":"","astra-migrate-meta-layouts":"set","ast-page-background-enabled":"default","ast-page-background-meta":{"desktop":{"background-color":"var(--ast-global-color-4)","background-image":"","background-repeat":"repeat","background-position":"center center","background-size":"auto","background-attachment":"scroll","background-type":"","background-media":"","overlay-type":"","overlay-color":"","overlay-opacity":"","overlay-gradient":""},"tablet":{"background-color":"","background-image":"","background-repeat":"repeat","background-position":"center center","background-size":"auto","background-attachment":"scroll","background-type":"","background-media":"","overlay-type":"","overlay-color":"","overlay-opacity":"","overlay-gradient":""},"mobile":{"background-color":"","background-image":"","background-repeat":"repeat","background-position":"center center","background-size":"auto","background-attachment":"scroll","background-type":"","background-media":"","overlay-type":"","overlay-color":"","overlay-opacity":"","overlay-gradient":""}},"ast-content-background-meta":{"desktop":{"background-color":"var(--ast-global-color-5)","background-image":"","background-repeat":"repeat","background-position":"center center","background-size":"auto","background-attachment":"scroll","background-type":"","background-media":"","overlay-type":"","overlay-color":"","overlay-opacity":"","overlay-gradient":""},"tablet":{"background-color":"var(--ast-global-color-5)","background-image":"","background-repeat":"repeat","background-position":"center center","background-size":"auto","background-attachment":"scroll","background-type":"","background-media":"","overlay-type":"","overlay-color":"","overlay-opacity":"","overlay-gradient":""},"mobile":{"background-color":"var(--ast-global-color-5)","background-image":"","background-repeat":"repeat","background-position":"center center","background-size":"auto","background-attachment":"scroll","background-type":"","background-media":"","overlay-type":"","overlay-color":"","overlay-opacity":"","overlay-gradient":""}}},"pwb-brand":[1018],"product_brand":[],"product_cat":[989,410],"product_tag":[],"class_list":{"0":"post-36133","1":"product","2":"type-product","3":"status-publish","4":"has-post-thumbnail","6":"pwb-brand-maxge","7":"product_cat-interruptores-diferenciales","8":"product_cat-material-electrico","9":"desktop-align-left","10":"tablet-align-left","11":"mobile-align-left","12":"ast-product-gallery-layout-horizontal-slider","13":"ast-product-gallery-with-no-image","14":"ast-product-tabs-layout-horizontal","16":"first","17":"instock","18":"taxable","19":"shipping-taxable","20":"purchasable","21":"product-type-simple"},"wcpa_form_fields":null,"brands":[{"id":1018,"name":"Protec\u00e7\u00f5es el\u00e9ctricas Maxge","slug":"maxge"}],"_links":{"self":[{"href":"https:\/\/fvcomponentes.com\/pt\/wp-json\/wp\/v2\/product\/36133","targetHints":{"allow":["GET"]}}],"collection":[{"href":"https:\/\/fvcomponentes.com\/pt\/wp-json\/wp\/v2\/product"}],"about":[{"href":"https:\/\/fvcomponentes.com\/pt\/wp-json\/wp\/v2\/types\/product"}],"replies":[{"embeddable":true,"href":"https:\/\/fvcomponentes.com\/pt\/wp-json\/wp\/v2\/comments?post=36133"}],"wp:featuredmedia":[{"embeddable":true,"href":"https:\/\/fvcomponentes.com\/pt\/wp-json\/wp\/v2\/media\/36576"}],"wp:attachment":[{"href":"https:\/\/fvcomponentes.com\/pt\/wp-json\/wp\/v2\/media?parent=36133"}],"wp:term":[{"taxonomy":"pwb-brand","embeddable":true,"href":"https:\/\/fvcomponentes.com\/pt\/wp-json\/wp\/v2\/pwb-brand?post=36133"},{"taxonomy":"product_brand","embeddable":true,"href":"https:\/\/fvcomponentes.com\/pt\/wp-json\/wp\/v2\/product_brand?post=36133"},{"taxonomy":"product_cat","embeddable":true,"href":"https:\/\/fvcomponentes.com\/pt\/wp-json\/wp\/v2\/product_cat?post=36133"},{"taxonomy":"product_tag","embeddable":true,"href":"https:\/\/fvcomponentes.com\/pt\/wp-json\/wp\/v2\/product_tag?post=36133"}],"curies":[{"name":"wp","href":"https:\/\/api.w.org\/{rel}","templated":true}]}}