{"id":36132,"date":"2026-01-24T09:31:02","date_gmt":"2026-01-24T08:31:02","guid":{"rendered":"https:\/\/fvcomponentes.com\/?post_type=product&#038;p=36132"},"modified":"2026-02-06T10:53:16","modified_gmt":"2026-02-06T09:53:16","slug":"maxge-alpha-diferencial-industrial-e-terciario-4p-40a-30ma-classe-a-super-imunizado-10ka","status":"publish","type":"product","link":"https:\/\/fvcomponentes.com\/pt\/producto\/diferencial-maxge-alpha-industrial-y-terciario-4p-40a-30ma-clase-a-superinmunizado-10ka\/","title":{"rendered":"Maxge Alpha+ 4P diferencial, 40A, 30mA. Classe A superimunizado. 10kA - EPR4A040030"},"content":{"rendered":"<h2>Maxge Alpha+ 4P diferencial, 40A, 30mA. Classe A superimunizado. 10kA - EPR4A040030<\/h2>\n<p>O disjuntor de corrente residual Maxge Alpha+ 4P, 30mA \u00e9 um dispositivo de prote\u00e7\u00e3o concebido para desligar automaticamente a instala\u00e7\u00e3o quando detecta correntes de fuga \u00e0 terra (shunts). Estas deriva\u00e7\u00f5es podem causar um risco de eletrocuss\u00e3o ou de inc\u00eandio devido a falhas de isolamento.<br \/>\nFoi igualmente concebido para garantir a seguran\u00e7a das pessoas.<\/p>\n<p>Trata-se de um diferencial de 4 p\u00f3los (4P), pelo que foi concebido para sistemas trif\u00e1sicos com neutro (3 fases + N).<br \/>\nDesta forma, proporciona uma vigil\u00e2ncia completa de todos os condutores activos.<\/p>\n<p>Fazendo parte da gama Alpha+ da Maxge, destina-se a proporcionar maior fiabilidade e estabilidade em instala\u00e7\u00f5es modernas. Isto \u00e9 especialmente \u00fatil em locais com uma elevada presen\u00e7a de cargas electr\u00f3nicas.<\/p>\n<h2>Carater\u00edsticas diferenciais do Maxge Alpha+ 4P, 40A, 30mA<\/h2>\n<h3>Configura\u00e7\u00e3o e capacidade el\u00e9ctrica<\/h3>\n<p>Este diferencial foi concebido com um\u00a0<strong>Configura\u00e7\u00e3o de 4 p\u00f3los, <\/strong>que permite monitorizar simultaneamente todas as linhas activas e o neutro.<br \/>\nIsto assegura a dete\u00e7\u00e3o completa de qualquer corrente de fuga \u00e0 terra que possa ocorrer na instala\u00e7\u00e3o.<\/p>\n<p>O diferencial funciona com um <strong>Corrente nominal de 40 amperes<\/strong>, Isto torna-o adequado para linhas principais ou subquadros com consumo de energia m\u00e9dio-alto.<br \/>\nEsta corrente nominal determina o m\u00e1ximo que o disjuntor pode suportar continuamente sem disparar devido a sobrecarga, desde que n\u00e3o haja fugas para a terra.<\/p>\n<p>O seu <strong>sensibilidade de 30 miliamperes (mA)<\/strong> \u00e9 o valor de prote\u00e7\u00e3o padr\u00e3o recomendado para a prote\u00e7\u00e3o pessoal.<br \/>\nSe for detectada uma fuga de corrente igual ou superior a 30 mA, o dispositivo desliga imediatamente o circuito. Desta forma, evitam-se les\u00f5es pessoais graves.<\/p>\n<h3>Prote\u00e7\u00e3o e tecnologia<\/h3>\n<p>Como se trata de um <strong>Diferencial de classe A<\/strong>, \u00e9 capaz de detetar tanto correntes alternadas residuais (CA) como correntes pulsantes com um componente de corrente cont\u00ednua (CC pulsante).<br \/>\nUm diferencial de classe A pode identificar fugas mais complexas do que um diferencial b\u00e1sico de classe AC. Isto melhora a seguran\u00e7a e garante uma prote\u00e7\u00e3o eficaz nas instala\u00e7\u00f5es existentes.<br \/>\nTamb\u00e9m \u00e9 \u00fatil quando s\u00e3o utilizados equipamentos com eletr\u00f3nica integrada ou cargas n\u00e3o lineares, tais como electrodom\u00e9sticos modernos, computadores, ilumina\u00e7\u00e3o LED, carregadores, sistemas de ar condicionado, variadores de frequ\u00eancia e fontes de alimenta\u00e7\u00e3o de modo comutado.<\/p>\n<p>O <strong>tecnologia super-imunizada<\/strong> incorporado na gama Alpha+ permite uma maior estabilidade contra ru\u00eddos el\u00e9ctricos, picos de tens\u00e3o ou perturba\u00e7\u00f5es el\u00e9ctricas transit\u00f3rias na rede. Isto reduz os disparos indesejados e assegura uma melhor continuidade do fornecimento sem comprometer a seguran\u00e7a.<\/p>\n<h3>Robustez em curto-circuito<\/h3>\n<p>Com um <strong>Capacidade de corte de 10 kA<\/strong>, O dispositivo de corrente residual pode interromper correntes de defeito at\u00e9 10.000 amperes sem danos ou perda de prote\u00e7\u00e3o. Isto \u00e9 crucial em instala\u00e7\u00f5es com uma elevada probabilidade de curto-circuito.<br \/>\nDesta forma, proporciona maior robustez, seguran\u00e7a e fiabilidade e permite uma correta coordena\u00e7\u00e3o com as protec\u00e7\u00f5es magnetot\u00e9rmicas do quadro el\u00e9trico.<\/p>\n<h3>Instala\u00e7\u00e3o<\/h3>\n<p>Este diferencial foi concebido para <strong>montagem em calha DIN standard,<\/strong> Isto facilita a sua integra\u00e7\u00e3o em quadros modulares juntamente com outros dispositivos, como disjuntores, fus\u00edveis ou contactores.<\/p>\n<h2>Maxge Alpha+ 4P, 40A, funcionamento diferencial de 30mA<\/h2>\n<p>Este diferencial tem o seguinte funcionamento interno:<\/p>\n<ul>\n<li><strong>Controlo permanente:<\/strong> O diferencial compara em tempo real a soma das correntes que entram pelas fases e saem pelo neutro.<\/li>\n<li><strong>Dete\u00e7\u00e3o de fugas:<\/strong> Se houver uma diferen\u00e7a de mais de 30 mA (uma indica\u00e7\u00e3o de fuga \u00e0 terra), o diferencial interpreta que parte da corrente est\u00e1 a fluir por um caminho indesejado.<\/li>\n<li><strong>Despedimento imediato:<\/strong> O diferencial desliga o circuito em milissegundos para evitar um contacto perigoso ou o in\u00edcio de um inc\u00eandio.<\/li>\n<\/ul>\n<p>\u00c9 a escolha ideal para ambientes onde a seguran\u00e7a e a continuidade do servi\u00e7o s\u00e3o uma prioridade, tais como casas com um elevado n\u00edvel de eletrifica\u00e7\u00e3o, instala\u00e7\u00f5es comerciais, escrit\u00f3rios e pequenas instala\u00e7\u00f5es industriais.<\/p>\n<h2>Informa\u00e7\u00f5es t\u00e9cnicas para Maxge Alpha+ 4P, 40A, 30mA diferencial. Classe A superimunizado. 10kA - EPR4A040030<\/h2>\n<p><a href=\"https:\/\/fvcomponentes.com\/wp-content\/uploads\/2026\/02\/es_fichas-tecnicas_EPR_A-20251104.pdf\" target=\"_blank\" rel=\"noopener\">Folha de Dados T\u00e9cnicos do Maxge Alpha+ 4P, 40A, 30mA Diferencial<\/a><\/p>\n<p><a href=\"https:\/\/fvcomponentes.com\/wp-content\/uploads\/2026\/02\/es_fichas-tecnicas_Ficha_tecnica_EPR.pdf\" target=\"_blank\" rel=\"noopener\">Dados T\u00e9cnicos Maxge Alpha+ 4P, 40A, 30mA Diferencial<\/a><\/p>","protected":false},"excerpt":{"rendered":"<ul>\n<li>N\u00famero de p\u00f3los: 4 p\u00f3los (3 fases + neutro)<\/li>\n<li>Corrente nominal (In): 40 amperes<\/li>\n<li>Sensibilidade: 30 mA<\/li>\n<li>Tens\u00e3o de funcionamento: 415V AC (entre fases)<\/li>\n<li>Sinaliza\u00e7\u00e3o do estado local<\/li>\n<li>Janela para marcador de circuito<\/li>\n<li>Liga\u00e7\u00e3o de terminais para cabos de cobre: 25 mm\u00b2 (flex\u00edvel) \/ 35 mm\u00b2 (r\u00edgido)<\/li>\n<li>Classe A: detecta correntes de fuga alternadas e diretas.<\/li>\n<li>Seletivo: incorpora um atraso de disparo.<\/li>\n<li>Corrente de fuga n\u00e3o operacional: 0,5xIDn<\/li>\n<li>Dimens\u00f5es: 72 mm de largura (18 mm por p\u00f3lo)<\/li>\n<li>Permite a fixa\u00e7\u00e3o de acess\u00f3rios e dispositivos de controlo<\/li>\n<li>Tens\u00e3o de isolamento (Ui): 500VA<\/li>\n<li>Grau de polui\u00e7\u00e3o 3<\/li>\n<li>Tens\u00e3o de impulso (Uimp): 4kV<\/li>\n<li>Duplo isolamento classe 2<\/li>\n<li>Temperatura de funcionamento: -5 \u00b0C a +40 \u00b0C<\/li>\n<li>Norma internacional: EN\/IEC60898-1<\/li>\n<\/ul>","protected":false},"featured_media":36564,"comment_status":"closed","ping_status":"closed","template":"","meta":{"site-sidebar-layout":"default","site-content-layout":"","ast-site-content-layout":"default","site-content-style":"default","site-sidebar-style":"default","ast-global-header-display":"","ast-banner-title-visibility":"","ast-main-header-display":"","ast-hfb-above-header-display":"","ast-hfb-below-header-display":"","ast-hfb-mobile-header-display":"","site-post-title":"","ast-breadcrumbs-content":"","ast-featured-img":"","footer-sml-layout":"","ast-disable-related-posts":"","theme-transparent-header-meta":"default","adv-header-id-meta":"","stick-header-meta":"","header-above-stick-meta":"","header-main-stick-meta":"","header-below-stick-meta":"","astra-migrate-meta-layouts":"set","ast-page-background-enabled":"default","ast-page-background-meta":{"desktop":{"background-color":"var(--ast-global-color-4)","background-image":"","background-repeat":"repeat","background-position":"center center","background-size":"auto","background-attachment":"scroll","background-type":"","background-media":"","overlay-type":"","overlay-color":"","overlay-opacity":"","overlay-gradient":""},"tablet":{"background-color":"","background-image":"","background-repeat":"repeat","background-position":"center center","background-size":"auto","background-attachment":"scroll","background-type":"","background-media":"","overlay-type":"","overlay-color":"","overlay-opacity":"","overlay-gradient":""},"mobile":{"background-color":"","background-image":"","background-repeat":"repeat","background-position":"center center","background-size":"auto","background-attachment":"scroll","background-type":"","background-media":"","overlay-type":"","overlay-color":"","overlay-opacity":"","overlay-gradient":""}},"ast-content-background-meta":{"desktop":{"background-color":"var(--ast-global-color-5)","background-image":"","background-repeat":"repeat","background-position":"center center","background-size":"auto","background-attachment":"scroll","background-type":"","background-media":"","overlay-type":"","overlay-color":"","overlay-opacity":"","overlay-gradient":""},"tablet":{"background-color":"var(--ast-global-color-5)","background-image":"","background-repeat":"repeat","background-position":"center center","background-size":"auto","background-attachment":"scroll","background-type":"","background-media":"","overlay-type":"","overlay-color":"","overlay-opacity":"","overlay-gradient":""},"mobile":{"background-color":"var(--ast-global-color-5)","background-image":"","background-repeat":"repeat","background-position":"center center","background-size":"auto","background-attachment":"scroll","background-type":"","background-media":"","overlay-type":"","overlay-color":"","overlay-opacity":"","overlay-gradient":""}}},"pwb-brand":[1018],"product_brand":[],"product_cat":[989,410],"product_tag":[],"class_list":{"0":"post-36132","1":"product","2":"type-product","3":"status-publish","4":"has-post-thumbnail","6":"pwb-brand-maxge","7":"product_cat-interruptores-diferenciales","8":"product_cat-material-electrico","9":"desktop-align-left","10":"tablet-align-left","11":"mobile-align-left","12":"ast-product-gallery-layout-horizontal-slider","13":"ast-product-gallery-with-no-image","14":"ast-product-tabs-layout-horizontal","16":"first","17":"instock","18":"taxable","19":"shipping-taxable","20":"purchasable","21":"product-type-simple"},"wcpa_form_fields":null,"brands":[{"id":1018,"name":"Protec\u00e7\u00f5es el\u00e9ctricas Maxge","slug":"maxge"}],"_links":{"self":[{"href":"https:\/\/fvcomponentes.com\/pt\/wp-json\/wp\/v2\/product\/36132","targetHints":{"allow":["GET"]}}],"collection":[{"href":"https:\/\/fvcomponentes.com\/pt\/wp-json\/wp\/v2\/product"}],"about":[{"href":"https:\/\/fvcomponentes.com\/pt\/wp-json\/wp\/v2\/types\/product"}],"replies":[{"embeddable":true,"href":"https:\/\/fvcomponentes.com\/pt\/wp-json\/wp\/v2\/comments?post=36132"}],"wp:featuredmedia":[{"embeddable":true,"href":"https:\/\/fvcomponentes.com\/pt\/wp-json\/wp\/v2\/media\/36564"}],"wp:attachment":[{"href":"https:\/\/fvcomponentes.com\/pt\/wp-json\/wp\/v2\/media?parent=36132"}],"wp:term":[{"taxonomy":"pwb-brand","embeddable":true,"href":"https:\/\/fvcomponentes.com\/pt\/wp-json\/wp\/v2\/pwb-brand?post=36132"},{"taxonomy":"product_brand","embeddable":true,"href":"https:\/\/fvcomponentes.com\/pt\/wp-json\/wp\/v2\/product_brand?post=36132"},{"taxonomy":"product_cat","embeddable":true,"href":"https:\/\/fvcomponentes.com\/pt\/wp-json\/wp\/v2\/product_cat?post=36132"},{"taxonomy":"product_tag","embeddable":true,"href":"https:\/\/fvcomponentes.com\/pt\/wp-json\/wp\/v2\/product_tag?post=36132"}],"curies":[{"name":"wp","href":"https:\/\/api.w.org\/{rel}","templated":true}]}}