{"id":36110,"date":"2026-01-29T20:44:23","date_gmt":"2026-01-29T19:44:23","guid":{"rendered":"https:\/\/fvcomponentes.com\/?post_type=product&#038;p=36110"},"modified":"2026-04-08T21:30:36","modified_gmt":"2026-04-08T19:30:36","slug":"painel-solar-victron-bluesolar-95w-12v-monocristalino-serie-4c-spm040953003","status":"publish","type":"product","link":"https:\/\/fvcomponentes.com\/pt\/producto\/placa-solar-victron-bluesolar-95w-12v-monocristalino-serie-4c-spm040953003\/","title":{"rendered":"Painel solar Victron BlueSolar 95W-12V monocristalino s\u00e9rie 4c - SPM040953003"},"content":{"rendered":"<h2>Painel solar Victron BlueSolar 95W-12V monocristalino s\u00e9rie 4c - SPM040953003<\/h2>\n<p>Este monocristalino \u00e9 um painel solar compacto de 95 W, especialmente concebido para sistemas de 12 V.<\/p>\n<p>Este painel \u00e9 um BlueSolar e faz parte da s\u00e9rie 4c da Victron Energy, uma linha de pain\u00e9is solares reconhecida pela sua fiabilidade, efici\u00eancia em v\u00e1rias condi\u00e7\u00f5es de luminosidade e robustez para utiliza\u00e7\u00e3o no exterior.<\/p>\n<p>A sua pot\u00eancia de 95 W torna-o perfeito para carregar baterias de 12 V mais rapidamente, alimentar cargas auxiliares ou complementar instala\u00e7\u00f5es solares.<\/p>\n<p>O painel solar de 95 W foi especialmente concebido para barcos, caravanas, campistas e sistemas fora da rede onde o espa\u00e7o \u00e9 limitado e \u00e9 necess\u00e1rio um equil\u00edbrio entre pot\u00eancia, efici\u00eancia e durabilidade.<\/p>\n<h2>Carater\u00edsticas do painel solar 95W s\u00e9rie 4c<\/h2>\n<h3>Desempenho<\/h3>\n<p>O painel solar de 95 W tem uma tens\u00e3o de funcionamento na pot\u00eancia m\u00e1xima de 17,6 V, proporcionando um carregamento eficiente da bateria.<\/p>\n<p>Al\u00e9m disso, tem uma tens\u00e3o de circuito aberto de 20,4 V, o que garante que a placa tem um bom desempenho e gera energia mesmo com pouca luz ou em condi\u00e7\u00f5es de luz solar inferiores \u00e0s ideais.<\/p>\n<p>Al\u00e9m disso, os seus d\u00edodos bypass de elevado desempenho ajudam a reduzir as perdas geradas pelo sombreamento parcial do quadro, melhorando assim a efici\u00eancia global do quadro quando algumas c\u00e9lulas n\u00e3o est\u00e3o totalmente iluminadas.<\/p>\n<h3>Constru\u00e7\u00e3o e conce\u00e7\u00e3o<\/h3>\n<p>O painel solar BlueSolar 95W \u00e9 fabricado com materiais e processos que garantem a sua robustez, longevidade e resist\u00eancia a condi\u00e7\u00f5es ambientais exigentes.<\/p>\n<p>O painel solar utiliza 30 c\u00e9lulas solares monocristalinas, que garantem uma melhor efici\u00eancia energ\u00e9tica e rendimentos mais elevados.<br \/>\nEste tipo de c\u00e9lula oferece uma melhor resposta em condi\u00e7\u00f5es de luz limitadas, maximizando a recolha de energia.<\/p>\n<p>Esta placa tem uma estrutura robusta em alum\u00ednio anodizado, que \u00e9 altamente resistente \u00e0 corros\u00e3o.<br \/>\nIsto torna-o ideal para instala\u00e7\u00f5es no exterior e expostas \u00e0s intemp\u00e9ries.<\/p>\n<p>A sua parte frontal est\u00e1 protegida por um vidro temperado de alta transmiss\u00e3o, que protege as c\u00e9lulas contra impactos, abras\u00e3o e condi\u00e7\u00f5es climat\u00e9ricas adversas.<\/p>\n<p>Para al\u00e9m disso, esta placa possui uma caixa de jun\u00e7\u00e3o selada, \u00e0 prova de \u00e1gua e de poeira, proporcionando liga\u00e7\u00f5es seguras com conectores MC4 de 900 mm.<br \/>\nProtege as liga\u00e7\u00f5es el\u00e9ctricas da humidade e garante seguran\u00e7a e fiabilidade a longo prazo.<\/p>\n<h3>Resili\u00eancia e escalabilidade<\/h3>\n<p>Este painel solar funciona perfeitamente numa vasta gama de temperaturas, de -40\u00baC a 85\u00baC, o que o torna perfeito para climas quentes e frios sem comprometer o desempenho ou a durabilidade.<\/p>\n<p>Tamb\u00e9m suporta cargas superficiais elevadas (por exemplo, neve ou vento) e \u00e9 resistente a impactos de granizo.<\/p>\n<p>Al\u00e9m disso, a tens\u00e3o m\u00e1xima do sistema \u00e9 de 1000 volts, pelo que \u00e9 poss\u00edvel ligar v\u00e1rios pain\u00e9is solares em s\u00e9rie ou em paralelo em qualquer altura, caso seja necess\u00e1rio expandir o sistema.<\/p>\n<h2>Vantagens do painel fotovoltaico de 95 W da s\u00e9rie 4c<\/h2>\n<p>O painel solar BlueSolar 95W, s\u00e9rie 4c, tem as seguintes vantagens:<\/p>\n<ul>\n<li><strong>Elevada efici\u00eancia energ\u00e9tica, <\/strong>devido \u00e0s suas c\u00e9lulas solares monocristalinas, oferece um desempenho superior por unidade de \u00e1rea.<\/li>\n<li><strong>Excelente desempenho mesmo com pouca luz, <\/strong>porque tem uma elevada sensibilidade \u00e0 luz e funciona bem em condi\u00e7\u00f5es de pouca luz.<\/li>\n<li><strong>Menos perdas de sombra, <\/strong>porque os seus d\u00edodos de deriva\u00e7\u00e3o de elevado desempenho ajudam a minimizar as perdas de pot\u00eancia.<\/li>\n<li><strong>Ampla gama de temperaturas de funcionamento,<\/strong>\u00a0uma vez que pode ser utilizado em climas extremos sem degradar o seu desempenho.<\/li>\n<li><strong>Constru\u00e7\u00e3o robusta e duradoura<\/strong>, que garantem a seguran\u00e7a e a prote\u00e7\u00e3o de exteriores, barcos ou ve\u00edculos.<\/li>\n<li><strong>Integra\u00e7\u00e3o e escalabilidade, <\/strong>porque pode ser integrado em instala\u00e7\u00f5es maiores, ligando-o em s\u00e9rie ou em paralelo com outros pain\u00e9is solares em sistemas at\u00e9 1000V.<\/li>\n<li><strong>Instala\u00e7\u00e3o vers\u00e1til<\/strong>, Gra\u00e7as \u00e0 sua conce\u00e7\u00e3o com a op\u00e7\u00e3o de conectores MC4, a instala\u00e7\u00e3o \u00e9 f\u00e1cil.<\/li>\n<\/ul>\n<h2>Especifica\u00e7\u00f5es t\u00e9cnicas do Painel Solar Victron BlueSolar 95W-12V Monocristalino S\u00e9rie 4c - SPM040953003<\/h2>\n<table>\n<thead>\n<tr>\n<th><strong>Carater\u00edstica<\/strong><\/th>\n<th><strong>Valor<\/strong><\/th>\n<\/tr>\n<\/thead>\n<tbody>\n<tr>\n<td><b>Pot\u00eancia<\/b><\/td>\n<td>95 W<\/td>\n<\/tr>\n<tr>\n<td><strong>Tipo de painel<\/strong><\/td>\n<td>Monocristalino<\/td>\n<\/tr>\n<tr>\n<td><b>N\u00famero de c\u00e9lulas<\/b><\/td>\n<td>30<\/td>\n<\/tr>\n<tr>\n<td><strong>Tens\u00e3o de alimenta\u00e7\u00e3o m\u00e1xima\u00a0<\/strong><\/td>\n<td>17,6 V<\/td>\n<\/tr>\n<tr>\n<td><strong>Corrente de pot\u00eancia m\u00e1xima\u00a0<\/strong><\/td>\n<td>5,42 A<\/td>\n<\/tr>\n<tr>\n<td><strong>Tens\u00e3o de circuito aberto\u00a0<\/strong><\/td>\n<td>20,4 V<\/td>\n<\/tr>\n<tr>\n<td><strong>Corrente de curto-circuito\u00a0<\/strong><\/td>\n<td>5,7 A<\/td>\n<\/tr>\n<tr>\n<td><strong>Tens\u00e3o m\u00e1xima do sistema<\/strong><\/td>\n<td>1.000 V<\/td>\n<\/tr>\n<tr>\n<td><strong>Gama de temperaturas<\/strong><\/td>\n<td>Entre -40\u00b0C e +85\u00b0C<\/td>\n<\/tr>\n<tr>\n<td><strong>Capacidade m\u00e1xima de carga na superf\u00edcie<\/strong><\/td>\n<td>200 kg\/m\u00b2 (200 kg\/m\u00b2)<\/td>\n<\/tr>\n<tr>\n<td><strong>Garantia Victron<\/strong><\/td>\n<td>5 anos<\/td>\n<\/tr>\n<\/tbody>\n<\/table>\n<h2>Informa\u00e7\u00f5es t\u00e9cnicas sobre o painel solar Victron BlueSolar 95W-12V monocristalino s\u00e9rie 4c - SPM040953003<\/h2>\n<p><a href=\"https:\/\/fvcomponentes.com\/wp-content\/uploads\/2026\/01\/Datasheet-BlueSolar-Monocrystalline-Panels-latest-models-ES.pdf\" target=\"_blank\" rel=\"noopener\">Folha de dados t\u00e9cnicos do painel solar 95W s\u00e9rie 4c<\/a><\/p>\n<p><a href=\"https:\/\/fvcomponentes.com\/wp-content\/uploads\/2026\/01\/Installation-Manual-BlueSolar-Panels-EN-NL-FR-DE-ES-SE-1.pdf\" target=\"_blank\" rel=\"noopener\">Manual do painel solar 95W s\u00e9rie 4c<\/a><\/p>","protected":false},"excerpt":{"rendered":"<p><strong><span style=\"color: #ff9900;\">Imagem para orienta\u00e7\u00e3o<\/span><\/strong><\/p>\n<p>Pot\u00eancia: 95 W<br \/>\nTens\u00e3o m\u00e1xima do sistema: 1.000 V<br \/>\nC\u00e9lulas solares (pcs\/placa): 30<br \/>\nTecnologia do painel: Monocristalino<br \/>\nBluetooth: N\u00e3o<br \/>\nControlo remoto de ligar\/desligar: N\u00e3o<br \/>\nCabos e outras liga\u00e7\u00f5es: PV-LH0801<br \/>\nTipo de conetor: 900 mm MC4<br \/>\nDimens\u00f5es: 30 x 668 x 770 mm<br \/>\nPeso: 5,4 kg<\/p>","protected":false},"featured_media":36117,"comment_status":"closed","ping_status":"closed","template":"","meta":{"site-sidebar-layout":"default","site-content-layout":"","ast-site-content-layout":"default","site-content-style":"default","site-sidebar-style":"default","ast-global-header-display":"","ast-banner-title-visibility":"","ast-main-header-display":"","ast-hfb-above-header-display":"","ast-hfb-below-header-display":"","ast-hfb-mobile-header-display":"","site-post-title":"","ast-breadcrumbs-content":"","ast-featured-img":"","footer-sml-layout":"","ast-disable-related-posts":"","theme-transparent-header-meta":"default","adv-header-id-meta":"","stick-header-meta":"","header-above-stick-meta":"","header-main-stick-meta":"","header-below-stick-meta":"","astra-migrate-meta-layouts":"set","ast-page-background-enabled":"default","ast-page-background-meta":{"desktop":{"background-color":"var(--ast-global-color-4)","background-image":"","background-repeat":"repeat","background-position":"center center","background-size":"auto","background-attachment":"scroll","background-type":"","background-media":"","overlay-type":"","overlay-color":"","overlay-opacity":"","overlay-gradient":""},"tablet":{"background-color":"","background-image":"","background-repeat":"repeat","background-position":"center center","background-size":"auto","background-attachment":"scroll","background-type":"","background-media":"","overlay-type":"","overlay-color":"","overlay-opacity":"","overlay-gradient":""},"mobile":{"background-color":"","background-image":"","background-repeat":"repeat","background-position":"center center","background-size":"auto","background-attachment":"scroll","background-type":"","background-media":"","overlay-type":"","overlay-color":"","overlay-opacity":"","overlay-gradient":""}},"ast-content-background-meta":{"desktop":{"background-color":"var(--ast-global-color-5)","background-image":"","background-repeat":"repeat","background-position":"center center","background-size":"auto","background-attachment":"scroll","background-type":"","background-media":"","overlay-type":"","overlay-color":"","overlay-opacity":"","overlay-gradient":""},"tablet":{"background-color":"var(--ast-global-color-5)","background-image":"","background-repeat":"repeat","background-position":"center center","background-size":"auto","background-attachment":"scroll","background-type":"","background-media":"","overlay-type":"","overlay-color":"","overlay-opacity":"","overlay-gradient":""},"mobile":{"background-color":"var(--ast-global-color-5)","background-image":"","background-repeat":"repeat","background-position":"center center","background-size":"auto","background-attachment":"scroll","background-type":"","background-media":"","overlay-type":"","overlay-color":"","overlay-opacity":"","overlay-gradient":""}}},"pwb-brand":[332],"product_brand":[],"product_cat":[395,396],"product_tag":[],"class_list":{"0":"post-36110","1":"product","2":"type-product","3":"status-publish","4":"has-post-thumbnail","6":"pwb-brand-victron","7":"product_cat-placas-solares","8":"product_cat-placas-solares-12-v","9":"product_shipping_class-paneles","10":"desktop-align-left","11":"tablet-align-left","12":"mobile-align-left","13":"ast-product-gallery-layout-horizontal-slider","14":"ast-product-gallery-with-no-image","15":"ast-product-tabs-layout-horizontal","17":"first","18":"instock","19":"taxable","20":"shipping-taxable","21":"purchasable","22":"product-type-simple"},"wcpa_form_fields":null,"brands":[{"id":332,"name":"Victron Energia","slug":"victron"}],"_links":{"self":[{"href":"https:\/\/fvcomponentes.com\/pt\/wp-json\/wp\/v2\/product\/36110","targetHints":{"allow":["GET"]}}],"collection":[{"href":"https:\/\/fvcomponentes.com\/pt\/wp-json\/wp\/v2\/product"}],"about":[{"href":"https:\/\/fvcomponentes.com\/pt\/wp-json\/wp\/v2\/types\/product"}],"replies":[{"embeddable":true,"href":"https:\/\/fvcomponentes.com\/pt\/wp-json\/wp\/v2\/comments?post=36110"}],"wp:featuredmedia":[{"embeddable":true,"href":"https:\/\/fvcomponentes.com\/pt\/wp-json\/wp\/v2\/media\/36117"}],"wp:attachment":[{"href":"https:\/\/fvcomponentes.com\/pt\/wp-json\/wp\/v2\/media?parent=36110"}],"wp:term":[{"taxonomy":"pwb-brand","embeddable":true,"href":"https:\/\/fvcomponentes.com\/pt\/wp-json\/wp\/v2\/pwb-brand?post=36110"},{"taxonomy":"product_brand","embeddable":true,"href":"https:\/\/fvcomponentes.com\/pt\/wp-json\/wp\/v2\/product_brand?post=36110"},{"taxonomy":"product_cat","embeddable":true,"href":"https:\/\/fvcomponentes.com\/pt\/wp-json\/wp\/v2\/product_cat?post=36110"},{"taxonomy":"product_tag","embeddable":true,"href":"https:\/\/fvcomponentes.com\/pt\/wp-json\/wp\/v2\/product_tag?post=36110"}],"curies":[{"name":"wp","href":"https:\/\/api.w.org\/{rel}","templated":true}]}}