{"id":36087,"date":"2026-01-29T20:44:26","date_gmt":"2026-01-29T19:44:26","guid":{"rendered":"https:\/\/fvcomponentes.com\/?post_type=product&#038;p=36087"},"modified":"2026-04-08T21:29:46","modified_gmt":"2026-04-08T19:29:46","slug":"painel-solar-victron-bluesolar-50w-12v-monocristalino-serie-4c-spm040553603","status":"publish","type":"product","link":"https:\/\/fvcomponentes.com\/pt\/producto\/placa-solar-victron-bluesolar-50w-12v-monocristalino-series-4c-spm040553603\/","title":{"rendered":"Painel solar Victron BlueSolar 55W-12V monocristalino s\u00e9rie 4c - SPM040553603"},"content":{"rendered":"<h2>Painel solar Victron BlueSolar 55W-12V monocristalino s\u00e9rie 4c - SPM040553603<\/h2>\n<p>O painel solar monocristalino Victron BlueSolar 55W-12V da s\u00e9rie 4c \u00e9 um m\u00f3dulo fotovoltaico compacto e de elevado desempenho concebido para sistemas de 12V.<\/p>\n<p>Este painel faz parte da s\u00e9rie BlueSolar e oferece uma solu\u00e7\u00e3o energ\u00e9tica fi\u00e1vel.<\/p>\n<p>O painel solar de 55 W foi especialmente concebido para aplica\u00e7\u00f5es m\u00f3veis, mar\u00edtimas e fora da rede, onde o espa\u00e7o \u00e9 limitado e \u00e9 necess\u00e1rio um equil\u00edbrio entre pot\u00eancia, efici\u00eancia e durabilidade.<\/p>\n<h2>Carater\u00edsticas do painel solar de 55W da s\u00e9rie 4c<\/h2>\n<h3>Desempenho<\/h3>\n<p>Este painel solar tem uma tens\u00e3o de funcionamento \u00e0 pot\u00eancia m\u00e1xima de 21 V, o que o torna ideal para um controlo de carga eficiente com controladores MPPT.<\/p>\n<p>Al\u00e9m disso, tem uma tens\u00e3o de circuito aberto de 24,8 V, o que garante que a placa tem um bom desempenho e gera energia mesmo com pouca luz ou em condi\u00e7\u00f5es de luz solar inferiores \u00e0s ideais.<\/p>\n<p>Al\u00e9m disso, tem uma corrente de pot\u00eancia m\u00e1xima de 2,63 A e uma corrente de curto-circuito de 2,79 A, ajudando a manter uma carga constante em sistemas pequenos.<\/p>\n<h3>Constru\u00e7\u00e3o e design de alta qualidade<\/h3>\n<p>O painel solar BlueSolar 55W \u00e9 fabricado com materiais e processos que garantem a sua robustez, longevidade e resist\u00eancia, apesar de ser um painel leve e compacto.<br \/>\nEsta placa tem:<\/p>\n<ul>\n<li><strong>36 C\u00e9lulas monocristalinas de elevada efici\u00eancia<\/strong>, Os novos LEDs, que proporcionam maior desempenho, efici\u00eancia e melhor resposta em condi\u00e7\u00f5es de ilumina\u00e7\u00e3o limitadas.<\/li>\n<li><strong>Vidro temperado de alta transmiss\u00e3o<\/strong>, que protege as c\u00e9lulas e melhora a durabilidade contra impactos, granizo e condi\u00e7\u00f5es climat\u00e9ricas adversas.<\/li>\n<li><strong>Estrutura em alum\u00ednio anodizado, robusta e leve<\/strong>, O sistema, resistente \u00e0 corros\u00e3o, \u00e9 f\u00e1cil de instalar em caixilhos, tectos ou estruturas fixas.<\/li>\n<li><strong>Caixa de deriva\u00e7\u00e3o selada e \u00e0 prova de \u00e1gua<\/strong>, para proteger as liga\u00e7\u00f5es el\u00e9ctricas e garantir a seguran\u00e7a em ambientes exteriores.<\/li>\n<li><strong>D\u00edodos de deriva\u00e7\u00e3o integrados<\/strong>, que ajudam a minimizar as perdas de energia quando partes do painel est\u00e3o sombreadas.<\/li>\n<\/ul>\n<h3>Resili\u00eancia e escalabilidade<\/h3>\n<p>Este painel solar funciona perfeitamente numa vasta gama de temperaturas, de -40\u00baC a 85\u00baC, o que o torna perfeito para climas quentes e frios sem comprometer o desempenho ou a durabilidade.<\/p>\n<p>Al\u00e9m disso, a tens\u00e3o m\u00e1xima do sistema \u00e9 de 1000 volts, pelo que \u00e9 poss\u00edvel ligar v\u00e1rios pain\u00e9is solares em s\u00e9rie ou em paralelo em qualquer altura, caso seja necess\u00e1rio expandir o sistema.<\/p>\n<h2>Vantagens do painel fotovoltaico de 55 W da s\u00e9rie 4c<\/h2>\n<p>O painel solar BlueSolar 55W, s\u00e9rie 4c, tem as seguintes vantagens:<\/p>\n<ul>\n<li><strong>Elevada efici\u00eancia energ\u00e9tica, <\/strong>devido \u00e0s suas c\u00e9lulas solares monocristalinas, oferece um desempenho superior por unidade de \u00e1rea.<\/li>\n<li><strong>Bom desempenho mesmo com pouca luz, <\/strong>porque tem uma elevada sensibilidade \u00e0 luz e funciona bem em condi\u00e7\u00f5es de pouca luz.<\/li>\n<li><strong>Menos perdas de sombra, <\/strong>porque os seus d\u00edodos de deriva\u00e7\u00e3o de elevado desempenho ajudam a minimizar as perdas de pot\u00eancia.<\/li>\n<li><strong>Ampla gama de temperaturas de funcionamento,<\/strong>\u00a0uma vez que pode ser utilizado em climas extremos sem degradar o seu desempenho.<\/li>\n<li><strong>Constru\u00e7\u00e3o robusta e duradoura<\/strong>, que garantem a seguran\u00e7a e a prote\u00e7\u00e3o de exteriores, barcos ou ve\u00edculos.<\/li>\n<li><strong>Integra\u00e7\u00e3o e escalabilidade, <\/strong>porque pode ser integrado em instala\u00e7\u00f5es maiores, ligando-o em s\u00e9rie ou em paralelo com outros pain\u00e9is solares em sistemas at\u00e9 1000V.<\/li>\n<\/ul>\n<h2>Especifica\u00e7\u00f5es t\u00e9cnicas do Painel Solar Victron BlueSolar 55W-12V Monocristalino S\u00e9rie 4c - SPM040553603<\/h2>\n<table>\n<thead>\n<tr>\n<th><strong>Carater\u00edstica<\/strong><\/th>\n<th><strong>Valor<\/strong><\/th>\n<\/tr>\n<\/thead>\n<tbody>\n<tr>\n<td><b>Pot\u00eancia<\/b><\/td>\n<td>55W<\/td>\n<\/tr>\n<tr>\n<td><strong>Tipo de painel<\/strong><\/td>\n<td>Monocristalino<\/td>\n<\/tr>\n<tr>\n<td><strong>N\u00famero de c\u00e9lulas<\/strong><\/td>\n<td>36<\/td>\n<\/tr>\n<tr>\n<td><strong>Tens\u00e3o de alimenta\u00e7\u00e3o m\u00e1xima\u00a0<\/strong><\/td>\n<td>21 V<\/td>\n<\/tr>\n<tr>\n<td><strong>Corrente de pot\u00eancia m\u00e1xima\u00a0<\/strong><\/td>\n<td>2,63 A<\/td>\n<\/tr>\n<tr>\n<td><strong>Tens\u00e3o de circuito aberto\u00a0<\/strong><\/td>\n<td>24,8 V<\/td>\n<\/tr>\n<tr>\n<td><strong>Corrente de curto-circuito\u00a0<\/strong><\/td>\n<td>2,79 A<\/td>\n<\/tr>\n<tr>\n<td><strong>Tens\u00e3o m\u00e1xima do sistema<\/strong><\/td>\n<td>1.000 V<\/td>\n<\/tr>\n<tr>\n<td><strong>Gama de temperaturas<\/strong><\/td>\n<td>De -40\u00baC a +85\u00baC<\/td>\n<\/tr>\n<tr>\n<td><strong>Capacidade m\u00e1xima de carga na superf\u00edcie<\/strong><\/td>\n<td>200 kg\/m\u00b2 (200 kg\/m\u00b2)<\/td>\n<\/tr>\n<tr>\n<td><strong>Garantia Victron<\/strong><\/td>\n<td>5 anos<\/td>\n<\/tr>\n<\/tbody>\n<\/table>\n<h2>Informa\u00e7\u00f5es t\u00e9cnicas sobre o painel solar monocristalino Victron BlueSolar 55W-12V s\u00e9rie 4c - SPM040553603<\/h2>\n<p><a href=\"https:\/\/fvcomponentes.com\/wp-content\/uploads\/2026\/01\/Datasheet-BlueSolar-Monocrystalline-Panels-latest-models-ES.pdf\" target=\"_blank\" rel=\"noopener\">Folha de dados t\u00e9cnicos do painel solar 55W s\u00e9rie 4c<\/a><\/p>\n<p><a href=\"https:\/\/fvcomponentes.com\/wp-content\/uploads\/2026\/01\/Installation-Manual-BlueSolar-Panels-EN-NL-FR-DE-ES-SE-1.pdf\" target=\"_blank\" rel=\"noopener\">Manual do painel solar 55W s\u00e9rie 4c<\/a><\/p>","protected":false},"excerpt":{"rendered":"<p><strong><span style=\"color: #ff9900;\">Imagem para orienta\u00e7\u00e3o<\/span><\/strong><\/p>\n<p>Pot\u00eancia: 55 W<br \/>\nTens\u00e3o m\u00e1xima do sistema: 1.000 V<br \/>\nC\u00e9lulas solares (pcs\/placa): 36<br \/>\nTecnologia do painel: Monocristalino<br \/>\nBluetooth: N\u00e3o<br \/>\nControlo remoto de ligar\/desligar: N\u00e3o<br \/>\nCabos e outras liga\u00e7\u00f5es: PV-LH0801<br \/>\nDimens\u00f5es: 25 x 445 x 715 mm<br \/>\nPeso: 3,4 kg<\/p>","protected":false},"featured_media":36109,"comment_status":"closed","ping_status":"closed","template":"","meta":{"site-sidebar-layout":"default","site-content-layout":"","ast-site-content-layout":"default","site-content-style":"default","site-sidebar-style":"default","ast-global-header-display":"","ast-banner-title-visibility":"","ast-main-header-display":"","ast-hfb-above-header-display":"","ast-hfb-below-header-display":"","ast-hfb-mobile-header-display":"","site-post-title":"","ast-breadcrumbs-content":"","ast-featured-img":"","footer-sml-layout":"","ast-disable-related-posts":"","theme-transparent-header-meta":"default","adv-header-id-meta":"","stick-header-meta":"","header-above-stick-meta":"","header-main-stick-meta":"","header-below-stick-meta":"","astra-migrate-meta-layouts":"set","ast-page-background-enabled":"default","ast-page-background-meta":{"desktop":{"background-color":"var(--ast-global-color-4)","background-image":"","background-repeat":"repeat","background-position":"center center","background-size":"auto","background-attachment":"scroll","background-type":"","background-media":"","overlay-type":"","overlay-color":"","overlay-opacity":"","overlay-gradient":""},"tablet":{"background-color":"","background-image":"","background-repeat":"repeat","background-position":"center center","background-size":"auto","background-attachment":"scroll","background-type":"","background-media":"","overlay-type":"","overlay-color":"","overlay-opacity":"","overlay-gradient":""},"mobile":{"background-color":"","background-image":"","background-repeat":"repeat","background-position":"center center","background-size":"auto","background-attachment":"scroll","background-type":"","background-media":"","overlay-type":"","overlay-color":"","overlay-opacity":"","overlay-gradient":""}},"ast-content-background-meta":{"desktop":{"background-color":"var(--ast-global-color-5)","background-image":"","background-repeat":"repeat","background-position":"center center","background-size":"auto","background-attachment":"scroll","background-type":"","background-media":"","overlay-type":"","overlay-color":"","overlay-opacity":"","overlay-gradient":""},"tablet":{"background-color":"var(--ast-global-color-5)","background-image":"","background-repeat":"repeat","background-position":"center center","background-size":"auto","background-attachment":"scroll","background-type":"","background-media":"","overlay-type":"","overlay-color":"","overlay-opacity":"","overlay-gradient":""},"mobile":{"background-color":"var(--ast-global-color-5)","background-image":"","background-repeat":"repeat","background-position":"center center","background-size":"auto","background-attachment":"scroll","background-type":"","background-media":"","overlay-type":"","overlay-color":"","overlay-opacity":"","overlay-gradient":""}}},"pwb-brand":[332],"product_brand":[],"product_cat":[395,396],"product_tag":[],"class_list":{"0":"post-36087","1":"product","2":"type-product","3":"status-publish","4":"has-post-thumbnail","6":"pwb-brand-victron","7":"product_cat-placas-solares","8":"product_cat-placas-solares-12-v","9":"product_shipping_class-paneles","10":"desktop-align-left","11":"tablet-align-left","12":"mobile-align-left","13":"ast-product-gallery-layout-horizontal-slider","14":"ast-product-gallery-with-no-image","15":"ast-product-tabs-layout-horizontal","17":"first","18":"instock","19":"taxable","20":"shipping-taxable","21":"purchasable","22":"product-type-simple"},"wcpa_form_fields":null,"brands":[{"id":332,"name":"Victron Energia","slug":"victron"}],"_links":{"self":[{"href":"https:\/\/fvcomponentes.com\/pt\/wp-json\/wp\/v2\/product\/36087","targetHints":{"allow":["GET"]}}],"collection":[{"href":"https:\/\/fvcomponentes.com\/pt\/wp-json\/wp\/v2\/product"}],"about":[{"href":"https:\/\/fvcomponentes.com\/pt\/wp-json\/wp\/v2\/types\/product"}],"replies":[{"embeddable":true,"href":"https:\/\/fvcomponentes.com\/pt\/wp-json\/wp\/v2\/comments?post=36087"}],"wp:featuredmedia":[{"embeddable":true,"href":"https:\/\/fvcomponentes.com\/pt\/wp-json\/wp\/v2\/media\/36109"}],"wp:attachment":[{"href":"https:\/\/fvcomponentes.com\/pt\/wp-json\/wp\/v2\/media?parent=36087"}],"wp:term":[{"taxonomy":"pwb-brand","embeddable":true,"href":"https:\/\/fvcomponentes.com\/pt\/wp-json\/wp\/v2\/pwb-brand?post=36087"},{"taxonomy":"product_brand","embeddable":true,"href":"https:\/\/fvcomponentes.com\/pt\/wp-json\/wp\/v2\/product_brand?post=36087"},{"taxonomy":"product_cat","embeddable":true,"href":"https:\/\/fvcomponentes.com\/pt\/wp-json\/wp\/v2\/product_cat?post=36087"},{"taxonomy":"product_tag","embeddable":true,"href":"https:\/\/fvcomponentes.com\/pt\/wp-json\/wp\/v2\/product_tag?post=36087"}],"curies":[{"name":"wp","href":"https:\/\/api.w.org\/{rel}","templated":true}]}}