{"id":36082,"date":"2026-01-29T20:44:31","date_gmt":"2026-01-29T19:44:31","guid":{"rendered":"https:\/\/fvcomponentes.com\/?post_type=product&#038;p=36082"},"modified":"2026-04-08T21:28:31","modified_gmt":"2026-04-08T19:28:31","slug":"painel-solar-victron-bluesolar-30w-12v-monocristalino-serie-4c-spm040303603","status":"publish","type":"product","link":"https:\/\/fvcomponentes.com\/pt\/producto\/placa-solar-victron-bluesolar-30w-12v-monocristalino-serie-4c-spm040303603\/","title":{"rendered":"Painel solar Victron BlueSolar 30W-12V monocristalino s\u00e9rie 4c - SPM040303603"},"content":{"rendered":"<h2>Painel solar Victron BlueSolar 30W-12V monocristalino s\u00e9rie 4c - SPM040303603<\/h2>\n<p>A s\u00e9rie 4c monocristalina BlueSolar 30W-12V da Victron \u00e9 um painel solar fotovoltaico monocristalino compacto, robusto e eficiente com uma pot\u00eancia nominal de 30W.<\/p>\n<p>Esta placa faz parte da s\u00e9rie BlueSolar e foi concebida para fornecer uma solu\u00e7\u00e3o de alimenta\u00e7\u00e3o fi\u00e1vel para pequenos sistemas solares de 12 V.<\/p>\n<p>A sua constru\u00e7\u00e3o robusta e o seu bom desempenho, mesmo com pouca luz, fazem dele uma excelente escolha para instala\u00e7\u00f5es fora da rede.<br \/>\nDestaca-se tamb\u00e9m pela sua facilidade de integra\u00e7\u00e3o.<\/p>\n<p>\u00c9 ideal para barcos, caravanas, campistas e sistemas de energia aut\u00f3nomos.<\/p>\n<h2>Carater\u00edsticas do painel solar 30W s\u00e9rie 4c<\/h2>\n<h3>Desempenho optimizado<\/h3>\n<p>Este painel solar tem uma tens\u00e3o de funcionamento de 21,2 V na sa\u00edda m\u00e1xima.<br \/>\nIsto facilita a integra\u00e7\u00e3o com os controladores MPPT.<\/p>\n<p>Al\u00e9m disso, tem uma tens\u00e3o de circuito aberto de 24,7V.<br \/>\nIsto ajuda a placa a gerar energia mesmo com pouca luz ou em condi\u00e7\u00f5es de luz solar inferiores \u00e0s ideais.<\/p>\n<p>Al\u00e9m disso, os seus d\u00edodos bypass de elevado desempenho ajudam a reduzir as perdas geradas pelo sombreamento parcial do quadro, melhorando assim a efici\u00eancia global do quadro quando algumas c\u00e9lulas n\u00e3o est\u00e3o totalmente iluminadas.<\/p>\n<h3>Aparelhagem de alta efici\u00eancia<\/h3>\n<p>O painel solar de 30W utiliza 36 c\u00e9lulas solares monocristalinas, que garantem uma melhor efici\u00eancia energ\u00e9tica.<\/p>\n<p>Este tipo de c\u00e9lula oferece uma resposta mais r\u00e1pida e est\u00e1vel numa gama mais vasta de irradi\u00e2ncia.<\/p>\n<h3>Conce\u00e7\u00e3o<\/h3>\n<p>Este painel solar de 30 W tem uma estrutura de alum\u00ednio anodizado leve e altamente resistente \u00e0 corros\u00e3o.<br \/>\nIsto torna-o ideal para instala\u00e7\u00f5es no exterior e expostas \u00e0s intemp\u00e9ries.<\/p>\n<p>A sua parte frontal est\u00e1 protegida por vidro temperado de alta transmiss\u00e3o, melhorando a sua resist\u00eancia a impactos, granizo e condi\u00e7\u00f5es climat\u00e9ricas adversas.<\/p>\n<p>Al\u00e9m disso, esta placa tem uma caixa de jun\u00e7\u00e3o selada e \u00e0 prova de \u00e1gua.<br \/>\nProtege as liga\u00e7\u00f5es el\u00e9ctricas da humidade e garante seguran\u00e7a e fiabilidade a longo prazo.<\/p>\n<h3>Gama de temperaturas<\/h3>\n<p>O painel solar de 30W funciona perfeitamente numa vasta gama de temperaturas, entre -40\u00baC e 85\u00baC.<br \/>\nPor conseguinte, \u00e9 perfeito para climas quentes e frios sem comprometer o desempenho ou a durabilidade.<\/p>\n<h3>Compatibilidade e flexibilidade<\/h3>\n<p>Esta placa \u00e9 compat\u00edvel com sistemas com tens\u00f5es at\u00e9 1.000 V, o que permite a sua integra\u00e7\u00e3o em sistemas maiores, ligando-os em s\u00e9rie ou em paralelo.<\/p>\n<h2>Vantagens do painel solar 30W s\u00e9rie 4c<\/h2>\n<p>O painel solar da s\u00e9rie BlueSolar 30W-12V 4c tem as seguintes vantagens<\/p>\n<ul>\n<li><strong>Elevada efici\u00eancia energ\u00e9tica<\/strong>, gra\u00e7as \u00e0s suas c\u00e9lulas solares monocristalinas.<\/li>\n<li><strong>Bom desempenho em condi\u00e7\u00f5es vari\u00e1veis<\/strong>, Tem uma elevada sensibilidade \u00e0 luz e funciona bem em condi\u00e7\u00f5es de pouca luz.<\/li>\n<li><strong>Maior rendimento \u00e0 sombra parcial,<\/strong> porque os seus d\u00edodos de bypass de elevado desempenho ajudam a minimizar as perdas de pot\u00eancia.<\/li>\n<li><strong>Ampla gama de funcionamento clim\u00e1tico<\/strong>, O novo sistema foi concebido para ser utilizado em climas extremos sem degradar o seu desempenho.<\/li>\n<li><strong>Constru\u00e7\u00e3o robusta e duradoura<\/strong>, que garantem a seguran\u00e7a e a prote\u00e7\u00e3o de exteriores, barcos ou ve\u00edculos.<\/li>\n<li><strong>F\u00e1cil integra\u00e7\u00e3o, flexibilidade e escalabilidade<\/strong>, Pode ser integrado em instala\u00e7\u00f5es maiores, ligando-o em s\u00e9rie ou em paralelo com outros pain\u00e9is solares em sistemas at\u00e9 1000V.<\/li>\n<\/ul>\n<h2>Especifica\u00e7\u00f5es t\u00e9cnicas do Painel Solar Victron BlueSolar 30W-12V Monocristalino S\u00e9rie 4c - SPM04030303603<\/h2>\n<table>\n<thead>\n<tr>\n<th><strong>Especifica\u00e7\u00f5es t\u00e9cnicas<\/strong><\/th>\n<th><strong>Valor<\/strong><\/th>\n<\/tr>\n<\/thead>\n<tbody>\n<tr>\n<td><b>Pot\u00eancia<\/b><\/td>\n<td>30 W<\/td>\n<\/tr>\n<tr>\n<td><strong>Tipo de painel<\/strong><\/td>\n<td>Monocristalino<\/td>\n<\/tr>\n<tr>\n<td><b>N\u00famero de c\u00e9lulas<\/b><\/td>\n<td>36<\/td>\n<\/tr>\n<tr>\n<td><strong>Tens\u00e3o de alimenta\u00e7\u00e3o m\u00e1xima\u00a0<\/strong><\/td>\n<td>21,2 V<\/td>\n<\/tr>\n<tr>\n<td><strong>Corrente de pot\u00eancia m\u00e1xima\u00a0<\/strong><\/td>\n<td>1,42 A<\/td>\n<\/tr>\n<tr>\n<td><strong>Tens\u00e3o de circuito aberto\u00a0<\/strong><\/td>\n<td>24,7 V<\/td>\n<\/tr>\n<tr>\n<td><strong>Corrente de curto-circuito\u00a0<\/strong><\/td>\n<td>1,49 A<\/td>\n<\/tr>\n<tr>\n<td><strong>Tens\u00e3o m\u00e1xima do sistema<\/strong><\/td>\n<td>1.000 V<\/td>\n<\/tr>\n<tr>\n<td><strong>Gama de temperaturas<\/strong><\/td>\n<td>Entre -40\u00b0C e +85\u00b0C<\/td>\n<\/tr>\n<tr>\n<td><strong>Capacidade m\u00e1xima de carga na superf\u00edcie<\/strong><\/td>\n<td>200 kg\/m\u00b2 (200 kg\/m\u00b2)<\/td>\n<\/tr>\n<tr>\n<td><strong>Garantia Victron<\/strong><\/td>\n<td>5 anos<\/td>\n<\/tr>\n<\/tbody>\n<\/table>\n<h2>Informa\u00e7\u00f5es t\u00e9cnicas sobre o painel solar Victron BlueSolar 30W-12V monocristalino s\u00e9rie 4c - SPM040303603<\/h2>\n<p><a href=\"https:\/\/fvcomponentes.com\/wp-content\/uploads\/2026\/01\/Datasheet-BlueSolar-Monocrystalline-Panels-latest-models-ES.pdf\" target=\"_blank\" rel=\"noopener\">Folha de dados t\u00e9cnicos Painel fotovoltaico 30W s\u00e9rie 4c<\/a><\/p>\n<p><a href=\"https:\/\/fvcomponentes.com\/wp-content\/uploads\/2026\/01\/Installation-Manual-BlueSolar-Panels-EN-NL-FR-DE-ES-SE-1.pdf\" target=\"_blank\" rel=\"noopener\">Manual do painel fotovoltaico 30W s\u00e9rie 4c<\/a><\/p>","protected":false},"excerpt":{"rendered":"<p><strong><span style=\"color: #ff9900;\">Imagem para orienta\u00e7\u00e3o<\/span><\/strong><\/p>\n<p>Pot\u00eancia: 30 W<br \/>\nTens\u00e3o m\u00e1xima do sistema: 1000 V<br \/>\nC\u00e9lulas solares (pcs\/placa): 36<br \/>\nTecnologia do painel: Monocristalino<br \/>\nBluetooth: N\u00e3o<br \/>\nControlo remoto de ligar\/desligar: N\u00e3o<br \/>\nCabos e outras liga\u00e7\u00f5es: PV-LH0806<br \/>\nDimens\u00f5es: 25 x 450 x 380 mm<br \/>\nPeso: 1,8 kg<\/p>","protected":false},"featured_media":36086,"comment_status":"closed","ping_status":"closed","template":"","meta":{"site-sidebar-layout":"default","site-content-layout":"","ast-site-content-layout":"default","site-content-style":"default","site-sidebar-style":"default","ast-global-header-display":"","ast-banner-title-visibility":"","ast-main-header-display":"","ast-hfb-above-header-display":"","ast-hfb-below-header-display":"","ast-hfb-mobile-header-display":"","site-post-title":"","ast-breadcrumbs-content":"","ast-featured-img":"","footer-sml-layout":"","ast-disable-related-posts":"","theme-transparent-header-meta":"default","adv-header-id-meta":"","stick-header-meta":"","header-above-stick-meta":"","header-main-stick-meta":"","header-below-stick-meta":"","astra-migrate-meta-layouts":"set","ast-page-background-enabled":"default","ast-page-background-meta":{"desktop":{"background-color":"var(--ast-global-color-4)","background-image":"","background-repeat":"repeat","background-position":"center center","background-size":"auto","background-attachment":"scroll","background-type":"","background-media":"","overlay-type":"","overlay-color":"","overlay-opacity":"","overlay-gradient":""},"tablet":{"background-color":"","background-image":"","background-repeat":"repeat","background-position":"center center","background-size":"auto","background-attachment":"scroll","background-type":"","background-media":"","overlay-type":"","overlay-color":"","overlay-opacity":"","overlay-gradient":""},"mobile":{"background-color":"","background-image":"","background-repeat":"repeat","background-position":"center center","background-size":"auto","background-attachment":"scroll","background-type":"","background-media":"","overlay-type":"","overlay-color":"","overlay-opacity":"","overlay-gradient":""}},"ast-content-background-meta":{"desktop":{"background-color":"var(--ast-global-color-5)","background-image":"","background-repeat":"repeat","background-position":"center center","background-size":"auto","background-attachment":"scroll","background-type":"","background-media":"","overlay-type":"","overlay-color":"","overlay-opacity":"","overlay-gradient":""},"tablet":{"background-color":"var(--ast-global-color-5)","background-image":"","background-repeat":"repeat","background-position":"center center","background-size":"auto","background-attachment":"scroll","background-type":"","background-media":"","overlay-type":"","overlay-color":"","overlay-opacity":"","overlay-gradient":""},"mobile":{"background-color":"var(--ast-global-color-5)","background-image":"","background-repeat":"repeat","background-position":"center center","background-size":"auto","background-attachment":"scroll","background-type":"","background-media":"","overlay-type":"","overlay-color":"","overlay-opacity":"","overlay-gradient":""}}},"pwb-brand":[332],"product_brand":[],"product_cat":[395,396],"product_tag":[],"class_list":{"0":"post-36082","1":"product","2":"type-product","3":"status-publish","4":"has-post-thumbnail","6":"pwb-brand-victron","7":"product_cat-placas-solares","8":"product_cat-placas-solares-12-v","9":"product_shipping_class-paneles","10":"desktop-align-left","11":"tablet-align-left","12":"mobile-align-left","13":"ast-product-gallery-layout-horizontal-slider","14":"ast-product-gallery-with-no-image","15":"ast-product-tabs-layout-horizontal","17":"first","18":"instock","19":"taxable","20":"shipping-taxable","21":"purchasable","22":"product-type-simple"},"wcpa_form_fields":null,"brands":[{"id":332,"name":"Victron Energia","slug":"victron"}],"_links":{"self":[{"href":"https:\/\/fvcomponentes.com\/pt\/wp-json\/wp\/v2\/product\/36082","targetHints":{"allow":["GET"]}}],"collection":[{"href":"https:\/\/fvcomponentes.com\/pt\/wp-json\/wp\/v2\/product"}],"about":[{"href":"https:\/\/fvcomponentes.com\/pt\/wp-json\/wp\/v2\/types\/product"}],"replies":[{"embeddable":true,"href":"https:\/\/fvcomponentes.com\/pt\/wp-json\/wp\/v2\/comments?post=36082"}],"wp:featuredmedia":[{"embeddable":true,"href":"https:\/\/fvcomponentes.com\/pt\/wp-json\/wp\/v2\/media\/36086"}],"wp:attachment":[{"href":"https:\/\/fvcomponentes.com\/pt\/wp-json\/wp\/v2\/media?parent=36082"}],"wp:term":[{"taxonomy":"pwb-brand","embeddable":true,"href":"https:\/\/fvcomponentes.com\/pt\/wp-json\/wp\/v2\/pwb-brand?post=36082"},{"taxonomy":"product_brand","embeddable":true,"href":"https:\/\/fvcomponentes.com\/pt\/wp-json\/wp\/v2\/product_brand?post=36082"},{"taxonomy":"product_cat","embeddable":true,"href":"https:\/\/fvcomponentes.com\/pt\/wp-json\/wp\/v2\/product_cat?post=36082"},{"taxonomy":"product_tag","embeddable":true,"href":"https:\/\/fvcomponentes.com\/pt\/wp-json\/wp\/v2\/product_tag?post=36082"}],"curies":[{"name":"wp","href":"https:\/\/api.w.org\/{rel}","templated":true}]}}