{"id":36080,"date":"2026-01-29T20:30:05","date_gmt":"2026-01-29T19:30:05","guid":{"rendered":"https:\/\/fvcomponentes.com\/?post_type=product&#038;p=36080"},"modified":"2026-02-25T10:00:30","modified_gmt":"2026-02-25T09:00:30","slug":"conversor-de-alta-potencia-nao-isolado-orion-victron-48-12-60-ori481260020","status":"publish","type":"product","link":"https:\/\/fvcomponentes.com\/pt\/producto\/convertidor-orion-victron-no-aislado-de-alta-potencia-48-12-60-ori481260020\/","title":{"rendered":"Conversor de alta pot\u00eancia n\u00e3o isolado Orion Victron 48\/12-60 - ORI481260020"},"content":{"rendered":"<h2>Conversor de alta pot\u00eancia n\u00e3o isolado Orion Victron 48\/12-60 - ORI481260020<\/h2>\n<p data-start=\"274\" data-end=\"539\">O Orion Victron 48\/12-60 \u00e9 um conversor que transforma a corrente cont\u00ednua (CC) de um sistema de 48V para 12V, mantendo uma sa\u00edda de tens\u00e3o est\u00e1vel e regulada.<br \/>\nDestina-se a grandes sistemas el\u00e9ctricos que necessitam de pot\u00eancia e fiabilidade.<\/p>\n<p data-start=\"274\" data-end=\"539\">Este conversor \u00e9 n\u00e3o isolado, o que significa que a entrada e a sa\u00edda partilham o mesmo negativo, tornando-o mais eficiente e fi\u00e1vel.<\/p>\n<p>O Orion de alta pot\u00eancia pode manter v\u00e1rios dispositivos a funcionar ao mesmo tempo sem qualquer problema.<\/p>\n<p>Al\u00e9m disso, sendo Victron, foi concebido para suportar uma utiliza\u00e7\u00e3o constante e proteger contra sobrecargas ou curto-circuitos.<br \/>\nIsto torna-o ideal para barcos, campistas, ve\u00edculos el\u00e9ctricos ou instala\u00e7\u00f5es solares em que a bateria principal \u00e9 de 48V, mas alguns equipamentos ainda precisam de 12V.<\/p>\n<h2>Carater\u00edsticas do Orion 48\/12-60<\/h2>\n<h3>Pot\u00eancia e efici\u00eancia<\/h3>\n<p>O Orion 48\/12-60 funciona com uma entrada de 48V e uma sa\u00edda de 12V com at\u00e9 60A de corrente cont\u00ednua, permitindo-lhe alimentar v\u00e1rios dispositivos de 12V ao mesmo tempo sem sobrecarga ou corte de energia.<\/p>\n<p>Gra\u00e7as \u00e0 sua elevada efici\u00eancia, o conversor minimiza as perdas de energia e reduz o aquecimento, proporcionando um funcionamento fi\u00e1vel mesmo em sistemas com consumo de energia elevado ou prolongado.<\/p>\n<h3>Configura\u00e7\u00e3o e controlo<\/h3>\n<p>O Orion 48\/12-60 permite que a tens\u00e3o de sa\u00edda seja ajustada dentro de uma gama \u00fatil, o que significa que tamb\u00e9m pode ser utilizado n\u00e3o s\u00f3 como um conversor DC-DC, mas tamb\u00e9m como um carregador para baterias auxiliares de 12 V.<\/p>\n<p>Incorpora um conetor remoto ON\/OFF, que facilita a liga\u00e7\u00e3o e a desativa\u00e7\u00e3o a partir de um painel de controlo, rel\u00e9 ou interrutor de baixa corrente, integrando-se facilmente em ve\u00edculos, barcos ou instala\u00e7\u00f5es automatizadas.<\/p>\n<p>Embora este modelo n\u00e3o inclua funcionalidades avan\u00e7adas, como a conetividade Bluetooth ou a monitoriza\u00e7\u00e3o baseada em aplica\u00e7\u00f5es, continua a oferecer um funcionamento est\u00e1vel e fi\u00e1vel com uma corrente quiescente reduzida.<\/p>\n<h3>Compatibilidade e fiabilidade<\/h3>\n<p>O conversor Orion \u00e9 compat\u00edvel com baterias de chumbo-\u00e1cido (AGM e GEL) e baterias de l\u00edtio (LiFePO\u2084), oferecendo grande versatilidade para diferentes tipos de instala\u00e7\u00f5es.<\/p>\n<p>Al\u00e9m disso, tem uma fiabilidade e durabilidade muito elevadas devido \u00e0 sua constru\u00e7\u00e3o Victron Blue com componentes de alta qualidade, o que lhe permite oferecer um funcionamento cont\u00ednuo em condi\u00e7\u00f5es exigentes.<\/p>\n<h3>Protec\u00e7\u00f5es<\/h3>\n<p>O Orion 48\/12-60 incorpora prote\u00e7\u00e3o contra sobrecarga, sobretens\u00e3o, subtens\u00e3o e curto-circuito, bem como prote\u00e7\u00e3o t\u00e9rmica.<\/p>\n<p>Se a temperatura ultrapassar determinados limites ou se for detectado um curto-circuito, este Orion reduz automaticamente a pot\u00eancia ou desliga-se para proteger o equipamento e o resto do sistema contra danos.<\/p>\n<p>Al\u00e9m disso, possui prote\u00e7\u00e3o IP43, que protege o conversor da \u00e1gua e do p\u00f3, tornando-o adequado para ambientes m\u00f3veis, mar\u00edtimos ou industriais.<\/p>\n<h2>Vantagens do conversor de alta pot\u00eancia n\u00e3o isolado Orion Victron 48\/12-60 - ORI481260020<\/h2>\n<p>Os conversores n\u00e3o isolados Orion oferecem uma s\u00e9rie de vantagens muito \u00fateis, incluindo<\/p>\n<ul>\n<li>Permite <strong>ligar e desligar \u00e0 dist\u00e2ncia<\/strong><\/li>\n<li><strong>Fi\u00e1vel e duradouro<\/strong><\/li>\n<li>Funciona como <strong>fonte de alimenta\u00e7\u00e3o CC est\u00e1vel para cargas de 12 V<\/strong><\/li>\n<li>Tem <strong>protec\u00e7\u00f5es integradas<\/strong> que evitam danos tanto no conversor Orion como nas baterias a ele ligadas.<\/li>\n<li>Pode ser utilizado como <strong>carregador de bateria auxiliar<\/strong> 12 V.<\/li>\n<li><strong>Poupan\u00e7a de energia<\/strong><\/li>\n<\/ul>\n<h2>Utiliza\u00e7\u00e3o t\u00edpica do Orion 48\/12-60<\/h2>\n<p>O conversor Orion 24\/12-80 \u00e9 normalmente utilizado em instala\u00e7\u00f5es de:<\/p>\n<ul>\n<li><strong>Cami\u00f5es, autocaravanas e campervans<\/strong>, em que a bateria \u00e9 de 48 V mas s\u00e3o necess\u00e1rios v\u00e1rios dispositivos de 12 V.<\/li>\n<li><strong>Barcos e iates<\/strong>, onde existe um sistema de 48 V e uma rede de 12 V.<\/li>\n<li><strong>Grandes instala\u00e7\u00f5es solares<\/strong>, para alimentar cargas de 12V a partir de pain\u00e9is ligados a uma ou mais baterias de 48V.<\/li>\n<li><strong>Ve\u00edculos comerciais e m\u00e1quinas<\/strong>, em que os sistemas auxiliares funcionam a 12 V enquanto o resto do sistema el\u00e9trico funciona a 24 V.<\/li>\n<li><strong>Qualquer sistema misto de 48V para 12V<\/strong><\/li>\n<\/ul>\n<h2>Especifica\u00e7\u00f5es t\u00e9cnicas Conversor de alta pot\u00eancia n\u00e3o isolado Orion Victron 48\/12-60 - ORI481260020<\/h2>\n<table>\n<thead>\n<tr>\n<th><strong>Carater\u00edsticas<\/strong><\/th>\n<th><strong>Valor<\/strong><\/th>\n<\/tr>\n<\/thead>\n<tbody>\n<tr>\n<td>Gama de tens\u00e3o de entrada<\/td>\n<td>32-70 V<\/td>\n<\/tr>\n<tr>\n<td>Subtens\u00e3o de desconex\u00e3o<\/td>\n<td>28 V<\/td>\n<\/tr>\n<tr>\n<td>Corrente de sa\u00edda cont\u00ednua<\/td>\n<td>60 A<\/td>\n<\/tr>\n<tr>\n<td>Tens\u00e3o de sa\u00edda ajust\u00e1vel<\/td>\n<td>Sim<\/td>\n<\/tr>\n<tr>\n<td>Efici\u00eancia t\u00edpica<\/td>\n<td>87-89%<\/td>\n<\/tr>\n<tr>\n<td>Consumo em modo desligado (off)<\/td>\n<td>&lt; 50 mA<\/td>\n<\/tr>\n<tr>\n<td>Peso<\/td>\n<td>0,9 kg<\/td>\n<\/tr>\n<tr>\n<td>Dimens\u00f5es<\/td>\n<td>195 x 88 x 65 mm<\/td>\n<\/tr>\n<tr>\n<td>Controlo remoto ON\/OFF<\/td>\n<td>Sim<\/td>\n<\/tr>\n<\/tbody>\n<\/table>","protected":false},"excerpt":{"rendered":"<p><span style=\"color: #ff0000\"><strong>Dispon\u00edvel a partir de abril!<\/strong><\/span><\/p>\n<p><strong><span style=\"color: #ff9900\">Imagens de orienta\u00e7\u00e3o<\/span><\/strong><\/p>\n<p><strong>Equipamento sem Bluetooth<\/strong><\/p>\n<p>Gama de tens\u00e3o de entrada: 32-70 V<br \/>\nSubtens\u00e3o de desconex\u00e3o: 28 V<br \/>\nConsumo de energia desligado: &lt; 50mA<br \/>\nEfici\u00eancia: 87-89 %<br \/>\nPeso: 0,90 kg<br \/>\nDimens\u00f5es: 195 x 88 x 65 mm<\/p>","protected":false},"featured_media":36081,"comment_status":"closed","ping_status":"closed","template":"","meta":{"site-sidebar-layout":"default","site-content-layout":"","ast-site-content-layout":"default","site-content-style":"default","site-sidebar-style":"default","ast-global-header-display":"","ast-banner-title-visibility":"","ast-main-header-display":"","ast-hfb-above-header-display":"","ast-hfb-below-header-display":"","ast-hfb-mobile-header-display":"","site-post-title":"","ast-breadcrumbs-content":"","ast-featured-img":"","footer-sml-layout":"","ast-disable-related-posts":"","theme-transparent-header-meta":"default","adv-header-id-meta":"","stick-header-meta":"","header-above-stick-meta":"","header-main-stick-meta":"","header-below-stick-meta":"","astra-migrate-meta-layouts":"set","ast-page-background-enabled":"default","ast-page-background-meta":{"desktop":{"background-color":"var(--ast-global-color-4)","background-image":"","background-repeat":"repeat","background-position":"center center","background-size":"auto","background-attachment":"scroll","background-type":"","background-media":"","overlay-type":"","overlay-color":"","overlay-opacity":"","overlay-gradient":""},"tablet":{"background-color":"","background-image":"","background-repeat":"repeat","background-position":"center center","background-size":"auto","background-attachment":"scroll","background-type":"","background-media":"","overlay-type":"","overlay-color":"","overlay-opacity":"","overlay-gradient":""},"mobile":{"background-color":"","background-image":"","background-repeat":"repeat","background-position":"center center","background-size":"auto","background-attachment":"scroll","background-type":"","background-media":"","overlay-type":"","overlay-color":"","overlay-opacity":"","overlay-gradient":""}},"ast-content-background-meta":{"desktop":{"background-color":"var(--ast-global-color-5)","background-image":"","background-repeat":"repeat","background-position":"center center","background-size":"auto","background-attachment":"scroll","background-type":"","background-media":"","overlay-type":"","overlay-color":"","overlay-opacity":"","overlay-gradient":""},"tablet":{"background-color":"var(--ast-global-color-5)","background-image":"","background-repeat":"repeat","background-position":"center center","background-size":"auto","background-attachment":"scroll","background-type":"","background-media":"","overlay-type":"","overlay-color":"","overlay-opacity":"","overlay-gradient":""},"mobile":{"background-color":"var(--ast-global-color-5)","background-image":"","background-repeat":"repeat","background-position":"center center","background-size":"auto","background-attachment":"scroll","background-type":"","background-media":"","overlay-type":"","overlay-color":"","overlay-opacity":"","overlay-gradient":""}}},"pwb-brand":[332],"product_brand":[],"product_cat":[419,963,865],"product_tag":[],"class_list":{"0":"post-36080","1":"product","2":"type-product","3":"status-publish","4":"has-post-thumbnail","6":"pwb-brand-victron","7":"product_cat-cargadores-de-baterias","8":"product_cat-48v-12v","9":"product_cat-convertidores","10":"desktop-align-left","11":"tablet-align-left","12":"mobile-align-left","13":"ast-product-gallery-layout-horizontal-slider","14":"ast-product-gallery-with-no-image","15":"ast-product-tabs-layout-horizontal","17":"first","18":"onbackorder","19":"taxable","20":"shipping-taxable","21":"purchasable","22":"product-type-simple"},"wcpa_form_fields":null,"brands":[{"id":332,"name":"Victron Energia","slug":"victron"}],"_links":{"self":[{"href":"https:\/\/fvcomponentes.com\/pt\/wp-json\/wp\/v2\/product\/36080","targetHints":{"allow":["GET"]}}],"collection":[{"href":"https:\/\/fvcomponentes.com\/pt\/wp-json\/wp\/v2\/product"}],"about":[{"href":"https:\/\/fvcomponentes.com\/pt\/wp-json\/wp\/v2\/types\/product"}],"replies":[{"embeddable":true,"href":"https:\/\/fvcomponentes.com\/pt\/wp-json\/wp\/v2\/comments?post=36080"}],"wp:featuredmedia":[{"embeddable":true,"href":"https:\/\/fvcomponentes.com\/pt\/wp-json\/wp\/v2\/media\/36081"}],"wp:attachment":[{"href":"https:\/\/fvcomponentes.com\/pt\/wp-json\/wp\/v2\/media?parent=36080"}],"wp:term":[{"taxonomy":"pwb-brand","embeddable":true,"href":"https:\/\/fvcomponentes.com\/pt\/wp-json\/wp\/v2\/pwb-brand?post=36080"},{"taxonomy":"product_brand","embeddable":true,"href":"https:\/\/fvcomponentes.com\/pt\/wp-json\/wp\/v2\/product_brand?post=36080"},{"taxonomy":"product_cat","embeddable":true,"href":"https:\/\/fvcomponentes.com\/pt\/wp-json\/wp\/v2\/product_cat?post=36080"},{"taxonomy":"product_tag","embeddable":true,"href":"https:\/\/fvcomponentes.com\/pt\/wp-json\/wp\/v2\/product_tag?post=36080"}],"curies":[{"name":"wp","href":"https:\/\/api.w.org\/{rel}","templated":true}]}}