{"id":36067,"date":"2026-01-29T20:38:23","date_gmt":"2026-01-29T19:38:23","guid":{"rendered":"https:\/\/fvcomponentes.com\/?post_type=product&#038;p=36067"},"modified":"2026-04-08T21:31:38","modified_gmt":"2026-04-08T19:31:38","slug":"conversor-de-alta-potencia-nao-isolado-orion-victron-24-12-80-ori241280020","status":"publish","type":"product","link":"https:\/\/fvcomponentes.com\/pt\/producto\/convertidor-orion-victron-no-aislado-de-alta-potencia-24-12-80-ori241280020\/","title":{"rendered":"Conversor de alta pot\u00eancia n\u00e3o isolado Orion Victron 24\/12-80 - ORI241280020"},"content":{"rendered":"<h2>Conversor de alta pot\u00eancia n\u00e3o isolado Orion Victron 24\/12-80 - ORI241280020<\/h2>\n<p>O Orion 24\/12-80 \u00e9 um conversor CC-CC de alta pot\u00eancia concebido para transformar a corrente cont\u00ednua (CC) de um sistema de 24 V para um sistema de 12 V de forma est\u00e1vel e eficiente.<br \/>\nAl\u00e9m disso, fornece uma corrente de sa\u00edda de at\u00e9 80 amperes.<\/p>\n<p>Trata-se de uma solu\u00e7\u00e3o robusta e fi\u00e1vel, concebida para instala\u00e7\u00f5es onde existem dois bancos de baterias com tens\u00f5es diferentes.<br \/>\nTamb\u00e9m \u00e9 utilizado quando \u00e9 necess\u00e1rio alimentar dispositivos de 12 V a partir de uma fonte de alimenta\u00e7\u00e3o de 24 V.<\/p>\n<p>\u00c9 especialmente \u00fatil quando o sistema principal funciona com uma tens\u00e3o mais elevada (24 V) e \u00e9 necess\u00e1ria uma tens\u00e3o mais baixa.<br \/>\nNo entanto, tamb\u00e9m funciona se necessitar de energia CC suficiente para carregar frigor\u00edficos, luzes, componentes electr\u00f3nicos cr\u00edticos, bombas ou inversores auxiliares de 12 V.<\/p>\n<p>Por exemplo, em muitos ve\u00edculos, barcos ou instala\u00e7\u00f5es solares, o banco de baterias principal \u00e9 frequentemente configurado a 24 V (para alimentar grandes consumidores, inversores ou motores el\u00e9ctricos). Entretanto, muitos acess\u00f3rios el\u00e9ctricos (luzes, sistemas de controlo, frigor\u00edficos ou equipamento de navega\u00e7\u00e3o) funcionam a 12 V.<\/p>\n<p>O Orion recebe energia diretamente do sistema de 24 V e converte-a em 12 V de forma fi\u00e1vel e cont\u00ednua.<br \/>\nIsto garante um fornecimento est\u00e1vel sem necessidade de uma fonte de energia adicional.<\/p>\n<p>Como se trata de um conversor n\u00e3o isolado, a liga\u00e7\u00e3o negativa de entrada e a liga\u00e7\u00e3o negativa de sa\u00edda est\u00e3o ligadas uma \u00e0 outra, n\u00e3o h\u00e1 separa\u00e7\u00e3o, pelo que n\u00e3o existe isolamento galv\u00e2nico entre os dois circuitos.<br \/>\nEsta configura\u00e7\u00e3o permite uma conce\u00e7\u00e3o mais simples e mais eficiente quando a separa\u00e7\u00e3o de massas n\u00e3o \u00e9 necess\u00e1ria na instala\u00e7\u00e3o.<\/p>\n<h2>Carater\u00edsticas do Orion 24\/12-80 sem isolamento<\/h2>\n<h3>Pot\u00eancia e efici\u00eancia<\/h3>\n<p>Este Orion tem uma entrada de 24 volts, concebida para liga\u00e7\u00e3o direta a baterias ou sistemas de 24V.<br \/>\nTem tamb\u00e9m uma sa\u00edda de 12 volts com at\u00e9 80 amperes de corrente cont\u00ednua, o que lhe permite fornecer uma pot\u00eancia muito elevada a cargas de 12 V.<\/p>\n<p>Para al\u00e9m disso, o Orion 24\/12-80 oferece uma elevada efici\u00eancia (92%).<br \/>\nComo resultado, quase toda a pot\u00eancia de entrada a 24 V \u00e9 transformada em pot\u00eancia \u00fatil a 12 V, reduzindo as perdas e o aquecimento do equipamento, mesmo em aplica\u00e7\u00f5es de elevada procura.<\/p>\n<h3>Configura\u00e7\u00e3o e controlo<\/h3>\n<p>O Orion 24\/12-80 permite que a tens\u00e3o de sa\u00edda seja ajustada dentro de uma gama \u00fatil.<br \/>\nAssim, tamb\u00e9m pode ser utilizado n\u00e3o s\u00f3 como conversor CC-CC, mas tamb\u00e9m como carregador de baterias auxiliares de 12 V.<\/p>\n<p>Possui um conetor remoto ON\/OFF, que permite ligar ou desligar o conversor a partir de um interrutor de baixa corrente ou do pr\u00f3prio sistema (com um painel de controlo ou rel\u00e9), sem necessidade de instalar um interrutor de alta pot\u00eancia na cablagem principal.<br \/>\nEste pormenor simplifica a utiliza\u00e7\u00e3o e a instala\u00e7\u00e3o.<\/p>\n<p>Embora este modelo n\u00e3o inclua funcionalidades avan\u00e7adas, como a conetividade Bluetooth ou a monitoriza\u00e7\u00e3o baseada em aplica\u00e7\u00f5es, continua a oferecer um funcionamento est\u00e1vel e fi\u00e1vel com uma corrente quiescente reduzida.<\/p>\n<p>Al\u00e9m disso, este Orion pode ser ligado em paralelo com outros Orions semelhantes para aumentar a corrente total dispon\u00edvel quando a instala\u00e7\u00e3o necessita de mais pot\u00eancia.<\/p>\n<h3>Compatibilidade e fiabilidade<\/h3>\n<p>O conversor Orion \u00e9 compat\u00edvel com baterias de chumbo-\u00e1cido (AGM e GEL) e baterias de l\u00edtio (LiFePO\u2084).<br \/>\nPor conseguinte, oferece uma grande versatilidade para diferentes tipos de instala\u00e7\u00f5es.<\/p>\n<p>Al\u00e9m disso, tem uma fiabilidade muito elevada devido \u00e0 sua constru\u00e7\u00e3o Victron Blue com componentes de alta qualidade.<br \/>\nIsto permite-lhe proporcionar um funcionamento cont\u00ednuo em condi\u00e7\u00f5es exigentes.<\/p>\n<h3>Protec\u00e7\u00f5es<\/h3>\n<p>O Orion 24\/12-80 possui prote\u00e7\u00e3o contra sobrecarga, sobretens\u00e3o, subtens\u00e3o e curto-circuito, bem como prote\u00e7\u00e3o t\u00e9rmica.<\/p>\n<p>Se a temperatura ultrapassar determinados limites ou se for detectado um curto-circuito, este Orion reduz automaticamente a pot\u00eancia ou desliga-se para proteger o equipamento e o resto do sistema contra danos.<\/p>\n<p>Al\u00e9m disso, possui prote\u00e7\u00e3o IP43, que protege o conversor contra a \u00e1gua e o p\u00f3.<br \/>\nPor conseguinte, \u00e9 adequado para utiliza\u00e7\u00e3o em ve\u00edculos, barcos e ambientes t\u00e9cnicos.<\/p>\n<h2>Vantagens do conversor de alta pot\u00eancia n\u00e3o isolado Orion Victron 24\/12-80 - ORI241280020<\/h2>\n<p>Os conversores n\u00e3o isolados Orion oferecem uma s\u00e9rie de vantagens muito \u00fateis, incluindo<\/p>\n<ul>\n<li>Permite <strong>ligar e desligar \u00e0 dist\u00e2ncia<\/strong><\/li>\n<li>Pode <strong>ligar v\u00e1rias unidades em paralelo<\/strong> para aumentar a pot\u00eancia<\/li>\n<li>Funciona como <strong>fonte de alimenta\u00e7\u00e3o CC est\u00e1vel para cargas de 12 V<\/strong><\/li>\n<li>Tem <strong>protec\u00e7\u00f5es integradas<\/strong> que evitam danos tanto no conversor Orion como nas baterias a ele ligadas.<\/li>\n<li>Pode ser utilizado como <strong>carregador de bateria auxiliar<\/strong> 12 V.<\/li>\n<\/ul>\n<h2>Utiliza\u00e7\u00e3o t\u00edpica do Orion 24\/12-80<\/h2>\n<p>O conversor Orion 24\/12-80 \u00e9 normalmente utilizado em instala\u00e7\u00f5es de:<\/p>\n<ul>\n<li><strong>Cami\u00f5es, autocaravanas e campervans<\/strong>, em que a bateria \u00e9 de 24 V mas s\u00e3o necess\u00e1rios v\u00e1rios dispositivos de 12 V.<\/li>\n<li><strong>Barcos e iates<\/strong>, onde existe um sistema de 24 V e uma rede de 12 V.<\/li>\n<li><strong>Instala\u00e7\u00f5es solares h\u00edbridas ou instala\u00e7\u00f5es com v\u00e1rios bancos de baterias<\/strong>, para alimentar cargas de 12 V a partir de pain\u00e9is ligados a uma ou mais baterias de 24 V.<\/li>\n<li><strong>Ve\u00edculos comerciais e m\u00e1quinas<\/strong>, em que os sistemas auxiliares funcionam a 12 V enquanto o resto do sistema el\u00e9trico funciona a 24 V.<\/li>\n<\/ul>\n<h2>Especifica\u00e7\u00f5es t\u00e9cnicas do inversor Orion Victron n\u00e3o isolado de alta pot\u00eancia 24\/12-80 Orion Victron - ORI241280020<\/h2>\n<table>\n<thead>\n<tr>\n<th>Carater\u00edstica<\/th>\n<th><strong>Valor<\/strong><\/th>\n<\/tr>\n<\/thead>\n<tbody>\n<tr>\n<td><strong>Gama de tens\u00e3o de entrada<\/strong><\/td>\n<td>18-35 V<\/td>\n<\/tr>\n<tr>\n<td><strong>Subtens\u00e3o de desconex\u00e3o<\/strong><\/td>\n<td>14 V<\/td>\n<\/tr>\n<tr>\n<td><strong>Corrente de sa\u00edda cont\u00ednua<\/strong><\/td>\n<td>80 A<\/td>\n<\/tr>\n<tr>\n<td><strong>Tens\u00e3o de sa\u00edda ajust\u00e1vel<\/strong><\/td>\n<td>Sim (10 V a 15 V)<\/td>\n<\/tr>\n<tr>\n<td><strong>Efici\u00eancia m\u00e1xima<\/strong><\/td>\n<td>92%<\/td>\n<\/tr>\n<tr>\n<td><strong>Consumo em modo desligado (off)<\/strong><\/td>\n<td>&lt; 20 mA<\/td>\n<\/tr>\n<tr>\n<td><strong>Peso<\/strong><\/td>\n<td>0,9 kg<\/td>\n<\/tr>\n<tr>\n<td><strong>Dimens\u00f5es<\/strong><\/td>\n<td>195 x 88 x 65 mm<\/td>\n<\/tr>\n<tr>\n<td><strong>Controlo remoto ON\/OFF<\/strong><\/td>\n<td>Sim<\/td>\n<\/tr>\n<\/tbody>\n<\/table>\n<h2>Inversor Orion Victron n\u00e3o isolado de alta pot\u00eancia 24\/12-80 Orion Victron - ORI241280020 Informa\u00e7\u00f5es t\u00e9cnicas<\/h2>\n<p><a href=\"https:\/\/fvcomponentes.com\/wp-content\/uploads\/2026\/01\/Datasheet-Orion-DC-DC-converters-high-power-non-isolated-ES.pdf\" target=\"_blank\" rel=\"noopener\">Folha de dados do conversor de alta pot\u00eancia Orion 24\/12-80<\/a><\/p>","protected":false},"excerpt":{"rendered":"<p><span style=\"color: #ff0000\"><strong>Dispon\u00edvel no final de mar\u00e7o!<\/strong><\/span><\/p>\n<p><strong><span style=\"color: #ff9900\">Imagens de orienta\u00e7\u00e3o<\/span><\/strong><\/p>\n<p><strong>Equipamento sem Bluetooth<\/strong><\/p>\n<p>Gama de tens\u00e3o de entrada: 18-35 V<br \/>\nSubtens\u00e3o de desconex\u00e3o: 14 V<br \/>\nConsumo de energia desligado: &lt; 20mA<br \/>\nEfici\u00eancia: 92%<br \/>\nPeso: 0,90 kg<br \/>\nDimens\u00f5es: 195 x 88 x 65 mm<\/p>","protected":false},"featured_media":36068,"comment_status":"closed","ping_status":"closed","template":"","meta":{"site-sidebar-layout":"default","site-content-layout":"","ast-site-content-layout":"default","site-content-style":"default","site-sidebar-style":"default","ast-global-header-display":"","ast-banner-title-visibility":"","ast-main-header-display":"","ast-hfb-above-header-display":"","ast-hfb-below-header-display":"","ast-hfb-mobile-header-display":"","site-post-title":"","ast-breadcrumbs-content":"","ast-featured-img":"","footer-sml-layout":"","ast-disable-related-posts":"","theme-transparent-header-meta":"default","adv-header-id-meta":"","stick-header-meta":"","header-above-stick-meta":"","header-main-stick-meta":"","header-below-stick-meta":"","astra-migrate-meta-layouts":"set","ast-page-background-enabled":"default","ast-page-background-meta":{"desktop":{"background-color":"var(--ast-global-color-4)","background-image":"","background-repeat":"repeat","background-position":"center center","background-size":"auto","background-attachment":"scroll","background-type":"","background-media":"","overlay-type":"","overlay-color":"","overlay-opacity":"","overlay-gradient":""},"tablet":{"background-color":"","background-image":"","background-repeat":"repeat","background-position":"center center","background-size":"auto","background-attachment":"scroll","background-type":"","background-media":"","overlay-type":"","overlay-color":"","overlay-opacity":"","overlay-gradient":""},"mobile":{"background-color":"","background-image":"","background-repeat":"repeat","background-position":"center center","background-size":"auto","background-attachment":"scroll","background-type":"","background-media":"","overlay-type":"","overlay-color":"","overlay-opacity":"","overlay-gradient":""}},"ast-content-background-meta":{"desktop":{"background-color":"var(--ast-global-color-5)","background-image":"","background-repeat":"repeat","background-position":"center center","background-size":"auto","background-attachment":"scroll","background-type":"","background-media":"","overlay-type":"","overlay-color":"","overlay-opacity":"","overlay-gradient":""},"tablet":{"background-color":"var(--ast-global-color-5)","background-image":"","background-repeat":"repeat","background-position":"center center","background-size":"auto","background-attachment":"scroll","background-type":"","background-media":"","overlay-type":"","overlay-color":"","overlay-opacity":"","overlay-gradient":""},"mobile":{"background-color":"var(--ast-global-color-5)","background-image":"","background-repeat":"repeat","background-position":"center center","background-size":"auto","background-attachment":"scroll","background-type":"","background-media":"","overlay-type":"","overlay-color":"","overlay-opacity":"","overlay-gradient":""}}},"pwb-brand":[332],"product_brand":[],"product_cat":[419,901,865],"product_tag":[],"class_list":{"0":"post-36067","1":"product","2":"type-product","3":"status-publish","4":"has-post-thumbnail","6":"pwb-brand-victron","7":"product_cat-cargadores-de-baterias","8":"product_cat-24v-12v","9":"product_cat-convertidores","10":"desktop-align-left","11":"tablet-align-left","12":"mobile-align-left","13":"ast-product-gallery-layout-horizontal-slider","14":"ast-product-tabs-layout-horizontal","16":"first","17":"onbackorder","18":"taxable","19":"shipping-taxable","20":"purchasable","21":"product-type-simple"},"wcpa_form_fields":null,"brands":[{"id":332,"name":"Victron Energia","slug":"victron"}],"_links":{"self":[{"href":"https:\/\/fvcomponentes.com\/pt\/wp-json\/wp\/v2\/product\/36067","targetHints":{"allow":["GET"]}}],"collection":[{"href":"https:\/\/fvcomponentes.com\/pt\/wp-json\/wp\/v2\/product"}],"about":[{"href":"https:\/\/fvcomponentes.com\/pt\/wp-json\/wp\/v2\/types\/product"}],"replies":[{"embeddable":true,"href":"https:\/\/fvcomponentes.com\/pt\/wp-json\/wp\/v2\/comments?post=36067"}],"wp:featuredmedia":[{"embeddable":true,"href":"https:\/\/fvcomponentes.com\/pt\/wp-json\/wp\/v2\/media\/36068"}],"wp:attachment":[{"href":"https:\/\/fvcomponentes.com\/pt\/wp-json\/wp\/v2\/media?parent=36067"}],"wp:term":[{"taxonomy":"pwb-brand","embeddable":true,"href":"https:\/\/fvcomponentes.com\/pt\/wp-json\/wp\/v2\/pwb-brand?post=36067"},{"taxonomy":"product_brand","embeddable":true,"href":"https:\/\/fvcomponentes.com\/pt\/wp-json\/wp\/v2\/product_brand?post=36067"},{"taxonomy":"product_cat","embeddable":true,"href":"https:\/\/fvcomponentes.com\/pt\/wp-json\/wp\/v2\/product_cat?post=36067"},{"taxonomy":"product_tag","embeddable":true,"href":"https:\/\/fvcomponentes.com\/pt\/wp-json\/wp\/v2\/product_tag?post=36067"}],"curies":[{"name":"wp","href":"https:\/\/api.w.org\/{rel}","templated":true}]}}