{"id":36033,"date":"2026-01-29T20:38:30","date_gmt":"2026-01-29T19:38:30","guid":{"rendered":"https:\/\/fvcomponentes.com\/?post_type=product&#038;p=36033"},"modified":"2026-04-08T21:30:48","modified_gmt":"2026-04-08T19:30:48","slug":"conversor-de-alta-potencia-nao-isolado-orion-victron-24-12-60-ori241260020","status":"publish","type":"product","link":"https:\/\/fvcomponentes.com\/pt\/producto\/convertidor-orion-victron-no-aislado-de-alta-potencia-24-12-60-ori241260020\/","title":{"rendered":"Conversor de alta pot\u00eancia n\u00e3o isolado Orion Victron 24\/12-60 - ORI241260020"},"content":{"rendered":"<h2>Conversor de alta pot\u00eancia n\u00e3o isolado Orion Victron 24\/12-60 - ORI241260020<\/h2>\n<p>O Orion 24\/12-60 \u00e9 um dispositivo compacto e robusto com uma elevada pot\u00eancia de sa\u00edda, concebido para transformar corrente cont\u00ednua (CC) de um sistema de 24 V para um sistema de 12 V de forma est\u00e1vel e eficiente, com uma corrente de sa\u00edda at\u00e9 60 A.<\/p>\n<p>Este tipo de Orion \u00e9 utilizado em sistemas el\u00e9ctricos onde existem dois bancos de baterias com tens\u00f5es diferentes ou onde \u00e9 necess\u00e1rio alimentar equipamentos ou carregar baterias auxiliares de 12V a partir de uma fonte de 24V.<\/p>\n<p>\u00c9 especialmente \u00fatil quando o sistema principal \u00e9 de tens\u00e3o mais elevada (24 V) e \u00e9 necess\u00e1ria uma tens\u00e3o mais baixa, mas com corrente CC suficiente dispon\u00edvel para alimentar equipamento exigente, como frigor\u00edficos, sistemas de ilumina\u00e7\u00e3o, componentes electr\u00f3nicos cr\u00edticos, bombas para trabalhos pesados ou inversores auxiliares de 12 V.<\/p>\n<p>Por exemplo, em muitos ve\u00edculos, barcos ou instala\u00e7\u00f5es solares, o banco de baterias principal pode ser configurado a 24V (para alimentar inversores, motores el\u00e9ctricos ou grandes cargas), enquanto muitos acess\u00f3rios el\u00e9ctricos (luzes, sistemas de navega\u00e7\u00e3o, frigor\u00edficos ou equipamento de navega\u00e7\u00e3o) funcionam a 12V.<\/p>\n<p>O Orion recebe energia de 24 V e converte-a para 12 V de forma fi\u00e1vel e cont\u00ednua, sem necessidade de uma fonte de alimenta\u00e7\u00e3o adicional.<\/p>\n<p>Sendo um conversor n\u00e3o isolado, n\u00e3o incorpora isolamento galv\u00e2nico entre a entrada e a sa\u00edda.<br \/>\nIsto significa que o p\u00f3lo negativo de entrada e o p\u00f3lo negativo de sa\u00edda est\u00e3o ligados um ao outro, n\u00e3o h\u00e1 separa\u00e7\u00e3o.<br \/>\nEsta conce\u00e7\u00e3o \u00e9 mais simples, mais eficiente e mais econ\u00f3mica quando n\u00e3o \u00e9 necess\u00e1ria uma separa\u00e7\u00e3o de massas na instala\u00e7\u00e3o.<\/p>\n<h2>Carater\u00edsticas do Orion 24\/12-60 sem isolamento<\/h2>\n<h3>Pot\u00eancia e efici\u00eancia<\/h3>\n<p>Este Orion tem uma entrada de 24 volts, concebida para ligar diretamente a baterias ou sistemas de 24V, e uma sa\u00edda de 12 volts com at\u00e9 60 amperes DC, o que lhe permite fornecer alta pot\u00eancia a cargas de 12V.<\/p>\n<p>Para al\u00e9m disso, o Orion 24\/12-60 \u00e9 altamente eficiente (a partir do 95%), pelo que a maior parte da pot\u00eancia de entrada a 24V \u00e9 convertida em pot\u00eancia \u00fatil a 12V, minimizando as perdas e o aquecimento do equipamento, mesmo em aplica\u00e7\u00f5es de elevada exig\u00eancia.<\/p>\n<h3>Configura\u00e7\u00e3o e controlo<\/h3>\n<p>O Orion 24\/12-60 possui um conetor remoto para ligar\/desligar, que permite que o conversor seja ligado ou desligado a partir de um painel de controlo, rel\u00e9, interrutor de baixa corrente ou do pr\u00f3prio sistema, sem a necessidade de instalar um interrutor de alta pot\u00eancia na cablagem principal.<br \/>\nEste pormenor simplifica a utiliza\u00e7\u00e3o e a instala\u00e7\u00e3o.<\/p>\n<p>Embora este modelo n\u00e3o inclua funcionalidades avan\u00e7adas, como a conetividade Bluetooth ou a monitoriza\u00e7\u00e3o baseada em aplica\u00e7\u00f5es, continua a oferecer um funcionamento est\u00e1vel e fi\u00e1vel com uma corrente quiescente reduzida.<\/p>\n<h3>Compatibilidade e fiabilidade<\/h3>\n<p>O conversor Orion \u00e9 compat\u00edvel tanto com baterias de chumbo-\u00e1cido (AGM\/GEL) como de l\u00edtio (LiFePO\u2084), oferecendo uma grande versatilidade para diferentes tipos de instala\u00e7\u00f5es.<\/p>\n<p>Al\u00e9m disso, tem uma fiabilidade muito elevada devido \u00e0 reconhecida constru\u00e7\u00e3o Victron Blue com componentes de alta qualidade concebidos para proporcionar um servi\u00e7o cont\u00ednuo mesmo em condi\u00e7\u00f5es exigentes, tanto em ambientes m\u00f3veis como industriais.<\/p>\n<h3>Protec\u00e7\u00f5es<\/h3>\n<p>O Orion 24\/12-60 incorpora uma prote\u00e7\u00e3o total contra sobrecargas, sobretens\u00f5es, subtens\u00f5es e curto-circuitos, bem como uma prote\u00e7\u00e3o t\u00e9rmica. Se a temperatura ultrapassar determinados limites ou se for detectado um curto-circuito, este Orion reduz automaticamente a pot\u00eancia ou desliga-se para proteger o equipamento e o resto do sistema contra danos.<\/p>\n<p>Al\u00e9m disso, possui prote\u00e7\u00e3o IP43, que protege o dispositivo da \u00e1gua e do p\u00f3, tornando-o adequado para ambientes m\u00f3veis ou t\u00e9cnicos.<\/p>\n<h2>Vantagens do conversor de alta pot\u00eancia n\u00e3o isolado Orion Victron 24\/12-60 - ORI241260020<\/h2>\n<p>Os conversores n\u00e3o isolados Orion t\u00eam muitas vantagens \u00fateis, entre elas:<\/p>\n<ul>\n<li>Permite <strong>o equipamento \u00e9 desligado e ligado remotamente<\/strong><\/li>\n<li>Funciona como <strong>fonte de alimenta\u00e7\u00e3o CC est\u00e1vel para cargas de 12 V<\/strong><\/li>\n<li>Tem <strong>protec\u00e7\u00f5es integradas<\/strong> que evitam danos tanto no conversor Orion como nas baterias a ele ligadas.<\/li>\n<\/ul>\n<h2>Utiliza\u00e7\u00e3o t\u00edpica do Orion 24\/12-60<\/h2>\n<p>O conversor Orion 24\/12-60 \u00e9 normalmente utilizado em instala\u00e7\u00f5es como<\/p>\n<ul>\n<li><strong>Cami\u00f5es, autocaravanas e campervans<\/strong>, em que a bateria \u00e9 de 24 V mas s\u00e3o necess\u00e1rios v\u00e1rios dispositivos de 12 V.<\/li>\n<li><strong>Barcos e iates<\/strong>, onde existe um sistema de 24 V e uma rede de 12 V.<\/li>\n<li><strong>Instala\u00e7\u00f5es solares h\u00edbridas ou instala\u00e7\u00f5es com v\u00e1rios bancos de baterias<\/strong>, para alimentar cargas de 12 V a partir de pain\u00e9is ligados a uma ou mais baterias de 24 V.<\/li>\n<li><strong>Ve\u00edculos comerciais e m\u00e1quinas<\/strong>, em que os sistemas auxiliares funcionam a 12 V enquanto o resto do sistema el\u00e9trico funciona a 24 V.<\/li>\n<\/ul>\n<h2>Especifica\u00e7\u00f5es t\u00e9cnicas do inversor Orion Victron de alta pot\u00eancia n\u00e3o isolado 24\/12-60 Orion Victron - ORI241260020<\/h2>\n<table>\n<thead>\n<tr>\n<th>Carater\u00edstica<\/th>\n<th><strong>Valor<\/strong><\/th>\n<\/tr>\n<\/thead>\n<tbody>\n<tr>\n<td>Gama de tens\u00e3o de entrada<\/td>\n<td>18-35 V<\/td>\n<\/tr>\n<tr>\n<td>Subtens\u00e3o de desconex\u00e3o<\/td>\n<td>14 V<\/td>\n<\/tr>\n<tr>\n<td>Corrente de sa\u00edda cont\u00ednua<\/td>\n<td>60 A<\/td>\n<\/tr>\n<tr>\n<td>Tens\u00e3o de sa\u00edda (n\u00e3o ajust\u00e1vel)<\/td>\n<td>13,2 V<\/td>\n<\/tr>\n<tr>\n<td>Efici\u00eancia m\u00e1xima<\/td>\n<td>95 %<\/td>\n<\/tr>\n<tr>\n<td>Consumo desligado<\/td>\n<td>&lt; 20 mA<\/td>\n<\/tr>\n<tr>\n<td>Peso<\/td>\n<td>0,85 kg<\/td>\n<\/tr>\n<tr>\n<td>Dimens\u00f5es<\/td>\n<td>185 \u00d7 88 \u00d7 66 mm<\/td>\n<\/tr>\n<tr>\n<td>Controlo remoto ON\/OFF<\/td>\n<td>Sim<\/td>\n<\/tr>\n<\/tbody>\n<\/table>\n<h2>Informa\u00e7\u00f5es t\u00e9cnicas para o conversor de alta pot\u00eancia n\u00e3o isolado Orion Victron 24\/12-60 - ORI241260020<\/h2>\n<p><a href=\"https:\/\/fvcomponentes.com\/wp-content\/uploads\/2026\/01\/Datasheet-Orion-DC-DC-converters-high-power-non-isolated-ES.pdf\" target=\"_blank\" rel=\"noopener\">Folha de dados do conversor de alta pot\u00eancia Orion 24\/12-60<\/a><\/p>","protected":false},"excerpt":{"rendered":"<p><strong><span style=\"color: #ff9900\">Imagens de orienta\u00e7\u00e3o<\/span><\/strong><\/p>\n<p><strong>Equipamento sem Bluetooth<br \/>\n<\/strong><\/p>\n<p>Equipamento adequado para carregar as baterias:<strong> N\u00e3o<\/strong><br \/>\nGama de tens\u00e3o de entrada: 18-35 V<br \/>\nSubtens\u00e3o de desconex\u00e3o: 14 V<br \/>\nTens\u00e3o de sa\u00edda: 13,2 V<br \/>\nConsumo de energia desligado: &lt; 20mA<br \/>\nEfici\u00eancia: 95%<br \/>\nPeso: 0,85 kg<br \/>\nDimens\u00f5es: 185 x 88 x 65 mm<\/p>","protected":false},"featured_media":36037,"comment_status":"closed","ping_status":"closed","template":"","meta":{"site-sidebar-layout":"default","site-content-layout":"","ast-site-content-layout":"default","site-content-style":"default","site-sidebar-style":"default","ast-global-header-display":"","ast-banner-title-visibility":"","ast-main-header-display":"","ast-hfb-above-header-display":"","ast-hfb-below-header-display":"","ast-hfb-mobile-header-display":"","site-post-title":"","ast-breadcrumbs-content":"","ast-featured-img":"","footer-sml-layout":"","ast-disable-related-posts":"","theme-transparent-header-meta":"default","adv-header-id-meta":"","stick-header-meta":"","header-above-stick-meta":"","header-main-stick-meta":"","header-below-stick-meta":"","astra-migrate-meta-layouts":"set","ast-page-background-enabled":"default","ast-page-background-meta":{"desktop":{"background-color":"var(--ast-global-color-4)","background-image":"","background-repeat":"repeat","background-position":"center center","background-size":"auto","background-attachment":"scroll","background-type":"","background-media":"","overlay-type":"","overlay-color":"","overlay-opacity":"","overlay-gradient":""},"tablet":{"background-color":"","background-image":"","background-repeat":"repeat","background-position":"center center","background-size":"auto","background-attachment":"scroll","background-type":"","background-media":"","overlay-type":"","overlay-color":"","overlay-opacity":"","overlay-gradient":""},"mobile":{"background-color":"","background-image":"","background-repeat":"repeat","background-position":"center center","background-size":"auto","background-attachment":"scroll","background-type":"","background-media":"","overlay-type":"","overlay-color":"","overlay-opacity":"","overlay-gradient":""}},"ast-content-background-meta":{"desktop":{"background-color":"var(--ast-global-color-5)","background-image":"","background-repeat":"repeat","background-position":"center center","background-size":"auto","background-attachment":"scroll","background-type":"","background-media":"","overlay-type":"","overlay-color":"","overlay-opacity":"","overlay-gradient":""},"tablet":{"background-color":"var(--ast-global-color-5)","background-image":"","background-repeat":"repeat","background-position":"center center","background-size":"auto","background-attachment":"scroll","background-type":"","background-media":"","overlay-type":"","overlay-color":"","overlay-opacity":"","overlay-gradient":""},"mobile":{"background-color":"var(--ast-global-color-5)","background-image":"","background-repeat":"repeat","background-position":"center center","background-size":"auto","background-attachment":"scroll","background-type":"","background-media":"","overlay-type":"","overlay-color":"","overlay-opacity":"","overlay-gradient":""}}},"pwb-brand":[332],"product_brand":[],"product_cat":[419,901,865],"product_tag":[],"class_list":{"0":"post-36033","1":"product","2":"type-product","3":"status-publish","4":"has-post-thumbnail","6":"pwb-brand-victron","7":"product_cat-cargadores-de-baterias","8":"product_cat-24v-12v","9":"product_cat-convertidores","10":"desktop-align-left","11":"tablet-align-left","12":"mobile-align-left","13":"ast-product-gallery-layout-horizontal-slider","14":"ast-product-tabs-layout-horizontal","16":"first","17":"instock","18":"taxable","19":"shipping-taxable","20":"purchasable","21":"product-type-simple"},"wcpa_form_fields":null,"brands":[{"id":332,"name":"Victron Energia","slug":"victron"}],"_links":{"self":[{"href":"https:\/\/fvcomponentes.com\/pt\/wp-json\/wp\/v2\/product\/36033","targetHints":{"allow":["GET"]}}],"collection":[{"href":"https:\/\/fvcomponentes.com\/pt\/wp-json\/wp\/v2\/product"}],"about":[{"href":"https:\/\/fvcomponentes.com\/pt\/wp-json\/wp\/v2\/types\/product"}],"replies":[{"embeddable":true,"href":"https:\/\/fvcomponentes.com\/pt\/wp-json\/wp\/v2\/comments?post=36033"}],"wp:featuredmedia":[{"embeddable":true,"href":"https:\/\/fvcomponentes.com\/pt\/wp-json\/wp\/v2\/media\/36037"}],"wp:attachment":[{"href":"https:\/\/fvcomponentes.com\/pt\/wp-json\/wp\/v2\/media?parent=36033"}],"wp:term":[{"taxonomy":"pwb-brand","embeddable":true,"href":"https:\/\/fvcomponentes.com\/pt\/wp-json\/wp\/v2\/pwb-brand?post=36033"},{"taxonomy":"product_brand","embeddable":true,"href":"https:\/\/fvcomponentes.com\/pt\/wp-json\/wp\/v2\/product_brand?post=36033"},{"taxonomy":"product_cat","embeddable":true,"href":"https:\/\/fvcomponentes.com\/pt\/wp-json\/wp\/v2\/product_cat?post=36033"},{"taxonomy":"product_tag","embeddable":true,"href":"https:\/\/fvcomponentes.com\/pt\/wp-json\/wp\/v2\/product_tag?post=36033"}],"curies":[{"name":"wp","href":"https:\/\/api.w.org\/{rel}","templated":true}]}}