{"id":36023,"date":"2026-01-22T15:15:20","date_gmt":"2026-01-22T14:15:20","guid":{"rendered":"https:\/\/fvcomponentes.com\/?post_type=product&#038;p=36023"},"modified":"2026-03-24T10:10:10","modified_gmt":"2026-03-24T09:10:10","slug":"bateria-de-litio-upower-12v-300ah-ue-12li300","status":"publish","type":"product","link":"https:\/\/fvcomponentes.com\/pt\/producto\/bateria-de-litio-upower-12v-300ah-ue-12li300\/","title":{"rendered":"Bateria de l\u00edtio Upower 12.8V\/300Ah - UE-12LI300"},"content":{"rendered":"<h2>Bateria de l\u00edtio Upower 12.8V\/300Ah - UE-12LI300<\/h2>\n<p>A bateria de l\u00edtio Upower 12,8V\/200Ah \u00e9 uma bateria potente concebida para quem precisa de muita energia, grande autonomia e m\u00e1xima fiabilidade durante muitos anos e sem complica\u00e7\u00f5es, porque n\u00e3o quer ter de se preocupar com isso. Basta instal\u00e1-la, lig\u00e1-la e esquecer-se dela.<\/p>\n<p>Trata-se de uma bateria muito eficiente, que oferece mais capacidade \u00fatil, melhor desempenho e uma vida \u00fatil muito mais longa do que as baterias convencionais.<br \/>\nAo contr\u00e1rio das baterias AGM ou GEL, com esta bateria n\u00e3o h\u00e1 quedas s\u00fabitas de tens\u00e3o ou perda de desempenho \u00e0 medida que se descarrega.<\/p>\n<p>Gra\u00e7as \u00e0 sua tecnologia de fosfato de ferro e l\u00edtio (LiFePO\u2084), esta bateria \u00e9 particularmente segura, est\u00e1vel e duradoura.<br \/>\nN\u00e3o necessita de manuten\u00e7\u00e3o, n\u00e3o requer ventila\u00e7\u00e3o, n\u00e3o gera fumos e mant\u00e9m um desempenho constante durante toda a sua vida \u00fatil, o que o torna uma op\u00e7\u00e3o moderna e eficiente tanto para instala\u00e7\u00f5es fixas como m\u00f3veis.<\/p>\n<p>A bateria Upower possui um sistema integrado de gest\u00e3o da bateria (BMS), o que significa que est\u00e1 protegida contra situa\u00e7\u00f5es como a sobrecarga, a descarga excessiva, picos de corrente, curto-circuitos ou temperaturas extremas.<br \/>\nIsto significa que ir\u00e1 cuidar tanto da sua pr\u00f3pria sa\u00fade como da sa\u00fade do equipamento ligado, proporcionando um funcionamento est\u00e1vel e seguro mesmo em condi\u00e7\u00f5es de utiliza\u00e7\u00e3o exigentes.<\/p>\n<p>\u00c9 normalmente utilizado em instala\u00e7\u00f5es solares, caravanas, campistas, barcos, autocarros de turismo, sistemas de reserva de energia, ve\u00edculos el\u00e9ctricos, telecomunica\u00e7\u00f5es e aplica\u00e7\u00f5es em que a energia n\u00e3o pode falhar.<\/p>\n<h2>Carater\u00edsticas da bateria Upower 12,8V\/300Ah<\/h2>\n<h3>Desempenho<\/h3>\n<p>A bateria Upower tem uma capacidade de 300 Ah e uma tens\u00e3o nominal de 12,8 V, fornecendo 3.840 Wh de energia utiliz\u00e1vel.<br \/>\nResumindo: d\u00e1-lhe energia durante mais tempo e utiliza quase toda a energia, sem ter de a recarregar com tanta frequ\u00eancia e sem se preocupar com quedas de tens\u00e3o.<\/p>\n<p>Pode fornecer correntes elevadas de forma est\u00e1vel, mesmo quando se liga equipamentos que consomem muita energia, sem quedas bruscas de tens\u00e3o.<br \/>\nO seu ciclo de vida \u00e9 superior a 2.500 ciclos a 100 % de profundidade de descarga (DoD), o que significa que pode durar at\u00e9 10 vezes mais do que muitas baterias convencionais, pelo que tem uma vida muito longa sem perda de desempenho.<\/p>\n<p>Al\u00e9m disso, a sua elevada capacidade de descarga permite-lhe suportar picos de consumo ao ligar equipamentos que consomem muita energia de uma s\u00f3 vez, e a bateria mant\u00e9m uma tens\u00e3o muito est\u00e1vel durante a descarga para que os dispositivos funcionem sem quedas s\u00fabitas.<br \/>\nAssim, o seu equipamento funciona igualmente bem, est\u00e1 protegido e n\u00e3o se desliga prematuramente, mesmo que a bateria j\u00e1 esteja bastante descarregada.<br \/>\nIsto \u00e9 especialmente valioso em sistemas onde \u00e9 necess\u00e1ria uma fonte est\u00e1vel de 12 V para motores el\u00e9ctricos, ilumina\u00e7\u00e3o, bombas, eletr\u00f3nica ou inversores solares.<\/p>\n<h3>Conce\u00e7\u00e3o<\/h3>\n<p>O Upower 12.8V\/200Ah vem num formato monobloco robusto, o que significa que todas as c\u00e9lulas est\u00e3o integradas numa \u00fanica unidade compacta, utilizando c\u00e9lulas de fosfato de ferro e l\u00edtio (LiFePO\u2084).<br \/>\nEste tipo de l\u00edtio \u00e9 muito mais seguro do que outras tecnologias porque n\u00e3o aquece facilmente nem apresenta riscos (inc\u00eandio ou falha prematura) como outros tipos de baterias, o que o torna uma op\u00e7\u00e3o muito segura.<\/p>\n<p>Embora tenha uma capacidade elevada, pesa consideravelmente menos do que uma bateria AGM ou GEL semelhante, o que facilita a sua instala\u00e7\u00e3o em caravanas, autocaravanas ou barcos.<\/p>\n<p>Al\u00e9m disso, a sua conce\u00e7\u00e3o interna consiste em 4 c\u00e9lulas ligadas em s\u00e9rie e 4 em paralelo, garantindo uma distribui\u00e7\u00e3o de energia equilibrada e um funcionamento fi\u00e1vel durante muitos anos.<br \/>\nA bateria Upower pode funcionar em configura\u00e7\u00f5es paralelas (at\u00e9 4 unidades), permitindo expandir tanto a tens\u00e3o como a capacidade total do banco de baterias de acordo com as necessidades do sistema.<\/p>\n<h3>Sistema inteligente de gest\u00e3o da bateria (BMS)<\/h3>\n<p>A bateria Upower possui um sistema interno de gest\u00e3o inteligente da bateria (BMS) que cuida da bateria em todos os momentos, actuando como um sistema de prote\u00e7\u00e3o.<\/p>\n<p>O BMS monitoriza continuamente a forma como cada c\u00e9lula da bateria \u00e9 carregada e descarregada e evita problemas como sobrecarga, descarga profunda, curto-circuitos ou temperaturas extremas, mantendo a bateria sempre dentro de par\u00e2metros seguros.<\/p>\n<p>Gra\u00e7as a este sistema, a bateria protege-se a si pr\u00f3pria, prolongando a sua vida \u00fatil, evitando danos na bateria e no equipamento ligado e proporcionando-lhe tranquilidade.<\/p>\n<h3>Temperatura<\/h3>\n<p>A bateria Upower 12.8V\/200Ah pode funcionar sem problemas em condi\u00e7\u00f5es de temperatura bastante exigentes, tanto na carga como na descarga:<\/p>\n<ul>\n<li>Temperatura de <strong>carga<\/strong>: entre 0\u00baC e 45\u00baC<\/li>\n<li>Temperatura de <strong>descarregar<\/strong>: entre -20\u00baC e 60\u00baC<\/li>\n<\/ul>\n<p>Por conseguinte, pode ser utilizado tanto no interior como no exterior.<br \/>\nNo entanto, recomenda-se que, se n\u00e3o for utilizado durante um longo per\u00edodo de tempo, seja armazenado entre -10\u00baC e 35\u00baC.<\/p>\n<h3>Protec\u00e7\u00f5es<\/h3>\n<p>A bateria Upower, para al\u00e9m do BMS, tem muitas carater\u00edsticas de seguran\u00e7a que aumentam a sua fiabilidade, pelo que est\u00e1 muito bem protegida.<\/p>\n<p>Disp\u00f5e de sistemas de prote\u00e7\u00e3o contra sobrecargas, descargas profundas, picos de corrente, curto-circuitos e temperaturas extremas.<\/p>\n<p>Possui tamb\u00e9m componentes de seguran\u00e7a adicionais, como fus\u00edveis t\u00e9rmicos de alta temperatura, aditivos retardadores de chama e v\u00e1lvulas de al\u00edvio de press\u00e3o.<\/p>\n<p>Al\u00e9m disso, a sua caixa tem prote\u00e7\u00e3o IP65, pelo que \u00e9 resistente ao p\u00f3 e aos salpicos de \u00e1gua, o que \u00e9 muito \u00fatil em barcos, campistas ou instala\u00e7\u00f5es exteriores.<\/p>\n<h3>Instala\u00e7\u00e3o e manuten\u00e7\u00e3o<\/h3>\n<p>Gra\u00e7as ao seu formato de bloco \u00fanico, esta bateria \u00e9 muito f\u00e1cil e r\u00e1pida de instalar. N\u00e3o \u00e9 necess\u00e1ria qualquer configura\u00e7\u00e3o complexa ou conhecimentos t\u00e9cnicos avan\u00e7ados.<\/p>\n<p>Pode ser facilmente integrada em sistemas de 12V e tamb\u00e9m permite liga\u00e7\u00f5es em s\u00e9rie e em paralelo para criar bancos de baterias maiores se for necess\u00e1ria mais tens\u00e3o ou capacidade.<\/p>\n<p>\u00c9 tamb\u00e9m uma bateria sem manuten\u00e7\u00e3o, uma vez que n\u00e3o necessita de ventila\u00e7\u00e3o, n\u00e3o gera gases, n\u00e3o precisa de ser recarregada e n\u00e3o precisa de ser verificada periodicamente, o que a torna uma op\u00e7\u00e3o muito c\u00f3moda e segura a longo prazo, especialmente em ambientes fechados ou pouco ventilados. Est\u00e1 instalado e funciona, por isso pode esquecer-se dele.<\/p>\n<h2>Vantagens da bateria Upower 12,8V\/300Ah<\/h2>\n<p>As vantagens desta bateria s\u00e3o muitas, entre elas:<\/p>\n<ul>\n<li><strong>Vida \u00fatil muito mais longa<\/strong> do que uma bateria tradicional, tem uma longa vida \u00fatil.<\/li>\n<li><strong>Milhares de ciclos<\/strong> carga e descarga.<\/li>\n<li><strong>Utiliza quase 100 % de energia<\/strong>, sem o estragar.<\/li>\n<li><strong>Tens\u00e3o est\u00e1vel<\/strong>, ideal para proteger equipamentos electr\u00f3nicos.<\/li>\n<li><strong>Muito mais leve<\/strong> do que uma bateria AGM ou GEL semelhante.<\/li>\n<li><strong>Carregamento mais r\u00e1pido e mais eficiente<\/strong>.<\/li>\n<li><strong>Configura\u00e7\u00e3o modular<\/strong>.<\/li>\n<li><strong>N\u00e3o gera gases<\/strong> sem odores.<\/li>\n<li><strong>N\u00e3o<\/strong> necessidades <strong>manuten\u00e7\u00e3o<\/strong>.<\/li>\n<li><strong>Ampla gama t\u00e9rmica.<\/strong><\/li>\n<li><strong>Aumento da seguran\u00e7a<\/strong> gra\u00e7as \u00e0 sua qu\u00edmica LiFePO\u2084 e ao BMS integrado.<\/li>\n<\/ul>\n<h2>Utiliza\u00e7\u00f5es t\u00edpicas da bateria Upower 12.8V\/300Ah<\/h2>\n<p>Esta bateria Upower \u00e9 ideal para uma grande variedade de aplica\u00e7\u00f5es, incluindo<\/p>\n<ul>\n<li><strong>Sistemas solares residenciais e comerciais<\/strong>, para armazenar grandes quantidades de energia gerada por pain\u00e9is solares.<\/li>\n<li>S<strong>s sistemas de armazenamento e reserva de energia<\/strong>, O novo sistema de poupan\u00e7a de energia garante que n\u00e3o ficar\u00e1 sem eletricidade durante cortes de energia prolongados.<\/li>\n<li><strong>Caravanas, campistas e autocaravanas<\/strong>, durante longos per\u00edodos de tempo sem liga\u00e7\u00e3o \u00e0 rede e que requerem autonomia sem manuten\u00e7\u00e3o.<\/li>\n<li><strong>Barcos, iates e ve\u00edculos de recreio<\/strong>, alimenta\u00e7\u00e3o de sistemas el\u00e9ctricos e electr\u00f3nicos, como luzes e frigor\u00edficos.<\/li>\n<li><strong>Mobilidade el\u00e9ctrica ligeira<\/strong>, tais como trotinetas el\u00e9ctricas, bicicletas ou ve\u00edculos ligeiros para uso pessoal.<\/li>\n<li><span style=\"font-size: 16px;\"><strong>Telecomunica\u00e7\u00f5es, redes e equipamentos cr\u00edticos<\/strong>, onde a energia n\u00e3o pode falhar e deve ser constante, est\u00e1vel e fi\u00e1vel.\u00a0<\/span><\/li>\n<li><strong>Equipamento port\u00e1til e aplica\u00e7\u00f5es industriais ligeiras<\/strong>, que requerem uma fonte de energia est\u00e1vel, fi\u00e1vel e duradoura.<\/li>\n<\/ul>\n<h2>Especifica\u00e7\u00f5es t\u00e9cnicas da bateria de l\u00edtio Upower 12.8V\/300Ah - UE-12LI300<\/h2>\n<table>\n<thead>\n<tr>\n<th><strong>Carater\u00edstica<\/strong><\/th>\n<th><strong>Valor<\/strong><\/th>\n<\/tr>\n<\/thead>\n<tbody>\n<tr>\n<td>Tecnologia de baterias<\/td>\n<td>LiFePO\u2084 (ferrofosfato de l\u00edtio)<\/td>\n<\/tr>\n<tr>\n<td>Tens\u00e3o nominal<\/td>\n<td>12,8 V<\/td>\n<\/tr>\n<tr>\n<td>Capacidade nominal<\/td>\n<td>300 Ah<\/td>\n<\/tr>\n<tr>\n<td>Energia total<\/td>\n<td>3840 Wh<\/td>\n<\/tr>\n<tr>\n<td>Corrente de carga padr\u00e3o<\/td>\n<td>60 A<\/td>\n<\/tr>\n<tr>\n<td>Corrente de carga m\u00e1xima<\/td>\n<td>100 A<\/td>\n<\/tr>\n<tr>\n<td>Corrente de descarga padr\u00e3o<\/td>\n<td>60 A<\/td>\n<\/tr>\n<tr>\n<td>Corrente m\u00e1xima de descarga cont\u00ednua<\/td>\n<td>200 A<\/td>\n<\/tr>\n<tr>\n<td>Tens\u00e3o de carga<\/td>\n<td>14,6 V<\/td>\n<\/tr>\n<tr>\n<td>Capacidade m\u00ednima<\/td>\n<td>285 Ah<\/td>\n<\/tr>\n<tr>\n<td>Tens\u00e3o de corte de descarga<\/td>\n<td>10 V<\/td>\n<\/tr>\n<tr>\n<td>Resist\u00eancia interna<\/td>\n<td>\u2264 10 m\u03a9<\/td>\n<\/tr>\n<tr>\n<td>Ciclos de vida<\/td>\n<td>Mais de 2.500 ciclos<\/td>\n<\/tr>\n<tr>\n<td>Dimens\u00f5es (C \u00d7 L \u00d7 A)<\/td>\n<td>521 x 238 x 220 mm<\/td>\n<\/tr>\n<tr>\n<td>Peso<\/td>\n<td>28 kg<\/td>\n<\/tr>\n<tr>\n<td>Temperatura de carregamento<\/td>\n<td>0 \u00b0C a 45 \u00b0C<\/td>\n<\/tr>\n<tr>\n<td>Temperatura de descarga<\/td>\n<td>-20 \u00b0C a 60 \u00b0C<\/td>\n<\/tr>\n<tr>\n<td>Temperatura de armazenamento<\/td>\n<td>-10 \u00b0C a 35 \u00b0C<\/td>\n<\/tr>\n<tr>\n<td>Protec\u00e7\u00f5es (BMS)<\/td>\n<td>Sobrecarga, descarga excessiva, sobrecorrente, curto-circuito e temperatura<\/td>\n<\/tr>\n<tr>\n<td>Certifica\u00e7\u00f5es<\/td>\n<td>UN 38.8, MSDS, Certificado DG, CE<\/td>\n<\/tr>\n<\/tbody>\n<\/table>\n<h2>Bateria de l\u00edtio Upower 12.8V\/300Ah - UE-12LI300 Informa\u00e7\u00f5es t\u00e9cnicas<\/h2>\n<p><a href=\"https:\/\/fvcomponentes.com\/wp-content\/uploads\/2026\/01\/ue-12li300-ficha-tecnica-hdi-battery.pdf\" target=\"_blank\" rel=\"noopener\">Folha de dados da bateria Upower 12,8V\/300Ah<\/a><\/p>\n<p><a href=\"https:\/\/fvcomponentes.com\/wp-content\/uploads\/2026\/01\/manual-uso-litio-master-1.pdf\" target=\"_blank\" rel=\"noopener\">Manual da bateria Upower 12,8V\/300Ah<\/a><\/p>\n<p><a href=\"https:\/\/fvcomponentes.com\/wp-content\/uploads\/2026\/01\/UE-12LI300.pdf.pdf\" target=\"_blank\" rel=\"noopener\">Carater\u00edsticas t\u00e9cnicas da bateria Upower 12,8V\/300Ah<\/a><\/p>","protected":false},"excerpt":{"rendered":"<p>Tens\u00e3o nominal: 12,8 V<br \/>\nCapacidade nominal: 300 Ah<br \/>\nEnergia total: 3.840 Wh<br \/>\nN\u00famero de ciclos: 2500 ciclos a 100%<\/p>","protected":false},"featured_media":36028,"comment_status":"closed","ping_status":"closed","template":"","meta":{"site-sidebar-layout":"default","site-content-layout":"","ast-site-content-layout":"default","site-content-style":"default","site-sidebar-style":"default","ast-global-header-display":"","ast-banner-title-visibility":"","ast-main-header-display":"","ast-hfb-above-header-display":"","ast-hfb-below-header-display":"","ast-hfb-mobile-header-display":"","site-post-title":"","ast-breadcrumbs-content":"","ast-featured-img":"","footer-sml-layout":"","ast-disable-related-posts":"","theme-transparent-header-meta":"default","adv-header-id-meta":"","stick-header-meta":"","header-above-stick-meta":"","header-main-stick-meta":"","header-below-stick-meta":"","astra-migrate-meta-layouts":"set","ast-page-background-enabled":"default","ast-page-background-meta":{"desktop":{"background-color":"var(--ast-global-color-4)","background-image":"","background-repeat":"repeat","background-position":"center center","background-size":"auto","background-attachment":"scroll","background-type":"","background-media":"","overlay-type":"","overlay-color":"","overlay-opacity":"","overlay-gradient":""},"tablet":{"background-color":"","background-image":"","background-repeat":"repeat","background-position":"center center","background-size":"auto","background-attachment":"scroll","background-type":"","background-media":"","overlay-type":"","overlay-color":"","overlay-opacity":"","overlay-gradient":""},"mobile":{"background-color":"","background-image":"","background-repeat":"repeat","background-position":"center center","background-size":"auto","background-attachment":"scroll","background-type":"","background-media":"","overlay-type":"","overlay-color":"","overlay-opacity":"","overlay-gradient":""}},"ast-content-background-meta":{"desktop":{"background-color":"var(--ast-global-color-5)","background-image":"","background-repeat":"repeat","background-position":"center center","background-size":"auto","background-attachment":"scroll","background-type":"","background-media":"","overlay-type":"","overlay-color":"","overlay-opacity":"","overlay-gradient":""},"tablet":{"background-color":"var(--ast-global-color-5)","background-image":"","background-repeat":"repeat","background-position":"center center","background-size":"auto","background-attachment":"scroll","background-type":"","background-media":"","overlay-type":"","overlay-color":"","overlay-opacity":"","overlay-gradient":""},"mobile":{"background-color":"var(--ast-global-color-5)","background-image":"","background-repeat":"repeat","background-position":"center center","background-size":"auto","background-attachment":"scroll","background-type":"","background-media":"","overlay-type":"","overlay-color":"","overlay-opacity":"","overlay-gradient":""}}},"pwb-brand":[1020],"product_brand":[],"product_cat":[431,340],"product_tag":[],"class_list":{"0":"post-36023","1":"product","2":"type-product","3":"status-publish","4":"has-post-thumbnail","6":"pwb-brand-upower","7":"product_cat-baterias-litio-12v","8":"product_cat-baterias","9":"product_shipping_class-baterias","10":"desktop-align-left","11":"tablet-align-left","12":"mobile-align-left","13":"ast-product-gallery-layout-horizontal-slider","14":"ast-product-tabs-layout-horizontal","16":"first","17":"instock","18":"taxable","19":"shipping-taxable","20":"purchasable","21":"product-type-simple"},"wcpa_form_fields":null,"brands":[{"id":1020,"name":"Baterias Upower","slug":"alimentador"}],"_links":{"self":[{"href":"https:\/\/fvcomponentes.com\/pt\/wp-json\/wp\/v2\/product\/36023","targetHints":{"allow":["GET"]}}],"collection":[{"href":"https:\/\/fvcomponentes.com\/pt\/wp-json\/wp\/v2\/product"}],"about":[{"href":"https:\/\/fvcomponentes.com\/pt\/wp-json\/wp\/v2\/types\/product"}],"replies":[{"embeddable":true,"href":"https:\/\/fvcomponentes.com\/pt\/wp-json\/wp\/v2\/comments?post=36023"}],"wp:featuredmedia":[{"embeddable":true,"href":"https:\/\/fvcomponentes.com\/pt\/wp-json\/wp\/v2\/media\/36028"}],"wp:attachment":[{"href":"https:\/\/fvcomponentes.com\/pt\/wp-json\/wp\/v2\/media?parent=36023"}],"wp:term":[{"taxonomy":"pwb-brand","embeddable":true,"href":"https:\/\/fvcomponentes.com\/pt\/wp-json\/wp\/v2\/pwb-brand?post=36023"},{"taxonomy":"product_brand","embeddable":true,"href":"https:\/\/fvcomponentes.com\/pt\/wp-json\/wp\/v2\/product_brand?post=36023"},{"taxonomy":"product_cat","embeddable":true,"href":"https:\/\/fvcomponentes.com\/pt\/wp-json\/wp\/v2\/product_cat?post=36023"},{"taxonomy":"product_tag","embeddable":true,"href":"https:\/\/fvcomponentes.com\/pt\/wp-json\/wp\/v2\/product_tag?post=36023"}],"curies":[{"name":"wp","href":"https:\/\/api.w.org\/{rel}","templated":true}]}}