{"id":35889,"date":"2026-01-22T15:16:35","date_gmt":"2026-01-22T14:16:35","guid":{"rendered":"https:\/\/fvcomponentes.com\/?post_type=product&#038;p=35889"},"modified":"2026-01-22T15:16:37","modified_gmt":"2026-01-22T14:16:37","slug":"bateria-de-litio-upower-12v-100ah-ue-12li100","status":"publish","type":"product","link":"https:\/\/fvcomponentes.com\/pt\/producto\/bateria-de-litio-upower-12v-100ah-ue-12li100\/","title":{"rendered":"Bateria de l\u00edtio Upower 12,8V\/100Ah - UE-12Li100"},"content":{"rendered":"<h2>Bateria de l\u00edtio Upower 12,8V\/100Ah - UE-12Li100<\/h2>\n<p>A Upower 12.8V\/100Ah \u00e9 uma bateria de i\u00f5es de l\u00edtio (LiFePO\u2084) para quem procura uma forma fi\u00e1vel, duradoura e descomplicada de armazenar energia.<br \/>\n\u00c9 uma bateria muito eficiente e muito mais moderna do que as tradicionais baterias de chumbo-\u00e1cido.<\/p>\n<p>Gra\u00e7as \u00e0 sua tecnologia de l\u00edtio LiFePO\u2084, esta bateria dura muitos mais anos, \u00e9 muito mais segura e praticamente n\u00e3o necessita de manuten\u00e7\u00e3o.<br \/>\n\u00c9 ideal se pretender uma energia est\u00e1vel e esquecer as revis\u00f5es constantes.<\/p>\n<p>Na pr\u00e1tica, esta bateria d\u00e1-lhe 12 volts e uma capacidade real de 100 amperes, o que significa que pode utilizar quase toda a sua pot\u00eancia sem receio de a estragar.<br \/>\nAo contr\u00e1rio das baterias AGM ou de gel, com esta bateria n\u00e3o h\u00e1 quedas s\u00fabitas de tens\u00e3o ou perda de desempenho \u00e0 medida que a bateria se descarrega.<\/p>\n<p>Al\u00e9m disso, incorpora um sistema de prote\u00e7\u00e3o interna (BMS) que cuida do interior: evita sobrecargas, descargas excessivas, curto-circuitos ou problemas de temperatura.<br \/>\nSe o utilizarmos, ele protege-se a si pr\u00f3prio.<\/p>\n<p>\u00c9 normalmente utilizada em caravanas, campistas, barcos, autocarros de turismo, sistemas solares, ve\u00edculos el\u00e9ctricos, ilumina\u00e7\u00e3o de emerg\u00eancia, sistemas de seguran\u00e7a, equipamento que necessita de uma fonte de energia fi\u00e1vel e constante e, em geral, em qualquer lugar onde seja necess\u00e1ria uma bateria fi\u00e1vel que n\u00e3o falhe.<\/p>\n<h2>Principais carater\u00edsticas da bateria Upower 12.8V\/100Ah<\/h2>\n<h3>Tecnologia e desempenho<\/h3>\n<p>A bateria Upower funciona com uma tens\u00e3o nominal de 12,8 volts, com uma capacidade \u00fatil de 100 amperes-hora, uma capacidade m\u00e1xima de carga e descarga de at\u00e9 100 A e uma energia \u00fatil de 1.280 Wh. Em suma: d\u00e1-lhe energia durante mais tempo e utiliza quase toda ela.<br \/>\nAs suas tens\u00f5es de carga est\u00e3o adaptadas ao perfil LiFePO\u2084, com 14,6 V na fase inicial de carga (absor\u00e7\u00e3o\/grande) e 13,8 V na fase de flutua\u00e7\u00e3o (flutua\u00e7\u00e3o), enquanto a tens\u00e3o de corte de descarga \u00e9 de 10 V para proteger as c\u00e9lulas.<\/p>\n<p>O seu ciclo de vida \u00e9 superior a 2.500 ciclos a 100 % de profundidade de descarga (DoD), o que significa que pode durar at\u00e9 10 vezes mais do que muitas baterias convencionais de chumbo-\u00e1cido, pelo que tem uma vida muito longa e sem perda de desempenho.<\/p>\n<p>Al\u00e9m disso, a sua curva de descarga \u00e9 quase plana, pelo que a tens\u00e3o permanece muito est\u00e1vel quase at\u00e9 ao fim da descarga, pelo que o seu equipamento funciona igualmente bem mesmo que a bateria j\u00e1 esteja bastante descarregada.<br \/>\nIsto \u00e9 especialmente valioso em sistemas onde \u00e9 necess\u00e1ria uma fonte est\u00e1vel de 12 V para motores el\u00e9ctricos, ilumina\u00e7\u00e3o, bombas, eletr\u00f3nica ou inversores solares.<\/p>\n<h3>Conce\u00e7\u00e3o<\/h3>\n<p>A bateria Upower foi concebida num formato monobloco, utilizando c\u00e9lulas de fosfato de ferro e l\u00edtio (LiFePO\u2084). Este tipo de l\u00edtio n\u00e3o aquece facilmente nem apresenta riscos (inc\u00eandio ou falha prematura) como outros tipos de baterias, tornando-a uma escolha muito segura.<\/p>\n<p>Est\u00e1 configurado internamente com c\u00e9lulas em s\u00e9rie e em paralelo, permitindo uma distribui\u00e7\u00e3o equilibrada e uniforme da carga e um funcionamento seguro e est\u00e1vel, mesmo sob utiliza\u00e7\u00e3o intensiva.<\/p>\n<p>O seu design compacto e robusto facilita a sua instala\u00e7\u00e3o em espa\u00e7os pequenos, ocupando muito menos espa\u00e7o do que uma bateria AGM ou GEL semelhante, o que \u00e9 muito apreciado em caravanas, barcos ou instala\u00e7\u00f5es m\u00f3veis.<\/p>\n<p>Para al\u00e9m disso, esta bateria pode funcionar em configura\u00e7\u00f5es paralelas (at\u00e9 4 unidades), permitindo expandir tanto a tens\u00e3o como a capacidade total do banco de baterias de acordo com as necessidades do sistema.<\/p>\n<h3>Sistema de gest\u00e3o inteligente (BMS)<\/h3>\n<p>A Upower 12.8V\/100Ah possui um sistema inteligente de gest\u00e3o da bateria (BMS), que toma conta da bateria em todos os momentos. Controla a forma como as c\u00e9lulas internas s\u00e3o carregadas e descarregadas.<\/p>\n<p>Gra\u00e7as a este sistema, a bateria protege-se a si pr\u00f3pria e funciona sempre dentro de par\u00e2metros seguros, prolongando a sua vida \u00fatil, dando-lhe tranquilidade e assegurando ciclos de carga e descarga consistentes.<\/p>\n<p>Al\u00e9m disso, o BMS protege a bateria contra sobrecarga, descarga excessiva, curto-circuitos, temperatura excessiva e at\u00e9 mesmo condi\u00e7\u00f5es ambientais extremas, garantindo um funcionamento seguro e fi\u00e1vel durante muitos anos.<\/p>\n<h3>Gama operacional<\/h3>\n<p>A bateria Upower pode funcionar sem problemas numa vasta gama de temperaturas, tanto a carregar como a descarregar.<\/p>\n<ul>\n<li>Temperatura de <strong>carga:<\/strong> 0 \u00b0C a 45 \u00b0C<\/li>\n<li>Temperatura de <strong>descarregamento:<\/strong> de -20 \u00b0C a 60 \u00b0C<\/li>\n<\/ul>\n<p>Isto torna-o adequado tanto para utiliza\u00e7\u00e3o no interior como no exterior. Se n\u00e3o o utilizar durante algum tempo, o ideal \u00e9 guard\u00e1-lo entre -10\u00b0C e 35\u00b0C.<\/p>\n<h3>Instala\u00e7\u00e3o e manuten\u00e7\u00e3o<\/h3>\n<p>Gra\u00e7as ao seu formato de bloco \u00fanico, esta bateria \u00e9 muito f\u00e1cil e r\u00e1pida de instalar. N\u00e3o \u00e9 necess\u00e1ria qualquer configura\u00e7\u00e3o complexa ou conhecimentos t\u00e9cnicos avan\u00e7ados.<\/p>\n<p>Al\u00e9m disso, \u00e9 uma bateria que n\u00e3o necessita de manuten\u00e7\u00e3o, uma vez que n\u00e3o precisa de ventila\u00e7\u00e3o, n\u00e3o gera gases, n\u00e3o requer recarga de l\u00edquidos e n\u00e3o necessita de controlos peri\u00f3dicos, o que a torna uma op\u00e7\u00e3o muito c\u00f3moda e segura a longo prazo, especialmente em ambientes fechados ou pouco ventilados. Instala-se e esquece-se.<\/p>\n<h3>Protec\u00e7\u00f5es<\/h3>\n<p>A bateria Upower 12,8V\/100Ah est\u00e1 muito bem protegida porque tem v\u00e1rias protec\u00e7\u00f5es incorporadas que prolongam a sua vida \u00fatil e melhoram a seguran\u00e7a do sistema.<\/p>\n<p>Inclui prote\u00e7\u00e3o contra sobrecarga, descarga excessiva, sobrecorrente, curto-circuito e temperaturas extremas, al\u00e9m de componentes de seguran\u00e7a adicionais, como fus\u00edveis t\u00e9rmicos de alta temperatura, aditivos retardadores de chama e v\u00e1lvulas de al\u00edvio de press\u00e3o.<\/p>\n<p>Al\u00e9m disso, a sua caixa tem prote\u00e7\u00e3o IP65, o que significa que \u00e9 resistente ao p\u00f3 e aos salpicos de \u00e1gua, o que \u00e9 muito \u00fatil para instala\u00e7\u00f5es m\u00f3veis ou no exterior.<\/p>\n<h2>Vantagens da bateria Upower 12,8V\/100Ah<\/h2>\n<p>As vantagens desta bateria s\u00e3o muitas, entre elas:<\/p>\n<ul>\n<li>Longa vida \u00fatil.<\/li>\n<li>Seguran\u00e7a m\u00e1xima.<\/li>\n<li>Milhares de ciclos de carga e descarga.<\/li>\n<li>Utiliza-se quase 100 % da energia.<\/li>\n<li>BMS integrado.<\/li>\n<li>Configura\u00e7\u00e3o modular.<\/li>\n<li>Sem manuten\u00e7\u00e3o.<\/li>\n<li>Ampla gama t\u00e9rmica.<\/li>\n<\/ul>\n<h2>Aplica\u00e7\u00f5es t\u00edpicas da bateria Upower 12,8V\/100Ah<\/h2>\n<p>Esta bateria Upower \u00e9 ideal para uma grande variedade de aplica\u00e7\u00f5es, incluindo<\/p>\n<ul>\n<li><strong>Sistemas de armazenamento e de reserva de energia<\/strong>, para garantir a alimenta\u00e7\u00e3o el\u00e9ctrica durante as falhas de energia.<\/li>\n<li><strong>Sistemas solares residenciais e comerciais<\/strong>, A energia gerada pelos pain\u00e9is solares \u00e9 armazenada.<\/li>\n<li><strong>Equipamentos de telecomunica\u00e7\u00f5es e de rede<\/strong>, que requerem uma fonte de alimenta\u00e7\u00e3o est\u00e1vel e fi\u00e1vel.<\/li>\n<li><strong>Equipamento port\u00e1til ou de emerg\u00eancia<\/strong>, tais como sistemas de ilumina\u00e7\u00e3o, esta\u00e7\u00f5es de carregamento ou geradores port\u00e1teis.<\/li>\n<li><strong>Ve\u00edculos el\u00e9ctricos, caravanas e autocaravanas<\/strong>, quando \u00e9 necess\u00e1ria uma autonomia sem manuten\u00e7\u00e3o.<\/li>\n<li><strong>Barcos e ve\u00edculos de recreio<\/strong>, para alimentar os sistemas el\u00e9ctricos e electr\u00f3nicos de bordo.<\/li>\n<\/ul>\n<h2>Especifica\u00e7\u00f5es t\u00e9cnicas da bateria de l\u00edtio Upower 12.8V\/100Ah - UE-12Li100<\/h2>\n<table>\n<thead>\n<tr>\n<th><strong>Carater\u00edstica<\/strong><\/th>\n<th><strong>Valor<\/strong><\/th>\n<\/tr>\n<\/thead>\n<tbody>\n<tr>\n<td>Tecnologia de baterias<\/td>\n<td>LiFePO\u2084 (ferrofosfato de l\u00edtio)<\/td>\n<\/tr>\n<tr>\n<td>Tens\u00e3o nominal<\/td>\n<td>12,8 V<\/td>\n<\/tr>\n<tr>\n<td>Capacidade nominal<\/td>\n<td>100 Ah<\/td>\n<\/tr>\n<tr>\n<td>Energia total<\/td>\n<td>1.280 Wh<\/td>\n<\/tr>\n<tr>\n<td>Corrente de carga padr\u00e3o<\/td>\n<td>20 A<\/td>\n<\/tr>\n<tr>\n<td>Corrente de carga m\u00e1xima<\/td>\n<td>100 A<\/td>\n<\/tr>\n<tr>\n<td>Corrente de descarga padr\u00e3o<\/td>\n<td>20 A<\/td>\n<\/tr>\n<tr>\n<td>Corrente m\u00e1xima de descarga<\/td>\n<td>100 A<\/td>\n<\/tr>\n<tr>\n<td>Tens\u00e3o de carga<\/td>\n<td>14,6 V<\/td>\n<\/tr>\n<tr>\n<td>Capacidade m\u00ednima<\/td>\n<td>95 Ah<\/td>\n<\/tr>\n<tr>\n<td>Tens\u00e3o de corte de descarga<\/td>\n<td>10 V<\/td>\n<\/tr>\n<tr>\n<td>Resist\u00eancia interna<\/td>\n<td>\u2264 10 m\u03a9<\/td>\n<\/tr>\n<tr>\n<td>Ciclos de vida<\/td>\n<td>Mais de 2.500 ciclos<\/td>\n<\/tr>\n<tr>\n<td>Dimens\u00f5es (C \u00d7 L \u00d7 A)<\/td>\n<td>330 \u00d7 172 \u00d7 220 mm<\/td>\n<\/tr>\n<tr>\n<td>Peso<\/td>\n<td>10 kg<\/td>\n<\/tr>\n<tr>\n<td>Temperatura de carregamento<\/td>\n<td>0 \u00b0C a 45 \u00b0C<\/td>\n<\/tr>\n<tr>\n<td>Temperatura de descarga<\/td>\n<td>-20 \u00b0C a 60 \u00b0C<\/td>\n<\/tr>\n<tr>\n<td>Temperatura de armazenamento<\/td>\n<td>-10 \u00b0C a 35 \u00b0C<\/td>\n<\/tr>\n<tr>\n<td>Protec\u00e7\u00f5es (BMS)<\/td>\n<td>Sobrecarga, descarga excessiva, sobrecorrente, curto-circuito e temperatura<\/td>\n<\/tr>\n<tr>\n<td>Certifica\u00e7\u00f5es<\/td>\n<td>UN 38.8, MSDS, Certificado DG, CE<\/td>\n<\/tr>\n<\/tbody>\n<\/table>\n<h2>Bateria de l\u00edtio Upower 12,8V\/100Ah - UE-12Li100 Informa\u00e7\u00f5es t\u00e9cnicas<\/h2>\n<p><a href=\"https:\/\/fvcomponentes.com\/wp-content\/uploads\/2026\/01\/ue-12li100-ficha-tecnica-hdibattery.pdf\" target=\"_blank\" rel=\"noopener\">Folha de dados da bateria Upower 12.8V\/100Ah<\/a><\/p>\n<p><a href=\"https:\/\/fvcomponentes.com\/wp-content\/uploads\/2026\/01\/manual-usuario-ecoline.pdf\" target=\"_blank\" rel=\"noopener\">Manual da bateria Upower 12,8V\/100Ah<\/a><\/p>\n<p><a href=\"https:\/\/fvcomponentes.com\/wp-content\/uploads\/2026\/01\/Ficha-tecnica-Bateria-U-Power-UE-12Li100-3.pdf\" target=\"_blank\" rel=\"noopener\">Carater\u00edsticas t\u00e9cnicas da bateria Upower 12,8V\/100Ah<\/a><\/p>","protected":false},"excerpt":{"rendered":"<p>Tens\u00e3o nominal: 12,8 V<br \/>\nCapacidade nominal: 100 Ah<br \/>\nEnergia total: 1280 Wh<br \/>\nN\u00famero de ciclos: 2500 ciclos a 100%<\/p>","protected":false},"featured_media":35892,"comment_status":"closed","ping_status":"closed","template":"","meta":{"site-sidebar-layout":"default","site-content-layout":"","ast-site-content-layout":"default","site-content-style":"default","site-sidebar-style":"default","ast-global-header-display":"","ast-banner-title-visibility":"","ast-main-header-display":"","ast-hfb-above-header-display":"","ast-hfb-below-header-display":"","ast-hfb-mobile-header-display":"","site-post-title":"","ast-breadcrumbs-content":"","ast-featured-img":"","footer-sml-layout":"","ast-disable-related-posts":"","theme-transparent-header-meta":"default","adv-header-id-meta":"","stick-header-meta":"","header-above-stick-meta":"","header-main-stick-meta":"","header-below-stick-meta":"","astra-migrate-meta-layouts":"set","ast-page-background-enabled":"default","ast-page-background-meta":{"desktop":{"background-color":"var(--ast-global-color-4)","background-image":"","background-repeat":"repeat","background-position":"center center","background-size":"auto","background-attachment":"scroll","background-type":"","background-media":"","overlay-type":"","overlay-color":"","overlay-opacity":"","overlay-gradient":""},"tablet":{"background-color":"","background-image":"","background-repeat":"repeat","background-position":"center center","background-size":"auto","background-attachment":"scroll","background-type":"","background-media":"","overlay-type":"","overlay-color":"","overlay-opacity":"","overlay-gradient":""},"mobile":{"background-color":"","background-image":"","background-repeat":"repeat","background-position":"center center","background-size":"auto","background-attachment":"scroll","background-type":"","background-media":"","overlay-type":"","overlay-color":"","overlay-opacity":"","overlay-gradient":""}},"ast-content-background-meta":{"desktop":{"background-color":"var(--ast-global-color-5)","background-image":"","background-repeat":"repeat","background-position":"center center","background-size":"auto","background-attachment":"scroll","background-type":"","background-media":"","overlay-type":"","overlay-color":"","overlay-opacity":"","overlay-gradient":""},"tablet":{"background-color":"var(--ast-global-color-5)","background-image":"","background-repeat":"repeat","background-position":"center center","background-size":"auto","background-attachment":"scroll","background-type":"","background-media":"","overlay-type":"","overlay-color":"","overlay-opacity":"","overlay-gradient":""},"mobile":{"background-color":"var(--ast-global-color-5)","background-image":"","background-repeat":"repeat","background-position":"center center","background-size":"auto","background-attachment":"scroll","background-type":"","background-media":"","overlay-type":"","overlay-color":"","overlay-opacity":"","overlay-gradient":""}}},"pwb-brand":[1020],"product_brand":[],"product_cat":[431,340],"product_tag":[],"class_list":{"0":"post-35889","1":"product","2":"type-product","3":"status-publish","4":"has-post-thumbnail","6":"pwb-brand-upower","7":"product_cat-baterias-litio-12v","8":"product_cat-baterias","9":"product_shipping_class-baterias","10":"desktop-align-left","11":"tablet-align-left","12":"mobile-align-left","13":"ast-product-gallery-layout-horizontal-slider","14":"ast-product-tabs-layout-horizontal","16":"first","17":"instock","18":"taxable","19":"shipping-taxable","20":"purchasable","21":"product-type-simple"},"wcpa_form_fields":null,"brands":[{"id":1020,"name":"Baterias Upower","slug":"alimentador"}],"_links":{"self":[{"href":"https:\/\/fvcomponentes.com\/pt\/wp-json\/wp\/v2\/product\/35889","targetHints":{"allow":["GET"]}}],"collection":[{"href":"https:\/\/fvcomponentes.com\/pt\/wp-json\/wp\/v2\/product"}],"about":[{"href":"https:\/\/fvcomponentes.com\/pt\/wp-json\/wp\/v2\/types\/product"}],"replies":[{"embeddable":true,"href":"https:\/\/fvcomponentes.com\/pt\/wp-json\/wp\/v2\/comments?post=35889"}],"wp:featuredmedia":[{"embeddable":true,"href":"https:\/\/fvcomponentes.com\/pt\/wp-json\/wp\/v2\/media\/35892"}],"wp:attachment":[{"href":"https:\/\/fvcomponentes.com\/pt\/wp-json\/wp\/v2\/media?parent=35889"}],"wp:term":[{"taxonomy":"pwb-brand","embeddable":true,"href":"https:\/\/fvcomponentes.com\/pt\/wp-json\/wp\/v2\/pwb-brand?post=35889"},{"taxonomy":"product_brand","embeddable":true,"href":"https:\/\/fvcomponentes.com\/pt\/wp-json\/wp\/v2\/product_brand?post=35889"},{"taxonomy":"product_cat","embeddable":true,"href":"https:\/\/fvcomponentes.com\/pt\/wp-json\/wp\/v2\/product_cat?post=35889"},{"taxonomy":"product_tag","embeddable":true,"href":"https:\/\/fvcomponentes.com\/pt\/wp-json\/wp\/v2\/product_tag?post=35889"}],"curies":[{"name":"wp","href":"https:\/\/api.w.org\/{rel}","templated":true}]}}