{"id":35877,"date":"2026-01-22T15:18:09","date_gmt":"2026-01-22T14:18:09","guid":{"rendered":"https:\/\/fvcomponentes.com\/?post_type=product&#038;p=35877"},"modified":"2026-01-22T15:18:10","modified_gmt":"2026-01-22T14:18:10","slug":"bateria-de-litio-upower-12v-50ah-ue-12li50","status":"publish","type":"product","link":"https:\/\/fvcomponentes.com\/pt\/producto\/bateria-de-litio-upower-12v-50ah-ue-12li50\/","title":{"rendered":"Bateria de l\u00edtio Upower 12.8V\/50Ah - UE-12Li50"},"content":{"rendered":"<h2>Bateria de l\u00edtio Upower 12.8V\/50Ah - UE-12Li50<\/h2>\n<p>A bateria Upower 12,8 V \/ 50 Ah \u00e9 um monobloco de alto desempenho, concebido para fornecer uma solu\u00e7\u00e3o de armazenamento de energia eficiente, duradoura e segura.<\/p>\n<p>Gra\u00e7as \u00e0 sua tecnologia de fosfato de ferro e l\u00edtio (LiFePO\u2084), esta bateria tem uma longa vida \u00fatil e praticamente n\u00e3o necessita de manuten\u00e7\u00e3o.<\/p>\n<p>\u00c9 amplamente utilizado em caravanas, autocarros de turismo, ve\u00edculos el\u00e9ctricos, como motos e bicicletas, ilumina\u00e7\u00e3o de emerg\u00eancia, sistemas de seguran\u00e7a e outros equipamentos que requerem energia fi\u00e1vel.<\/p>\n<h2>Carater\u00edsticas da bateria Upower 12,8V\/50Ah<\/h2>\n<h3>Tecnologia e desempenho<\/h3>\n<p>A bateria Upower tem uma tens\u00e3o nominal de 12,8 volts, uma capacidade utiliz\u00e1vel de 50 amperes, uma capacidade de descarga de 100A e 640Wh de energia armazenada utiliz\u00e1vel.<\/p>\n<p>O seu ciclo de vida \u00e9 superior a 2.500 ciclos a 100 % de descarga (DoD), o que significa que dura at\u00e9 10 vezes mais do que muitas baterias de chumbo-\u00e1cido.<\/p>\n<p>Al\u00e9m disso, a sua curva de descarga \u00e9 quase plana, pelo que a tens\u00e3o permanece est\u00e1vel durante quase todo o ciclo, garantindo uma pot\u00eancia constante mesmo com cargas exigentes.<\/p>\n<h3>Conce\u00e7\u00e3o<\/h3>\n<p>A bateria Upower foi concebida como um bloco \u00fanico com c\u00e9lulas de fosfato de ferro e l\u00edtio (LiFePO\u2084), o que lhe confere uma elevada estabilidade t\u00e9rmica e qu\u00edmica, reduzindo consideravelmente o risco de sobreaquecimento ou de falha prematura.<\/p>\n<p>Al\u00e9m disso, est\u00e1 configurado em quatro c\u00e9lulas em s\u00e9rie (4S) e quatro em paralelo (4P), oferecendo um desempenho equilibrado e seguro.<\/p>\n<h3>Sistema de gest\u00e3o inteligente (BMS)<\/h3>\n<p>A Upower 12,8V\/50Ah disp\u00f5e de um sistema integrado de gest\u00e3o da bateria (BMS), que optimiza a bateria e equilibra automaticamente a carga das c\u00e9lulas, protegendo-a de sobrecargas e descargas excessivas.<\/p>\n<p>Isto garante uma maior durabilidade e ciclos mais seguros e uniformes.<\/p>\n<h3>Gama operacional<\/h3>\n<p>A bateria Upower pode funcionar numa vasta gama de temperaturas, tanto de carga (0 \u00b0C a 45 \u00b0C) como de descarga (-20 \u00b0C a 60 \u00b0C), o que a torna adequada para utiliza\u00e7\u00e3o no interior e no exterior.<\/p>\n<p>Para o armazenamento, recomenda-se que seja mantido entre -10 \u00b0C e 35 \u00b0C.<\/p>\n<h3>Protec\u00e7\u00f5es<\/h3>\n<p>Esta bateria possui protec\u00e7\u00f5es contra sobrecarga, descarga excessiva, sobrecorrente, curto-circuitos e temperaturas extremas, prolongando a sua vida \u00fatil.<\/p>\n<p>Para al\u00e9m de um grau de prote\u00e7\u00e3o IP65, inclui v\u00e1rias protec\u00e7\u00f5es, como fus\u00edveis t\u00e9rmicos de alta temperatura, aditivo retardador de chama e v\u00e1lvulas de al\u00edvio de press\u00e3o, para maior seguran\u00e7a.<\/p>\n<h3>Instala\u00e7\u00e3o e manuten\u00e7\u00e3o<\/h3>\n<p>O seu formato monobloco permite uma instala\u00e7\u00e3o f\u00e1cil.<\/p>\n<p>Al\u00e9m disso, esta bateria n\u00e3o necessita de manuten\u00e7\u00e3o, uma vez que n\u00e3o requer ventila\u00e7\u00e3o, recarga de eletr\u00f3lito ou manuten\u00e7\u00e3o peri\u00f3dica.<\/p>\n<h2>Utiliza\u00e7\u00f5es t\u00edpicas da bateria Upower 12.8V\/50Ah<\/h2>\n<p>Esta bateria Upower \u00e9 ideal para uma grande variedade de utiliza\u00e7\u00f5es, incluindo<\/p>\n<ul>\n<li><strong>Sistemas de armazenamento e c\u00f3pia de seguran\u00e7a<\/strong>, para assegurar a continuidade da alimenta\u00e7\u00e3o el\u00e9ctrica em caso de falha de energia.<\/li>\n<li><strong>Sistemas solares residenciais e comerciais,<\/strong> para armazenar a energia gerada pelos pain\u00e9is solares.<\/li>\n<li><strong>Equipamentos de telecomunica\u00e7\u00f5es e de rede, <\/strong>que requer uma fonte de energia eficiente e fi\u00e1vel<\/li>\n<li><strong>Ve\u00edculos el\u00e9ctricos como caravanas<\/strong>, que requer uma alimenta\u00e7\u00e3o el\u00e9ctrica isenta de manuten\u00e7\u00e3o<\/li>\n<li><span style=\"font-size: 16px;\"><strong>Equipamento port\u00e1til ou de emerg\u00eancia<\/strong>, tais como geradores port\u00e1teis, sistemas de ilumina\u00e7\u00e3o ou esta\u00e7\u00f5es de carregamento.<\/span><\/li>\n<li><span style=\"font-size: 16px;\"><strong>Barcos e ve\u00edculos de recreio<\/strong>, que requerem uma fonte de energia para os sistemas el\u00e9ctricos.<\/span><\/li>\n<\/ul>\n<h2>Especifica\u00e7\u00f5es t\u00e9cnicas da bateria de l\u00edtio Upower 12.8V\/50Ah - UE-12Li50<\/h2>\n<table>\n<thead>\n<tr>\n<th><strong>Carater\u00edstica<\/strong><\/th>\n<th><strong>Valor<\/strong><\/th>\n<\/tr>\n<\/thead>\n<tbody>\n<tr>\n<td><strong>Tecnologia de baterias<\/strong><\/td>\n<td>LiFePO\u2084 (fosfato de l\u00edtio e ferro)<\/td>\n<\/tr>\n<tr>\n<td><strong>Tens\u00e3o nominal<\/strong><\/td>\n<td>12,8 V<\/td>\n<\/tr>\n<tr>\n<td><strong>Capacidade nominal<\/strong><\/td>\n<td>50 Ah<\/td>\n<\/tr>\n<tr>\n<td><strong>Energia total<\/strong><\/td>\n<td>640 Wh<\/td>\n<\/tr>\n<tr>\n<td><strong>Corrente de carga recomendada<\/strong><\/td>\n<td>10 A<\/td>\n<\/tr>\n<tr>\n<td><strong>Corrente de carga m\u00e1xima<\/strong><\/td>\n<td>50 A<\/td>\n<\/tr>\n<tr>\n<td><strong>Corrente de descarga recomendada<\/strong><\/td>\n<td>10 A<\/td>\n<\/tr>\n<tr>\n<td><strong>Corrente m\u00e1xima de descarga<\/strong><\/td>\n<td>50 A<\/td>\n<\/tr>\n<tr>\n<td><strong>Tens\u00e3o de carga (massa\/absor\u00e7\u00e3o)<\/strong><\/td>\n<td>14,6 V<\/td>\n<\/tr>\n<tr>\n<td><strong>Capacidade m\u00ednima\u00a0<\/strong><\/td>\n<td>47,5 Ah<\/td>\n<\/tr>\n<tr>\n<td><strong>Tens\u00e3o de corte de descarga<\/strong><\/td>\n<td>10 V<\/td>\n<\/tr>\n<tr>\n<td><strong>Resist\u00eancia interna<\/strong><\/td>\n<td>\u2264 15 m\u03a9<\/td>\n<\/tr>\n<tr>\n<td><strong>Ciclos de vida\u00a0<\/strong><\/td>\n<td>2.500 ciclos a 100 % DoD<\/td>\n<\/tr>\n<tr>\n<td><strong>Dimens\u00f5es (C \u00d7 L \u00d7 A)<\/strong><\/td>\n<td>229 \u00d7 138 \u00d7 205 mm<\/td>\n<\/tr>\n<tr>\n<td><strong>Peso<\/strong><\/td>\n<td>5 kg<\/td>\n<\/tr>\n<tr>\n<td><strong>Temperatura de funcionamento - Carga<\/strong><\/td>\n<td>0 \u00b0C a 45 \u00b0C<\/td>\n<\/tr>\n<tr>\n<td><strong>Temperatura de funcionamento - Descarga<\/strong><\/td>\n<td>-20 \u00b0C a 60 \u00b0C<\/td>\n<\/tr>\n<tr>\n<td><strong>Temperatura de armazenamento<\/strong><\/td>\n<td>-10 \u00b0C a 35 \u00b0C<\/td>\n<\/tr>\n<tr>\n<td><strong>Protec\u00e7\u00f5es inclu\u00eddas (BMS)<\/strong><\/td>\n<td>Sobrecarga, descarga excessiva, sobrecorrente, curto-circuito, prote\u00e7\u00e3o t\u00e9rmica<\/td>\n<\/tr>\n<tr>\n<td><strong>Certifica\u00e7\u00f5es<\/strong><\/td>\n<td>UN 38.8, MSDS, Certificado DG, CE<\/td>\n<\/tr>\n<\/tbody>\n<\/table>\n<h2>Bateria de l\u00edtio Upower 12.8V\/50Ah - UE-12Li50 Informa\u00e7\u00f5es t\u00e9cnicas<\/h2>\n<p><a href=\"https:\/\/fvcomponentes.com\/wp-content\/uploads\/2026\/01\/ue-12li50-ficha-tecnica-hdibattery.pdf\" target=\"_blank\" rel=\"noopener\">Folha de dados da bateria Upower 12.8V\/50Ah<\/a><\/p>\n<p><a href=\"https:\/\/fvcomponentes.com\/wp-content\/uploads\/2026\/01\/manual-uso-litio-master.pdf\" target=\"_blank\" rel=\"noopener\">Manual da bateria Upower 12,8V\/50Ah<\/a><\/p>","protected":false},"excerpt":{"rendered":"<p>Tens\u00e3o nominal: 12,8 V<br \/>\nCapacidade nominal: 50 Ah<br \/>\nEnergia total: 640 Wh<br \/>\nN\u00famero de ciclos: 2500 ciclos a 100%<\/p>","protected":false},"featured_media":35887,"comment_status":"closed","ping_status":"closed","template":"","meta":{"site-sidebar-layout":"default","site-content-layout":"","ast-site-content-layout":"default","site-content-style":"default","site-sidebar-style":"default","ast-global-header-display":"","ast-banner-title-visibility":"","ast-main-header-display":"","ast-hfb-above-header-display":"","ast-hfb-below-header-display":"","ast-hfb-mobile-header-display":"","site-post-title":"","ast-breadcrumbs-content":"","ast-featured-img":"","footer-sml-layout":"","ast-disable-related-posts":"","theme-transparent-header-meta":"default","adv-header-id-meta":"","stick-header-meta":"","header-above-stick-meta":"","header-main-stick-meta":"","header-below-stick-meta":"","astra-migrate-meta-layouts":"set","ast-page-background-enabled":"default","ast-page-background-meta":{"desktop":{"background-color":"var(--ast-global-color-4)","background-image":"","background-repeat":"repeat","background-position":"center center","background-size":"auto","background-attachment":"scroll","background-type":"","background-media":"","overlay-type":"","overlay-color":"","overlay-opacity":"","overlay-gradient":""},"tablet":{"background-color":"","background-image":"","background-repeat":"repeat","background-position":"center center","background-size":"auto","background-attachment":"scroll","background-type":"","background-media":"","overlay-type":"","overlay-color":"","overlay-opacity":"","overlay-gradient":""},"mobile":{"background-color":"","background-image":"","background-repeat":"repeat","background-position":"center center","background-size":"auto","background-attachment":"scroll","background-type":"","background-media":"","overlay-type":"","overlay-color":"","overlay-opacity":"","overlay-gradient":""}},"ast-content-background-meta":{"desktop":{"background-color":"var(--ast-global-color-5)","background-image":"","background-repeat":"repeat","background-position":"center center","background-size":"auto","background-attachment":"scroll","background-type":"","background-media":"","overlay-type":"","overlay-color":"","overlay-opacity":"","overlay-gradient":""},"tablet":{"background-color":"var(--ast-global-color-5)","background-image":"","background-repeat":"repeat","background-position":"center center","background-size":"auto","background-attachment":"scroll","background-type":"","background-media":"","overlay-type":"","overlay-color":"","overlay-opacity":"","overlay-gradient":""},"mobile":{"background-color":"var(--ast-global-color-5)","background-image":"","background-repeat":"repeat","background-position":"center center","background-size":"auto","background-attachment":"scroll","background-type":"","background-media":"","overlay-type":"","overlay-color":"","overlay-opacity":"","overlay-gradient":""}}},"pwb-brand":[1020],"product_brand":[],"product_cat":[431,340],"product_tag":[],"class_list":{"0":"post-35877","1":"product","2":"type-product","3":"status-publish","4":"has-post-thumbnail","6":"pwb-brand-upower","7":"product_cat-baterias-litio-12v","8":"product_cat-baterias","9":"product_shipping_class-baterias","10":"desktop-align-left","11":"tablet-align-left","12":"mobile-align-left","13":"ast-product-gallery-layout-horizontal-slider","14":"ast-product-tabs-layout-horizontal","16":"first","17":"instock","18":"taxable","19":"shipping-taxable","20":"purchasable","21":"product-type-simple"},"wcpa_form_fields":null,"brands":[{"id":1020,"name":"Baterias Upower","slug":"alimentador"}],"_links":{"self":[{"href":"https:\/\/fvcomponentes.com\/pt\/wp-json\/wp\/v2\/product\/35877","targetHints":{"allow":["GET"]}}],"collection":[{"href":"https:\/\/fvcomponentes.com\/pt\/wp-json\/wp\/v2\/product"}],"about":[{"href":"https:\/\/fvcomponentes.com\/pt\/wp-json\/wp\/v2\/types\/product"}],"replies":[{"embeddable":true,"href":"https:\/\/fvcomponentes.com\/pt\/wp-json\/wp\/v2\/comments?post=35877"}],"wp:featuredmedia":[{"embeddable":true,"href":"https:\/\/fvcomponentes.com\/pt\/wp-json\/wp\/v2\/media\/35887"}],"wp:attachment":[{"href":"https:\/\/fvcomponentes.com\/pt\/wp-json\/wp\/v2\/media?parent=35877"}],"wp:term":[{"taxonomy":"pwb-brand","embeddable":true,"href":"https:\/\/fvcomponentes.com\/pt\/wp-json\/wp\/v2\/pwb-brand?post=35877"},{"taxonomy":"product_brand","embeddable":true,"href":"https:\/\/fvcomponentes.com\/pt\/wp-json\/wp\/v2\/product_brand?post=35877"},{"taxonomy":"product_cat","embeddable":true,"href":"https:\/\/fvcomponentes.com\/pt\/wp-json\/wp\/v2\/product_cat?post=35877"},{"taxonomy":"product_tag","embeddable":true,"href":"https:\/\/fvcomponentes.com\/pt\/wp-json\/wp\/v2\/product_tag?post=35877"}],"curies":[{"name":"wp","href":"https:\/\/api.w.org\/{rel}","templated":true}]}}