{"id":35842,"date":"2026-01-29T20:38:34","date_gmt":"2026-01-29T19:38:34","guid":{"rendered":"https:\/\/fvcomponentes.com\/?post_type=product&#038;p=35842"},"modified":"2026-04-08T21:30:13","modified_gmt":"2026-04-08T19:30:13","slug":"conversor-orion-victron-nao-isolado-de-alta-potencia-24-12-30-ori241230022","status":"publish","type":"product","link":"https:\/\/fvcomponentes.com\/pt\/producto\/convertidor-orion-victron-no-aislado-de-alta-potencia-24-12-30-ori241230022\/","title":{"rendered":"Conversor de alta pot\u00eancia n\u00e3o isolado Orion Victron 24\/12-30 - ORI241230022"},"content":{"rendered":"<h2>Conversor de alta pot\u00eancia n\u00e3o isolado Orion Victron 24\/12-30 - ORI241230022<\/h2>\n<p>O Orion 24\/12-30 \u00e9 um dispositivo compacto e robusto concebido para transformar corrente cont\u00ednua (CC) de um sistema de 24 V para um sistema de 12 V de forma est\u00e1vel e eficiente, com uma corrente de sa\u00edda at\u00e9 30 A.<\/p>\n<p>Este tipo de Orion \u00e9 utilizado em sistemas el\u00e9ctricos onde existem dois bancos de baterias com tens\u00f5es diferentes ou onde \u00e9 necess\u00e1rio alimentar dispositivos de 12 V a partir de uma fonte de 24 V.<\/p>\n<p>\u00c9 especialmente \u00fatil quando o sistema principal \u00e9 de tens\u00e3o mais elevada (24 V) e \u00e9 necess\u00e1ria uma tens\u00e3o mais baixa, mas com corrente CC suficiente dispon\u00edvel para carregar frigor\u00edficos, luzes, eletr\u00f3nica cr\u00edtica, bombas ou inversores auxiliares.<\/p>\n<p>Por exemplo, em muitos ve\u00edculos, barcos ou instala\u00e7\u00f5es solares, o banco de baterias principal pode estar a 24 V (para alimentar grandes consumidores, inversores ou motores el\u00e9ctricos), enquanto muitos acess\u00f3rios el\u00e9ctricos (luzes, sistemas de controlo, frigor\u00edficos ou equipamento de navega\u00e7\u00e3o) requerem uma tens\u00e3o est\u00e1vel de 12 V.<\/p>\n<p>O Orion recebe energia de 24 V e transforma-a em 12 V de forma fi\u00e1vel e cont\u00ednua, sem necessidade de uma fonte de alimenta\u00e7\u00e3o adicional.<\/p>\n<p>Como se trata de um conversor n\u00e3o isolado, as liga\u00e7\u00f5es da entrada negativa e da sa\u00edda negativa est\u00e3o ligadas entre si, n\u00e3o h\u00e1 separa\u00e7\u00e3o.<br \/>\nEsta configura\u00e7\u00e3o tem normalmente uma conce\u00e7\u00e3o mais simples e eficiente quando o espa\u00e7amento de massa n\u00e3o \u00e9 necess\u00e1rio na instala\u00e7\u00e3o.<\/p>\n<h2>Carater\u00edsticas do Orion 24\/12-30 sem isolamento<\/h2>\n<h3>Pot\u00eancia e efici\u00eancia<\/h3>\n<p>Este Orion tem uma entrada de 24 volts, concebida para liga\u00e7\u00e3o direta a baterias ou sistemas de 24V, e uma sa\u00edda de 12 volts com at\u00e9 30 amperes de corrente cont\u00ednua.<\/p>\n<p>Al\u00e9m disso, o Orion 24\/12-30 tem uma efici\u00eancia de um 96%, pelo que quase toda a corrente de 24V que entra nele \u00e9 emitida a 12V sem perda de pot\u00eancia significativa.<\/p>\n<h3>Configura\u00e7\u00e3o e controlo<\/h3>\n<p>O Orion 24\/12-30 permite que a tens\u00e3o de sa\u00edda seja definida dentro de um intervalo \u00fatil, pelo que pode ser utilizado como conversor DC-DC e como carregador de bateria auxiliar de 12V.<\/p>\n<p>Tamb\u00e9m possui um conetor remoto para ligar\/desligar, que permite que o dispositivo seja controlado a partir de um interrutor de baixa corrente ou do pr\u00f3prio sistema, sem a necessidade de instalar um interrutor de alta pot\u00eancia na cablagem principal.<br \/>\nEste pormenor simplifica a utiliza\u00e7\u00e3o e a instala\u00e7\u00e3o.<\/p>\n<p>Embora este modelo n\u00e3o inclua funcionalidades avan\u00e7adas, como a conetividade Bluetooth ou a monitoriza\u00e7\u00e3o baseada em aplica\u00e7\u00f5es, continua a oferecer um funcionamento est\u00e1vel e fi\u00e1vel com uma corrente quiescente reduzida.<\/p>\n<p>Al\u00e9m disso, este Orion pode ser ligado em paralelo com outros Orions semelhantes para aumentar a corrente total dispon\u00edvel quando \u00e9 necess\u00e1ria mais pot\u00eancia.<\/p>\n<h3>Compatibilidade e fiabilidade<\/h3>\n<p>O conversor Orion \u00e9 compat\u00edvel com baterias de chumbo-\u00e1cido (AGM\/GEL) e de l\u00edtio (LiFePO\u2084), oferecendo versatilidade para diferentes tipos de instala\u00e7\u00f5es.<\/p>\n<p>Al\u00e9m disso, tem uma fiabilidade muito elevada devido \u00e0 sua constru\u00e7\u00e3o Victron Blue com componentes de alta qualidade, permitindo-lhe realizar um servi\u00e7o cont\u00ednuo em condi\u00e7\u00f5es exigentes.<\/p>\n<h3>Protec\u00e7\u00f5es<\/h3>\n<p>O Orion 24\/12-30 possui prote\u00e7\u00e3o contra sobrecarga, sobretens\u00e3o, subtens\u00e3o e curto-circuito, bem como prote\u00e7\u00e3o t\u00e9rmica.<\/p>\n<p>Al\u00e9m disso, possui prote\u00e7\u00e3o IP43, que protege o dispositivo da \u00e1gua e do p\u00f3, tornando-o adequado para utiliza\u00e7\u00e3o em ve\u00edculos, barcos e ambientes t\u00e9cnicos.<\/p>\n<h2>Vantagens do conversor de alta pot\u00eancia n\u00e3o isolado Orion Victron 24\/12-30 - ORI241230022<\/h2>\n<p>Os conversores n\u00e3o isolados Orion t\u00eam uma s\u00e9rie de vantagens muito \u00fateis, entre elas<\/p>\n<ul>\n<li>Permite <strong>ligar e desligar \u00e0 dist\u00e2ncia<\/strong><\/li>\n<li>Pode <strong>ligar v\u00e1rias unidades em paralelo<\/strong> para aumentar a pot\u00eancia<\/li>\n<li>Funciona como <strong>fonte de alimenta\u00e7\u00e3o CC est\u00e1vel para cargas de 12 V<\/strong><\/li>\n<li>Tem <strong>protec\u00e7\u00f5es integradas<\/strong> que evitam danos tanto no conversor Orion como nas baterias a ele ligadas.<\/li>\n<li>Pode ser utilizado como <strong>recarregador de pilhas<\/strong> Fonte de alimenta\u00e7\u00e3o auxiliar de 12 V.<\/li>\n<\/ul>\n<h2>Utiliza\u00e7\u00e3o t\u00edpica do Orion 24\/12-30<\/h2>\n<p>O conversor Orion 24\/12-30 \u00e9 normalmente utilizado em instala\u00e7\u00f5es de:<\/p>\n<ul>\n<li><strong>Cami\u00f5es, autocaravanas e campervans<\/strong>, em que a bateria \u00e9 de 24 V mas s\u00e3o necess\u00e1rios v\u00e1rios dispositivos de 12 V.<\/li>\n<li><strong>Barcos e iates<\/strong>, onde existe um sistema de 24 V e uma rede de 12 V.<\/li>\n<li><strong>Instala\u00e7\u00f5es solares h\u00edbridas ou instala\u00e7\u00f5es com v\u00e1rios bancos de baterias<\/strong>, para alimentar cargas de 12 V a partir de pain\u00e9is ligados a uma ou mais baterias de 24 V.<\/li>\n<li><strong>Ve\u00edculos comerciais e m\u00e1quinas<\/strong>, em que os sistemas auxiliares funcionam a 12 V enquanto o resto do sistema el\u00e9trico funciona a 24 V.<\/li>\n<\/ul>\n<h2>Especifica\u00e7\u00f5es t\u00e9cnicas do inversor Orion Victron de alta pot\u00eancia n\u00e3o isolado 24\/12-30 Orion Victron - ORI241230022<\/h2>\n<table>\n<thead>\n<tr>\n<th>Carater\u00edstica<\/th>\n<th>Valor<\/th>\n<\/tr>\n<\/thead>\n<tbody>\n<tr>\n<td>Gama de tens\u00e3o de entrada<\/td>\n<td>18-35 V<\/td>\n<\/tr>\n<tr>\n<td>Subtens\u00e3o de desconex\u00e3o<\/td>\n<td>14 V<\/td>\n<\/tr>\n<tr>\n<td>Corrente de sa\u00edda cont\u00ednua<\/td>\n<td>30 A<\/td>\n<\/tr>\n<tr>\n<td>Tens\u00e3o de sa\u00edda ajust\u00e1vel<\/td>\n<td>Sim (10 V a 15 V)<\/td>\n<\/tr>\n<tr>\n<td>Efici\u00eancia<\/td>\n<td>96 %<\/td>\n<\/tr>\n<tr>\n<td>Consumo desligado<\/td>\n<td>&lt; 15mA<\/td>\n<\/tr>\n<tr>\n<td>Peso<\/td>\n<td>0,7 kg<\/td>\n<\/tr>\n<tr>\n<td>Dimens\u00f5es<\/td>\n<td>160 x 88 x 65 mm<\/td>\n<\/tr>\n<tr>\n<td>Controlo remoto<\/td>\n<td>Sim<\/td>\n<\/tr>\n<\/tbody>\n<\/table>\n<h2>Orion Victron Inversor de alta pot\u00eancia n\u00e3o isolado 24\/12-30 Informa\u00e7\u00f5es t\u00e9cnicas - ORI241230022<\/h2>\n<p><a href=\"https:\/\/fvcomponentes.com\/wp-content\/uploads\/2026\/01\/Datasheet-Orion-DC-DC-converters-high-power-non-isolated-ES.pdf\" target=\"_blank\" rel=\"noopener\">Folha de dados do conversor de alta pot\u00eancia Orion 24\/12-30<\/a><\/p>","protected":false},"excerpt":{"rendered":"<p><strong><span style=\"color: #ff9900\">Imagens de orienta\u00e7\u00e3o<\/span><\/strong><\/p>\n<p><strong>Equipamento sem Bluetooth<\/strong><\/p>\n<p>Gama de tens\u00e3o de entrada: 18-35 V<br \/>\nSubtens\u00e3o de desconex\u00e3o: 14 V<br \/>\nConsumo de energia desligado: &lt; 15mA<br \/>\nEfici\u00eancia: 96%<br \/>\nPeso: 0,70 kg<br \/>\nDimens\u00f5es: 160 x 88 x 65 mm<\/p>","protected":false},"featured_media":35948,"comment_status":"closed","ping_status":"closed","template":"","meta":{"site-sidebar-layout":"default","site-content-layout":"","ast-site-content-layout":"default","site-content-style":"default","site-sidebar-style":"default","ast-global-header-display":"","ast-banner-title-visibility":"","ast-main-header-display":"","ast-hfb-above-header-display":"","ast-hfb-below-header-display":"","ast-hfb-mobile-header-display":"","site-post-title":"","ast-breadcrumbs-content":"","ast-featured-img":"","footer-sml-layout":"","ast-disable-related-posts":"","theme-transparent-header-meta":"default","adv-header-id-meta":"","stick-header-meta":"","header-above-stick-meta":"","header-main-stick-meta":"","header-below-stick-meta":"","astra-migrate-meta-layouts":"set","ast-page-background-enabled":"default","ast-page-background-meta":{"desktop":{"background-color":"var(--ast-global-color-4)","background-image":"","background-repeat":"repeat","background-position":"center center","background-size":"auto","background-attachment":"scroll","background-type":"","background-media":"","overlay-type":"","overlay-color":"","overlay-opacity":"","overlay-gradient":""},"tablet":{"background-color":"","background-image":"","background-repeat":"repeat","background-position":"center center","background-size":"auto","background-attachment":"scroll","background-type":"","background-media":"","overlay-type":"","overlay-color":"","overlay-opacity":"","overlay-gradient":""},"mobile":{"background-color":"","background-image":"","background-repeat":"repeat","background-position":"center center","background-size":"auto","background-attachment":"scroll","background-type":"","background-media":"","overlay-type":"","overlay-color":"","overlay-opacity":"","overlay-gradient":""}},"ast-content-background-meta":{"desktop":{"background-color":"var(--ast-global-color-5)","background-image":"","background-repeat":"repeat","background-position":"center center","background-size":"auto","background-attachment":"scroll","background-type":"","background-media":"","overlay-type":"","overlay-color":"","overlay-opacity":"","overlay-gradient":""},"tablet":{"background-color":"var(--ast-global-color-5)","background-image":"","background-repeat":"repeat","background-position":"center center","background-size":"auto","background-attachment":"scroll","background-type":"","background-media":"","overlay-type":"","overlay-color":"","overlay-opacity":"","overlay-gradient":""},"mobile":{"background-color":"var(--ast-global-color-5)","background-image":"","background-repeat":"repeat","background-position":"center center","background-size":"auto","background-attachment":"scroll","background-type":"","background-media":"","overlay-type":"","overlay-color":"","overlay-opacity":"","overlay-gradient":""}}},"pwb-brand":[332],"product_brand":[],"product_cat":[419,901,865],"product_tag":[],"class_list":{"0":"post-35842","1":"product","2":"type-product","3":"status-publish","4":"has-post-thumbnail","6":"pwb-brand-victron","7":"product_cat-cargadores-de-baterias","8":"product_cat-24v-12v","9":"product_cat-convertidores","10":"desktop-align-left","11":"tablet-align-left","12":"mobile-align-left","13":"ast-product-gallery-layout-horizontal-slider","14":"ast-product-tabs-layout-horizontal","16":"first","17":"instock","18":"taxable","19":"shipping-taxable","20":"purchasable","21":"product-type-simple"},"wcpa_form_fields":null,"brands":[{"id":332,"name":"Victron Energia","slug":"victron"}],"_links":{"self":[{"href":"https:\/\/fvcomponentes.com\/pt\/wp-json\/wp\/v2\/product\/35842","targetHints":{"allow":["GET"]}}],"collection":[{"href":"https:\/\/fvcomponentes.com\/pt\/wp-json\/wp\/v2\/product"}],"about":[{"href":"https:\/\/fvcomponentes.com\/pt\/wp-json\/wp\/v2\/types\/product"}],"replies":[{"embeddable":true,"href":"https:\/\/fvcomponentes.com\/pt\/wp-json\/wp\/v2\/comments?post=35842"}],"wp:featuredmedia":[{"embeddable":true,"href":"https:\/\/fvcomponentes.com\/pt\/wp-json\/wp\/v2\/media\/35948"}],"wp:attachment":[{"href":"https:\/\/fvcomponentes.com\/pt\/wp-json\/wp\/v2\/media?parent=35842"}],"wp:term":[{"taxonomy":"pwb-brand","embeddable":true,"href":"https:\/\/fvcomponentes.com\/pt\/wp-json\/wp\/v2\/pwb-brand?post=35842"},{"taxonomy":"product_brand","embeddable":true,"href":"https:\/\/fvcomponentes.com\/pt\/wp-json\/wp\/v2\/product_brand?post=35842"},{"taxonomy":"product_cat","embeddable":true,"href":"https:\/\/fvcomponentes.com\/pt\/wp-json\/wp\/v2\/product_cat?post=35842"},{"taxonomy":"product_tag","embeddable":true,"href":"https:\/\/fvcomponentes.com\/pt\/wp-json\/wp\/v2\/product_tag?post=35842"}],"curies":[{"name":"wp","href":"https:\/\/api.w.org\/{rel}","templated":true}]}}