{"id":35809,"date":"2026-01-29T20:30:19","date_gmt":"2026-01-29T19:30:19","guid":{"rendered":"https:\/\/fvcomponentes.com\/?post_type=product&#038;p=35809"},"modified":"2026-04-08T21:35:24","modified_gmt":"2026-04-08T19:35:24","slug":"autotransformador-victron-120-240vac-50a-itr000100052","status":"publish","type":"product","link":"https:\/\/fvcomponentes.com\/pt\/producto\/autotransformador-victron-120-240vac-50a-itr000100052\/","title":{"rendered":"Autotransformador Victron 120\/240VAC-50A - ITR000100052"},"content":{"rendered":"<h2>Autotransformador Victron 120\/240VAC-50A - ITR000100052<\/h2>\n<p>O autotransformador Victron 120\/240V-50A \u00e9 basicamente um dispositivo que serve para adaptar a eletricidade quando a tens\u00e3o de que disp\u00f5e n\u00e3o corresponde \u00e0 tens\u00e3o de que o seu equipamento necessita.<\/p>\n<p>N\u00e3o gera eletricidade nem carrega baterias, actua simplesmente como um tradutor entre diferentes tens\u00f5es.<\/p>\n<p>\u00c9 muito comum em instala\u00e7\u00f5es onde s\u00e3o utilizados 120 volts e 240 volts, normalmente em navios, sistemas solares, geradores e instala\u00e7\u00f5es h\u00edbridas ou instala\u00e7\u00f5es importadas de outros pa\u00edses.<\/p>\n<p>Se alguma vez achou que \u201ca corrente n\u00e3o se ajusta\u201d ao que precisa de ligar, este dispositivo foi concebido para fazer isso mesmo, porque \u00e9 uma solu\u00e7\u00e3o fi\u00e1vel, est\u00e1vel e segura.<\/p>\n<h2>Carater\u00edsticas do Autotransformador 120\/240VAC-50A<\/h2>\n<h3>Fun\u00e7\u00e3o principal<\/h3>\n<p>A sua principal fun\u00e7\u00e3o \u00e9 converter 120 V em 240 V ou dividir corretamente um sistema de 240 V em duas linhas equilibradas de 120 V.<br \/>\nIsto permite alimentar equipamentos que funcionam com tens\u00f5es diferentes sem necessidade de mudar de inversor, gerador ou aparelho el\u00e9trico.<\/p>\n<p>Tamb\u00e9m desempenha um papel muito importante nas instala\u00e7\u00f5es com sa\u00edda de 240 V dividida em duas fases de 120 V (fase dividida), o autotransformador ajuda a equilibrar as cargas entre estas fases para que nenhum circuito fique sobrecarregado.<br \/>\nIsto melhora a estabilidade do sistema e reduz o risco de falhas el\u00e9ctricas.<\/p>\n<p>Al\u00e9m disso, nos sistemas em que a configura\u00e7\u00e3o da tens\u00e3o da rede ou do gerador varia, este dispositivo d\u00e1-lhe a flexibilidade de adaptar a sa\u00edda ao que os seus aparelhos realmente necessitam sem ter de duplicar inversores ou utilizar solu\u00e7\u00f5es mais complexas.<\/p>\n<h3>Tens\u00e3o e corrente<\/h3>\n<p>Est\u00e1 classificado at\u00e9 50 amperes, o que lhe permite lidar com uma pot\u00eancia consider\u00e1vel, suficiente para grandes instala\u00e7\u00f5es residenciais, barcos, pequenas oficinas ou sistemas solares de m\u00e9dia dimens\u00e3o.<br \/>\nN\u00e3o se trata de um pequeno dispositivo de encaixe, mas de algo concebido para funcionar de forma s\u00e9ria e cont\u00ednua.<\/p>\n<p>\u00c9 compat\u00edvel com frequ\u00eancias de 50 Hz e 60 Hz, o que lhe permite funcionar sem problemas em diferentes pa\u00edses, com diferentes geradores ou com redes el\u00e9ctricas diferentes.<\/p>\n<h3>Conce\u00e7\u00e3o<\/h3>\n<p>Este autotransformador tem uma caixa met\u00e1lica s\u00f3lida e robusta e foi concebido para instala\u00e7\u00e3o no interior.<\/p>\n<p>Tem um grau de prote\u00e7\u00e3o IP21, adequado para ambientes secos, como salas el\u00e9ctricas, arm\u00e1rios de distribui\u00e7\u00e3o ou compartimentos t\u00e9cnicos em navios.<\/p>\n<p>No interior, utiliza um transformador toroidal, que \u00e9 mais eficiente, compacto e silencioso.<br \/>\nIsto significa que tem menos perdas de energia, aquece menos e tem um funcionamento mais est\u00e1vel ao longo do tempo.<\/p>\n<p>Sendo um dispositivo passivo, n\u00e3o gera interfer\u00eancias, n\u00e3o introduz ru\u00eddo el\u00e9trico apreci\u00e1vel e requer pouca manuten\u00e7\u00e3o depois de instalado.<\/p>\n<h3>Seguran\u00e7a e prote\u00e7\u00e3o<\/h3>\n<p>O autotransformador Victron tem as suas pr\u00f3prias protec\u00e7\u00f5es, incluindo um disjuntor, que protege o sistema contra sobrecargas ou situa\u00e7\u00f5es anormais.<\/p>\n<p>Isto aumenta a seguran\u00e7a tanto do pr\u00f3prio equipamento como do resto da instala\u00e7\u00e3o el\u00e9ctrica.<\/p>\n<h3>Liga\u00e7\u00f5es e facilidade de instala\u00e7\u00e3o<\/h3>\n<p>As liga\u00e7\u00f5es s\u00e3o efectuadas atrav\u00e9s de terminais de parafuso robustos, concebidos para grandes sec\u00e7\u00f5es transversais de cabos, garantindo uma liga\u00e7\u00e3o segura, firme e duradoura, mesmo com correntes elevadas.<\/p>\n<p>O design destina-se a facilitar uma instala\u00e7\u00e3o organizada e profissional, compat\u00edvel com os quadros el\u00e9ctricos normais.<\/p>\n<h3>Compatibilidade<\/h3>\n<p>Este autotransformador \u00e9 compat\u00edvel com os sistemas Victron Energy e com equipamentos de outros fabricantes.<br \/>\n\u00c9 especialmente \u00fatil quando se trabalha com inversores que apenas fornecem 120 V mas que necessitam de alimentar equipamento de 240 V, ou quando \u00e9 necess\u00e1rio equilibrar corretamente um sistema bif\u00e1sico.<\/p>\n<p>Em barcos e autocaravanas \u00e9 particularmente \u00fatil, uma vez que pode ser ligado a diferentes tipos de alimenta\u00e7\u00e3o el\u00e9ctrica, consoante o porto, o pa\u00eds ou o gerador dispon\u00edvel, sem ter de modificar a instala\u00e7\u00e3o existente.<\/p>\n<h2>Vantagens do Autotransformador 120\/240VAC-50A<\/h2>\n<p>O Autotransformador de 50 Amp tem muitas vantagens, tais como:<\/p>\n<ul>\n<li>Permite a utiliza\u00e7\u00e3o de equipamentos com tens\u00f5es diferentes sem problemas.<\/li>\n<li>Acrescenta flexibilidade ao sistema de energia sem a necessidade de adicionar equipamento complexo ou duplicar inversores<\/li>\n<li>Melhora a efici\u00eancia e a distribui\u00e7\u00e3o de energia em sistemas de 120\/240 V.<\/li>\n<li>Ajuda a evitar problemas devido a cargas desequilibradas<\/li>\n<li>F\u00e1cil de instalar e compat\u00edvel com os sistemas Victron e outros equipamentos el\u00e9ctricos, tais como inversores ou geradores.<\/li>\n<li>Constru\u00e7\u00e3o e conce\u00e7\u00e3o duradouras para muitos anos de funcionamento cont\u00ednuo.<\/li>\n<li>Requer muito pouca manuten\u00e7\u00e3o<\/li>\n<\/ul>\n<h2>Especifica\u00e7\u00f5es t\u00e9cnicas do Autotransformador Victron 120\/240VAC-50A - ITR000100052<\/h2>\n<table>\n<thead>\n<tr>\n<th><strong>Carater\u00edstica<\/strong><\/th>\n<th><strong>Valor<\/strong><\/th>\n<\/tr>\n<\/thead>\n<tbody>\n<tr>\n<td><strong>Modelo<\/strong><\/td>\n<td>Autotransformador 120\/240VAC-50A<\/td>\n<\/tr>\n<tr>\n<td><strong>Refer\u00eancia do fabricante<\/strong><\/td>\n<td>ITR000100052<\/td>\n<\/tr>\n<tr>\n<td><strong>Tens\u00e3o de entrada \/ sa\u00edda<\/strong><\/td>\n<td>120 V \/ 240 V AC<\/td>\n<\/tr>\n<tr>\n<td><strong>Corrente nominal\u00a0<\/strong><\/td>\n<td>50 A<\/td>\n<\/tr>\n<tr>\n<td><strong>Frequ\u00eancia de funcionamento<\/strong><\/td>\n<td>50 Hz \/ 60 Hz<\/td>\n<\/tr>\n<tr>\n<td><strong>Tipo de transformador<\/strong><\/td>\n<td>Toroidal<\/td>\n<\/tr>\n<tr>\n<td><strong>Protec\u00e7\u00f5es integradas<\/strong><\/td>\n<td>Disjuntor<\/td>\n<\/tr>\n<tr>\n<td><strong>Material da caixa<\/strong><\/td>\n<td>Alum\u00ednio robusto<\/td>\n<\/tr>\n<tr>\n<td><strong>Grau de prote\u00e7\u00e3o<\/strong><\/td>\n<td>IP21 (utiliza\u00e7\u00e3o em interiores)<\/td>\n<\/tr>\n<tr>\n<td><strong>Norma de seguran\u00e7a<\/strong><\/td>\n<td>EN 60076<\/td>\n<\/tr>\n<tr>\n<td><strong>Dimens\u00f5es (altura \u00d7 largura \u00d7 profundidade)<\/strong><\/td>\n<td>110 x 214 x 375 mm<\/td>\n<\/tr>\n<tr>\n<td><strong>Peso aproximado<\/strong><\/td>\n<td>12 kg<\/td>\n<\/tr>\n<\/tbody>\n<\/table>","protected":false},"excerpt":{"rendered":"<p><span style=\"color: #ff0000;\"><strong>Dispon\u00edvel a partir de mar\u00e7o!<\/strong><\/span><\/p>\n<p>Tens\u00f5es de entrada e sa\u00edda: 120\/240V<br \/>\nDisjuntor de entrada: 50A<br \/>\nFrequ\u00eancia: 50\/60Hz<br \/>\nPeso: 12 kg<br \/>\nDimens\u00f5es: 110 x 214 x 375 mm<\/p>","protected":false},"featured_media":35811,"comment_status":"closed","ping_status":"closed","template":"","meta":{"site-sidebar-layout":"default","site-content-layout":"","ast-site-content-layout":"default","site-content-style":"default","site-sidebar-style":"default","ast-global-header-display":"","ast-banner-title-visibility":"","ast-main-header-display":"","ast-hfb-above-header-display":"","ast-hfb-below-header-display":"","ast-hfb-mobile-header-display":"","site-post-title":"","ast-breadcrumbs-content":"","ast-featured-img":"","footer-sml-layout":"","ast-disable-related-posts":"","theme-transparent-header-meta":"default","adv-header-id-meta":"","stick-header-meta":"","header-above-stick-meta":"","header-main-stick-meta":"","header-below-stick-meta":"","astra-migrate-meta-layouts":"set","ast-page-background-enabled":"default","ast-page-background-meta":{"desktop":{"background-color":"var(--ast-global-color-4)","background-image":"","background-repeat":"repeat","background-position":"center center","background-size":"auto","background-attachment":"scroll","background-type":"","background-media":"","overlay-type":"","overlay-color":"","overlay-opacity":"","overlay-gradient":""},"tablet":{"background-color":"","background-image":"","background-repeat":"repeat","background-position":"center center","background-size":"auto","background-attachment":"scroll","background-type":"","background-media":"","overlay-type":"","overlay-color":"","overlay-opacity":"","overlay-gradient":""},"mobile":{"background-color":"","background-image":"","background-repeat":"repeat","background-position":"center center","background-size":"auto","background-attachment":"scroll","background-type":"","background-media":"","overlay-type":"","overlay-color":"","overlay-opacity":"","overlay-gradient":""}},"ast-content-background-meta":{"desktop":{"background-color":"var(--ast-global-color-5)","background-image":"","background-repeat":"repeat","background-position":"center center","background-size":"auto","background-attachment":"scroll","background-type":"","background-media":"","overlay-type":"","overlay-color":"","overlay-opacity":"","overlay-gradient":""},"tablet":{"background-color":"var(--ast-global-color-5)","background-image":"","background-repeat":"repeat","background-position":"center center","background-size":"auto","background-attachment":"scroll","background-type":"","background-media":"","overlay-type":"","overlay-color":"","overlay-opacity":"","overlay-gradient":""},"mobile":{"background-color":"var(--ast-global-color-5)","background-image":"","background-repeat":"repeat","background-position":"center center","background-size":"auto","background-attachment":"scroll","background-type":"","background-media":"","overlay-type":"","overlay-color":"","overlay-opacity":"","overlay-gradient":""}}},"pwb-brand":[332],"product_brand":[],"product_cat":[895],"product_tag":[],"class_list":{"0":"post-35809","1":"product","2":"type-product","3":"status-publish","4":"has-post-thumbnail","6":"pwb-brand-victron","7":"product_cat-transformadores","8":"desktop-align-left","9":"tablet-align-left","10":"mobile-align-left","11":"ast-product-gallery-layout-horizontal-slider","12":"ast-product-gallery-with-no-image","13":"ast-product-tabs-layout-horizontal","15":"first","16":"onbackorder","17":"taxable","18":"shipping-taxable","19":"purchasable","20":"product-type-simple"},"wcpa_form_fields":null,"brands":[{"id":332,"name":"Victron Energia","slug":"victron"}],"_links":{"self":[{"href":"https:\/\/fvcomponentes.com\/pt\/wp-json\/wp\/v2\/product\/35809","targetHints":{"allow":["GET"]}}],"collection":[{"href":"https:\/\/fvcomponentes.com\/pt\/wp-json\/wp\/v2\/product"}],"about":[{"href":"https:\/\/fvcomponentes.com\/pt\/wp-json\/wp\/v2\/types\/product"}],"replies":[{"embeddable":true,"href":"https:\/\/fvcomponentes.com\/pt\/wp-json\/wp\/v2\/comments?post=35809"}],"wp:featuredmedia":[{"embeddable":true,"href":"https:\/\/fvcomponentes.com\/pt\/wp-json\/wp\/v2\/media\/35811"}],"wp:attachment":[{"href":"https:\/\/fvcomponentes.com\/pt\/wp-json\/wp\/v2\/media?parent=35809"}],"wp:term":[{"taxonomy":"pwb-brand","embeddable":true,"href":"https:\/\/fvcomponentes.com\/pt\/wp-json\/wp\/v2\/pwb-brand?post=35809"},{"taxonomy":"product_brand","embeddable":true,"href":"https:\/\/fvcomponentes.com\/pt\/wp-json\/wp\/v2\/product_brand?post=35809"},{"taxonomy":"product_cat","embeddable":true,"href":"https:\/\/fvcomponentes.com\/pt\/wp-json\/wp\/v2\/product_cat?post=35809"},{"taxonomy":"product_tag","embeddable":true,"href":"https:\/\/fvcomponentes.com\/pt\/wp-json\/wp\/v2\/product_tag?post=35809"}],"curies":[{"name":"wp","href":"https:\/\/api.w.org\/{rel}","templated":true}]}}