{"id":35700,"date":"2026-01-29T20:32:13","date_gmt":"2026-01-29T19:32:13","guid":{"rendered":"https:\/\/fvcomponentes.com\/?post_type=product&#038;p=35700"},"modified":"2026-04-08T21:38:11","modified_gmt":"2026-04-08T19:38:11","slug":"carregador-de-inversor-victron-multiplus-48v-20000va-250a-100-pmc483200400","status":"publish","type":"product","link":"https:\/\/fvcomponentes.com\/pt\/producto\/inversor-cargador-victron-multiplus-48v-20000va-250a-100-pmc483200400\/","title":{"rendered":"Carregador de Inversor Victron Multiplus 48V\/20000VA 250A-100 - PMC483200400"},"content":{"rendered":"<h2>Carregador de Inversor Victron Multiplus 48V\/20000VA 250A-100 - PMC483200400<\/h2>\n<p>O Victron MultiPlus 48V\/20000VA \u00e9 um inversor potente e muito fi\u00e1vel com carregador que combina v\u00e1rias fun\u00e7\u00f5es importantes num s\u00f3 dispositivo.<br \/>\nBasicamente, garante que tem eletricidade sempre que precisar, seja em grandes casas, empresas, barcos ou sistemas solares com baterias.<\/p>\n<p>Este inversor faz tr\u00eas coisas ao mesmo tempo: converte a energia das baterias em eletricidade, carrega essas baterias rapidamente porque \u00e9 de alta corrente e actua como um interrutor de transfer\u00eancia autom\u00e1tica (UPS) que protege os seus aparelhos em caso de falha de energia e assegura um fornecimento de energia cont\u00ednuo em todos os momentos.<br \/>\nSe a rede falhar, passa para o modo de inversor em menos de 20 milissegundos, pelo que o seu equipamento continua a funcionar sem problemas, porque mesmo o equipamento sens\u00edvel n\u00e3o se apercebe da falha.<\/p>\n<h2>Carater\u00edsticas do Victron Multiplus 48V\/20000VA<\/h2>\n<h3>Pot\u00eancia e desempenho<\/h3>\n<p>Este MultiPlus foi concebido para sistemas de baterias de 48 V e \u00e9 capaz de fornecer at\u00e9 20 kW de pot\u00eancia cont\u00ednua (suficiente para muitos dispositivos em simult\u00e2neo) e suporta picos at\u00e9 25 kW, permitindo a utiliza\u00e7\u00e3o de motores, compressores, bombas ou ferramentas profissionais que necessitem de pot\u00eancia extra para arrancar.<br \/>\nIsto significa que pode suportar cargas exigentes sem que os dispositivos se desliguem ou avariem.<\/p>\n<p>Al\u00e9m disso, tem uma efici\u00eancia de 96 %, o que significa que utiliza quase toda a energia da bateria e n\u00e3o a desperdi\u00e7a.<\/p>\n<h3>Conce\u00e7\u00e3o e constru\u00e7\u00e3o<\/h3>\n<p>O Victron MultiPlus 48V\/20000VA foi concebido com uma caixa de alum\u00ednio s\u00f3lida e resistente, concebida para utiliza\u00e7\u00e3o em interiores (prote\u00e7\u00e3o IP20) e funcionamento cont\u00ednuo em ambientes exigentes. Por outras palavras, \u00e9 um dispositivo profissional concebido para longas horas de funcionamento sem problemas.<\/p>\n<p>Al\u00e9m disso, possui ventila\u00e7\u00e3o for\u00e7ada para evitar o sobreaquecimento, prote\u00e7\u00e3o t\u00e9rmica, protec\u00e7\u00f5es el\u00e9ctricas completas (contra sobrecarga, curto-circuito e altera\u00e7\u00f5es de tens\u00e3o).<br \/>\nAs liga\u00e7\u00f5es da bateria e os terminais CA s\u00e3o robustos e seguros e cumprem as certifica\u00e7\u00f5es da ind\u00fastria europeia, garantindo fiabilidade e seguran\u00e7a a longo prazo.<\/p>\n<h3>Carregador integrado e gest\u00e3o da bateria<\/h3>\n<p>Um dos grandes pontos fortes deste inversor \u00e9 o seu carregador integrado at\u00e9 250 A, ideal para baterias grandes de 48 V. O seu sistema de carregamento funciona em 4 fases, o que ajuda a cuidar das baterias e a prolongar a sua dura\u00e7\u00e3o.<\/p>\n<p>Funciona com baterias tradicionais de chumbo-\u00e1cido (AGM\/GEL) e tamb\u00e9m com baterias de l\u00edtio (LiFePO\u2084), desde que configuradas corretamente. Isto permite que sejam recarregadas de forma r\u00e1pida e eficiente quando a energia est\u00e1 dispon\u00edvel na rede ou num gerador.<\/p>\n<h3>Fun\u00e7\u00f5es avan\u00e7adas e inteligentes<\/h3>\n<p>Este n\u00e3o \u00e9 um vulgar carregador-inversor. O MultiPlus incorpora funcionalidades avan\u00e7adas de gest\u00e3o de energia, como o PowerControl e o PowerAssist, que fazem uma grande diferen\u00e7a no dia a dia.<\/p>\n<p>A fun\u00e7\u00e3o PowerControl limita a pot\u00eancia da rede el\u00e9ctrica ou do gerador para evitar sobrecargas, utilizando a bateria quando necess\u00e1rio.<\/p>\n<p>A fun\u00e7\u00e3o PowerAssist adiciona energia da bateria se a rede ficar aqu\u00e9m da procura, evitando que os fus\u00edveis se queimem ou que os aparelhos se desliguem.<\/p>\n<p>Al\u00e9m disso, este Multiplus tem uma fun\u00e7\u00e3o UPS autom\u00e1tica, ou seja, quando ocorre uma falha na rede el\u00e9ctrica ou no gerador, muda para o modo de inversor em menos de 20 milissegundos, passando praticamente despercebido e mantendo o seu equipamento seguro.<\/p>\n<h3>Conectividade<\/h3>\n<p>Em termos de conetividade, o MultiPlus \u00e9 compat\u00edvel com os controladores Victron, como o Cerbo GX e o Ekrano GX, e permite uma monitoriza\u00e7\u00e3o e configura\u00e7\u00e3o avan\u00e7adas em tempo real atrav\u00e9s da aplica\u00e7\u00e3o VictronConnect e do portal remoto VRM.<\/p>\n<p>Gra\u00e7as \u00e0 comunica\u00e7\u00e3o VE.Bus, \u00e9 poss\u00edvel ligar v\u00e1rias unidades em paralelo (at\u00e9 4 ou mais), excedendo 60 kW de pot\u00eancia total, bem como criar sistemas trif\u00e1sicos ou instala\u00e7\u00f5es mais complexas.<\/p>\n<p>Isto significa que o sistema pode crescer ao longo do tempo, incorporando mais baterias, pain\u00e9is solares ou geradores adicionais sem ter de alterar o equipamento principal.<\/p>\n<h2>Utiliza\u00e7\u00e3o e aplica\u00e7\u00f5es comuns do Victron Multiplus 48V\/20000VA<\/h2>\n<p>Este inversor-carregador \u00e9 perfeito para locais onde \u00e9 necess\u00e1ria muita pot\u00eancia, energia fi\u00e1vel e autonomia, como por exemplo:<\/p>\n<ul>\n<li>Instala\u00e7\u00f5es solares <strong>fora da rede ou h\u00edbrido com apoio da rede<\/strong><\/li>\n<li><strong>Casas grandes<\/strong> com pain\u00e9is solares<\/li>\n<li><strong>Barcos e iates<\/strong> grande<\/li>\n<li>Pequenos centros de dados ou <strong>equipamentos que n\u00e3o podem suportar cortes de energia<\/strong><\/li>\n<li>Sistemas que combinam <strong>gerador e energia solar<\/strong><\/li>\n<li>Pequenas instala\u00e7\u00f5es <strong>comercial ou industrial<\/strong><\/li>\n<\/ul>\n<p>O Multiplus 48V\/20000VA combina assim pot\u00eancia, flexibilidade e controlo.<br \/>\n\u00c9 adequado tanto para sistemas fora da rede como para sistemas h\u00edbridos (rede, gerador e baterias) e foi concebido para aqueles que querem tranquilidade e fiabilidade energ\u00e9tica sem complica\u00e7\u00f5es.<\/p>\n<h2>Especifica\u00e7\u00f5es t\u00e9cnicas do carregador inversor Victron Multiplus 48V\/20000VA 250A-100 - PMC483200400<\/h2>\n<table>\n<thead>\n<tr>\n<th><strong>Caracter\u00edsticas<\/strong><\/th>\n<th><strong>Valores<\/strong><\/th>\n<\/tr>\n<\/thead>\n<tbody>\n<tr>\n<td><strong>Modelo<\/strong><\/td>\n<td>Victron Energy MultiPlus 48\/20000\/250-100<\/td>\n<\/tr>\n<tr>\n<td><strong>Refer\u00eancia do fabricante<\/strong><\/td>\n<td>PMC483200400<\/td>\n<\/tr>\n<tr>\n<td><strong>Tipo de equipamento<\/strong><\/td>\n<td>Inversor-carregador<\/td>\n<\/tr>\n<tr>\n<td><strong>Tens\u00e3o nominal\u00a0<\/strong><\/td>\n<td>48 V<\/td>\n<\/tr>\n<tr>\n<td><strong>Pot\u00eancia cont\u00ednua<\/strong><\/td>\n<td>20 kW<\/td>\n<\/tr>\n<tr>\n<td><strong>Pot\u00eancia de pico<\/strong><\/td>\n<td>25 kW\/1 min<\/td>\n<\/tr>\n<tr>\n<td><b>Forma de onda<\/b><\/td>\n<td>Onda sinusoidal pura<\/td>\n<\/tr>\n<tr>\n<td><strong>Gama de tens\u00e3o de entrada DC<\/strong><\/td>\n<td>38-60 V<\/td>\n<\/tr>\n<tr>\n<td><strong>Tens\u00e3o de sa\u00edda\u00a0<\/strong><\/td>\n<td>230 VAC \u00b1 2 %<\/td>\n<\/tr>\n<tr>\n<td><strong>Frequ\u00eancia de sa\u00edda<\/strong><\/td>\n<td>50 Hz \u00b1 0,1 %<\/td>\n<\/tr>\n<tr>\n<td><strong>Corrente m\u00e1xima de entrada CA<\/strong><\/td>\n<td>100 A<\/td>\n<\/tr>\n<tr>\n<td><strong>Corrente m\u00e1xima de carga da bateria <\/strong><\/td>\n<td>250 A<\/td>\n<\/tr>\n<tr>\n<td><strong>Algoritmo de carregamento<\/strong><\/td>\n<td>4 fases de adapta\u00e7\u00e3o<\/td>\n<\/tr>\n<tr>\n<td><strong>Tipos de pilhas compat\u00edveis<\/strong><\/td>\n<td>AGM, GEL e L\u00edtio (LiFePO\u2084)<\/td>\n<\/tr>\n<tr>\n<td><strong>Interruptor de transfer\u00eancia<\/strong><\/td>\n<td>Sim (\u2264 20 ms, fun\u00e7\u00e3o UPS)<\/td>\n<\/tr>\n<tr>\n<td><strong>Efici\u00eancia m\u00e1xima\u00a0<\/strong><\/td>\n<td>96 %<\/td>\n<\/tr>\n<tr>\n<td><strong>Consumo sem carga<\/strong><\/td>\n<td>65 W<\/td>\n<\/tr>\n<tr>\n<td><strong>Consumo em modo de espera<\/strong><\/td>\n<td>13 W<\/td>\n<\/tr>\n<tr>\n<td><strong>Fun\u00e7\u00f5es avan\u00e7adas<\/strong><\/td>\n<td>PowerControl e PowerAssist<\/td>\n<\/tr>\n<tr>\n<td><strong>Liga\u00e7\u00e3o em paralelo<\/strong><\/td>\n<td>Sim (at\u00e9 v\u00e1rias unidades)<\/td>\n<\/tr>\n<tr>\n<td><strong>Configura\u00e7\u00e3o trif\u00e1sica<\/strong><\/td>\n<td>Sim (com v\u00e1rias unidades)<\/td>\n<\/tr>\n<tr>\n<td><strong>Interfaces de comunica\u00e7\u00e3o<\/strong><\/td>\n<td>VE.Bus<\/td>\n<\/tr>\n<tr>\n<td><strong>Controlo da compatibilidade<\/strong><\/td>\n<td>Cerbo GX, Ekrano GX, VictronConnect e portal VRM<\/td>\n<\/tr>\n<tr>\n<td><strong>Gama de temperaturas de funcionamento<\/strong><\/td>\n<td>-40 a +65 \u00b0C<\/td>\n<\/tr>\n<tr>\n<td><strong>Grau de prote\u00e7\u00e3o<\/strong><\/td>\n<td>IP20 (utiliza\u00e7\u00e3o em interiores)<\/td>\n<\/tr>\n<tr>\n<td><strong>Refrigera\u00e7\u00e3o<\/strong><\/td>\n<td>Ventila\u00e7\u00e3o for\u00e7ada<\/td>\n<\/tr>\n<tr>\n<td><strong>Dimens\u00f5es (A \u00d7 L \u00d7 P)<\/strong><\/td>\n<td>616 \u00d7 422 \u00d7 357 mm<\/td>\n<\/tr>\n<tr>\n<td><strong>Peso<\/strong><\/td>\n<td>80 kg<\/td>\n<\/tr>\n<tr>\n<td><strong>Liga\u00e7\u00e3o da bateria <\/strong><\/td>\n<td>Quatro parafusos M8 (2 liga\u00e7\u00f5es positivas e 2 negativas)<\/td>\n<\/tr>\n<tr>\n<td><strong>Certifica\u00e7\u00f5es<\/strong><\/td>\n<td>EN-IEC<\/td>\n<\/tr>\n<\/tbody>\n<\/table>\n<h2>Informa\u00e7\u00e3o t\u00e9cnica do Carregador Inversor Victron Multiplus 48V\/20000VA 250A-100 - PMC483200400<\/h2>\n<p><a href=\"https:\/\/fvcomponentes.com\/wp-content\/uploads\/2026\/01\/Datasheet-MultiPlus-48V-20k-ES.pdf\" target=\"_blank\" rel=\"noopener\">Folha de dados do Multiplus 48V\/20000VA<\/a><\/p>\n<p><a href=\"https:\/\/fvcomponentes.com\/wp-content\/uploads\/2026\/01\/VICTRON-MULTIPLUS-230V-10KW-15KW-20KW-MANUAL-ES-1.pdf\" target=\"_blank\" rel=\"noopener\">Manual do Multiplus 48V\/20000VA<\/a><\/p>","protected":false},"excerpt":{"rendered":"<p><span style=\"color: #ff0000\"><strong>Dispon\u00edvel a partir de outubro de 2026!<\/strong><\/span><\/p>\n<p>Pot\u00eancia de pico do inversor: 25 kW\/1 min<br \/>\nTens\u00e3o de funcionamento do inversor: 48V<br \/>\nPot\u00eancia de sa\u00edda cont\u00ednua: 20 kW<br \/>\nEfici\u00eancia do inversor: 96 %<br \/>\nPeso do inversor: 80Kg<br \/>\nDimens\u00f5es do inversor: 61,6 x 42,2 x 35,7 cm<\/p>","protected":false},"featured_media":35791,"comment_status":"closed","ping_status":"closed","template":"","meta":{"site-sidebar-layout":"default","site-content-layout":"","ast-site-content-layout":"default","site-content-style":"default","site-sidebar-style":"default","ast-global-header-display":"","ast-banner-title-visibility":"","ast-main-header-display":"","ast-hfb-above-header-display":"","ast-hfb-below-header-display":"","ast-hfb-mobile-header-display":"","site-post-title":"","ast-breadcrumbs-content":"","ast-featured-img":"","footer-sml-layout":"","ast-disable-related-posts":"","theme-transparent-header-meta":"default","adv-header-id-meta":"","stick-header-meta":"","header-above-stick-meta":"","header-main-stick-meta":"","header-below-stick-meta":"","astra-migrate-meta-layouts":"set","ast-page-background-enabled":"default","ast-page-background-meta":{"desktop":{"background-color":"var(--ast-global-color-4)","background-image":"","background-repeat":"repeat","background-position":"center center","background-size":"auto","background-attachment":"scroll","background-type":"","background-media":"","overlay-type":"","overlay-color":"","overlay-opacity":"","overlay-gradient":""},"tablet":{"background-color":"","background-image":"","background-repeat":"repeat","background-position":"center center","background-size":"auto","background-attachment":"scroll","background-type":"","background-media":"","overlay-type":"","overlay-color":"","overlay-opacity":"","overlay-gradient":""},"mobile":{"background-color":"","background-image":"","background-repeat":"repeat","background-position":"center center","background-size":"auto","background-attachment":"scroll","background-type":"","background-media":"","overlay-type":"","overlay-color":"","overlay-opacity":"","overlay-gradient":""}},"ast-content-background-meta":{"desktop":{"background-color":"var(--ast-global-color-5)","background-image":"","background-repeat":"repeat","background-position":"center center","background-size":"auto","background-attachment":"scroll","background-type":"","background-media":"","overlay-type":"","overlay-color":"","overlay-opacity":"","overlay-gradient":""},"tablet":{"background-color":"var(--ast-global-color-5)","background-image":"","background-repeat":"repeat","background-position":"center center","background-size":"auto","background-attachment":"scroll","background-type":"","background-media":"","overlay-type":"","overlay-color":"","overlay-opacity":"","overlay-gradient":""},"mobile":{"background-color":"var(--ast-global-color-5)","background-image":"","background-repeat":"repeat","background-position":"center center","background-size":"auto","background-attachment":"scroll","background-type":"","background-media":"","overlay-type":"","overlay-color":"","overlay-opacity":"","overlay-gradient":""}}},"pwb-brand":[332],"product_brand":[],"product_cat":[333,334],"product_tag":[],"class_list":{"0":"post-35700","1":"product","2":"type-product","3":"status-publish","4":"has-post-thumbnail","6":"pwb-brand-victron","7":"product_cat-inversores","8":"product_cat-inversores-cargadores-48v","9":"desktop-align-left","10":"tablet-align-left","11":"mobile-align-left","12":"ast-product-gallery-layout-horizontal-slider","13":"ast-product-gallery-with-no-image","14":"ast-product-tabs-layout-horizontal","16":"first","17":"onbackorder","18":"taxable","19":"shipping-taxable","20":"purchasable","21":"product-type-simple"},"wcpa_form_fields":null,"brands":[{"id":332,"name":"Victron Energia","slug":"victron"}],"_links":{"self":[{"href":"https:\/\/fvcomponentes.com\/pt\/wp-json\/wp\/v2\/product\/35700","targetHints":{"allow":["GET"]}}],"collection":[{"href":"https:\/\/fvcomponentes.com\/pt\/wp-json\/wp\/v2\/product"}],"about":[{"href":"https:\/\/fvcomponentes.com\/pt\/wp-json\/wp\/v2\/types\/product"}],"replies":[{"embeddable":true,"href":"https:\/\/fvcomponentes.com\/pt\/wp-json\/wp\/v2\/comments?post=35700"}],"wp:featuredmedia":[{"embeddable":true,"href":"https:\/\/fvcomponentes.com\/pt\/wp-json\/wp\/v2\/media\/35791"}],"wp:attachment":[{"href":"https:\/\/fvcomponentes.com\/pt\/wp-json\/wp\/v2\/media?parent=35700"}],"wp:term":[{"taxonomy":"pwb-brand","embeddable":true,"href":"https:\/\/fvcomponentes.com\/pt\/wp-json\/wp\/v2\/pwb-brand?post=35700"},{"taxonomy":"product_brand","embeddable":true,"href":"https:\/\/fvcomponentes.com\/pt\/wp-json\/wp\/v2\/product_brand?post=35700"},{"taxonomy":"product_cat","embeddable":true,"href":"https:\/\/fvcomponentes.com\/pt\/wp-json\/wp\/v2\/product_cat?post=35700"},{"taxonomy":"product_tag","embeddable":true,"href":"https:\/\/fvcomponentes.com\/pt\/wp-json\/wp\/v2\/product_tag?post=35700"}],"curies":[{"name":"wp","href":"https:\/\/api.w.org\/{rel}","templated":true}]}}