{"id":35633,"date":"2026-01-29T20:34:30","date_gmt":"2026-01-29T19:34:30","guid":{"rendered":"https:\/\/fvcomponentes.com\/?post_type=product&#038;p=35633"},"modified":"2026-02-06T14:51:02","modified_gmt":"2026-02-06T13:51:02","slug":"disjuntor-magnetotermico-1-polo-16a-250vdc-projoy-pebs-h-63-17-01peb0013","status":"publish","type":"product","link":"https:\/\/fvcomponentes.com\/pt\/producto\/magnetotermico-1-polo-16a-250vcc-projoy-pebs-h-63-17-01peb0013\/","title":{"rendered":"Disjuntor 1 p\u00f3lo 16A 250VDC Projoy - PEBS-H-63 - 17.01PEB0013"},"content":{"rendered":"<h2>Disjuntor PEBS-H-63 1P 16A 250VDC Projoy - 17.01PEB0013<\/h2>\n<p>O PEBS-H-63 da Projoy \u00e9 um disjuntor magneto-t\u00e9rmico (MCB) em miniatura concebido para proteger os circuitos de corrente cont\u00ednua (CC) contra sobrecargas e curto-circuitos, especialmente em instala\u00e7\u00f5es fotovoltaicas, armazenamento de energia e sistemas solares.<\/p>\n<h2>Carater\u00edsticas do disjuntor PEBS-H-63 Projoy<\/h2>\n<ul>\n<li>Corrente nominal: 16A<\/li>\n<li>P\u00f3los: 1P<\/li>\n<li>Tens\u00e3o nominal: 250VDC<\/li>\n<li>Tens\u00e3o de isolamento: 1000V<\/li>\n<li>Capacidade de rutura: 6000A<\/li>\n<li>Tecnologia de acionamento: T\u00e9rmico-magn\u00e9tico<\/li>\n<li>Tens\u00e3o nominal de impulso: 6kV<\/li>\n<li>Grau de contamina\u00e7\u00e3o: 3<\/li>\n<li>Vida el\u00e9ctrica: 1000<\/li>\n<li>Vida mec\u00e2nica: 10000<\/li>\n<li>Grau de prote\u00e7\u00e3o: IP40; porta de liga\u00e7\u00e3o IP20<\/li>\n<li>Temperatura ambiente: -30\u2103 - +70\u2103<\/li>\n<li>Temperatura de armazenamento: -40\u2103 - +85\u2103<\/li>\n<li>Montagem: Concebida para montagem em calha DIN de 35 mm<\/li>\n<li>Indicadores f\u00edsicos: Incluem normalmente uma pega vis\u00edvel para o estado ON\/OFF e um sinal de disparo predefinido.<\/li>\n<li>Material da caixa: Termopl\u00e1stico, auto-extingu\u00edvel, resistente aos choques e ao calor.<\/li>\n<\/ul>\n<h2>Informa\u00e7\u00f5es t\u00e9cnicas do disjuntor PEBS-H-63 1P 16A 250VDC Projoy - 17.01PEB0013<\/h2>\n<p><a href=\"https:\/\/fvcomponentes.com\/wp-content\/uploads\/2026\/01\/Datasheet_PEBS-H-63-DC-Miniature-Circuit-BreakerV202308250V.pdf\" target=\"_blank\" rel=\"noopener\">Ficha t\u00e9cnica do disjuntor PEBS-H-63 em ingl\u00eas<\/a><\/p>\n<p><a href=\"https:\/\/fvcomponentes.com\/wp-content\/uploads\/2026\/01\/BREAKER-DC-10A-63A-PROJOY-Espanol.pdf\" target=\"_blank\" rel=\"noopener\">Ficha t\u00e9cnica do disjuntor PEBS-H-63 em ingl\u00eas<\/a><\/p>","protected":false},"excerpt":{"rendered":"<ul>\n<li>Design sem polaridade, 1P<\/li>\n<li>A vida el\u00e9ctrica pode atingir 1500 vezes<\/li>\n<li>Ics\u22656KA<\/li>\n<li>Temperatura ambiente suportada: 30\u2103 ~+70\u2103<\/li>\n<li>Em conformidade com os regulamentos de prote\u00e7\u00e3o ambiental ROHS e REACH.<\/li>\n<li>Certifica\u00e7\u00e3o TUV, CE, CB, UL, SAA<\/li>\n<\/ul>","protected":false},"featured_media":35641,"comment_status":"closed","ping_status":"closed","template":"","meta":{"site-sidebar-layout":"default","site-content-layout":"","ast-site-content-layout":"default","site-content-style":"default","site-sidebar-style":"default","ast-global-header-display":"","ast-banner-title-visibility":"","ast-main-header-display":"","ast-hfb-above-header-display":"","ast-hfb-below-header-display":"","ast-hfb-mobile-header-display":"","site-post-title":"","ast-breadcrumbs-content":"","ast-featured-img":"","footer-sml-layout":"","ast-disable-related-posts":"","theme-transparent-header-meta":"default","adv-header-id-meta":"","stick-header-meta":"","header-above-stick-meta":"","header-main-stick-meta":"","header-below-stick-meta":"","astra-migrate-meta-layouts":"set","ast-page-background-enabled":"default","ast-page-background-meta":{"desktop":{"background-color":"var(--ast-global-color-4)","background-image":"","background-repeat":"repeat","background-position":"center center","background-size":"auto","background-attachment":"scroll","background-type":"","background-media":"","overlay-type":"","overlay-color":"","overlay-opacity":"","overlay-gradient":""},"tablet":{"background-color":"","background-image":"","background-repeat":"repeat","background-position":"center center","background-size":"auto","background-attachment":"scroll","background-type":"","background-media":"","overlay-type":"","overlay-color":"","overlay-opacity":"","overlay-gradient":""},"mobile":{"background-color":"","background-image":"","background-repeat":"repeat","background-position":"center center","background-size":"auto","background-attachment":"scroll","background-type":"","background-media":"","overlay-type":"","overlay-color":"","overlay-opacity":"","overlay-gradient":""}},"ast-content-background-meta":{"desktop":{"background-color":"var(--ast-global-color-5)","background-image":"","background-repeat":"repeat","background-position":"center center","background-size":"auto","background-attachment":"scroll","background-type":"","background-media":"","overlay-type":"","overlay-color":"","overlay-opacity":"","overlay-gradient":""},"tablet":{"background-color":"var(--ast-global-color-5)","background-image":"","background-repeat":"repeat","background-position":"center center","background-size":"auto","background-attachment":"scroll","background-type":"","background-media":"","overlay-type":"","overlay-color":"","overlay-opacity":"","overlay-gradient":""},"mobile":{"background-color":"var(--ast-global-color-5)","background-image":"","background-repeat":"repeat","background-position":"center center","background-size":"auto","background-attachment":"scroll","background-type":"","background-media":"","overlay-type":"","overlay-color":"","overlay-opacity":"","overlay-gradient":""}}},"pwb-brand":[1019],"product_brand":[],"product_cat":[990,410],"product_tag":[],"class_list":{"0":"post-35633","1":"product","2":"type-product","3":"status-publish","4":"has-post-thumbnail","6":"pwb-brand-projoy","7":"product_cat-magnetotermicos","8":"product_cat-material-electrico","9":"desktop-align-left","10":"tablet-align-left","11":"mobile-align-left","12":"ast-product-gallery-layout-horizontal-slider","13":"ast-product-tabs-layout-horizontal","15":"first","16":"instock","17":"taxable","18":"shipping-taxable","19":"purchasable","20":"product-type-simple"},"wcpa_form_fields":null,"brands":[{"id":1019,"name":"Protec\u00e7\u00f5es el\u00e9ctricas ProJoy","slug":"alegria"}],"_links":{"self":[{"href":"https:\/\/fvcomponentes.com\/pt\/wp-json\/wp\/v2\/product\/35633","targetHints":{"allow":["GET"]}}],"collection":[{"href":"https:\/\/fvcomponentes.com\/pt\/wp-json\/wp\/v2\/product"}],"about":[{"href":"https:\/\/fvcomponentes.com\/pt\/wp-json\/wp\/v2\/types\/product"}],"replies":[{"embeddable":true,"href":"https:\/\/fvcomponentes.com\/pt\/wp-json\/wp\/v2\/comments?post=35633"}],"wp:featuredmedia":[{"embeddable":true,"href":"https:\/\/fvcomponentes.com\/pt\/wp-json\/wp\/v2\/media\/35641"}],"wp:attachment":[{"href":"https:\/\/fvcomponentes.com\/pt\/wp-json\/wp\/v2\/media?parent=35633"}],"wp:term":[{"taxonomy":"pwb-brand","embeddable":true,"href":"https:\/\/fvcomponentes.com\/pt\/wp-json\/wp\/v2\/pwb-brand?post=35633"},{"taxonomy":"product_brand","embeddable":true,"href":"https:\/\/fvcomponentes.com\/pt\/wp-json\/wp\/v2\/product_brand?post=35633"},{"taxonomy":"product_cat","embeddable":true,"href":"https:\/\/fvcomponentes.com\/pt\/wp-json\/wp\/v2\/product_cat?post=35633"},{"taxonomy":"product_tag","embeddable":true,"href":"https:\/\/fvcomponentes.com\/pt\/wp-json\/wp\/v2\/product_tag?post=35633"}],"curies":[{"name":"wp","href":"https:\/\/api.w.org\/{rel}","templated":true}]}}