{"id":35619,"date":"2026-01-29T20:44:20","date_gmt":"2026-01-29T19:44:20","guid":{"rendered":"https:\/\/fvcomponentes.com\/?post_type=product&#038;p=35619"},"modified":"2026-04-10T18:23:01","modified_gmt":"2026-04-10T16:23:01","slug":"cabo-monofasico-de-carregamento-de-automoveis-electricos-74kw-tipo-2-5m-304001615","status":"publish","type":"product","link":"https:\/\/fvcomponentes.com\/pt\/producto\/cable-carga-coche-electrico-monofasico-74kw-tipo-2-5m-304001615\/","title":{"rendered":"Cabo monof\u00e1sico de carregamento de autom\u00f3veis el\u00e9ctricos 7,4kW Tipo 2 5m - 304001615"},"content":{"rendered":"<h2>Cabo monof\u00e1sico de carregamento de autom\u00f3veis el\u00e9ctricos 7,4kW Tipo 2 5m - 304001615<\/h2>\n<p>Este cabo de carregamento foi concebido para o carregamento em corrente alternada (CA) de ve\u00edculos el\u00e9ctricos e ve\u00edculos h\u00edbridos plug-in, utilizando a norma europeia Tipo 2 (IEC 62196-2) em ambas as extremidades.<\/p>\n<p>O cabo de carregamento monof\u00e1sico de 7,4kW Tipo 2 tem um comprimento de 5 metros, o que permite um bom alcance entre o ponto de carregamento e o ve\u00edculo.<\/p>\n<p>Al\u00e9m disso, \u00e9 fabricado com materiais flex\u00edveis e resistentes, o que facilita o seu manuseamento di\u00e1rio.<\/p>\n<h2>Carater\u00edsticas do cabo de carregamento<\/h2>\n<h3>Utiliza\u00e7\u00e3o e compatibilidade<\/h3>\n<p>Este cabo \u00e9 compat\u00edvel com a maior parte dos autom\u00f3veis el\u00e9ctricos europeus e com os pontos de carregamento dom\u00e9sticos ou p\u00fablicos que aceitam esta norma, e destina-se a instala\u00e7\u00f5es dom\u00e9sticas ou comerciais com alimenta\u00e7\u00e3o el\u00e9ctrica monof\u00e1sica t\u00edpica (230 V).<\/p>\n<p>Tem uma pot\u00eancia de at\u00e9 7,4 kW, o que permite um carregamento relativamente r\u00e1pido e eficiente, tirando o m\u00e1ximo partido de uma instala\u00e7\u00e3o dom\u00e9stica monof\u00e1sica de 32 A.<\/p>\n<h3>Durabilidade e utiliza\u00e7\u00e3o no exterior<\/h3>\n<p>O cabo e os conectores foram concebidos para uma utiliza\u00e7\u00e3o quotidiana, com resist\u00eancia \u00e0s condi\u00e7\u00f5es ambientais t\u00edpicas (temperaturas de ambientes negativos a quentes) e um grau de prote\u00e7\u00e3o contra poeiras e salpicos.<\/p>\n<p>Al\u00e9m disso, devido \u00e0 sua robustez, pode ser utilizado tanto em garagens interiores como exteriores (resistente \u00e0 tor\u00e7\u00e3o e ao desgaste devido \u00e0 utiliza\u00e7\u00e3o frequente).<\/p>\n<h2>Vantagens do cabo de carregamento<\/h2>\n<ul>\n<li>Permite-lhe carregar o seu ve\u00edculo, desde que o ponto de carregamento e o autom\u00f3vel tenham um conetor de tipo 2.<\/li>\n<li>Ideal para uso dom\u00e9stico e urbano, tanto em garagens como em esta\u00e7\u00f5es semi-p\u00fablicas.<\/li>\n<li>Design equilibrado entre comprimento, flexibilidade e resist\u00eancia<\/li>\n<\/ul>\n<h2>Especifica\u00e7\u00f5es t\u00e9cnicas do Cabo de carregamento monof\u00e1sico para ve\u00edculos el\u00e9ctricos 7,4kW Tipo 2 5m - 304001615<\/h2>\n<table>\n<thead>\n<tr>\n<th><strong>Especifica\u00e7\u00f5es t\u00e9cnicas<\/strong><\/th>\n<th><strong>Detalhes<\/strong><\/th>\n<\/tr>\n<\/thead>\n<tbody>\n<tr>\n<td><strong>Modelo<\/strong><\/td>\n<td>Cabo de carregamento monof\u00e1sico de 7,4kW Tipo 2 de 5m<\/td>\n<\/tr>\n<tr>\n<td><strong>Refer\u00eancia<\/strong><\/td>\n<td>304001615<\/td>\n<\/tr>\n<tr>\n<td><strong>Conectores<\/strong><\/td>\n<td>Tipo 2 (IEC 62196-2) - ambas as extremidades<\/td>\n<\/tr>\n<tr>\n<td><strong>Modo de carregamento<\/strong><\/td>\n<td>Modo 3<\/td>\n<\/tr>\n<tr>\n<td><strong>Fases<\/strong><\/td>\n<td>Monof\u00e1sico (1 fase)<\/td>\n<\/tr>\n<tr>\n<td><strong>Pot\u00eancia m\u00e1xima<\/strong><\/td>\n<td>7,4 kW<\/td>\n<\/tr>\n<tr>\n<td><strong>Corrente m\u00e1xima<\/strong><\/td>\n<td>32 A<\/td>\n<\/tr>\n<tr>\n<td><strong>Tens\u00e3o nominal<\/strong><\/td>\n<td>230 V AC monof\u00e1sico<\/td>\n<\/tr>\n<tr>\n<td><strong>Comprimento do cabo<\/strong><\/td>\n<td>5 metros<\/td>\n<\/tr>\n<tr>\n<td><strong>Temperatura de funcionamento<\/strong><\/td>\n<td>Aproximadamente -30 \u00b0C a +50 \u00b0C<\/td>\n<\/tr>\n<tr>\n<td><strong>Grau de prote\u00e7\u00e3o<\/strong><\/td>\n<td>IP44\/IP54<\/td>\n<\/tr>\n<tr>\n<td><strong>Material do cabo<\/strong><\/td>\n<td>Cabo flex\u00edvel (resistente a dobras e aos raios UV)<\/td>\n<\/tr>\n<tr>\n<td><strong>Regulamentos \/ normas<\/strong><\/td>\n<td>IEC 62196-2 \/ EC<\/td>\n<\/tr>\n<tr>\n<td><strong>Peso aproximado<\/strong><\/td>\n<td>2,55 kg<\/td>\n<\/tr>\n<\/tbody>\n<\/table>","protected":false},"excerpt":{"rendered":"<ul>\n<li>Marca: Autel<\/li>\n<li>Fase: Monof\u00e1sica<\/li>\n<li>Pot\u00eancia m\u00e1xima: 7,4 kW<\/li>\n<li>Categoria: Cabo tipo 2<\/li>\n<li>Cabo: 5 metros<\/li>\n<li>Dete\u00e7\u00e3o de fugas DC: N\u00e3o<\/li>\n<li>Dimens\u00f5es: 39 x 39 x 9 cm<\/li>\n<li>Peso: 2,55 kg<\/li>\n<\/ul>","protected":false},"featured_media":35621,"comment_status":"closed","ping_status":"closed","template":"","meta":{"site-sidebar-layout":"default","site-content-layout":"","ast-site-content-layout":"default","site-content-style":"default","site-sidebar-style":"default","ast-global-header-display":"","ast-banner-title-visibility":"","ast-main-header-display":"","ast-hfb-above-header-display":"","ast-hfb-below-header-display":"","ast-hfb-mobile-header-display":"","site-post-title":"","ast-breadcrumbs-content":"","ast-featured-img":"","footer-sml-layout":"","ast-disable-related-posts":"","theme-transparent-header-meta":"default","adv-header-id-meta":"","stick-header-meta":"","header-above-stick-meta":"","header-main-stick-meta":"","header-below-stick-meta":"","astra-migrate-meta-layouts":"set","ast-page-background-enabled":"default","ast-page-background-meta":{"desktop":{"background-color":"var(--ast-global-color-4)","background-image":"","background-repeat":"repeat","background-position":"center center","background-size":"auto","background-attachment":"scroll","background-type":"","background-media":"","overlay-type":"","overlay-color":"","overlay-opacity":"","overlay-gradient":""},"tablet":{"background-color":"","background-image":"","background-repeat":"repeat","background-position":"center center","background-size":"auto","background-attachment":"scroll","background-type":"","background-media":"","overlay-type":"","overlay-color":"","overlay-opacity":"","overlay-gradient":""},"mobile":{"background-color":"","background-image":"","background-repeat":"repeat","background-position":"center center","background-size":"auto","background-attachment":"scroll","background-type":"","background-media":"","overlay-type":"","overlay-color":"","overlay-opacity":"","overlay-gradient":""}},"ast-content-background-meta":{"desktop":{"background-color":"var(--ast-global-color-5)","background-image":"","background-repeat":"repeat","background-position":"center center","background-size":"auto","background-attachment":"scroll","background-type":"","background-media":"","overlay-type":"","overlay-color":"","overlay-opacity":"","overlay-gradient":""},"tablet":{"background-color":"var(--ast-global-color-5)","background-image":"","background-repeat":"repeat","background-position":"center center","background-size":"auto","background-attachment":"scroll","background-type":"","background-media":"","overlay-type":"","overlay-color":"","overlay-opacity":"","overlay-gradient":""},"mobile":{"background-color":"var(--ast-global-color-5)","background-image":"","background-repeat":"repeat","background-position":"center center","background-size":"auto","background-attachment":"scroll","background-type":"","background-media":"","overlay-type":"","overlay-color":"","overlay-opacity":"","overlay-gradient":""}}},"pwb-brand":[],"product_brand":[],"product_cat":[385],"product_tag":[],"class_list":{"0":"post-35619","1":"product","2":"type-product","3":"status-publish","4":"has-post-thumbnail","6":"product_cat-cargadores-para-vehiculo-electrico","7":"desktop-align-left","8":"tablet-align-left","9":"mobile-align-left","10":"ast-product-gallery-layout-horizontal-slider","11":"ast-product-tabs-layout-horizontal","13":"first","14":"instock","15":"taxable","16":"shipping-taxable","17":"purchasable","18":"product-type-simple"},"wcpa_form_fields":null,"brands":[],"_links":{"self":[{"href":"https:\/\/fvcomponentes.com\/pt\/wp-json\/wp\/v2\/product\/35619","targetHints":{"allow":["GET"]}}],"collection":[{"href":"https:\/\/fvcomponentes.com\/pt\/wp-json\/wp\/v2\/product"}],"about":[{"href":"https:\/\/fvcomponentes.com\/pt\/wp-json\/wp\/v2\/types\/product"}],"replies":[{"embeddable":true,"href":"https:\/\/fvcomponentes.com\/pt\/wp-json\/wp\/v2\/comments?post=35619"}],"wp:featuredmedia":[{"embeddable":true,"href":"https:\/\/fvcomponentes.com\/pt\/wp-json\/wp\/v2\/media\/35621"}],"wp:attachment":[{"href":"https:\/\/fvcomponentes.com\/pt\/wp-json\/wp\/v2\/media?parent=35619"}],"wp:term":[{"taxonomy":"pwb-brand","embeddable":true,"href":"https:\/\/fvcomponentes.com\/pt\/wp-json\/wp\/v2\/pwb-brand?post=35619"},{"taxonomy":"product_brand","embeddable":true,"href":"https:\/\/fvcomponentes.com\/pt\/wp-json\/wp\/v2\/product_brand?post=35619"},{"taxonomy":"product_cat","embeddable":true,"href":"https:\/\/fvcomponentes.com\/pt\/wp-json\/wp\/v2\/product_cat?post=35619"},{"taxonomy":"product_tag","embeddable":true,"href":"https:\/\/fvcomponentes.com\/pt\/wp-json\/wp\/v2\/product_tag?post=35619"}],"curies":[{"name":"wp","href":"https:\/\/api.w.org\/{rel}","templated":true}]}}