{"id":35606,"date":"2026-01-29T20:46:38","date_gmt":"2026-01-29T19:46:38","guid":{"rendered":"https:\/\/fvcomponentes.com\/?post_type=product&#038;p=35606"},"modified":"2026-01-29T20:46:41","modified_gmt":"2026-01-29T19:46:41","slug":"bateria-de-litio-512v-16kwh-lifepo4-pytes-v16-110402100209","status":"publish","type":"product","link":"https:\/\/fvcomponentes.com\/pt\/producto\/bateria-de-litio-512v-16kwh-lifepo4-pytes-v16-110402100209\/","title":{"rendered":"Bateria de l\u00edtio LiFePO4 Pytes V16 de 51,2V\/16kWh - 110402100209"},"content":{"rendered":"<h2>Bateria de l\u00edtio LiFePO4 Pytes V16 de 51,2V\/16kWh - 110402100209<\/h2>\n<p>A Pytes V16 \u00e9 uma bateria de armazenamento de energia de i\u00f5es de l\u00edtio LiFePO\u2084 de alto desempenho, classificada para exteriores, equipada com c\u00e9lulas de alta qualidade de n\u00edvel autom\u00f3vel Tier 1, certifica\u00e7\u00e3o IP66 e sistema integrado de supress\u00e3o de inc\u00eandios.<\/p>\n<p>Com uma capacidade de 16 kWh e 314 Ah, esta bateria pode ser instalada na parede ou no ch\u00e3o e oferece energia de reserva fi\u00e1vel e armazenamento de energia escal\u00e1vel.<br \/>\nPodem ser ligadas em paralelo at\u00e9 16 unidades (at\u00e9 cerca de 256 kWh) e inclui um par de cabos bateria-inversor (positivo e negativo de 2 metros).<\/p>\n<p>O Pytes V16 garante uma longa vida \u00fatil, maior seguran\u00e7a e um desempenho est\u00e1vel.<\/p>\n<h2>Carater\u00edsticas da bateria do Pytes V16<\/h2>\n<h3>Conce\u00e7\u00e3o<\/h3>\n<p>O Pytes V16 apresenta um design compacto e robusto para um desempenho consistente mesmo com ciclos de carga e descarga profundos.<\/p>\n<p>Esta bateria foi concebida para suportar ciclos solares di\u00e1rios, cargas de reserva elevadas e condi\u00e7\u00f5es climat\u00e9ricas extremas.<br \/>\nDisp\u00f5e de um arm\u00e1rio com capacidade para exteriores, de um aquecedor integrado para carregamento em tempo frio (mesmo at\u00e9 -20\u00b0C) e de sistemas de seguran\u00e7a avan\u00e7ados, ao mesmo tempo que oferece uma integra\u00e7\u00e3o perfeita em circuito fechado com numerosos inversores convencionais.<\/p>\n<p>Al\u00e9m disso, a sua qu\u00edmica LiFePO\u2084 (LFP) oferece uma elevada estabilidade t\u00e9rmica, elevada seguran\u00e7a e uma longa vida \u00fatil.<\/p>\n<h3>Seguran\u00e7a integrada<\/h3>\n<p>O Pytes V16 possui m\u00faltiplas carater\u00edsticas de seguran\u00e7a, tais como protec\u00e7\u00f5es contra sobrecarga, descarga excessiva, sobrecorrente e curto-circuito, um encerramento de emerg\u00eancia para desligar a bateria em caso de avaria e um mecanismo de seguran\u00e7a contra inc\u00eandios (sistema interno de extin\u00e7\u00e3o de inc\u00eandios por aerossol e um respiradouro de seguran\u00e7a).<\/p>\n<p>Esta bateria inclui um sistema avan\u00e7ado de gest\u00e3o da bateria (BMS) que proporciona uma prote\u00e7\u00e3o adicional, equilibrando as c\u00e9lulas, limitando a corrente de carga e descarga e registando as informa\u00e7\u00f5es da bateria num registo do sistema.<\/p>\n<p>Al\u00e9m disso, a bateria V16 tem prote\u00e7\u00e3o IP66 e resist\u00eancia \u00e0 corros\u00e3o C4-M, o que a torna resistente ao p\u00f3 e \u00e0 \u00e1gua (mesmo a jactos de \u00e1gua potentes), permitindo instala\u00e7\u00f5es no interior e no exterior sem comprometer a durabilidade.<\/p>\n<h3>Conectividade<\/h3>\n<p>O Pytes V16 comunica com inversores e controladores atrav\u00e9s de m\u00faltiplas interfaces, tais como CAN, RS485, RS232, Contacto seco e Wi-Fi, para monitoriza\u00e7\u00e3o e controlo remoto.<\/p>\n<h3>Instala\u00e7\u00e3o e escalabilidade<\/h3>\n<p>A bobina V16 pode ser montada na parede ou no ch\u00e3o, simplificando a instala\u00e7\u00e3o e mantendo a durabilidade e a efici\u00eancia.<\/p>\n<p>Al\u00e9m disso, o Pytes V16 tem a possibilidade de ligar at\u00e9 16 unidades em paralelo, para uma capacidade m\u00e1xima de armazenamento de 256 kWh no total, sem necessidade de hardware adicional.<\/p>\n<h3>Dura\u00e7\u00e3o e garantia<\/h3>\n<p>Esta bateria tem um ciclo de vida de mais de 8.000 ciclos a 90 % de profundidade de descarga (DOD), o que significa mais de uma d\u00e9cada de utiliza\u00e7\u00e3o cont\u00ednua em condi\u00e7\u00f5es normais.<\/p>\n<p>Al\u00e9m disso, inclui uma garantia de 10 anos com apoio do fabricante.<\/p>\n<h2>Compatibilidade da bateria de l\u00edtio Pytes V16 - 110402100209<\/h2>\n<p>O Pytes V16 possui um circuito de comunica\u00e7\u00e3o fechado, o que garante a sua integra\u00e7\u00e3o e compatibilidade com a maioria dos inversores e sistemas de gest\u00e3o de energia modernos, facilitando configura\u00e7\u00f5es complexas ou expans\u00f5es futuras.<br \/>\nIsto torna-o uma op\u00e7\u00e3o vers\u00e1til para aplica\u00e7\u00f5es solares fora da rede, h\u00edbridas e ligadas \u00e0 rede.<\/p>\n<h2>Aplica\u00e7\u00f5es e utiliza\u00e7\u00f5es da bateria Pytes V16<\/h2>\n<p>O Pytes V16 \u00e9 ideal para:<\/p>\n<ul>\n<li><strong>Sistemas solares fotovoltaicos com armazenamento<\/strong> para autoconsumo diurno e reserva nocturna.<\/li>\n<li><strong>Reserva de emerg\u00eancia<\/strong> para as fam\u00edlias e as pequenas empresas.<\/li>\n<li><strong>Sistemas solares h\u00edbridos<\/strong> <strong>ou fora da rede<\/strong> com inversores que suportam comunica\u00e7\u00e3o CAN\/RS485\/Wi-Fi.<\/li>\n<li><strong>Instala\u00e7\u00f5es industriais ligeiras<\/strong> que exigem um elevado n\u00famero de ciclos e uma longa fiabilidade.<\/li>\n<li><strong>Instala\u00e7\u00f5es em climas frios<\/strong> uma vez que o aquecimento interno ajuda a manter o desempenho do carregamento a baixas temperaturas.<\/li>\n<li><strong>Instala\u00e7\u00f5es costeiras\/offshore<\/strong> porque a caixa da V16 \u00e9 resistente \u00e0 corros\u00e3o e tem a classifica\u00e7\u00e3o IP66 para suportar ambientes mais hostis.<\/li>\n<\/ul>\n<h2>Especifica\u00e7\u00f5es t\u00e9cnicas da bateria de l\u00edtio 51.2V\/16kWh LiFePO4 Pytes V16 - 110402100209<\/h2>\n<table>\n<thead>\n<tr>\n<th><strong>Categoria<\/strong><\/th>\n<th><strong>Especifica\u00e7\u00e3o<\/strong><\/th>\n<\/tr>\n<\/thead>\n<tbody>\n<tr>\n<td><strong>Modelo<\/strong><\/td>\n<td>Pytes V16<\/td>\n<\/tr>\n<tr>\n<td><strong>Qu\u00edmica<\/strong><\/td>\n<td>LiFePO\u2084 (fosfato de l\u00edtio e ferro)<\/td>\n<\/tr>\n<tr>\n<td><strong>Tens\u00e3o nominal<\/strong><\/td>\n<td>51,2 V<\/td>\n<\/tr>\n<tr>\n<td><strong>Gama de tens\u00f5es de funcionamento<\/strong><\/td>\n<td>46,5 V - 56,8 V<\/td>\n<\/tr>\n<tr>\n<td><strong>Capacidade nominal<\/strong><\/td>\n<td>314 Ah<\/td>\n<\/tr>\n<tr>\n<td><strong>Energia nominal<\/strong><\/td>\n<td>16 kWh<\/td>\n<\/tr>\n<tr>\n<td><strong>Corrente de carga recomendada<\/strong><\/td>\n<td>125 A<\/td>\n<\/tr>\n<tr>\n<td><strong>Corrente de descarga recomendada<\/strong><\/td>\n<td>150 A<\/td>\n<\/tr>\n<tr>\n<td><strong>Corrente cont\u00ednua m\u00e1x.<\/strong><\/td>\n<td>200 A<\/td>\n<\/tr>\n<tr>\n<td><strong>Corrente de pico (descarga)<\/strong><\/td>\n<td>300 A durante 15 s<\/td>\n<\/tr>\n<tr>\n<td><strong>Pot\u00eancia nominal<\/strong><\/td>\n<td>500 W<\/td>\n<\/tr>\n<tr>\n<td><strong>Dimens\u00f5es (L\u00d7P\u00d7A)<\/strong><\/td>\n<td>688,4 \u00d7 260 \u00d7 700 mm<\/td>\n<\/tr>\n<tr>\n<td><strong>Peso<\/strong><\/td>\n<td>130,5 kg<\/td>\n<\/tr>\n<tr>\n<td><strong>Prote\u00e7\u00e3o do ambiente (IP)<\/strong><\/td>\n<td>IP66<\/td>\n<\/tr>\n<tr>\n<td><strong>M\u00e9todo de montagem<\/strong><\/td>\n<td>Parede ou ch\u00e3o (suporte opcional)<\/td>\n<\/tr>\n<tr>\n<td><strong>Terminal de alimenta\u00e7\u00e3o<\/strong><\/td>\n<td>Conectores DC Phoenix Plug&amp;Play<\/td>\n<\/tr>\n<tr>\n<td><strong>Comunica\u00e7\u00e3o \/ Interfaces<\/strong><\/td>\n<td>CAN, RS485, RS232, Contacto seco, Wi-Fi<\/td>\n<\/tr>\n<tr>\n<td><strong>Vida \u00fatil (ciclos)<\/strong><\/td>\n<td>\u2265 8 000 ciclos (90 % DoD)<\/td>\n<\/tr>\n<tr>\n<td><strong>Garantia<\/strong><\/td>\n<td>10 anos (ou ciclos equivalentes)<\/td>\n<\/tr>\n<tr>\n<td><strong>Temperatura de carregamento<\/strong><\/td>\n<td>0 \u00b0C - 55 \u00b0C<\/td>\n<\/tr>\n<tr>\n<td><strong>Temperatura de descarga<\/strong><\/td>\n<td>-20 \u00b0C - 55 \u00b0C<\/td>\n<\/tr>\n<tr>\n<td><strong>Altitude de funcionamento recomendada<\/strong><\/td>\n<td>\u2264 3000 m<\/td>\n<\/tr>\n<tr>\n<td><strong>Humidade relativa<\/strong><\/td>\n<td>0 - 95 % (sem condensa\u00e7\u00e3o)<\/td>\n<\/tr>\n<tr>\n<td><strong>Certifica\u00e7\u00f5es \/ conformidade<\/strong><\/td>\n<td>UL 9540 Ed.3 (2023), UL9540A, UL 1973, UN 38.3<\/td>\n<\/tr>\n<\/tbody>\n<\/table>\n<h2>Informa\u00e7\u00f5es t\u00e9cnicas sobre a bateria de l\u00edtio LiFePO4 Pytes V16 de 51,2V\/16kWh - 110402100209<\/h2>\n<p><a href=\"https:\/\/fvcomponentes.com\/wp-content\/uploads\/2026\/01\/5fb27d4fad05476107cf7a7753d18bbe-1.pdf\" target=\"_blank\" rel=\"noopener\">Folha de dados da bateria Pytes V16<\/a><\/p>\n<p><a href=\"https:\/\/fvcomponentes.com\/wp-content\/uploads\/2026\/01\/pytes-v16-manual.pdf\" target=\"_blank\" rel=\"noopener\">Manual da bateria Pytes V16<\/a><\/p>\n<p><a href=\"https:\/\/fvcomponentes.com\/wp-content\/uploads\/2026\/01\/5a587e321752ad652bd435e95d7be7867267f81aad54e35453d9068eaf244bc1_optim.pdf\" target=\"_blank\" rel=\"noopener\">Guia de instala\u00e7\u00e3o da bateria Pytes V16<\/a><\/p>","protected":false},"excerpt":{"rendered":"<p><span style=\"color: #ff0000;\">DISPON\u00cdVEL EM BREVE, CONTACTE-NOS.<\/span><\/p>\n<ul>\n<li>Tens\u00e3o nominal: 51,2 V<\/li>\n<li>Energia nominal: 16 kWh<\/li>\n<li>Gama de tens\u00f5es: 314 Ah<\/li>\n<li>Corrente de carga\/descarga recomendada: 200 A<\/li>\n<li>Gama de temperaturas de funcionamento: -20\u00b0C - +55\u00b0C<\/li>\n<li>Ciclos de vida: 8.000<\/li>\n<li>Peso: 130,5 kg<\/li>\n<li>Dimens\u00f5es: 68,84 x 26 x 70 cm<\/li>\n<li>Garantia: 10 anos<\/li>\n<\/ul>","protected":false},"featured_media":35616,"comment_status":"closed","ping_status":"closed","template":"","meta":{"site-sidebar-layout":"default","site-content-layout":"","ast-site-content-layout":"default","site-content-style":"default","site-sidebar-style":"default","ast-global-header-display":"","ast-banner-title-visibility":"","ast-main-header-display":"","ast-hfb-above-header-display":"","ast-hfb-below-header-display":"","ast-hfb-mobile-header-display":"","site-post-title":"","ast-breadcrumbs-content":"","ast-featured-img":"","footer-sml-layout":"","ast-disable-related-posts":"","theme-transparent-header-meta":"default","adv-header-id-meta":"","stick-header-meta":"","header-above-stick-meta":"","header-main-stick-meta":"","header-below-stick-meta":"","astra-migrate-meta-layouts":"set","ast-page-background-enabled":"default","ast-page-background-meta":{"desktop":{"background-color":"var(--ast-global-color-4)","background-image":"","background-repeat":"repeat","background-position":"center center","background-size":"auto","background-attachment":"scroll","background-type":"","background-media":"","overlay-type":"","overlay-color":"","overlay-opacity":"","overlay-gradient":""},"tablet":{"background-color":"","background-image":"","background-repeat":"repeat","background-position":"center center","background-size":"auto","background-attachment":"scroll","background-type":"","background-media":"","overlay-type":"","overlay-color":"","overlay-opacity":"","overlay-gradient":""},"mobile":{"background-color":"","background-image":"","background-repeat":"repeat","background-position":"center center","background-size":"auto","background-attachment":"scroll","background-type":"","background-media":"","overlay-type":"","overlay-color":"","overlay-opacity":"","overlay-gradient":""}},"ast-content-background-meta":{"desktop":{"background-color":"var(--ast-global-color-5)","background-image":"","background-repeat":"repeat","background-position":"center center","background-size":"auto","background-attachment":"scroll","background-type":"","background-media":"","overlay-type":"","overlay-color":"","overlay-opacity":"","overlay-gradient":""},"tablet":{"background-color":"var(--ast-global-color-5)","background-image":"","background-repeat":"repeat","background-position":"center center","background-size":"auto","background-attachment":"scroll","background-type":"","background-media":"","overlay-type":"","overlay-color":"","overlay-opacity":"","overlay-gradient":""},"mobile":{"background-color":"var(--ast-global-color-5)","background-image":"","background-repeat":"repeat","background-position":"center center","background-size":"auto","background-attachment":"scroll","background-type":"","background-media":"","overlay-type":"","overlay-color":"","overlay-opacity":"","overlay-gradient":""}}},"pwb-brand":[1007],"product_brand":[],"product_cat":[340,341],"product_tag":[],"class_list":{"0":"post-35606","1":"product","2":"type-product","3":"status-publish","4":"has-post-thumbnail","6":"pwb-brand-baterias-pytes","7":"product_cat-baterias","8":"product_cat-baterias-litio-48v","9":"product_shipping_class-baterias","10":"desktop-align-left","11":"tablet-align-left","12":"mobile-align-left","13":"ast-product-gallery-layout-horizontal-slider","14":"ast-product-tabs-layout-horizontal","16":"first","17":"instock","18":"taxable","19":"shipping-taxable","20":"product-type-simple"},"wcpa_form_fields":null,"brands":[{"id":1007,"name":"Pilhas Pytes","slug":"pilhas-pytes"}],"_links":{"self":[{"href":"https:\/\/fvcomponentes.com\/pt\/wp-json\/wp\/v2\/product\/35606","targetHints":{"allow":["GET"]}}],"collection":[{"href":"https:\/\/fvcomponentes.com\/pt\/wp-json\/wp\/v2\/product"}],"about":[{"href":"https:\/\/fvcomponentes.com\/pt\/wp-json\/wp\/v2\/types\/product"}],"replies":[{"embeddable":true,"href":"https:\/\/fvcomponentes.com\/pt\/wp-json\/wp\/v2\/comments?post=35606"}],"wp:featuredmedia":[{"embeddable":true,"href":"https:\/\/fvcomponentes.com\/pt\/wp-json\/wp\/v2\/media\/35616"}],"wp:attachment":[{"href":"https:\/\/fvcomponentes.com\/pt\/wp-json\/wp\/v2\/media?parent=35606"}],"wp:term":[{"taxonomy":"pwb-brand","embeddable":true,"href":"https:\/\/fvcomponentes.com\/pt\/wp-json\/wp\/v2\/pwb-brand?post=35606"},{"taxonomy":"product_brand","embeddable":true,"href":"https:\/\/fvcomponentes.com\/pt\/wp-json\/wp\/v2\/product_brand?post=35606"},{"taxonomy":"product_cat","embeddable":true,"href":"https:\/\/fvcomponentes.com\/pt\/wp-json\/wp\/v2\/product_cat?post=35606"},{"taxonomy":"product_tag","embeddable":true,"href":"https:\/\/fvcomponentes.com\/pt\/wp-json\/wp\/v2\/product_tag?post=35606"}],"curies":[{"name":"wp","href":"https:\/\/api.w.org\/{rel}","templated":true}]}}