{"id":35592,"date":"2026-01-29T20:34:55","date_gmt":"2026-01-29T19:34:55","guid":{"rendered":"https:\/\/fvcomponentes.com\/?post_type=product&#038;p=35592"},"modified":"2026-01-29T20:34:57","modified_gmt":"2026-01-29T19:34:57","slug":"suporte-para-baterias-v5-bk2-pytes-para-v5-e-v5%ce%b1-plus-151204100203","status":"publish","type":"product","link":"https:\/\/fvcomponentes.com\/pt\/producto\/soporte-v5-bk2-pytes-para-baterias-v5-y-v5%ce%b1-plus-151204100203\/","title":{"rendered":"Suporte de bateria V5 BK2 Pytes V5 e V5\u03b1 PLUS - 151204100203"},"content":{"rendered":"<h2>Suporte de bateria V5 BK2 Pytes V5 e V5\u03b1 PLUS - 151204100203<\/h2>\n<p>O suporte Pytes V5 BK2 \u00e9 um acess\u00f3rio de montagem na parede robusto, concebido para montar de forma est\u00e1vel, segura e ordenada duas baterias Pytes V5 ou V5\u03b1 PLUS numa posi\u00e7\u00e3o vertical numa parede, uma em cima da outra.<\/p>\n<p>Esta solu\u00e7\u00e3o de montagem permite otimizar o espa\u00e7o dispon\u00edvel, manter uma ordem profissional na instala\u00e7\u00e3o e garantir que as bobinas s\u00e3o corretamente fixadas \u00e0 parede sem comprometer a seguran\u00e7a e a acessibilidade.<\/p>\n<h2>Carater\u00edsticas do suporte V5 BK2 Pytes<\/h2>\n<h3>Conce\u00e7\u00e3o<\/h3>\n<p>O suporte V5 BK2 \u00e9 fabricado em a\u00e7o galvanizado (SGCC), um material robusto com durabilidade a longo prazo que proporciona uma elevada resist\u00eancia estrutural e capacidade de carga, bem como uma boa prote\u00e7\u00e3o contra a corros\u00e3o e o envelhecimento.<\/p>\n<p>A constru\u00e7\u00e3o met\u00e1lica tamb\u00e9m facilita a fixa\u00e7\u00e3o firme \u00e0 superf\u00edcie desejada, permitindo-lhe suportar de forma fi\u00e1vel o peso de dois m\u00f3dulos de bateria Pytes V5 ou V5\u03b1 PLUS.<\/p>\n<p>O suporte \u00e9 composto por v\u00e1rias pe\u00e7as de fixa\u00e7\u00e3o que se combinam para manter as duas baterias na vertical e garantir que ficam bem alinhadas e firmes depois de montadas.<\/p>\n<h3>Instala\u00e7\u00e3o e montagem<\/h3>\n<p>O suporte V5 BK2 foi concebido para permitir que duas baterias Pytes V5 ou V5\u03b1 PLUS sejam instaladas diretamente numa parede ou superf\u00edcie vertical sem tocar no ch\u00e3o, permitindo que as baterias sejam levantadas do ch\u00e3o e mantendo o sistema de alimenta\u00e7\u00e3o organizado e seguro.<\/p>\n<p>Estes suportes s\u00e3o robustos, permitindo uma instala\u00e7\u00e3o r\u00e1pida e f\u00e1cil, garantindo uma fixa\u00e7\u00e3o fi\u00e1vel das baterias e oferecendo uma solu\u00e7\u00e3o bem concebida para uma instala\u00e7\u00e3o limpa e profissional.<\/p>\n<h3>Compatibilidade<\/h3>\n<p>Estes suportes s\u00e3o fabricados especificamente para se adaptarem \u00e0s dimens\u00f5es e aos pontos de fixa\u00e7\u00e3o das baterias Pytes V5 e V5\u03b1 PLUS.<br \/>\nPor conseguinte, s\u00f3 s\u00e3o compat\u00edveis com estas pilhas.<\/p>\n<p>N\u00e3o se recomenda a utiliza\u00e7\u00e3o deste suporte para baterias de outras marcas ou modelos com tamanhos e geometrias de caixa diferentes.<\/p>\n<h2>Vantagens dos suportes V5 BK2<\/h2>\n<p>A principal vantagem do suporte V5 BK2 \u00e9 que permite a montagem paralela de duas baterias Pytes V5 \/ V5\u03b1 PLUS na parede sem ocupar espa\u00e7o no ch\u00e3o, o que optimiza as \u00e1reas t\u00e9cnicas ou as salas de armazenamento. Outras vantagens s\u00e3o:<\/p>\n<ul>\n<li>Contribui para uma maior <strong>organiza\u00e7\u00e3o do sistema e da instala\u00e7\u00e3o<\/strong>, O BMS, facilitando o acesso \u00e0s liga\u00e7\u00f5es el\u00e9ctricas e ao BMS, bem como \u00e0 manuten\u00e7\u00e3o.<\/li>\n<li>Aumentar o <strong>seguran\u00e7a estrutural<\/strong>, As baterias n\u00e3o est\u00e3o sujeitas a movimentos, quedas ou tens\u00f5es mec\u00e2nicas.<\/li>\n<li><strong>Melhor ventila\u00e7\u00e3o e gest\u00e3o t\u00e9rmica<\/strong>, separando os m\u00f3dulos da superf\u00edcie do pavimento.<\/li>\n<li><strong>Visualmente melhorado<\/strong> <strong>a instala\u00e7\u00e3o<\/strong>, dando um aspeto mais profissional.<\/li>\n<\/ul>\n<h2>O que est\u00e1 inclu\u00eddo nos suportes V5 BK2?<\/h2>\n<p>Os V5 BK2s incluem:<\/p>\n<ul>\n<li><strong>2 suportes superiores<\/strong> para segurar a parte superior de cada pilha.<\/li>\n<li><strong>2 suportes inferiores<\/strong> assistentes que prestam apoio e nivelamento.<\/li>\n<li><strong>2 placas de liga\u00e7\u00e3o<\/strong>, S\u00e3o utilizados para manter as unidades juntas e para alinhar corretamente o conjunto.<\/li>\n<\/ul>\n<h2>Especifica\u00e7\u00f5es t\u00e9cnicas do suporte de bateria Pytes V5 BK2 Pytes V5 e V5\u03b1 PLUS - 151204100203<\/h2>\n<table>\n<thead>\n<tr>\n<th><strong>Especifica\u00e7\u00e3o<\/strong><\/th>\n<th><strong>Detalhes<\/strong><\/th>\n<\/tr>\n<\/thead>\n<tbody>\n<tr>\n<td><strong>Produto<\/strong><\/td>\n<td>Suporte V5 BK2 Pytes<\/td>\n<\/tr>\n<tr>\n<td><strong>Modelo \/ Refer\u00eancia<\/strong><\/td>\n<td>151204100203<\/td>\n<\/tr>\n<tr>\n<td><strong>Compatibilidade \/ Montagem<\/strong><\/td>\n<td>At\u00e9 2 baterias V5 e V5\u03b1 PLUS<\/td>\n<\/tr>\n<tr>\n<td><strong>Tipo de montagem<\/strong><\/td>\n<td>Fixa\u00e7\u00e3o na parede<\/td>\n<\/tr>\n<tr>\n<td><strong>Material<\/strong><\/td>\n<td>A\u00e7o galvanizado (SGCC)<\/td>\n<\/tr>\n<tr>\n<td><strong>Conte\u00fado da embalagem<\/strong><\/td>\n<td>2 \u00d7 suportes superiores<\/p>\n<p>2 \u00d7 suportes auxiliares inferiores<\/p>\n<p>2 \u00d7 placas de liga\u00e7\u00e3o<\/td>\n<\/tr>\n<tr>\n<td><strong>Dimens\u00f5es - Suportes superiores (L \u00d7 A \u00d7 P)<\/strong><\/td>\n<td>291 \u00d7 187 \u00d7 27 mm<\/td>\n<\/tr>\n<tr>\n<td><strong>Dimens\u00f5es - Suportes auxiliares inferiores (L \u00d7 A \u00d7 P)<\/strong><\/td>\n<td>60 \u00d7 50 \u00d7 53 mm<\/td>\n<\/tr>\n<tr>\n<td><strong>Dimens\u00f5es - Placas de liga\u00e7\u00e3o (L \u00d7 A \u00d7 P)<\/strong><\/td>\n<td>27,5 \u00d7 60 \u00d7 100 mm<\/td>\n<\/tr>\n<tr>\n<td><strong>Peso total do suporte<\/strong><\/td>\n<td>2,09 kg<\/td>\n<\/tr>\n<\/tbody>\n<\/table>\n<h2>Informa\u00e7\u00f5es t\u00e9cnicas para o suporte de bateria V5 BK2 Pytes V5 e V5\u03b1 PLUS - 151204100203<\/h2>\n<p><a href=\"https:\/\/fvcomponentes.com\/wp-content\/uploads\/2026\/01\/123e058db5fc94588b3bfc5a9b7ee783c65baf9013dfabeda3c3fb0855668835.pdf\" target=\"_blank\" rel=\"noopener\">Folha de dados do suporte Pytes V5 BK2 Pytes BK2<\/a><\/p>\n<p><a href=\"https:\/\/fvcomponentes.com\/wp-content\/uploads\/2026\/01\/37965ca076628dc65bd91dac65c2a7cfa6750d8533c986abaf94d8f6e0eb3fe5.pdf\" target=\"_blank\" rel=\"noopener\">Guia de instala\u00e7\u00e3o do suporte V5 BK2 Pytes BK2<\/a><\/p>","protected":false},"excerpt":{"rendered":"<ul>\n<li>Empilhamento m\u00e1ximo: at\u00e9 2 baterias V5 \/ V5\u00b0\u03b1 Plus<\/li>\n<li>Fixa\u00e7\u00e3o na parede<\/li>\n<li>Material: A\u00e7o galvanizado (SGCC)<\/li>\n<li>Suporte superior: 29,1 x 18,7 x 2,7 cm<\/li>\n<li>Suporte inferior: 6 x 5 x 5,3 cm<\/li>\n<li>Placas de liga\u00e7\u00e3o: 10 x 6 x 2,75 cm<\/li>\n<li>Peso: 2,09 kg<\/li>\n<\/ul>","protected":false},"featured_media":35599,"comment_status":"closed","ping_status":"closed","template":"","meta":{"site-sidebar-layout":"default","site-content-layout":"","ast-site-content-layout":"default","site-content-style":"default","site-sidebar-style":"default","ast-global-header-display":"","ast-banner-title-visibility":"","ast-main-header-display":"","ast-hfb-above-header-display":"","ast-hfb-below-header-display":"","ast-hfb-mobile-header-display":"","site-post-title":"","ast-breadcrumbs-content":"","ast-featured-img":"","footer-sml-layout":"","ast-disable-related-posts":"","theme-transparent-header-meta":"default","adv-header-id-meta":"","stick-header-meta":"","header-above-stick-meta":"","header-main-stick-meta":"","header-below-stick-meta":"","astra-migrate-meta-layouts":"set","ast-page-background-enabled":"default","ast-page-background-meta":{"desktop":{"background-color":"var(--ast-global-color-4)","background-image":"","background-repeat":"repeat","background-position":"center center","background-size":"auto","background-attachment":"scroll","background-type":"","background-media":"","overlay-type":"","overlay-color":"","overlay-opacity":"","overlay-gradient":""},"tablet":{"background-color":"","background-image":"","background-repeat":"repeat","background-position":"center center","background-size":"auto","background-attachment":"scroll","background-type":"","background-media":"","overlay-type":"","overlay-color":"","overlay-opacity":"","overlay-gradient":""},"mobile":{"background-color":"","background-image":"","background-repeat":"repeat","background-position":"center center","background-size":"auto","background-attachment":"scroll","background-type":"","background-media":"","overlay-type":"","overlay-color":"","overlay-opacity":"","overlay-gradient":""}},"ast-content-background-meta":{"desktop":{"background-color":"var(--ast-global-color-5)","background-image":"","background-repeat":"repeat","background-position":"center center","background-size":"auto","background-attachment":"scroll","background-type":"","background-media":"","overlay-type":"","overlay-color":"","overlay-opacity":"","overlay-gradient":""},"tablet":{"background-color":"var(--ast-global-color-5)","background-image":"","background-repeat":"repeat","background-position":"center center","background-size":"auto","background-attachment":"scroll","background-type":"","background-media":"","overlay-type":"","overlay-color":"","overlay-opacity":"","overlay-gradient":""},"mobile":{"background-color":"var(--ast-global-color-5)","background-image":"","background-repeat":"repeat","background-position":"center center","background-size":"auto","background-attachment":"scroll","background-type":"","background-media":"","overlay-type":"","overlay-color":"","overlay-opacity":"","overlay-gradient":""}}},"pwb-brand":[1007],"product_brand":[],"product_cat":[340,435],"product_tag":[],"class_list":{"0":"post-35592","1":"product","2":"type-product","3":"status-publish","4":"has-post-thumbnail","6":"pwb-brand-baterias-pytes","7":"product_cat-baterias","8":"product_cat-bms-sistemas-de-supervision-de-baterias","9":"desktop-align-left","10":"tablet-align-left","11":"mobile-align-left","12":"ast-product-gallery-layout-horizontal-slider","13":"ast-product-tabs-layout-horizontal","15":"first","16":"onbackorder","17":"taxable","18":"shipping-taxable","19":"purchasable","20":"product-type-simple"},"wcpa_form_fields":null,"brands":[{"id":1007,"name":"Pilhas Pytes","slug":"pilhas-pytes"}],"_links":{"self":[{"href":"https:\/\/fvcomponentes.com\/pt\/wp-json\/wp\/v2\/product\/35592","targetHints":{"allow":["GET"]}}],"collection":[{"href":"https:\/\/fvcomponentes.com\/pt\/wp-json\/wp\/v2\/product"}],"about":[{"href":"https:\/\/fvcomponentes.com\/pt\/wp-json\/wp\/v2\/types\/product"}],"replies":[{"embeddable":true,"href":"https:\/\/fvcomponentes.com\/pt\/wp-json\/wp\/v2\/comments?post=35592"}],"wp:featuredmedia":[{"embeddable":true,"href":"https:\/\/fvcomponentes.com\/pt\/wp-json\/wp\/v2\/media\/35599"}],"wp:attachment":[{"href":"https:\/\/fvcomponentes.com\/pt\/wp-json\/wp\/v2\/media?parent=35592"}],"wp:term":[{"taxonomy":"pwb-brand","embeddable":true,"href":"https:\/\/fvcomponentes.com\/pt\/wp-json\/wp\/v2\/pwb-brand?post=35592"},{"taxonomy":"product_brand","embeddable":true,"href":"https:\/\/fvcomponentes.com\/pt\/wp-json\/wp\/v2\/product_brand?post=35592"},{"taxonomy":"product_cat","embeddable":true,"href":"https:\/\/fvcomponentes.com\/pt\/wp-json\/wp\/v2\/product_cat?post=35592"},{"taxonomy":"product_tag","embeddable":true,"href":"https:\/\/fvcomponentes.com\/pt\/wp-json\/wp\/v2\/product_tag?post=35592"}],"curies":[{"name":"wp","href":"https:\/\/api.w.org\/{rel}","templated":true}]}}