{"id":35539,"date":"2026-01-29T20:35:00","date_gmt":"2026-01-29T19:35:00","guid":{"rendered":"https:\/\/fvcomponentes.com\/?post_type=product&#038;p=35539"},"modified":"2026-01-29T20:35:05","modified_gmt":"2026-01-29T19:35:05","slug":"suporte-para-baterias-v5-bk1-pytes-para-v5-e-v5%ce%b1-plus-151204100183","status":"publish","type":"product","link":"https:\/\/fvcomponentes.com\/pt\/producto\/soporte-v5-bk1-pytes-para-baterias-v5-y-v5%ce%b1-plus-151204100183\/","title":{"rendered":"Suporte de bateria V5 BK1 Pytes V5 e V5\u03b1 PLUS - 151204100183"},"content":{"rendered":"<h2>Suporte de bateria V5 BK1 Pytes V5 e V5\u03b1 PLUS - 151204100183<\/h2>\n<p>O suporte V5 BK1 \u00e9 um sistema de montagem robusto, s\u00f3lido e duradouro feito de a\u00e7o galvanizado e especificamente concebido para montar de forma segura e est\u00e1vel uma bateria da s\u00e9rie Pytes V5 (modelos V5 e V5\u03b1 PLUS).<\/p>\n<p>Este suporte funciona como uma estrutura de montagem na parede e serve para fixar a posi\u00e7\u00e3o f\u00edsica das baterias de l\u00edtio Pytes V5 e V5\u03b1 PLUS, proporcionando uma solu\u00e7\u00e3o robusta e pr\u00e1tica e facilitando a sua integra\u00e7\u00e3o em sistemas de armazenamento de energia dom\u00e9sticos ou industriais.<br \/>\n\u00c9 especialmente \u00fatil para instala\u00e7\u00f5es em espa\u00e7os t\u00e9cnicos, arm\u00e1rios de baterias ou na parede, onde \u00e9 necess\u00e1ria uma fixa\u00e7\u00e3o s\u00f3lida e uma est\u00e9tica cuidada, evitando que as baterias fiquem apoiadas no ch\u00e3o ou mal posicionadas.<\/p>\n<p>O suporte Pytes V5 BK1 \u00e9 muito mais do que um simples acess\u00f3rio: \u00e9 um equipamento essencial para quem pretende montar corretamente uma bateria Pytes na parede, optimizando o espa\u00e7o dispon\u00edvel, melhorando a organiza\u00e7\u00e3o do sistema e garantindo uma instala\u00e7\u00e3o segura e profissional.<\/p>\n<h2>Carater\u00edsticas do suporte V5 BK1 Pytes<\/h2>\n<h3>Conce\u00e7\u00e3o<\/h3>\n<p>O suporte V5 BK1 \u00e9 fabricado em a\u00e7o galvanizado (SGCC), conhecido pela sua durabilidade, resist\u00eancia \u00e0 corros\u00e3o e capacidade de suportar o peso da bateria sem se deformar com o tempo, o que o torna adequado para ambientes onde podem ocorrer mudan\u00e7as de temperatura ou poeiras.<\/p>\n<p>O V5 BK1 foi concebido para conter uma \u00fanica bateria Pytes V5 ou V5\u03b1 PLUS.<\/p>\n<h3>Instala\u00e7\u00e3o e montagem<\/h3>\n<p>O suporte V5 BK1 foi concebido para permitir que a bateria Pytes V5 ou V5\u03b1 PLUS seja instalada diretamente numa parede ou superf\u00edcie vertical sem tocar no ch\u00e3o, permitindo que a bateria seja elevada do ch\u00e3o e mantendo o sistema de alimenta\u00e7\u00e3o organizado e seguro.<\/p>\n<p>\u00c9 muito importante que a instala\u00e7\u00e3o seja efectuada com a bateria desligada do inversor ou de qualquer equipamento ao qual esteja ligada, de modo a evitar qualquer risco el\u00e9trico.<\/p>\n<h3>Compatibilidade<\/h3>\n<p>Estes suportes s\u00e3o fabricados especificamente para se adaptarem \u00e0s dimens\u00f5es e aos pontos de fixa\u00e7\u00e3o das baterias Pytes V5 e V5\u03b1 PLUS.<br \/>\nPor conseguinte, s\u00f3 s\u00e3o compat\u00edveis com estas pilhas.<\/p>\n<p>N\u00e3o se recomenda a utiliza\u00e7\u00e3o deste suporte para baterias de outras marcas ou modelos com tamanhos e geometrias de caixa diferentes.<\/p>\n<h2>Vantagens do suporte V5 BK1<\/h2>\n<p>O suporte V5 BK1 torna-se um elemento-chave na instala\u00e7\u00e3o profissional de sistemas de armazenamento de energia gra\u00e7as \u00e0s suas vantagens:<\/p>\n<ul>\n<li><strong>Seguran\u00e7a:<\/strong> reduz o risco de queda ou desloca\u00e7\u00e3o da bateria.<\/li>\n<li><strong>Encomendar:<\/strong> oferece uma solu\u00e7\u00e3o limpa e est\u00e9tica para instala\u00e7\u00f5es interiores.<\/li>\n<li><strong>Funcionalidade:<\/strong> facilita as opera\u00e7\u00f5es de manuten\u00e7\u00e3o ou de controlo posteriores, uma vez que a bateria se encontra a uma altura acess\u00edvel.<\/li>\n<li><strong>Otimiza\u00e7\u00e3o do espa\u00e7o:<\/strong> especialmente importante em instala\u00e7\u00f5es com v\u00e1rias baterias ou em racks de armazenamento.<\/li>\n<\/ul>\n<h2>O que est\u00e1 inclu\u00eddo nos suportes V5 BK1?<\/h2>\n<p>Os V5 BK1s incluem:<\/p>\n<ul>\n<li><strong>2 suportes superiores:<\/strong> respons\u00e1vel pela fixa\u00e7\u00e3o da bateria \u00e0 parede a partir do topo.<\/li>\n<li><strong>2 suportes auxiliares inferiores:<\/strong> ajudam a manter a bateria em posi\u00e7\u00e3o e suportam todo o peso da bateria quando esta se encontra na parede para evitar movimentos ou oscila\u00e7\u00f5es.<\/li>\n<\/ul>\n<h2>Especifica\u00e7\u00f5es t\u00e9cnicas do suporte de bateria Pytes V5 BK1 V5 e V5\u03b1 PLUS - 151204100183<\/h2>\n<table>\n<thead>\n<tr>\n<th><strong>Especifica\u00e7\u00e3o<\/strong><\/th>\n<th><strong>Detalhes<\/strong><\/th>\n<\/tr>\n<\/thead>\n<tbody>\n<tr>\n<td><strong>Nome do produto<\/strong><\/td>\n<td>Suporte V5 BK1 Pytes<\/td>\n<\/tr>\n<tr>\n<td><strong>Refer\u00eancia<\/strong><\/td>\n<td>151204100183<\/td>\n<\/tr>\n<tr>\n<td><strong>Compatibilidade \/ Montagem<\/strong><\/td>\n<td>1 unidade de bateria Pytes V5 \/ V5\u00b0\u03b1 Plus<\/td>\n<\/tr>\n<tr>\n<td><strong>Tipo de montagem<\/strong><\/td>\n<td>Montagem na parede<\/td>\n<\/tr>\n<tr>\n<td><strong>Material<\/strong><\/td>\n<td>\u00a0A\u00e7o galvanizado (SGCC)<\/td>\n<\/tr>\n<tr>\n<td><strong>Conte\u00fado\u00a0<\/strong><\/td>\n<td>2 \u00d7 suportes superiores<\/p>\n<p>2 \u00d7 suportes auxiliares inferiores<\/td>\n<\/tr>\n<tr>\n<td><strong>Dimens\u00f5es do suporte superior (L \u00d7 A \u00d7 P)<\/strong><\/td>\n<td>14,5 \u00d7 9,2 \u00d7 2,7 cm<\/td>\n<\/tr>\n<tr>\n<td><strong>Dimens\u00f5es do suporte inferior (L \u00d7 A \u00d7 P)<\/strong><\/td>\n<td>6 \u00d7 5 \u00d7 4,8 cm<\/td>\n<\/tr>\n<tr>\n<td><strong>Peso definido<\/strong><\/td>\n<td>0,74 kg<\/td>\n<\/tr>\n<\/tbody>\n<\/table>\n<h2>Informa\u00e7\u00f5es t\u00e9cnicas para o suporte de bateria V5 BK1 Pytes V5 e V5\u03b1 PLUS - 151204100183<\/h2>\n<p><a href=\"https:\/\/fvcomponentes.com\/wp-content\/uploads\/2026\/01\/7658125b1b9c82ba8f8d09865efb3525.pdf\" target=\"_blank\" rel=\"noopener\">Folha de dados t\u00e9cnicos de suporte do Pytes V5 BK1<\/a><\/p>\n<p><a href=\"https:\/\/fvcomponentes.com\/wp-content\/uploads\/2026\/01\/c01f172c9e51a78481fd3ef0b3e338f1.pdf\" target=\"_blank\" rel=\"noopener\">Guia de instala\u00e7\u00e3o do suporte Pytes BK1 V5 BK1<\/a><\/p>","protected":false},"excerpt":{"rendered":"<ul>\n<li>Empilhamento m\u00e1ximo: at\u00e9 1 bateria V5 \/ V5\u00b0\u03b1 Plus<\/li>\n<li>Fixa\u00e7\u00e3o na parede<\/li>\n<li>Material: A\u00e7o galvanizado (SGCC)<\/li>\n<li>Suporte superior: 14,5 x 9,2 x 2,7 cm<\/li>\n<li>Suporte inferior: 6 x 5 x 4,8 cm<\/li>\n<li>Peso: 0,74 kg<\/li>\n<\/ul>","protected":false},"featured_media":35587,"comment_status":"closed","ping_status":"closed","template":"","meta":{"site-sidebar-layout":"default","site-content-layout":"","ast-site-content-layout":"default","site-content-style":"default","site-sidebar-style":"default","ast-global-header-display":"","ast-banner-title-visibility":"","ast-main-header-display":"","ast-hfb-above-header-display":"","ast-hfb-below-header-display":"","ast-hfb-mobile-header-display":"","site-post-title":"","ast-breadcrumbs-content":"","ast-featured-img":"","footer-sml-layout":"","ast-disable-related-posts":"","theme-transparent-header-meta":"default","adv-header-id-meta":"","stick-header-meta":"","header-above-stick-meta":"","header-main-stick-meta":"","header-below-stick-meta":"","astra-migrate-meta-layouts":"set","ast-page-background-enabled":"default","ast-page-background-meta":{"desktop":{"background-color":"var(--ast-global-color-4)","background-image":"","background-repeat":"repeat","background-position":"center center","background-size":"auto","background-attachment":"scroll","background-type":"","background-media":"","overlay-type":"","overlay-color":"","overlay-opacity":"","overlay-gradient":""},"tablet":{"background-color":"","background-image":"","background-repeat":"repeat","background-position":"center center","background-size":"auto","background-attachment":"scroll","background-type":"","background-media":"","overlay-type":"","overlay-color":"","overlay-opacity":"","overlay-gradient":""},"mobile":{"background-color":"","background-image":"","background-repeat":"repeat","background-position":"center center","background-size":"auto","background-attachment":"scroll","background-type":"","background-media":"","overlay-type":"","overlay-color":"","overlay-opacity":"","overlay-gradient":""}},"ast-content-background-meta":{"desktop":{"background-color":"var(--ast-global-color-5)","background-image":"","background-repeat":"repeat","background-position":"center center","background-size":"auto","background-attachment":"scroll","background-type":"","background-media":"","overlay-type":"","overlay-color":"","overlay-opacity":"","overlay-gradient":""},"tablet":{"background-color":"var(--ast-global-color-5)","background-image":"","background-repeat":"repeat","background-position":"center center","background-size":"auto","background-attachment":"scroll","background-type":"","background-media":"","overlay-type":"","overlay-color":"","overlay-opacity":"","overlay-gradient":""},"mobile":{"background-color":"var(--ast-global-color-5)","background-image":"","background-repeat":"repeat","background-position":"center center","background-size":"auto","background-attachment":"scroll","background-type":"","background-media":"","overlay-type":"","overlay-color":"","overlay-opacity":"","overlay-gradient":""}}},"pwb-brand":[1007],"product_brand":[],"product_cat":[340,414],"product_tag":[],"class_list":{"0":"post-35539","1":"product","2":"type-product","3":"status-publish","4":"has-post-thumbnail","6":"pwb-brand-baterias-pytes","7":"product_cat-baterias","8":"product_cat-armarios-rack-para-baterias","9":"desktop-align-left","10":"tablet-align-left","11":"mobile-align-left","12":"ast-product-gallery-layout-horizontal-slider","13":"ast-product-tabs-layout-horizontal","15":"first","16":"onbackorder","17":"taxable","18":"shipping-taxable","19":"purchasable","20":"product-type-simple"},"wcpa_form_fields":null,"brands":[{"id":1007,"name":"Pilhas Pytes","slug":"pilhas-pytes"}],"_links":{"self":[{"href":"https:\/\/fvcomponentes.com\/pt\/wp-json\/wp\/v2\/product\/35539","targetHints":{"allow":["GET"]}}],"collection":[{"href":"https:\/\/fvcomponentes.com\/pt\/wp-json\/wp\/v2\/product"}],"about":[{"href":"https:\/\/fvcomponentes.com\/pt\/wp-json\/wp\/v2\/types\/product"}],"replies":[{"embeddable":true,"href":"https:\/\/fvcomponentes.com\/pt\/wp-json\/wp\/v2\/comments?post=35539"}],"wp:featuredmedia":[{"embeddable":true,"href":"https:\/\/fvcomponentes.com\/pt\/wp-json\/wp\/v2\/media\/35587"}],"wp:attachment":[{"href":"https:\/\/fvcomponentes.com\/pt\/wp-json\/wp\/v2\/media?parent=35539"}],"wp:term":[{"taxonomy":"pwb-brand","embeddable":true,"href":"https:\/\/fvcomponentes.com\/pt\/wp-json\/wp\/v2\/pwb-brand?post=35539"},{"taxonomy":"product_brand","embeddable":true,"href":"https:\/\/fvcomponentes.com\/pt\/wp-json\/wp\/v2\/product_brand?post=35539"},{"taxonomy":"product_cat","embeddable":true,"href":"https:\/\/fvcomponentes.com\/pt\/wp-json\/wp\/v2\/product_cat?post=35539"},{"taxonomy":"product_tag","embeddable":true,"href":"https:\/\/fvcomponentes.com\/pt\/wp-json\/wp\/v2\/product_tag?post=35539"}],"curies":[{"name":"wp","href":"https:\/\/api.w.org\/{rel}","templated":true}]}}