{"id":35525,"date":"2026-01-21T09:45:52","date_gmt":"2026-01-21T08:45:52","guid":{"rendered":"https:\/\/fvcomponentes.com\/?post_type=product&#038;p=35525"},"modified":"2026-01-30T11:41:33","modified_gmt":"2026-01-30T10:41:33","slug":"bcu-bateria-de-litio-lifepo4-pytes-pi-lv1-110404100001","status":"publish","type":"product","link":"https:\/\/fvcomponentes.com\/pt\/producto\/bcu-bateria-de-litio-lifepo4-pytes-pi-lv1-110404100001\/","title":{"rendered":"Bateria BCU de l\u00edtio LiFePO4 Pytes Pi LV1 - 110404100001"},"content":{"rendered":"<h2>Bateria BCU de l\u00edtio LiFePO4 Pytes Pi LV1 - 110404100001<\/h2>\n<p>A Pytes Pi LV1 BCU (Battery Control Unit) \u00e9 a unidade de controlo central para os m\u00f3dulos de bateria Pytes Pi LV1 LiFePO\u2084, especificamente concebida para gerir, proteger e otimizar o funcionamento destes m\u00f3dulos.<\/p>\n<p>O seu papel como m\u00f3dulo de controlo \u00e9 fundamental para garantir a seguran\u00e7a, efici\u00eancia, estabilidade, comunica\u00e7\u00e3o e escalabilidade em instala\u00e7\u00f5es solares residenciais e comerciais.<\/p>\n<p>A BCU actua como o c\u00e9rebro do sistema, coordenando o funcionamento das baterias ligadas, assegurando uma distribui\u00e7\u00e3o equilibrada da energia e permitindo uma integra\u00e7\u00e3o eficiente com os modernos inversores h\u00edbridos.<\/p>\n<h2>Carater\u00edsticas do Pytes Pi LV1 BCU<\/h2>\n<h3>Funcionalidade<\/h3>\n<p>A BCU do Pytes Pi LV1 \u00e9 instalada no topo do conjunto empilhado\/banco de baterias e \u00e9 essencial para o funcionamento do sistema Pi LV1 quando s\u00e3o utilizados v\u00e1rios m\u00f3dulos em paralelo.<\/p>\n<p>A BCU monitoriza o estado el\u00e9trico e t\u00e9rmico de cada bateria ligada, gere a carga e a descarga de forma coordenada, centraliza a comunica\u00e7\u00e3o com o inversor e garante que o sistema funciona dentro dos par\u00e2metros de seguran\u00e7a definidos pela Pytes.<\/p>\n<p>Gra\u00e7as a esta arquitetura, o sistema Pi LV1 torna-se uma solu\u00e7\u00e3o modular, organizada e facilmente expans\u00edvel, sem necessidade de configura\u00e7\u00f5es complexas.<\/p>\n<h3>Conce\u00e7\u00e3o<\/h3>\n<p>A BCU tem muitas vantagens, como o seu papel na escalabilidade do sistema, pois permite que v\u00e1rios m\u00f3dulos de bateria Pi LV1 sejam ligados a um \u00fanico banco, facilita a expans\u00e3o futura sem substituir os componentes existentes e mant\u00e9m um controlo est\u00e1vel mesmo quando a capacidade total do sistema aumenta.<\/p>\n<p>Assim, gra\u00e7as ao Pytes Pi LV1 BCU, pode come\u00e7ar com uma capacidade b\u00e1sica de m\u00f3dulos de bateria Pi LV1 e aumentar progressivamente o sistema \u00e0 medida que as suas necessidades energ\u00e9ticas aumentam.<\/p>\n<h3>Fiabilidade e durabilidade<\/h3>\n<p>A BCU foi concebida de acordo com as normas de qualidade Pytes e apresenta um funcionamento est\u00e1vel a longo prazo, uma eletr\u00f3nica altamente fi\u00e1vel e um design optimizado para funcionamento cont\u00ednuo com os m\u00f3dulos de bateria Pi LV1.<\/p>\n<p>A sua integra\u00e7\u00e3o no sistema contribui diretamente para maximizar a vida \u00fatil do banco de baterias e manter um desempenho consistente durante anos.<\/p>\n<h3>Sistema BMS centralizado<\/h3>\n<p>A BCU Pytes Pi LV1 integra um sistema avan\u00e7ado de gest\u00e3o de baterias (BMS) que proporciona v\u00e1rios n\u00edveis de prote\u00e7\u00e3o:<\/p>\n<ul>\n<li>Prote\u00e7\u00e3o contra sobrecarga e descarga excessiva.<\/li>\n<li>Prote\u00e7\u00e3o contra sobreintensidades e curto-circuitos.<\/li>\n<li>Controlo da temperatura para evitar o sobreaquecimento.<\/li>\n<li>Monitoriza\u00e7\u00e3o do equil\u00edbrio de tens\u00e3o entre m\u00f3dulos.<\/li>\n<\/ul>\n<p>Este controlo centralizado prolonga a vida \u00fatil de todo o sistema e reduz o risco de falha, mesmo em configura\u00e7\u00f5es com v\u00e1rios m\u00f3dulos.<\/p>\n<h3>Comunica\u00e7\u00e3o e compatibilidade<\/h3>\n<p>A BCU Pytes Pi LV1 permite uma comunica\u00e7\u00e3o est\u00e1vel e fi\u00e1vel entre o banco de baterias e o inversor atrav\u00e9s dos protocolos CAN Bus e RS485.<\/p>\n<p>Gra\u00e7as a estes protocolos, o investidor pode receber informa\u00e7\u00f5es em tempo real sobre:<\/p>\n<ul>\n<li>Estado de carga (SOC).<\/li>\n<li>Tens\u00f5es e correntes.<\/li>\n<li>Temperatura do sistema.<\/li>\n<li>Alarmes e estados de prote\u00e7\u00e3o.<\/li>\n<\/ul>\n<p>Isto garante uma compatibilidade \u00f3ptima com uma vasta gama de inversores h\u00edbridos e de armazenamento de 48 V, facilitando a integra\u00e7\u00e3o plug &amp; play.<\/p>\n<h2>Principais vantagens da BCU Pytes Pi LV1<\/h2>\n<p>O BCU tem muitas vantagens, tais como:<\/p>\n<ul>\n<li>Pi LV1 Controlo central da bateria<\/li>\n<li>Gest\u00e3o inteligente da carga, descarga e prote\u00e7\u00e3o<\/li>\n<li>Comunica\u00e7\u00e3o simples com os inversores atrav\u00e9s de CAN e RS485<\/li>\n<li>Facilita sistemas modulares e escal\u00e1veis<\/li>\n<li>Melhora a seguran\u00e7a e a estabilidade de todo o sistema<\/li>\n<li>Instala\u00e7\u00e3o f\u00e1cil no interior do banco de baterias Pi LV1<\/li>\n<\/ul>\n<h2>BCU Informa\u00e7\u00e3o t\u00e9cnica Bateria de l\u00edtio LiFePO4 Pytes Pi LV1 - 110404100001<\/h2>\n<p><a href=\"https:\/\/fvcomponentes.com\/wp-content\/uploads\/2026\/01\/952a251cc1bc9b66ca75a9aa756e058b-1.pdf\" target=\"_blank\" rel=\"noopener\">Folha de dados do Pytes Pi LV1 BCU<\/a><\/p>\n<p><a href=\"https:\/\/fvcomponentes.com\/wp-content\/uploads\/2026\/01\/c16d1033018bbe1740d1e462aa387b95-1.pdf\" target=\"_blank\" rel=\"noopener\">Manual do Pytes Pi LV1 BCU<\/a><\/p>\n<p><a href=\"https:\/\/fvcomponentes.com\/wp-content\/uploads\/2026\/01\/26fe7be1ec8f4f9ee993a6cc940cea60e67f1001179bf3852cc77102c8e8f161.pdf\" target=\"_blank\" rel=\"noopener\">Especifica\u00e7\u00f5es do Pi LV1<\/a><\/p>","protected":false},"excerpt":{"rendered":"<p><strong><span style=\"color: #ff0000\">Essencial para o funcionamento do sistema do m\u00f3dulo de bateria Pi LV1.<\/span><\/strong><\/p>\n<ul>\n<li>Compatibilidade: M\u00f3dulos de bateria Pytes Pi LV1<\/li>\n<li>Fun\u00e7\u00f5es de controlo: Monitoriza\u00e7\u00e3o da tens\u00e3o, da corrente e da temperatura, equil\u00edbrio das c\u00e9lulas e protec\u00e7\u00f5es de seguran\u00e7a.<\/li>\n<li>Interface: LCD de f\u00e1cil utiliza\u00e7\u00e3o para monitoriza\u00e7\u00e3o em tempo real<\/li>\n<li>Comunica\u00e7\u00e3o: protocolos RS485 \/ CAN<\/li>\n<\/ul>","protected":false},"featured_media":36365,"comment_status":"closed","ping_status":"closed","template":"","meta":{"site-sidebar-layout":"default","site-content-layout":"","ast-site-content-layout":"default","site-content-style":"default","site-sidebar-style":"default","ast-global-header-display":"","ast-banner-title-visibility":"","ast-main-header-display":"","ast-hfb-above-header-display":"","ast-hfb-below-header-display":"","ast-hfb-mobile-header-display":"","site-post-title":"","ast-breadcrumbs-content":"","ast-featured-img":"","footer-sml-layout":"","ast-disable-related-posts":"","theme-transparent-header-meta":"default","adv-header-id-meta":"","stick-header-meta":"","header-above-stick-meta":"","header-main-stick-meta":"","header-below-stick-meta":"","astra-migrate-meta-layouts":"set","ast-page-background-enabled":"default","ast-page-background-meta":{"desktop":{"background-color":"var(--ast-global-color-4)","background-image":"","background-repeat":"repeat","background-position":"center center","background-size":"auto","background-attachment":"scroll","background-type":"","background-media":"","overlay-type":"","overlay-color":"","overlay-opacity":"","overlay-gradient":""},"tablet":{"background-color":"","background-image":"","background-repeat":"repeat","background-position":"center center","background-size":"auto","background-attachment":"scroll","background-type":"","background-media":"","overlay-type":"","overlay-color":"","overlay-opacity":"","overlay-gradient":""},"mobile":{"background-color":"","background-image":"","background-repeat":"repeat","background-position":"center center","background-size":"auto","background-attachment":"scroll","background-type":"","background-media":"","overlay-type":"","overlay-color":"","overlay-opacity":"","overlay-gradient":""}},"ast-content-background-meta":{"desktop":{"background-color":"var(--ast-global-color-5)","background-image":"","background-repeat":"repeat","background-position":"center center","background-size":"auto","background-attachment":"scroll","background-type":"","background-media":"","overlay-type":"","overlay-color":"","overlay-opacity":"","overlay-gradient":""},"tablet":{"background-color":"var(--ast-global-color-5)","background-image":"","background-repeat":"repeat","background-position":"center center","background-size":"auto","background-attachment":"scroll","background-type":"","background-media":"","overlay-type":"","overlay-color":"","overlay-opacity":"","overlay-gradient":""},"mobile":{"background-color":"var(--ast-global-color-5)","background-image":"","background-repeat":"repeat","background-position":"center center","background-size":"auto","background-attachment":"scroll","background-type":"","background-media":"","overlay-type":"","overlay-color":"","overlay-opacity":"","overlay-gradient":""}}},"pwb-brand":[1007],"product_brand":[],"product_cat":[341,340,435],"product_tag":[],"class_list":{"0":"post-35525","1":"product","2":"type-product","3":"status-publish","4":"has-post-thumbnail","6":"pwb-brand-baterias-pytes","7":"product_cat-baterias-litio-48v","8":"product_cat-baterias","9":"product_cat-bms-sistemas-de-supervision-de-baterias","10":"desktop-align-left","11":"tablet-align-left","12":"mobile-align-left","13":"ast-product-gallery-layout-horizontal-slider","14":"ast-product-tabs-layout-horizontal","16":"first","17":"instock","18":"taxable","19":"shipping-taxable","20":"purchasable","21":"product-type-simple"},"wcpa_form_fields":null,"brands":[{"id":1007,"name":"Pilhas Pytes","slug":"pilhas-pytes"}],"_links":{"self":[{"href":"https:\/\/fvcomponentes.com\/pt\/wp-json\/wp\/v2\/product\/35525","targetHints":{"allow":["GET"]}}],"collection":[{"href":"https:\/\/fvcomponentes.com\/pt\/wp-json\/wp\/v2\/product"}],"about":[{"href":"https:\/\/fvcomponentes.com\/pt\/wp-json\/wp\/v2\/types\/product"}],"replies":[{"embeddable":true,"href":"https:\/\/fvcomponentes.com\/pt\/wp-json\/wp\/v2\/comments?post=35525"}],"wp:featuredmedia":[{"embeddable":true,"href":"https:\/\/fvcomponentes.com\/pt\/wp-json\/wp\/v2\/media\/36365"}],"wp:attachment":[{"href":"https:\/\/fvcomponentes.com\/pt\/wp-json\/wp\/v2\/media?parent=35525"}],"wp:term":[{"taxonomy":"pwb-brand","embeddable":true,"href":"https:\/\/fvcomponentes.com\/pt\/wp-json\/wp\/v2\/pwb-brand?post=35525"},{"taxonomy":"product_brand","embeddable":true,"href":"https:\/\/fvcomponentes.com\/pt\/wp-json\/wp\/v2\/product_brand?post=35525"},{"taxonomy":"product_cat","embeddable":true,"href":"https:\/\/fvcomponentes.com\/pt\/wp-json\/wp\/v2\/product_cat?post=35525"},{"taxonomy":"product_tag","embeddable":true,"href":"https:\/\/fvcomponentes.com\/pt\/wp-json\/wp\/v2\/product_tag?post=35525"}],"curies":[{"name":"wp","href":"https:\/\/api.w.org\/{rel}","templated":true}]}}