{"id":35426,"date":"2026-01-29T20:29:52","date_gmt":"2026-01-29T19:29:52","guid":{"rendered":"https:\/\/fvcomponentes.com\/?post_type=product&#038;p=35426"},"modified":"2026-02-05T14:19:15","modified_gmt":"2026-02-05T13:19:15","slug":"bateria-de-litio-pytes-v5a-plus-512v-5-12kwh-lifepo4-110402100134","status":"publish","type":"product","link":"https:\/\/fvcomponentes.com\/pt\/producto\/bateria-de-litio-pytes-v5a-plus-512v-5-12kwh-lifepo4-110402100134\/","title":{"rendered":"Bateria de l\u00edtio Pytes V5a PLUS 51.2V\/5.12kWh LiFePO4 - 110402100134"},"content":{"rendered":"<h2>Bateria de l\u00edtio 51.2V\/5.12kWh LiFePO4 Pytes V5\u03b1 PLUS - 110402100134<\/h2>\n<p>O V5\u03b1 PLUS da Pytes \u00e9 um m\u00f3dulo de bateria de l\u00edtio-ferrofosfato (LiFePO\u2084) de alta tecnologia, que oferece uma vida \u00fatil muito longa, elevada resist\u00eancia a ciclos, seguran\u00e7a de n\u00edvel industrial, expans\u00e3o plug-and-play e excelente desempenho.<\/p>\n<p>Com uma tens\u00e3o nominal de 51,2V, uma capacidade de 5,12kWh, uma elevada estabilidade de ciclos (&gt;6000 ciclos a 90% DoD) e uma gest\u00e3o inteligente da energia, permite a m\u00e1xima independ\u00eancia da rede el\u00e9ctrica.<\/p>\n<p>A bateria \u00e9 compat\u00edvel com muitos inversores e pode ser alargada at\u00e9 430 kWh.<\/p>\n<p>A bateria V5\u03b1 PLUS foi concebida para proporcionar um armazenamento de energia fi\u00e1vel, eficiente e seguro em instala\u00e7\u00f5es fotovoltaicas, sistemas de reserva da rede, autoconsumo solar ou aplica\u00e7\u00f5es fora da rede.<\/p>\n<p>O seu design modular e mont\u00e1vel em bastidor oferece prote\u00e7\u00e3o BMS avan\u00e7ada, supress\u00e3o de inc\u00eandios, monitoriza\u00e7\u00e3o remota e escalabilidade paralela f\u00e1cil, desde uma \u00fanica unidade at\u00e9 configura\u00e7\u00f5es de grande capacidade, sem complica\u00e7\u00f5es.<\/p>\n<h2>Carater\u00edsticas da bateria do Pytes V5\u03b1 PLUS<\/h2>\n<h3>Conce\u00e7\u00e3o<\/h3>\n<p>A bateria V5\u03b1 PLUS \u00e9 fabricada numa caixa robusta de formato padr\u00e3o de 19\u2033, concebida para montagem em bastidor, no ch\u00e3o ou na parede.<\/p>\n<p>A sua conce\u00e7\u00e3o duradoura tem mais de 10 anos de vida \u00fatil, que pode ser prolongada at\u00e9 20 anos (dependendo da utiliza\u00e7\u00e3o e das condi\u00e7\u00f5es).<\/p>\n<p>Al\u00e9m disso, a sua qu\u00edmica LiFePO\u2084 (LFP) oferece uma maior estabilidade t\u00e9rmica, seguran\u00e7a contra o sobreaquecimento e uma vida \u00fatil mais longa em compara\u00e7\u00e3o com as qu\u00edmicas de l\u00edtio tradicionais.<\/p>\n<h3>Gest\u00e3o inteligente da bateria (BMS)<\/h3>\n<p>A bateria V5\u03b1 PLUS incorpora um sistema integrado que protege contra curto-circuitos, sobrecarga, sobrecorrente, desequil\u00edbrio e sobretemperatura, aumentando a fiabilidade e prolongando a vida \u00fatil da bateria.<\/p>\n<p>Al\u00e9m disso, possui prote\u00e7\u00e3o contra aviso de baixa temperatura e prote\u00e7\u00e3o contra invers\u00e3o do cabo de alimenta\u00e7\u00e3o, bem como carregamento inteligente e equil\u00edbrio de c\u00e9lulas, e um c\u00e1lculo da energia restante da bateria.<\/p>\n<h3>Tripla prote\u00e7\u00e3o segura<\/h3>\n<p>O m\u00f3dulo de bateria V5\u03b1 PLUS inclui um sistema de prote\u00e7\u00e3o BMS avan\u00e7ado, um interrutor de encerramento de emerg\u00eancia e um sistema de supress\u00e3o de inc\u00eandios por aerossol para maior seguran\u00e7a operacional.<\/p>\n<h3>Dura\u00e7\u00e3o e efic\u00e1cia<\/h3>\n<p>Esta bateria apresenta um ciclo de vida de \u22656000 ciclos a 90 % de profundidade de descarga (DOD), Ret a 70 %, 25 \u2103, o que se traduz em muitos anos de funcionamento di\u00e1rio com muito pouca degrada\u00e7\u00e3o.<\/p>\n<p>A sua efici\u00eancia de ciclo \u00e9 superior \u00e0 do 95%, o que significa que quase toda a energia de entrada pode ser recuperada aquando da descarga.<\/p>\n<p>Al\u00e9m disso, inclui uma garantia de 10 anos com apoio do fabricante.<\/p>\n<h3>Desempenho t\u00e9rmico e seguran\u00e7a<\/h3>\n<p>A bateria V5\u03b1 PLUS tem um intervalo de temperatura de funcionamento t\u00edpico entre -10 \u00b0C e +50 \u00b0C para um carregamento e descarregamento seguros.<\/p>\n<p>Tem tamb\u00e9m um sistema de aquecimento integrado que permite que a bateria funcione eficientemente mesmo em climas frios, mantendo a temperatura interna em intervalos de funcionamento \u00f3ptimos sem necessidade de acess\u00f3rios externos.<\/p>\n<h3>Monitoriza\u00e7\u00e3o e fun\u00e7\u00f5es inteligentes<\/h3>\n<p>O m\u00f3dulo de bateria V5\u03b1 PLUS possui controlo remoto e visualiza\u00e7\u00e3o de dados, uma vez que permite a monitoriza\u00e7\u00e3o em tempo real do estado de carga, alarmes, hist\u00f3rico de desempenho e atualiza\u00e7\u00e3o do software BMS via WEB\/APP.<\/p>\n<p>Al\u00e9m disso, possui um sistema de alarme e notifica\u00e7\u00e3o de avarias que ajuda a manter a bateria segura e eficiente.<\/p>\n<h3>Conectividade e escalabilidade<\/h3>\n<p>O Pytes V5\u03b1 PLUS possui protocolos de comunica\u00e7\u00e3o CAN e RS-485, facilitando a liga\u00e7\u00e3o a inversores, controladores e sistemas de monitoriza\u00e7\u00e3o inteligentes.<\/p>\n<p>Em termos de escalabilidade, esta bateria permite a liga\u00e7\u00e3o de v\u00e1rias unidades em paralelo para aumentar a capacidade do sistema.<br \/>\nEm configura\u00e7\u00f5es avan\u00e7adas, podem ser utilizadas dezenas de m\u00f3dulos para armazenar 430 kWh.<\/p>\n<h2>Compatibilidade da bateria de l\u00edtio Pytes V5\u03b1 PLUS - 110402100134<\/h2>\n<p>Esta bateria funciona com uma vasta gama de inversores e controladores solares existentes no mercado, oferecendo flexibilidade de integra\u00e7\u00e3o.<\/p>\n<p>Os inversores mais compat\u00edveis com esta bateria Pytes s\u00e3o Victron Energy, SMA, Goodwe, Growatt, Sol-Ark e Voltronic Power.<br \/>\nMas \u00e9 compat\u00edvel com muitas outras marcas.<\/p>\n<h2>Vantagens da bateria do Pytes V5\u03b1 PLUS em compara\u00e7\u00e3o com o V5<\/h2>\n<p>A bateria LiFePO4 V5\u03b1 PLUS LiFePO4 \u00e9 uma evolu\u00e7\u00e3o inteligente do modelo V5, com as seguintes vantagens:<\/p>\n<ul>\n<li>Maior seguran\u00e7a global<\/li>\n<li>Fun\u00e7\u00f5es de monitoriza\u00e7\u00e3o e manuten\u00e7\u00e3o remotas<\/li>\n<li>Desempenho melhorado em picos el\u00e9ctricos<\/li>\n<li>Instala\u00e7\u00f5es mais complexas ou exigentes<\/li>\n<li>Fiabilidade em climas mais frios.<\/li>\n<\/ul>\n<p>Se a sua utiliza\u00e7\u00e3o vai al\u00e9m de uma simples bateria plug &amp; play e pretende maximizar a seguran\u00e7a, o controlo e a escalabilidade, a V5\u03b1 PLUS oferece vantagens claras em rela\u00e7\u00e3o \u00e0 V5.<\/p>\n<table>\n<thead>\n<tr>\n<th><strong>Carater\u00edstica<\/strong><\/th>\n<th><strong>V5\u03b1 PLUS<\/strong><\/th>\n<th><strong>V5<\/strong><\/th>\n<\/tr>\n<\/thead>\n<tbody>\n<tr>\n<td>Prote\u00e7\u00e3o BMS<\/td>\n<td>\u2714\ufe0f Avan\u00e7ado<\/td>\n<td>\u2714\ufe0f Padr\u00e3o<\/td>\n<\/tr>\n<tr>\n<td>Desconex\u00e3o de emerg\u00eancia<\/td>\n<td>\u2714\ufe0f<\/td>\n<td>\u274c<\/td>\n<\/tr>\n<tr>\n<td>Supress\u00e3o de aeross\u00f3is<\/td>\n<td>\u2714\ufe0f<\/td>\n<td>\u274c<\/td>\n<\/tr>\n<tr>\n<td>Monitoriza\u00e7\u00e3o WEB\/APP<\/td>\n<td>\u2714\ufe0f Integrado<\/td>\n<td>Opcional<\/td>\n<\/tr>\n<tr>\n<td>Aquecimento interno<\/td>\n<td>Melhorado<\/td>\n<td>B\u00e1sico<\/td>\n<\/tr>\n<tr>\n<td>Pico de descarga<\/td>\n<td>At\u00e9 ~200 A<\/td>\n<td>\ud83d\udd0b ~180 A<\/td>\n<\/tr>\n<tr>\n<td>Escalabilidade<\/td>\n<td>\ud83d\udcbc Major<\/td>\n<td>\ud83d\udcc8 Bom<\/td>\n<\/tr>\n<tr>\n<td>Robustez mec\u00e2nica<\/td>\n<td>\u2705 Major<\/td>\n<td>\u2705 Bom<\/td>\n<\/tr>\n<\/tbody>\n<\/table>\n<h2>Especifica\u00e7\u00f5es t\u00e9cnicas Bateria de l\u00edtio 51,2V\/5,12kWh LiFePO4 Pytes V5\u03b1 PLUS - 110402100134<\/h2>\n<table>\n<thead>\n<tr>\n<th><strong>Caracter\u00edsticas<\/strong><\/th>\n<th><strong>Valor \/ Detalhe<\/strong><\/th>\n<\/tr>\n<\/thead>\n<tbody>\n<tr>\n<td><strong>Modelo<\/strong><\/td>\n<td>Pytes V5\u00b0\u03b1 PLUS<\/td>\n<\/tr>\n<tr>\n<td><strong>Qu\u00edmica celular<\/strong><\/td>\n<td>LiFePO\u2084 (fosfato de l\u00edtio e ferro)<\/td>\n<\/tr>\n<tr>\n<td><strong>Tens\u00e3o nominal<\/strong><\/td>\n<td>51,2 V<\/td>\n<\/tr>\n<tr>\n<td><strong>Gama de tens\u00f5es<\/strong><\/td>\n<td>47,5 V - 57,6 V<\/td>\n<\/tr>\n<tr>\n<td><strong>Capacidade nominal<\/strong><\/td>\n<td>100 Ah<\/td>\n<\/tr>\n<tr>\n<td><strong>Energia nominal<\/strong><\/td>\n<td>5,12 kWh<\/td>\n<\/tr>\n<tr>\n<td><strong>Corrente de carga\/descarga recomendada<\/strong><\/td>\n<td>75 A<\/td>\n<\/tr>\n<tr>\n<td><strong>Corrente m\u00e1xima cont\u00ednua de carga\/descarga<\/strong><\/td>\n<td>75 A (\u00e0 temperatura normal)<\/td>\n<\/tr>\n<tr>\n<td><strong>Corrente de pico m\u00e1xima<\/strong><\/td>\n<td>101 A - 120 A (3 min) \/ 121 A - 200 A (15 seg)<\/td>\n<\/tr>\n<tr>\n<td><strong>Disjuntor integrado<\/strong><\/td>\n<td>DC 125 V \/ 125 A<\/td>\n<\/tr>\n<tr>\n<td><strong>Comunica\u00e7\u00e3o \/ Protocolos<\/strong><\/td>\n<td>CAN \/ RS485<\/td>\n<\/tr>\n<tr>\n<td><strong>Terminais de alimenta\u00e7\u00e3o<\/strong><\/td>\n<td>Amphenol SurLok Plus 8,0 mm<\/td>\n<\/tr>\n<tr>\n<td><strong>Efici\u00eancia de ida e volta<\/strong><\/td>\n<td>\u2265 95 %<\/td>\n<\/tr>\n<tr>\n<td><strong>Ciclo de vida<\/strong><\/td>\n<td>\u2265 6000 ciclos a 90 % DOD<\/td>\n<\/tr>\n<tr>\n<td><strong>Vida \u00fatil do projeto<\/strong><\/td>\n<td>&gt; 10 anos (at\u00e9 ~20 anos)<\/td>\n<\/tr>\n<tr>\n<td><strong>Certifica\u00e7\u00f5es<\/strong><\/td>\n<td>UL9540 Ed.2, UL9540A, UL1973, CEC, SGIP, CE, IEC62619, UN38.3<\/td>\n<\/tr>\n<tr>\n<td><strong>Dimens\u00f5es (C\u00d7L\u00d7A)<\/strong><\/td>\n<td>484 \u00d7 578,2 \u00d7 140 mm<\/td>\n<\/tr>\n<tr>\n<td><strong>Peso<\/strong><\/td>\n<td>45,34 kg<\/td>\n<\/tr>\n<tr>\n<td><strong>Temperatura ambiente de funcionamento<\/strong><\/td>\n<td>-10 \u00b0C - 50 \u00b0C<\/td>\n<\/tr>\n<tr>\n<td><strong>Sistema de aquecimento (almofada)<\/strong><\/td>\n<td>Sim, op\u00e7\u00e3o integrada para funcionamento a frio (-18 \u00b0C a 10 \u00b0C)<\/td>\n<\/tr>\n<tr>\n<td><strong>Montagem<\/strong><\/td>\n<td>Parede \/ ch\u00e3o \/ rack (3,2U)<\/td>\n<\/tr>\n<tr>\n<td><strong>Escalabilidade paralela<\/strong><\/td>\n<td>At\u00e9 16 unidades (81,92 kWh) por grupo<\/td>\n<\/tr>\n<\/tbody>\n<\/table>\n<h2>Informa\u00e7\u00f5es t\u00e9cnicas da bateria Pytes V5\u03b1 PLUS<\/h2>\n<p><a href=\"https:\/\/fvcomponentes.com\/wp-content\/uploads\/2026\/01\/e378cebd689b8706ccd74a40c612ea4b-1.pdf\" target=\"_blank\" rel=\"noopener\">Folha de dados do Pytes V5\u03b1 PLUS<\/a><\/p>\n<p><a href=\"https:\/\/fvcomponentes.com\/wp-content\/uploads\/2026\/01\/a237585177bae0c66b7ba4a994d9799b.pdf\" target=\"_blank\" rel=\"noopener\">Manual do Pytes V5\u03b1 PLUS<\/a><\/p>","protected":false},"excerpt":{"rendered":"<ul>\n<li>Tens\u00e3o nominal: 51,2 V<\/li>\n<li>Energia nominal: 5,12 kWh<\/li>\n<li>Gama de tens\u00f5es: 47,5 - 57,6 V<\/li>\n<li>Capacidade nominal: 100 Ah<\/li>\n<li>Corrente de carga\/descarga recomendada: 75 A<\/li>\n<li>Gama de temperaturas de funcionamento: -10\u00b0C - +50\u00b0C<\/li>\n<li>Ciclos de vida: 6.000<\/li>\n<li>Peso: 45,34 kg<\/li>\n<li>Dimens\u00f5es: 48,4 x 57,82 x 14 cm<\/li>\n<li>Garantia: 10 anos<\/li>\n<\/ul>","protected":false},"featured_media":35434,"comment_status":"closed","ping_status":"closed","template":"","meta":{"site-sidebar-layout":"default","site-content-layout":"","ast-site-content-layout":"default","site-content-style":"default","site-sidebar-style":"default","ast-global-header-display":"","ast-banner-title-visibility":"","ast-main-header-display":"","ast-hfb-above-header-display":"","ast-hfb-below-header-display":"","ast-hfb-mobile-header-display":"","site-post-title":"","ast-breadcrumbs-content":"","ast-featured-img":"","footer-sml-layout":"","ast-disable-related-posts":"","theme-transparent-header-meta":"default","adv-header-id-meta":"","stick-header-meta":"","header-above-stick-meta":"","header-main-stick-meta":"","header-below-stick-meta":"","astra-migrate-meta-layouts":"set","ast-page-background-enabled":"default","ast-page-background-meta":{"desktop":{"background-color":"var(--ast-global-color-4)","background-image":"","background-repeat":"repeat","background-position":"center center","background-size":"auto","background-attachment":"scroll","background-type":"","background-media":"","overlay-type":"","overlay-color":"","overlay-opacity":"","overlay-gradient":""},"tablet":{"background-color":"","background-image":"","background-repeat":"repeat","background-position":"center center","background-size":"auto","background-attachment":"scroll","background-type":"","background-media":"","overlay-type":"","overlay-color":"","overlay-opacity":"","overlay-gradient":""},"mobile":{"background-color":"","background-image":"","background-repeat":"repeat","background-position":"center center","background-size":"auto","background-attachment":"scroll","background-type":"","background-media":"","overlay-type":"","overlay-color":"","overlay-opacity":"","overlay-gradient":""}},"ast-content-background-meta":{"desktop":{"background-color":"var(--ast-global-color-5)","background-image":"","background-repeat":"repeat","background-position":"center center","background-size":"auto","background-attachment":"scroll","background-type":"","background-media":"","overlay-type":"","overlay-color":"","overlay-opacity":"","overlay-gradient":""},"tablet":{"background-color":"var(--ast-global-color-5)","background-image":"","background-repeat":"repeat","background-position":"center center","background-size":"auto","background-attachment":"scroll","background-type":"","background-media":"","overlay-type":"","overlay-color":"","overlay-opacity":"","overlay-gradient":""},"mobile":{"background-color":"var(--ast-global-color-5)","background-image":"","background-repeat":"repeat","background-position":"center center","background-size":"auto","background-attachment":"scroll","background-type":"","background-media":"","overlay-type":"","overlay-color":"","overlay-opacity":"","overlay-gradient":""}}},"pwb-brand":[1007],"product_brand":[],"product_cat":[341,340],"product_tag":[],"class_list":{"0":"post-35426","1":"product","2":"type-product","3":"status-publish","4":"has-post-thumbnail","6":"pwb-brand-baterias-pytes","7":"product_cat-baterias-litio-48v","8":"product_cat-baterias","9":"product_shipping_class-baterias","10":"desktop-align-left","11":"tablet-align-left","12":"mobile-align-left","13":"ast-product-gallery-layout-horizontal-slider","14":"ast-product-tabs-layout-horizontal","16":"first","17":"instock","18":"taxable","19":"shipping-taxable","20":"purchasable","21":"product-type-simple"},"wcpa_form_fields":null,"brands":[{"id":1007,"name":"Pilhas Pytes","slug":"pilhas-pytes"}],"_links":{"self":[{"href":"https:\/\/fvcomponentes.com\/pt\/wp-json\/wp\/v2\/product\/35426","targetHints":{"allow":["GET"]}}],"collection":[{"href":"https:\/\/fvcomponentes.com\/pt\/wp-json\/wp\/v2\/product"}],"about":[{"href":"https:\/\/fvcomponentes.com\/pt\/wp-json\/wp\/v2\/types\/product"}],"replies":[{"embeddable":true,"href":"https:\/\/fvcomponentes.com\/pt\/wp-json\/wp\/v2\/comments?post=35426"}],"wp:featuredmedia":[{"embeddable":true,"href":"https:\/\/fvcomponentes.com\/pt\/wp-json\/wp\/v2\/media\/35434"}],"wp:attachment":[{"href":"https:\/\/fvcomponentes.com\/pt\/wp-json\/wp\/v2\/media?parent=35426"}],"wp:term":[{"taxonomy":"pwb-brand","embeddable":true,"href":"https:\/\/fvcomponentes.com\/pt\/wp-json\/wp\/v2\/pwb-brand?post=35426"},{"taxonomy":"product_brand","embeddable":true,"href":"https:\/\/fvcomponentes.com\/pt\/wp-json\/wp\/v2\/product_brand?post=35426"},{"taxonomy":"product_cat","embeddable":true,"href":"https:\/\/fvcomponentes.com\/pt\/wp-json\/wp\/v2\/product_cat?post=35426"},{"taxonomy":"product_tag","embeddable":true,"href":"https:\/\/fvcomponentes.com\/pt\/wp-json\/wp\/v2\/product_tag?post=35426"}],"curies":[{"name":"wp","href":"https:\/\/api.w.org\/{rel}","templated":true}]}}